{"id":75,"date":"2024-09-19T09:00:11","date_gmt":"2024-09-19T09:00:11","guid":{"rendered":"https:\/\/skyvell.com\/?page_id=75"},"modified":"2024-12-17T12:02:54","modified_gmt":"2024-12-17T12:02:54","slug":"over-skyvell","status":"publish","type":"page","link":"https:\/\/skyvell.com\/nl\/ueber-skyvell\/","title":{"rendered":"Over Skyvell"},"content":{"rendered":"<div data-elementor-type=\"wp-page\" data-elementor-id=\"75\" class=\"elementor elementor-75\" data-elementor-post-type=\"page\">\n\t\t\t\t<div class=\"elementor-element elementor-element-53bb3ebe e-flex e-con-boxed e-con e-parent\" data-id=\"53bb3ebe\" data-element_type=\"container\" data-e-type=\"container\" data-settings=\"{&quot;jet_parallax_layout_list&quot;:[]}\">\n\t\t\t\t\t<div class=\"e-con-inner\">\n\t\t<div class=\"elementor-element elementor-element-59012c30 e-con-full e-flex e-con e-child\" data-id=\"59012c30\" data-element_type=\"container\" data-e-type=\"container\" data-settings=\"{&quot;background_background&quot;:&quot;gradient&quot;,&quot;jet_parallax_layout_list&quot;:[]}\">\n\t\t<div class=\"elementor-element elementor-element-6019d561 e-con-full e-flex e-con e-child\" data-id=\"6019d561\" data-element_type=\"container\" data-e-type=\"container\" data-settings=\"{&quot;jet_parallax_layout_list&quot;:[]}\">\n\t\t\t\t<div class=\"elementor-element elementor-element-7092dd6f elementor-widget elementor-widget-heading\" data-id=\"7092dd6f\" data-element_type=\"widget\" data-e-type=\"widget\" data-widget_type=\"heading.default\">\n\t\t\t\t<div class=\"elementor-widget-container\">\n\t\t\t\t\t<h2 class=\"elementor-heading-title elementor-size-default\">Natuurlijk frisse lucht<\/h2>\t\t\t\t<\/div>\n\t\t\t\t<\/div>\n\t\t\t\t<div class=\"elementor-element elementor-element-1a969323 elementor-widget elementor-widget-heading\" data-id=\"1a969323\" data-element_type=\"widget\" data-e-type=\"widget\" data-widget_type=\"heading.default\">\n\t\t\t\t<div class=\"elementor-widget-container\">\n\t\t\t\t\t<h2 class=\"elementor-heading-title elementor-size-default\">Geurneutralisator met natuurlijke ingredi\u00ebnten<\/h2>\t\t\t\t<\/div>\n\t\t\t\t<\/div>\n\t\t\t\t<\/div>\n\t\t<div class=\"elementor-element elementor-element-6b378724 e-con-full e-flex e-con e-child\" data-id=\"6b378724\" data-element_type=\"container\" data-e-type=\"container\" data-settings=\"{&quot;jet_parallax_layout_list&quot;:[]}\">\n\t\t\t\t<div class=\"elementor-element elementor-element-70da4176 elementor-widget elementor-widget-image\" data-id=\"70da4176\" data-element_type=\"widget\" data-e-type=\"widget\" data-widget_type=\"image.default\">\n\t\t\t\t<div class=\"elementor-widget-container\">\n\t\t\t\t\t\t\t\t\t\t\t\t\t\t\t<img fetchpriority=\"high\" decoding=\"async\" width=\"800\" height=\"542\" src=\"https:\/\/skyvell.com\/wp-content\/uploads\/2024\/09\/SKYVELL_arangement_kerze.png\" class=\"attachment-large size-large wp-image-37\" alt=\"\" srcset=\"https:\/\/skyvell.com\/wp-content\/uploads\/2024\/09\/SKYVELL_arangement_kerze.png 822w, https:\/\/skyvell.com\/wp-content\/uploads\/2024\/09\/SKYVELL_arangement_kerze-300x203.png 300w, https:\/\/skyvell.com\/wp-content\/uploads\/2024\/09\/SKYVELL_arangement_kerze-768x520.png 768w\" sizes=\"(max-width: 800px) 100vw, 800px\" \/>\t\t\t\t\t\t\t\t\t\t\t\t\t\t\t<\/div>\n\t\t\t\t<\/div>\n\t\t\t\t<\/div>\n\t\t\t\t<\/div>\n\t\t\t\t\t<\/div>\n\t\t\t\t<\/div>\n\t\t<div class=\"elementor-element elementor-element-4cf46aa8 e-flex e-con-boxed e-con e-parent\" data-id=\"4cf46aa8\" data-element_type=\"container\" data-e-type=\"container\" data-settings=\"{&quot;jet_parallax_layout_list&quot;:[]}\">\n\t\t\t\t\t<div class=\"e-con-inner\">\n\t\t<div class=\"elementor-element elementor-element-448194d8 e-con-full e-flex e-con e-child\" data-id=\"448194d8\" data-element_type=\"container\" data-e-type=\"container\" data-settings=\"{&quot;jet_parallax_layout_list&quot;:[]}\">\n\t\t\t\t<div class=\"elementor-element elementor-element-7b97a199 elementor-widget elementor-widget-heading\" data-id=\"7b97a199\" data-element_type=\"widget\" data-e-type=\"widget\" data-widget_type=\"heading.default\">\n\t\t\t\t<div class=\"elementor-widget-container\">\n\t\t\t\t\t<h2 class=\"elementor-heading-title elementor-size-default\">Over Skyvell<\/h2>\t\t\t\t<\/div>\n\t\t\t\t<\/div>\n\t\t\t\t<div class=\"elementor-element elementor-element-d088567 elementor-widget elementor-widget-text-editor\" data-id=\"d088567\" data-element_type=\"widget\" data-e-type=\"widget\" data-widget_type=\"text-editor.default\">\n\t\t\t\t<div class=\"elementor-widget-container\">\n\t\t\t\t\t\t\t\t\t<p>Skyvell is een natuurlijke geurneutralisator op basis van essenti\u00eble plantenoli\u00ebn en zuiver Oostenrijks bergwater. Skyvell laat een subtiele, aangename frisse geur achter en bevat geen maskerende geurstoffen of agressieve chemicali\u00ebn.<\/p>\t\t\t\t\t\t\t\t<\/div>\n\t\t\t\t<\/div>\n\t\t\t\t<\/div>\n\t\t\t\t\t<\/div>\n\t\t\t\t<\/div>\n\t\t<div class=\"elementor-element elementor-element-78672e53 e-flex e-con-boxed e-con e-parent\" data-id=\"78672e53\" data-element_type=\"container\" data-e-type=\"container\" data-settings=\"{&quot;jet_parallax_layout_list&quot;:[]}\">\n\t\t\t\t\t<div class=\"e-con-inner\">\n\t\t<div class=\"elementor-element elementor-element-2093fd6 e-con-full e-flex e-con e-child\" data-id=\"2093fd6\" data-element_type=\"container\" data-e-type=\"container\" data-settings=\"{&quot;jet_parallax_layout_list&quot;:[]}\">\n\t\t<div class=\"elementor-element elementor-element-367a1256 e-con-full e-flex e-con e-child\" data-id=\"367a1256\" data-element_type=\"container\" data-e-type=\"container\" data-settings=\"{&quot;background_background&quot;:&quot;classic&quot;,&quot;jet_parallax_layout_list&quot;:[]}\">\n\t\t\t\t<div class=\"elementor-element elementor-element-57afecd9 elementor-widget elementor-widget-image\" data-id=\"57afecd9\" data-element_type=\"widget\" data-e-type=\"widget\" data-widget_type=\"image.default\">\n\t\t\t\t<div class=\"elementor-widget-container\">\n\t\t\t\t\t\t\t\t\t\t\t\t\t\t\t<img decoding=\"async\" width=\"602\" height=\"348\" src=\"https:\/\/skyvell.com\/wp-content\/uploads\/2024\/12\/Skyvell_See_0002_Hintergrund.jpg\" class=\"attachment-large size-large wp-image-213\" alt=\"\" srcset=\"https:\/\/skyvell.com\/wp-content\/uploads\/2024\/12\/Skyvell_See_0002_Hintergrund.jpg 602w, https:\/\/skyvell.com\/wp-content\/uploads\/2024\/12\/Skyvell_See_0002_Hintergrund-300x173.jpg 300w\" sizes=\"(max-width: 602px) 100vw, 602px\" \/>\t\t\t\t\t\t\t\t\t\t\t\t\t\t\t<\/div>\n\t\t\t\t<\/div>\n\t\t\t\t<\/div>\n\t\t<div class=\"elementor-element elementor-element-11877385 e-con-full e-flex e-con e-child\" data-id=\"11877385\" data-element_type=\"container\" data-e-type=\"container\" data-settings=\"{&quot;jet_parallax_layout_list&quot;:[]}\">\n\t\t\t\t<div class=\"elementor-element elementor-element-4a8530a elementor-widget elementor-widget-heading\" data-id=\"4a8530a\" data-element_type=\"widget\" data-e-type=\"widget\" data-widget_type=\"heading.default\">\n\t\t\t\t<div class=\"elementor-widget-container\">\n\t\t\t\t\t<h2 class=\"elementor-heading-title elementor-size-default\">Skyvell - het product<\/h2>\t\t\t\t<\/div>\n\t\t\t\t<\/div>\n\t\t\t\t<div class=\"elementor-element elementor-element-795b3002 elementor-widget elementor-widget-heading\" data-id=\"795b3002\" data-element_type=\"widget\" data-e-type=\"widget\" data-widget_type=\"heading.default\">\n\t\t\t\t<div class=\"elementor-widget-container\">\n\t\t\t\t\t<h2 class=\"elementor-heading-title elementor-size-default\">Een volledig natuurlijke geurverdrijver!<\/h2>\t\t\t\t<\/div>\n\t\t\t\t<\/div>\n\t\t\t\t<div class=\"elementor-element elementor-element-1e4af099 elementor-widget elementor-widget-text-editor\" data-id=\"1e4af099\" data-element_type=\"widget\" data-e-type=\"widget\" data-widget_type=\"text-editor.default\">\n\t\t\t\t<div class=\"elementor-widget-container\">\n\t\t\t\t\t\t\t\t\t<p>De natuurlijke ingredi\u00ebnten zoals kalk, den, ceder, anijs, kruidnagel en zuiver Alpenwater uit Oostenrijk maken Skyvell tot een milieuvriendelijke geurverwijderaar. Dankzij de verschillende formaten is er voor elke probleemgeur een natuurlijke oplossing.<\/p><p>Skyvell Spray kan bijvoorbeeld op alle oppervlakken worden gespoten zonder resten achter te laten. Tot grote vreugde van veel hondenbezitters verwijdert het zelfs de \"natte hondengeur\" zonder de viervoeter te schaden.<\/p>\t\t\t\t\t\t\t\t<\/div>\n\t\t\t\t<\/div>\n\t\t\t\t<div class=\"elementor-element elementor-element-7891cd2d elementor-align-left elementor-widget elementor-widget-button\" data-id=\"7891cd2d\" data-element_type=\"widget\" data-e-type=\"widget\" data-widget_type=\"button.default\">\n\t\t\t\t<div class=\"elementor-widget-container\">\n\t\t\t\t\t\t\t\t\t<div class=\"elementor-button-wrapper\">\n\t\t\t\t\t<a class=\"elementor-button elementor-button-link elementor-size-sm\" href=\"https:\/\/skyvell.com\/nl\/producten\/\">\n\t\t\t\t\t\t<span class=\"elementor-button-content-wrapper\">\n\t\t\t\t\t\t\t\t\t<span class=\"elementor-button-text\">Meer lezen<\/span>\n\t\t\t\t\t<\/span>\n\t\t\t\t\t<\/a>\n\t\t\t\t<\/div>\n\t\t\t\t\t\t\t\t<\/div>\n\t\t\t\t<\/div>\n\t\t\t\t<\/div>\n\t\t\t\t<\/div>\n\t\t\t\t\t<\/div>\n\t\t\t\t<\/div>\n\t\t<div class=\"elementor-element elementor-element-92dc768 e-flex e-con-boxed e-con e-parent\" data-id=\"92dc768\" data-element_type=\"container\" data-e-type=\"container\" data-settings=\"{&quot;jet_parallax_layout_list&quot;:[]}\">\n\t\t\t\t\t<div class=\"e-con-inner\">\n\t\t<div class=\"elementor-element elementor-element-6f4db9d e-con-full e-flex e-con e-child\" data-id=\"6f4db9d\" data-element_type=\"container\" data-e-type=\"container\" data-settings=\"{&quot;jet_parallax_layout_list&quot;:[]}\">\n\t\t<div class=\"elementor-element elementor-element-883502e e-con-full e-flex e-con e-child\" data-id=\"883502e\" data-element_type=\"container\" data-e-type=\"container\" data-settings=\"{&quot;background_background&quot;:&quot;classic&quot;,&quot;jet_parallax_layout_list&quot;:[]}\">\n\t\t\t\t<div class=\"elementor-element elementor-element-9b00b6f elementor-widget elementor-widget-image\" data-id=\"9b00b6f\" data-element_type=\"widget\" data-e-type=\"widget\" data-widget_type=\"image.default\">\n\t\t\t\t<div class=\"elementor-widget-container\">\n\t\t\t\t\t\t\t\t\t\t\t\t\t\t\t<img decoding=\"async\" width=\"602\" height=\"348\" src=\"https:\/\/skyvell.com\/wp-content\/uploads\/2024\/12\/Skyvell_See_0001_Skyvell_wissenschaft-1.jpg\" class=\"attachment-large size-large wp-image-214\" alt=\"\" srcset=\"https:\/\/skyvell.com\/wp-content\/uploads\/2024\/12\/Skyvell_See_0001_Skyvell_wissenschaft-1.jpg 602w, https:\/\/skyvell.com\/wp-content\/uploads\/2024\/12\/Skyvell_See_0001_Skyvell_wissenschaft-1-300x173.jpg 300w\" sizes=\"(max-width: 602px) 100vw, 602px\" \/>\t\t\t\t\t\t\t\t\t\t\t\t\t\t\t<\/div>\n\t\t\t\t<\/div>\n\t\t\t\t<\/div>\n\t\t<div class=\"elementor-element elementor-element-c29b8da e-con-full e-flex e-con e-child\" data-id=\"c29b8da\" data-element_type=\"container\" data-e-type=\"container\" data-settings=\"{&quot;jet_parallax_layout_list&quot;:[]}\">\n\t\t\t\t<div class=\"elementor-element elementor-element-ad78c1e elementor-widget elementor-widget-heading\" data-id=\"ad78c1e\" data-element_type=\"widget\" data-e-type=\"widget\" data-widget_type=\"heading.default\">\n\t\t\t\t<div class=\"elementor-widget-container\">\n\t\t\t\t\t<h2 class=\"elementor-heading-title elementor-size-default\">Skyvell - de wetenschap erachter\n<\/h2>\t\t\t\t<\/div>\n\t\t\t\t<\/div>\n\t\t\t\t<div class=\"elementor-element elementor-element-979b21f elementor-widget elementor-widget-heading\" data-id=\"979b21f\" data-element_type=\"widget\" data-e-type=\"widget\" data-widget_type=\"heading.default\">\n\t\t\t\t<div class=\"elementor-widget-container\">\n\t\t\t\t\t<h2 class=\"elementor-heading-title elementor-size-default\">Hoe werkt Skyvell?<\/h2>\t\t\t\t<\/div>\n\t\t\t\t<\/div>\n\t\t\t\t<div class=\"elementor-element elementor-element-3172c61 elementor-widget elementor-widget-text-editor\" data-id=\"3172c61\" data-element_type=\"widget\" data-e-type=\"widget\" data-widget_type=\"text-editor.default\">\n\t\t\t\t<div class=\"elementor-widget-container\">\n\t\t\t\t\t\t\t\t\t<p>De Skyvell-formule werkt heel eenvoudig in een proces van drie fasen. Eerst trekken Skyvell-moleculen, die uit de lucht vrijkomen, slecht ruikende geurmoleculen aan.<\/p>\t\t\t\t\t\t\t\t<\/div>\n\t\t\t\t<\/div>\n\t\t\t\t<div class=\"elementor-element elementor-element-fff4eab elementor-align-left elementor-widget elementor-widget-button\" data-id=\"fff4eab\" data-element_type=\"widget\" data-e-type=\"widget\" data-widget_type=\"button.default\">\n\t\t\t\t<div class=\"elementor-widget-container\">\n\t\t\t\t\t\t\t\t\t<div class=\"elementor-button-wrapper\">\n\t\t\t\t\t<a class=\"elementor-button elementor-button-link elementor-size-sm\" href=\"https:\/\/skyvell.com\/nl\/wetenschap\/\">\n\t\t\t\t\t\t<span class=\"elementor-button-content-wrapper\">\n\t\t\t\t\t\t\t\t\t<span class=\"elementor-button-text\">Meer lezen<\/span>\n\t\t\t\t\t<\/span>\n\t\t\t\t\t<\/a>\n\t\t\t\t<\/div>\n\t\t\t\t\t\t\t\t<\/div>\n\t\t\t\t<\/div>\n\t\t\t\t<\/div>\n\t\t\t\t<\/div>\n\t\t\t\t\t<\/div>\n\t\t\t\t<\/div>\n\t\t<div class=\"elementor-element elementor-element-729f1b0 e-flex e-con-boxed e-con e-parent\" data-id=\"729f1b0\" data-element_type=\"container\" data-e-type=\"container\" data-settings=\"{&quot;jet_parallax_layout_list&quot;:[]}\">\n\t\t\t\t\t<div class=\"e-con-inner\">\n\t\t<div class=\"elementor-element elementor-element-09556ae e-con-full e-flex e-con e-child\" data-id=\"09556ae\" data-element_type=\"container\" data-e-type=\"container\" data-settings=\"{&quot;jet_parallax_layout_list&quot;:[]}\">\n\t\t<div class=\"elementor-element elementor-element-eb2fa52 e-con-full e-flex e-con e-child\" data-id=\"eb2fa52\" data-element_type=\"container\" data-e-type=\"container\" data-settings=\"{&quot;background_background&quot;:&quot;classic&quot;,&quot;jet_parallax_layout_list&quot;:[]}\">\n\t\t\t\t<div class=\"elementor-element elementor-element-e5bb9a0 elementor-widget elementor-widget-image\" data-id=\"e5bb9a0\" data-element_type=\"widget\" data-e-type=\"widget\" data-widget_type=\"image.default\">\n\t\t\t\t<div class=\"elementor-widget-container\">\n\t\t\t\t\t\t\t\t\t\t\t\t\t\t\t<img loading=\"lazy\" decoding=\"async\" width=\"602\" height=\"348\" src=\"https:\/\/skyvell.com\/wp-content\/uploads\/2024\/12\/Skyvell_See_0000_Scheibbs_vorschau.jpg\" class=\"attachment-large size-large wp-image-211\" alt=\"\" srcset=\"https:\/\/skyvell.com\/wp-content\/uploads\/2024\/12\/Skyvell_See_0000_Scheibbs_vorschau.jpg 602w, https:\/\/skyvell.com\/wp-content\/uploads\/2024\/12\/Skyvell_See_0000_Scheibbs_vorschau-300x173.jpg 300w\" sizes=\"(max-width: 602px) 100vw, 602px\" \/>\t\t\t\t\t\t\t\t\t\t\t\t\t\t\t<\/div>\n\t\t\t\t<\/div>\n\t\t\t\t<\/div>\n\t\t<div class=\"elementor-element elementor-element-d7b511b e-con-full e-flex e-con e-child\" data-id=\"d7b511b\" data-element_type=\"container\" data-e-type=\"container\" data-settings=\"{&quot;jet_parallax_layout_list&quot;:[]}\">\n\t\t\t\t<div class=\"elementor-element elementor-element-10745e4 elementor-widget elementor-widget-heading\" data-id=\"10745e4\" data-element_type=\"widget\" data-e-type=\"widget\" data-widget_type=\"heading.default\">\n\t\t\t\t<div class=\"elementor-widget-container\">\n\t\t\t\t\t<h2 class=\"elementor-heading-title elementor-size-default\">Skyvell - het familiebedrijf<\/h2>\t\t\t\t<\/div>\n\t\t\t\t<\/div>\n\t\t\t\t<div class=\"elementor-element elementor-element-ff7ec67 elementor-widget elementor-widget-heading\" data-id=\"ff7ec67\" data-element_type=\"widget\" data-e-type=\"widget\" data-widget_type=\"heading.default\">\n\t\t\t\t<div class=\"elementor-widget-container\">\n\t\t\t\t\t<h2 class=\"elementor-heading-title elementor-size-default\">Natuurlijkheid doet het altijd goed!<\/h2>\t\t\t\t<\/div>\n\t\t\t\t<\/div>\n\t\t\t\t<div class=\"elementor-element elementor-element-ffa2322 elementor-widget elementor-widget-text-editor\" data-id=\"ffa2322\" data-element_type=\"widget\" data-e-type=\"widget\" data-widget_type=\"text-editor.default\">\n\t\t\t\t<div class=\"elementor-widget-container\">\n\t\t\t\t\t\t\t\t\t<p>Skyvell is een merk van Skyvell AG. Het familiebedrijf richt zich op innovatieve producten en langetermijnrelaties en probeert zijn onafhankelijkheid en flexibiliteit te gebruiken om duurzame en milieuvriendelijke producten te cre\u00ebren met grote voordelen voor de klant.<\/p><p>De groep heeft zijn hoofdkantoor in Zwitserland en is nu in de 3e generatie. Skyvell-producten worden geproduceerd in Scheibbs, Oostenrijk.<\/p>\t\t\t\t\t\t\t\t<\/div>\n\t\t\t\t<\/div>\n\t\t\t\t<div class=\"elementor-element elementor-element-f31385e elementor-align-left elementor-widget elementor-widget-button\" data-id=\"f31385e\" data-element_type=\"widget\" data-e-type=\"widget\" data-widget_type=\"button.default\">\n\t\t\t\t<div class=\"elementor-widget-container\">\n\t\t\t\t\t\t\t\t\t<div class=\"elementor-button-wrapper\">\n\t\t\t\t\t<a class=\"elementor-button elementor-button-link elementor-size-sm\" href=\"https:\/\/skyvell.com\/nl\/bedrijf\/\">\n\t\t\t\t\t\t<span class=\"elementor-button-content-wrapper\">\n\t\t\t\t\t\t\t\t\t<span class=\"elementor-button-text\">Meer lezen<\/span>\n\t\t\t\t\t<\/span>\n\t\t\t\t\t<\/a>\n\t\t\t\t<\/div>\n\t\t\t\t\t\t\t\t<\/div>\n\t\t\t\t<\/div>\n\t\t\t\t<\/div>\n\t\t\t\t<\/div>\n\t\t\t\t\t<\/div>\n\t\t\t\t<\/div>\n\t\t\t\t<\/div>","protected":false},"excerpt":{"rendered":"<p>Nat\u00fcrlich frische Luft Geruchsneutralisator mit nat\u00fcrlichen Inhaltsstoffen \u00fcber Skyvell Skyvell ist ein nat\u00fcrlicher Geruchsneutralisator, basierend auf \u00e4therischen Pflanzen\u00f6len und reinem \u00f6sterreichischem Gebirgswasser. Skyvell hinterl\u00e4sst einen dezent, wohltuenden frischen Geruch und enth\u00e4lt keine \u00fcberdeckenden Duftstoffe sowie keine aggressiven Chemikalien. Skyvell &#8211; das Produkt Ein vollkommen nat\u00fcrlicher Geruchsbeseitiger! Die nat\u00fcrlichen Inhaltsstoffe wie Limette, Pinie, Zeder, Anis, Nelken [&hellip;]<\/p>\n","protected":false},"author":1,"featured_media":0,"parent":0,"menu_order":0,"comment_status":"closed","ping_status":"closed","template":"elementor_header_footer","meta":{"footnotes":""},"class_list":["post-75","page","type-page","status-publish","hentry"],"_links":{"self":[{"href":"https:\/\/skyvell.com\/nl\/wp-json\/wp\/v2\/pages\/75","targetHints":{"allow":["GET"]}}],"collection":[{"href":"https:\/\/skyvell.com\/nl\/wp-json\/wp\/v2\/pages"}],"about":[{"href":"https:\/\/skyvell.com\/nl\/wp-json\/wp\/v2\/types\/page"}],"author":[{"embeddable":true,"href":"https:\/\/skyvell.com\/nl\/wp-json\/wp\/v2\/users\/1"}],"replies":[{"embeddable":true,"href":"https:\/\/skyvell.com\/nl\/wp-json\/wp\/v2\/comments?post=75"}],"version-history":[{"count":19,"href":"https:\/\/skyvell.com\/nl\/wp-json\/wp\/v2\/pages\/75\/revisions"}],"predecessor-version":[{"id":548,"href":"https:\/\/skyvell.com\/nl\/wp-json\/wp\/v2\/pages\/75\/revisions\/548"}],"wp:attachment":[{"href":"https:\/\/skyvell.com\/nl\/wp-json\/wp\/v2\/media?parent=75"}],"curies":[{"name":"wp","href":"https:\/\/api.w.org\/{rel}","templated":true}]}}