{"id":747,"date":"2025-01-02T13:37:10","date_gmt":"2025-01-02T13:37:10","guid":{"rendered":"https:\/\/skyvell.com\/?page_id=747"},"modified":"2025-01-23T16:33:12","modified_gmt":"2025-01-23T16:33:12","slug":"gezondheidszorg","status":"publish","type":"page","link":"https:\/\/skyvell.com\/nl\/gesundheitswesen\/","title":{"rendered":"Gezondheidszorg"},"content":{"rendered":"<div data-elementor-type=\"wp-page\" data-elementor-id=\"747\" class=\"elementor elementor-747\" data-elementor-post-type=\"page\">\n\t\t\t\t<div class=\"elementor-element elementor-element-71450d07 e-flex e-con-boxed e-con e-parent\" data-id=\"71450d07\" data-element_type=\"container\" data-e-type=\"container\" data-settings=\"{&quot;jet_parallax_layout_list&quot;:[]}\">\n\t\t\t\t\t<div class=\"e-con-inner\">\n\t\t<div class=\"elementor-element elementor-element-72f70526 e-con-full e-flex e-con e-child\" data-id=\"72f70526\" data-element_type=\"container\" data-e-type=\"container\" data-settings=\"{&quot;jet_parallax_layout_list&quot;:[]}\">\n\t\t\t\t<div class=\"elementor-element elementor-element-8ef4904 elementor-widget elementor-widget-image\" data-id=\"8ef4904\" data-element_type=\"widget\" data-e-type=\"widget\" data-widget_type=\"image.default\">\n\t\t\t\t<div class=\"elementor-widget-container\">\n\t\t\t\t\t\t\t\t\t\t\t\t\t\t\t<img fetchpriority=\"high\" decoding=\"async\" width=\"800\" height=\"360\" src=\"https:\/\/skyvell.com\/wp-content\/uploads\/2025\/01\/Gesundheitswesen-1024x461.png\" class=\"attachment-large size-large wp-image-750\" alt=\"\" srcset=\"https:\/\/skyvell.com\/wp-content\/uploads\/2025\/01\/Gesundheitswesen-1024x461.png 1024w, https:\/\/skyvell.com\/wp-content\/uploads\/2025\/01\/Gesundheitswesen-300x135.png 300w, https:\/\/skyvell.com\/wp-content\/uploads\/2025\/01\/Gesundheitswesen-768x346.png 768w, https:\/\/skyvell.com\/wp-content\/uploads\/2025\/01\/Gesundheitswesen.png 1200w\" sizes=\"(max-width: 800px) 100vw, 800px\" \/>\t\t\t\t\t\t\t\t\t\t\t\t\t\t\t<\/div>\n\t\t\t\t<\/div>\n\t\t\t\t<\/div>\n\t\t\t\t\t<\/div>\n\t\t\t\t<\/div>\n\t\t<div class=\"elementor-element elementor-element-778aa47a e-flex e-con-boxed e-con e-parent\" data-id=\"778aa47a\" data-element_type=\"container\" data-e-type=\"container\" data-settings=\"{&quot;jet_parallax_layout_list&quot;:[]}\">\n\t\t\t\t\t<div class=\"e-con-inner\">\n\t\t<div class=\"elementor-element elementor-element-6902659 e-con-full e-flex e-con e-child\" data-id=\"6902659\" data-element_type=\"container\" data-e-type=\"container\" data-settings=\"{&quot;jet_parallax_layout_list&quot;:[]}\">\n\t\t\t\t<div class=\"elementor-element elementor-element-51628182 elementor-widget elementor-widget-heading\" data-id=\"51628182\" data-element_type=\"widget\" data-e-type=\"widget\" data-widget_type=\"heading.default\">\n\t\t\t\t<div class=\"elementor-widget-container\">\n\t\t\t\t\t<h1 class=\"elementor-heading-title elementor-size-default\">Gezondheidszorg<\/h1>\t\t\t\t<\/div>\n\t\t\t\t<\/div>\n\t\t\t\t<div class=\"elementor-element elementor-element-77e0357b elementor-widget elementor-widget-heading\" data-id=\"77e0357b\" data-element_type=\"widget\" data-e-type=\"widget\" data-widget_type=\"heading.default\">\n\t\t\t\t<div class=\"elementor-widget-container\">\n\t\t\t\t\t<h2 class=\"elementor-heading-title elementor-size-default\">Goed herstel met frisse lucht!<\/h2>\t\t\t\t<\/div>\n\t\t\t\t<\/div>\n\t\t\t\t<div class=\"elementor-element elementor-element-1ad59e75 elementor-widget__width-initial elementor-widget elementor-widget-text-editor\" data-id=\"1ad59e75\" data-element_type=\"widget\" data-e-type=\"widget\" data-widget_type=\"text-editor.default\">\n\t\t\t\t<div class=\"elementor-widget-container\">\n\t\t\t\t\t\t\t\t\t<p>Geuren be\u00efnvloeden ons welzijn meer dan we beseffen. Slechte geuren verleiden ons om afstand te houden, zelfs van mensen. We willen blijven waar we ons prettig voelen. In de gezondheidszorg komen regelmatig nare geurtjes voor, veroorzaakt door wonden en andere lichaamsvloeistoffen. Voor verzorgers of schoonmaakpersoneel in verpleeghuizen, ziekenhuizen of revalidatieklinieken is dit vaak een uitdaging die niet gemakkelijk te overwinnen is. Skyvell verwijdert slechte geuren effici\u00ebnt, snel en veilig. De levenskwaliteit van de pati\u00ebnt wordt verbeterd en zijn waardigheid blijft behouden.<\/p>\t\t\t\t\t\t\t\t<\/div>\n\t\t\t\t<\/div>\n\t\t\t\t<\/div>\n\t\t\t\t\t<\/div>\n\t\t\t\t<\/div>\n\t\t<div class=\"elementor-element elementor-element-77b002fe e-flex e-con-boxed e-con e-parent\" data-id=\"77b002fe\" data-element_type=\"container\" data-e-type=\"container\" data-settings=\"{&quot;jet_parallax_layout_list&quot;:[]}\">\n\t\t\t\t\t<div class=\"e-con-inner\">\n\t\t<div class=\"elementor-element elementor-element-5126e59f e-con-full e-flex e-con e-child\" data-id=\"5126e59f\" data-element_type=\"container\" data-e-type=\"container\" data-settings=\"{&quot;jet_parallax_layout_list&quot;:[]}\">\n\t\t<div class=\"elementor-element elementor-element-22de96fd e-con-full e-flex e-con e-child\" data-id=\"22de96fd\" data-element_type=\"container\" data-e-type=\"container\" data-settings=\"{&quot;background_background&quot;:&quot;classic&quot;,&quot;jet_parallax_layout_list&quot;:[]}\">\n\t\t\t\t<div class=\"elementor-element elementor-element-21326a02 elementor-widget elementor-widget-heading\" data-id=\"21326a02\" data-element_type=\"widget\" data-e-type=\"widget\" data-widget_type=\"heading.default\">\n\t\t\t\t<div class=\"elementor-widget-container\">\n\t\t\t\t\t<h3 class=\"elementor-heading-title elementor-size-default\">Probleem:\n<\/h3>\t\t\t\t<\/div>\n\t\t\t\t<\/div>\n\t\t\t\t<div class=\"elementor-element elementor-element-3930111d elementor-widget elementor-widget-text-editor\" data-id=\"3930111d\" data-element_type=\"widget\" data-e-type=\"widget\" data-widget_type=\"text-editor.default\">\n\t\t\t\t<div class=\"elementor-widget-container\">\n\t\t\t\t\t\t\t\t\t<p>Constante en terugkerende geur van menselijke uitwerpselen en open wonden.<\/p>\t\t\t\t\t\t\t\t<\/div>\n\t\t\t\t<\/div>\n\t\t\t\t<\/div>\n\t\t<div class=\"elementor-element elementor-element-124af990 e-con-full e-flex e-con e-child\" data-id=\"124af990\" data-element_type=\"container\" data-e-type=\"container\" data-settings=\"{&quot;background_background&quot;:&quot;classic&quot;,&quot;jet_parallax_layout_list&quot;:[]}\">\n\t\t\t\t<div class=\"elementor-element elementor-element-1889257f elementor-widget elementor-widget-heading\" data-id=\"1889257f\" data-element_type=\"widget\" data-e-type=\"widget\" data-widget_type=\"heading.default\">\n\t\t\t\t<div class=\"elementor-widget-container\">\n\t\t\t\t\t<h3 class=\"elementor-heading-title elementor-size-default\">Wij hebben de oplossing:<\/h3>\t\t\t\t<\/div>\n\t\t\t\t<\/div>\n\t\t\t\t<div class=\"elementor-element elementor-element-3cbd7a62 elementor-widget__width-initial elementor-widget elementor-widget-text-editor\" data-id=\"3cbd7a62\" data-element_type=\"widget\" data-e-type=\"widget\" data-widget_type=\"text-editor.default\">\n\t\t\t\t<div class=\"elementor-widget-container\">\n\t\t\t\t\t\t\t\t\t<p>Skyvell elimineert geurtjes effectief, is pH-neutraal op moleculair niveau en laat een aangename, frisse en subtiele geur achter.<\/p>\t\t\t\t\t\t\t\t<\/div>\n\t\t\t\t<\/div>\n\t\t\t\t<\/div>\n\t\t\t\t<\/div>\n\t\t\t\t\t<\/div>\n\t\t\t\t<\/div>\n\t\t<div class=\"elementor-element elementor-element-295dae5 e-flex e-con-boxed e-con e-parent\" data-id=\"295dae5\" data-element_type=\"container\" data-e-type=\"container\" data-settings=\"{&quot;jet_parallax_layout_list&quot;:[]}\">\n\t\t\t\t\t<div class=\"e-con-inner\">\n\t\t<div class=\"elementor-element elementor-element-7a7d4b57 e-con-full e-flex e-con e-child\" data-id=\"7a7d4b57\" data-element_type=\"container\" data-e-type=\"container\" data-settings=\"{&quot;jet_parallax_layout_list&quot;:[]}\">\n\t\t\t\t<div class=\"elementor-element elementor-element-2e65d9e7 elementor-widget elementor-widget-heading\" data-id=\"2e65d9e7\" data-element_type=\"widget\" data-e-type=\"widget\" data-widget_type=\"heading.default\">\n\t\t\t\t<div class=\"elementor-widget-container\">\n\t\t\t\t\t<h2 class=\"elementor-heading-title elementor-size-default\">Uw winst:<\/h2>\t\t\t\t<\/div>\n\t\t\t\t<\/div>\n\t\t\t\t<div class=\"elementor-element elementor-element-5997aa28 elementor-widget__width-initial elementor-widget elementor-widget-text-editor\" data-id=\"5997aa28\" data-element_type=\"widget\" data-e-type=\"widget\" data-widget_type=\"text-editor.default\">\n\t\t\t\t<div class=\"elementor-widget-container\">\n\t\t\t\t\t\t\t\t\t<p>Elke omgeving wordt pas helemaal schoon als de slechte geur verdwijnt. Skyvell levert een belangrijke bijdrage aan netheid door slechte geuren van allerlei aard effectief te elimineren en ervoor te zorgen dat uw pati\u00ebnt zich comfortabel voelt.<\/p>\t\t\t\t\t\t\t\t<\/div>\n\t\t\t\t<\/div>\n\t\t\t\t<\/div>\n\t\t\t\t\t<\/div>\n\t\t\t\t<\/div>\n\t\t<div class=\"elementor-element elementor-element-5dbf1c57 e-flex e-con-boxed e-con e-parent\" data-id=\"5dbf1c57\" data-element_type=\"container\" data-e-type=\"container\" data-settings=\"{&quot;jet_parallax_layout_list&quot;:[]}\">\n\t\t\t\t\t<div class=\"e-con-inner\">\n\t\t<div class=\"elementor-element elementor-element-1f413ce4 e-con-full e-flex e-con e-child\" data-id=\"1f413ce4\" data-element_type=\"container\" data-e-type=\"container\" data-settings=\"{&quot;jet_parallax_layout_list&quot;:[]}\">\n\t\t\t\t<div class=\"elementor-element elementor-element-13ff5526 elementor-position-top elementor-widget elementor-widget-image-box\" data-id=\"13ff5526\" data-element_type=\"widget\" data-e-type=\"widget\" data-widget_type=\"image-box.default\">\n\t\t\t\t<div class=\"elementor-widget-container\">\n\t\t\t\t\t<div class=\"elementor-image-box-wrapper\"><figure class=\"elementor-image-box-img\"><a href=\"https:\/\/skyvell.com\/wp-content\/uploads\/2025\/01\/Skyvell_PflegeGesundheit_NL_v5.pdf\" target=\"_blank\" tabindex=\"-1\"><img decoding=\"async\" width=\"300\" height=\"423\" src=\"https:\/\/skyvell.com\/wp-content\/uploads\/2025\/01\/Gesundheit_skyvell.png\" class=\"attachment-full size-full wp-image-751\" alt=\"\" srcset=\"https:\/\/skyvell.com\/wp-content\/uploads\/2025\/01\/Gesundheit_skyvell.png 300w, https:\/\/skyvell.com\/wp-content\/uploads\/2025\/01\/Gesundheit_skyvell-213x300.png 213w\" sizes=\"(max-width: 300px) 100vw, 300px\" \/><\/a><\/figure><div class=\"elementor-image-box-content\"><h3 class=\"elementor-image-box-title\"><a href=\"https:\/\/skyvell.com\/wp-content\/uploads\/2025\/01\/Skyvell_PflegeGesundheit_NL_v5.pdf\" target=\"_blank\">downloaden<\/a><\/h3><p class=\"elementor-image-box-description\">Gezondheidszorg brochure<\/p><\/div><\/div>\t\t\t\t<\/div>\n\t\t\t\t<\/div>\n\t\t\t\t<\/div>\n\t\t<div class=\"elementor-element elementor-element-233d190a e-con-full e-flex e-con e-child\" data-id=\"233d190a\" data-element_type=\"container\" data-e-type=\"container\" data-settings=\"{&quot;jet_parallax_layout_list&quot;:[]}\">\n\t\t\t\t<div class=\"elementor-element elementor-element-79155f65 elementor-position-top elementor-widget elementor-widget-image-box\" data-id=\"79155f65\" data-element_type=\"widget\" data-e-type=\"widget\" data-widget_type=\"image-box.default\">\n\t\t\t\t<div class=\"elementor-widget-container\">\n\t\t\t\t\t<div class=\"elementor-image-box-wrapper\"><figure class=\"elementor-image-box-img\"><a href=\"https:\/\/skyvell.com\/wp-content\/uploads\/2025\/01\/HOUSEofSkyvell_EN_v1.pdf\" target=\"_blank\" tabindex=\"-1\"><img decoding=\"async\" width=\"300\" height=\"423\" src=\"https:\/\/skyvell.com\/wp-content\/uploads\/2024\/12\/Downlaod_2.jpg\" class=\"attachment-full size-full wp-image-389\" alt=\"\" srcset=\"https:\/\/skyvell.com\/wp-content\/uploads\/2024\/12\/Downlaod_2.jpg 300w, https:\/\/skyvell.com\/wp-content\/uploads\/2024\/12\/Downlaod_2-213x300.jpg 213w\" sizes=\"(max-width: 300px) 100vw, 300px\" \/><\/a><\/figure><div class=\"elementor-image-box-content\"><h3 class=\"elementor-image-box-title\"><a href=\"https:\/\/skyvell.com\/wp-content\/uploads\/2025\/01\/HOUSEofSkyvell_EN_v1.pdf\" target=\"_blank\">downloaden<\/a><\/h3><p class=\"elementor-image-box-description\">Skyvell-toepassing in de geriatrische zorg<\/p><\/div><\/div>\t\t\t\t<\/div>\n\t\t\t\t<\/div>\n\t\t\t\t<\/div>\n\t\t\t\t\t<\/div>\n\t\t\t\t<\/div>\n\t\t\t\t<\/div>","protected":false},"excerpt":{"rendered":"<p>Gesundheitswesen Gute Genesung mit frischer Luft! Ger\u00fcche beeinflussen unser Wohlbefinden mehr als es uns bewusst ist. Schlechte Ger\u00fcche verleiten uns dazu, Abstand zu halten, auch von Menschen. Dort wo wir uns wohlf\u00fchlen, m\u00f6chten wir verweilen. Im Bereich der Gesundheitspflege treten regelm\u00e4\u00dfig schlechte Ger\u00fcche auf, hervorgerufen durch Wunden und anderen K\u00f6rperfl\u00fcssigkeiten. F\u00fcr die Pflegefachkr\u00e4fte oder das [&hellip;]<\/p>\n","protected":false},"author":1,"featured_media":0,"parent":0,"menu_order":0,"comment_status":"closed","ping_status":"closed","template":"elementor_header_footer","meta":{"footnotes":""},"class_list":["post-747","page","type-page","status-publish","hentry"],"_links":{"self":[{"href":"https:\/\/skyvell.com\/nl\/wp-json\/wp\/v2\/pages\/747","targetHints":{"allow":["GET"]}}],"collection":[{"href":"https:\/\/skyvell.com\/nl\/wp-json\/wp\/v2\/pages"}],"about":[{"href":"https:\/\/skyvell.com\/nl\/wp-json\/wp\/v2\/types\/page"}],"author":[{"embeddable":true,"href":"https:\/\/skyvell.com\/nl\/wp-json\/wp\/v2\/users\/1"}],"replies":[{"embeddable":true,"href":"https:\/\/skyvell.com\/nl\/wp-json\/wp\/v2\/comments?post=747"}],"version-history":[{"count":16,"href":"https:\/\/skyvell.com\/nl\/wp-json\/wp\/v2\/pages\/747\/revisions"}],"predecessor-version":[{"id":1089,"href":"https:\/\/skyvell.com\/nl\/wp-json\/wp\/v2\/pages\/747\/revisions\/1089"}],"wp:attachment":[{"href":"https:\/\/skyvell.com\/nl\/wp-json\/wp\/v2\/media?parent=747"}],"curies":[{"name":"wp","href":"https:\/\/api.w.org\/{rel}","templated":true}]}}