{"id":443,"date":"2024-12-10T07:33:58","date_gmt":"2024-12-10T07:33:58","guid":{"rendered":"https:\/\/skyvell.com\/?page_id=443"},"modified":"2025-01-03T10:58:49","modified_gmt":"2025-01-03T10:58:49","slug":"bouwservice","status":"publish","type":"page","link":"https:\/\/skyvell.com\/nl\/gebaudeservice\/","title":{"rendered":"Gebouwenservice"},"content":{"rendered":"<div data-elementor-type=\"wp-page\" data-elementor-id=\"443\" class=\"elementor elementor-443\" data-elementor-post-type=\"page\">\n\t\t\t\t<div class=\"elementor-element elementor-element-540d87d0 e-flex e-con-boxed e-con e-parent\" data-id=\"540d87d0\" data-element_type=\"container\" data-e-type=\"container\" data-settings=\"{&quot;jet_parallax_layout_list&quot;:[]}\">\n\t\t\t\t\t<div class=\"e-con-inner\">\n\t\t<div class=\"elementor-element elementor-element-32625acd e-con-full e-flex e-con e-child\" data-id=\"32625acd\" data-element_type=\"container\" data-e-type=\"container\" data-settings=\"{&quot;jet_parallax_layout_list&quot;:[]}\">\n\t\t\t\t<div class=\"elementor-element elementor-element-2cbf914a elementor-widget elementor-widget-image\" data-id=\"2cbf914a\" data-element_type=\"widget\" data-e-type=\"widget\" data-widget_type=\"image.default\">\n\t\t\t\t<div class=\"elementor-widget-container\">\n\t\t\t\t\t\t\t\t\t\t\t\t\t\t\t<img fetchpriority=\"high\" decoding=\"async\" width=\"800\" height=\"360\" src=\"https:\/\/skyvell.com\/wp-content\/uploads\/2024\/12\/Skyvell_gebaude-1024x461.jpg\" class=\"attachment-large size-large wp-image-446\" alt=\"\" srcset=\"https:\/\/skyvell.com\/wp-content\/uploads\/2024\/12\/Skyvell_gebaude-1024x461.jpg 1024w, https:\/\/skyvell.com\/wp-content\/uploads\/2024\/12\/Skyvell_gebaude-300x135.jpg 300w, https:\/\/skyvell.com\/wp-content\/uploads\/2024\/12\/Skyvell_gebaude-768x346.jpg 768w, https:\/\/skyvell.com\/wp-content\/uploads\/2024\/12\/Skyvell_gebaude.jpg 1200w\" sizes=\"(max-width: 800px) 100vw, 800px\" \/>\t\t\t\t\t\t\t\t\t\t\t\t\t\t\t<\/div>\n\t\t\t\t<\/div>\n\t\t\t\t<\/div>\n\t\t\t\t\t<\/div>\n\t\t\t\t<\/div>\n\t\t<div class=\"elementor-element elementor-element-32b073d8 e-flex e-con-boxed e-con e-parent\" data-id=\"32b073d8\" data-element_type=\"container\" data-e-type=\"container\" data-settings=\"{&quot;jet_parallax_layout_list&quot;:[]}\">\n\t\t\t\t\t<div class=\"e-con-inner\">\n\t\t<div class=\"elementor-element elementor-element-2f0c949f e-con-full e-flex e-con e-child\" data-id=\"2f0c949f\" data-element_type=\"container\" data-e-type=\"container\" data-settings=\"{&quot;jet_parallax_layout_list&quot;:[]}\">\n\t\t\t\t<div class=\"elementor-element elementor-element-b50bb15 elementor-widget elementor-widget-heading\" data-id=\"b50bb15\" data-element_type=\"widget\" data-e-type=\"widget\" data-widget_type=\"heading.default\">\n\t\t\t\t<div class=\"elementor-widget-container\">\n\t\t\t\t\t<h2 class=\"elementor-heading-title elementor-size-default\">Professionele geurneutralisatie &amp; desinfectie met het Decon Classic Duo Systeem<\/h2>\t\t\t\t<\/div>\n\t\t\t\t<\/div>\n\t\t\t\t<div class=\"elementor-element elementor-element-6d2698d3 elementor-widget elementor-widget-heading\" data-id=\"6d2698d3\" data-element_type=\"widget\" data-e-type=\"widget\" data-widget_type=\"heading.default\">\n\t\t\t\t<div class=\"elementor-widget-container\">\n\t\t\t\t\t<h2 class=\"elementor-heading-title elementor-size-default\">IZAEFFECT desinfectie van ruimtes en oppervlakken<\/h2>\t\t\t\t<\/div>\n\t\t\t\t<\/div>\n\t\t\t\t<div class=\"elementor-element elementor-element-036ee72 elementor-widget elementor-widget-heading\" data-id=\"036ee72\" data-element_type=\"widget\" data-e-type=\"widget\" data-widget_type=\"heading.default\">\n\t\t\t\t<div class=\"elementor-widget-container\">\n\t\t\t\t\t<h2 class=\"elementor-heading-title elementor-size-default\">SKYVELL geurverwijdering<\/h2>\t\t\t\t<\/div>\n\t\t\t\t<\/div>\n\t\t\t\t<div class=\"elementor-element elementor-element-d3c3710 elementor-widget elementor-widget-heading\" data-id=\"d3c3710\" data-element_type=\"widget\" data-e-type=\"widget\" data-widget_type=\"heading.default\">\n\t\t\t\t<div class=\"elementor-widget-container\">\n\t\t\t\t\t<h2 class=\"elementor-heading-title elementor-size-default\">IZAEFFECT vernietiging en preventie van schimmel<\/h2>\t\t\t\t<\/div>\n\t\t\t\t<\/div>\n\t\t\t\t<div class=\"elementor-element elementor-element-48c0bb4c elementor-widget__width-initial elementor-widget elementor-widget-text-editor\" data-id=\"48c0bb4c\" data-element_type=\"widget\" data-e-type=\"widget\" data-widget_type=\"text-editor.default\">\n\t\t\t\t<div class=\"elementor-widget-container\">\n\t\t\t\t\t\t\t\t\t<p>Met Skyvell Geurverwijderaar Vloeibaar en de DECON-apparaten worden uw kamers op een milieuvriendelijke en zachte manier bevrijd van alle nare geurtjes en blijft er frisse lucht achter. We kunnen de effectiviteit van het desinfectiemiddel met DECON-apparaten bewijzen! Het desinfectiemiddel Izaeffect voldoet aan de speciale vereisten voor desinfectie met a\u00ebrosolen die zijn vastgesteld door het Bureau van de Republiek Sloveni\u00eb voor chemicali\u00ebn met de EN<\/p>\t\t\t\t\t\t\t\t<\/div>\n\t\t\t\t<\/div>\n\t\t\t\t<\/div>\n\t\t\t\t\t<\/div>\n\t\t\t\t<\/div>\n\t\t<div class=\"elementor-element elementor-element-64330406 e-flex e-con-boxed e-con e-parent\" data-id=\"64330406\" data-element_type=\"container\" data-e-type=\"container\" data-settings=\"{&quot;jet_parallax_layout_list&quot;:[]}\">\n\t\t\t\t\t<div class=\"e-con-inner\">\n\t\t<div class=\"elementor-element elementor-element-76ca1fba e-con-full e-flex e-con e-child\" data-id=\"76ca1fba\" data-element_type=\"container\" data-e-type=\"container\" data-settings=\"{&quot;jet_parallax_layout_list&quot;:[]}\">\n\t\t<div class=\"elementor-element elementor-element-3450fc85 e-con-full e-flex e-con e-child\" data-id=\"3450fc85\" data-element_type=\"container\" data-e-type=\"container\" data-settings=\"{&quot;background_background&quot;:&quot;classic&quot;,&quot;jet_parallax_layout_list&quot;:[]}\">\n\t\t\t\t<div class=\"elementor-element elementor-element-5ff1f6c5 elementor-widget elementor-widget-heading\" data-id=\"5ff1f6c5\" data-element_type=\"widget\" data-e-type=\"widget\" data-widget_type=\"heading.default\">\n\t\t\t\t<div class=\"elementor-widget-container\">\n\t\t\t\t\t<h2 class=\"elementor-heading-title elementor-size-default\">IZA-effect Volledige desinfectie<\/h2>\t\t\t\t<\/div>\n\t\t\t\t<\/div>\n\t\t\t\t<div class=\"elementor-element elementor-element-73df149a elementor-widget elementor-widget-text-editor\" data-id=\"73df149a\" data-element_type=\"widget\" data-e-type=\"widget\" data-widget_type=\"text-editor.default\">\n\t\t\t\t<div class=\"elementor-widget-container\">\n\t\t\t\t\t\t\t\t\t<p>Waterstofperoxide wordt al vele jaren gebruikt als desinfectiemiddel omdat het effectief is en in lage concentraties geen schadelijke effecten heeft op de menselijke gezondheid of het milieu. Waterstofperoxide is zeer reactief en reageert met alle organische materialen, inclusief de biologische membranen van bacteri\u00ebn, virussen en schimmels. Het is daarom een effectief desinfectiemiddel tegen deze organismen. Waterstofperoxide kan worden gebruikt om de huid en verschillende oppervlakken te desinfecteren, en met koude verdamping kan het ook worden gebruikt om hele ruimtes te desinfecteren.<\/p>\t\t\t\t\t\t\t\t<\/div>\n\t\t\t\t<\/div>\n\t\t\t\t<\/div>\n\t\t<div class=\"elementor-element elementor-element-78e0f5bd e-con-full e-flex e-con e-child\" data-id=\"78e0f5bd\" data-element_type=\"container\" data-e-type=\"container\" data-settings=\"{&quot;background_background&quot;:&quot;classic&quot;,&quot;jet_parallax_layout_list&quot;:[]}\">\n\t\t\t\t<div class=\"elementor-element elementor-element-6f7d30c1 elementor-widget elementor-widget-heading\" data-id=\"6f7d30c1\" data-element_type=\"widget\" data-e-type=\"widget\" data-widget_type=\"heading.default\">\n\t\t\t\t<div class=\"elementor-widget-container\">\n\t\t\t\t\t<h2 class=\"elementor-heading-title elementor-size-default\">Onze oplossing is uw winst<\/h2>\t\t\t\t<\/div>\n\t\t\t\t<\/div>\n\t\t\t\t<div class=\"elementor-element elementor-element-ee31e1c elementor-widget__width-initial elementor-widget elementor-widget-text-editor\" data-id=\"ee31e1c\" data-element_type=\"widget\" data-e-type=\"widget\" data-widget_type=\"text-editor.default\">\n\t\t\t\t<div class=\"elementor-widget-container\">\n\t\t\t\t\t\t\t\t\t<p>Zoals reeds vermeld, werkt waterstofperoxide snel. Daarna breekt het echter af en verliest het zijn effectiviteit, waardoor overlevende organismen zich opnieuw kunnen vermenigvuldigen. Daarom hebben we zilverionen aan de formule toegevoegd, die een langduriger antimicrobieel effect hebben omdat ze op het gedesinfecteerde oppervlak blijven zitten. We zochten naar een geschikt zilvercomplex dat de stabiliteit van de peroxide niet zou aantasten, omdat waterstofperoxide snel begint af te breken in de aanwezigheid van vrije metaalionen. Zilvercitraat bleek het meest geschikt, en citraationen hebben ook een bacteriedodend effect.<\/p>\t\t\t\t\t\t\t\t<\/div>\n\t\t\t\t<\/div>\n\t\t\t\t<\/div>\n\t\t\t\t<\/div>\n\t\t\t\t\t<\/div>\n\t\t\t\t<\/div>\n\t\t<div class=\"elementor-element elementor-element-72086ad0 e-flex e-con-boxed e-con e-parent\" data-id=\"72086ad0\" data-element_type=\"container\" data-e-type=\"container\" data-settings=\"{&quot;jet_parallax_layout_list&quot;:[]}\">\n\t\t\t\t\t<div class=\"e-con-inner\">\n\t\t<div class=\"elementor-element elementor-element-33bf8d70 e-con-full e-flex e-con e-child\" data-id=\"33bf8d70\" data-element_type=\"container\" data-e-type=\"container\" data-settings=\"{&quot;jet_parallax_layout_list&quot;:[]}\">\n\t\t\t\t<div class=\"elementor-element elementor-element-80ffdf5 elementor-widget elementor-widget-image\" data-id=\"80ffdf5\" data-element_type=\"widget\" data-e-type=\"widget\" data-widget_type=\"image.default\">\n\t\t\t\t<div class=\"elementor-widget-container\">\n\t\t\t\t\t\t\t\t\t\t\t\t\t\t\t<img decoding=\"async\" width=\"683\" height=\"1024\" src=\"https:\/\/skyvell.com\/wp-content\/uploads\/2024\/12\/Decon-M-250-1-1-683x1024.jpg\" class=\"attachment-large size-large wp-image-447\" alt=\"\" srcset=\"https:\/\/skyvell.com\/wp-content\/uploads\/2024\/12\/Decon-M-250-1-1-683x1024.jpg 683w, https:\/\/skyvell.com\/wp-content\/uploads\/2024\/12\/Decon-M-250-1-1-200x300.jpg 200w, https:\/\/skyvell.com\/wp-content\/uploads\/2024\/12\/Decon-M-250-1-1.jpg 720w\" sizes=\"(max-width: 683px) 100vw, 683px\" \/>\t\t\t\t\t\t\t\t\t\t\t\t\t\t\t<\/div>\n\t\t\t\t<\/div>\n\t\t\t\t<\/div>\n\t\t<div class=\"elementor-element elementor-element-856f7df e-con-full e-flex e-con e-child\" data-id=\"856f7df\" data-element_type=\"container\" data-e-type=\"container\" data-settings=\"{&quot;jet_parallax_layout_list&quot;:[]}\">\n\t\t\t\t<div class=\"elementor-element elementor-element-4578f60 elementor-widget elementor-widget-heading\" data-id=\"4578f60\" data-element_type=\"widget\" data-e-type=\"widget\" data-widget_type=\"heading.default\">\n\t\t\t\t<div class=\"elementor-widget-container\">\n\t\t\t\t\t<h2 class=\"elementor-heading-title elementor-size-default\">Hoe werkt IZAeffect<\/h2>\t\t\t\t<\/div>\n\t\t\t\t<\/div>\n\t\t\t\t<div class=\"elementor-element elementor-element-74e1676 elementor-widget__width-initial elementor-widget elementor-widget-text-editor\" data-id=\"74e1676\" data-element_type=\"widget\" data-e-type=\"widget\" data-widget_type=\"text-editor.default\">\n\t\t\t\t<div class=\"elementor-widget-container\">\n\t\t\t\t\t\t\t\t\t<p>- Effectief tegen schimmels, bacteri\u00ebn en virussen<br \/>- Biologisch afbreekbaar<br \/>- Veilig voor mens, dier en milieu<br \/>- Geurloos<\/p>\t\t\t\t\t\t\t\t<\/div>\n\t\t\t\t<\/div>\n\t\t\t\t<\/div>\n\t\t\t\t\t<\/div>\n\t\t\t\t<\/div>\n\t\t<div class=\"elementor-element elementor-element-1c4012ee e-flex e-con-boxed e-con e-parent\" data-id=\"1c4012ee\" data-element_type=\"container\" data-e-type=\"container\" data-settings=\"{&quot;jet_parallax_layout_list&quot;:[]}\">\n\t\t\t\t\t<div class=\"e-con-inner\">\n\t\t<div class=\"elementor-element elementor-element-5eae0352 e-con-full e-flex e-con e-child\" data-id=\"5eae0352\" data-element_type=\"container\" data-e-type=\"container\" data-settings=\"{&quot;jet_parallax_layout_list&quot;:[]}\">\n\t\t\t\t<div class=\"elementor-element elementor-element-29324a9 elementor-position-top elementor-widget elementor-widget-image-box\" data-id=\"29324a9\" data-element_type=\"widget\" data-e-type=\"widget\" data-widget_type=\"image-box.default\">\n\t\t\t\t<div class=\"elementor-widget-container\">\n\t\t\t\t\t<div class=\"elementor-image-box-wrapper\"><figure class=\"elementor-image-box-img\"><a href=\"https:\/\/skyvell.com\/wp-content\/uploads\/2025\/01\/Brochure_mail_IZAeffectSkyvell_DE.pdf\" target=\"_blank\" tabindex=\"-1\"><img decoding=\"async\" width=\"300\" height=\"423\" src=\"https:\/\/skyvell.com\/wp-content\/uploads\/2024\/12\/Skyvell_IZA.jpg\" class=\"attachment-full size-full wp-image-452\" alt=\"\" srcset=\"https:\/\/skyvell.com\/wp-content\/uploads\/2024\/12\/Skyvell_IZA.jpg 300w, https:\/\/skyvell.com\/wp-content\/uploads\/2024\/12\/Skyvell_IZA-213x300.jpg 213w\" sizes=\"(max-width: 300px) 100vw, 300px\" \/><\/a><\/figure><div class=\"elementor-image-box-content\"><h3 class=\"elementor-image-box-title\"><a href=\"https:\/\/skyvell.com\/wp-content\/uploads\/2025\/01\/Brochure_mail_IZAeffectSkyvell_DE.pdf\" target=\"_blank\">downloaden<\/a><\/h3><p class=\"elementor-image-box-description\">IZAeffect brochure<\/p><\/div><\/div>\t\t\t\t<\/div>\n\t\t\t\t<\/div>\n\t\t\t\t<\/div>\n\t\t<div class=\"elementor-element elementor-element-26a0dc44 e-con-full e-flex e-con e-child\" data-id=\"26a0dc44\" data-element_type=\"container\" data-e-type=\"container\" data-settings=\"{&quot;jet_parallax_layout_list&quot;:[]}\">\n\t\t\t\t<div class=\"elementor-element elementor-element-cc36cdc elementor-position-top elementor-widget elementor-widget-image-box\" data-id=\"cc36cdc\" data-element_type=\"widget\" data-e-type=\"widget\" data-widget_type=\"image-box.default\">\n\t\t\t\t<div class=\"elementor-widget-container\">\n\t\t\t\t\t<div class=\"elementor-image-box-wrapper\"><figure class=\"elementor-image-box-img\"><a href=\"https:\/\/skyvell.com\/wp-content\/uploads\/2025\/01\/Brochure_mail_IZAeffectSkyvell_DE.pdf\" target=\"_blank\" tabindex=\"-1\"><img loading=\"lazy\" decoding=\"async\" width=\"300\" height=\"423\" src=\"https:\/\/skyvell.com\/wp-content\/uploads\/2024\/12\/Skyvell_IZA_3.jpg\" class=\"attachment-full size-full wp-image-451\" alt=\"\" srcset=\"https:\/\/skyvell.com\/wp-content\/uploads\/2024\/12\/Skyvell_IZA_3.jpg 300w, https:\/\/skyvell.com\/wp-content\/uploads\/2024\/12\/Skyvell_IZA_3-213x300.jpg 213w\" sizes=\"(max-width: 300px) 100vw, 300px\" \/><\/a><\/figure><div class=\"elementor-image-box-content\"><h3 class=\"elementor-image-box-title\"><a href=\"https:\/\/skyvell.com\/wp-content\/uploads\/2025\/01\/Brochure_mail_IZAeffectSkyvell_DE.pdf\" target=\"_blank\">downloaden<\/a><\/h3><p class=\"elementor-image-box-description\">IZAeffect technisch gegevensblad\n\n<\/p><\/div><\/div>\t\t\t\t<\/div>\n\t\t\t\t<\/div>\n\t\t\t\t<\/div>\n\t\t\t\t\t<\/div>\n\t\t\t\t<\/div>\n\t\t\t\t<\/div>","protected":false},"excerpt":{"rendered":"<p>Professionelle Geruchsneutralisation &amp; Desinfektion mit dem Decon Classic Duo System IZAEFFECT Raum &#8211; und Fl\u00e4chendesinfektion SKYVELL Geruchsentfernung IZAEFFECT Zerst\u00f6rung und Verhinderung von Schimmel Mit dem Skyvell-Geruchsentferner Liquid und den DECON-Ger\u00e4ten werden Ihre R\u00e4ume umweltfreundlich und schonend von s\u00e4mtlichen schlechten Ger\u00fcchen befreit, zur\u00fcck bleibt nat\u00fcrlich frische Luft. Wir k\u00f6nnen die Wirksamkeit des Desinfektionsmittels mit DECON-Ger\u00e4ten nachweisen! [&hellip;]<\/p>\n","protected":false},"author":1,"featured_media":0,"parent":0,"menu_order":0,"comment_status":"closed","ping_status":"closed","template":"elementor_header_footer","meta":{"footnotes":""},"class_list":["post-443","page","type-page","status-publish","hentry"],"_links":{"self":[{"href":"https:\/\/skyvell.com\/nl\/wp-json\/wp\/v2\/pages\/443","targetHints":{"allow":["GET"]}}],"collection":[{"href":"https:\/\/skyvell.com\/nl\/wp-json\/wp\/v2\/pages"}],"about":[{"href":"https:\/\/skyvell.com\/nl\/wp-json\/wp\/v2\/types\/page"}],"author":[{"embeddable":true,"href":"https:\/\/skyvell.com\/nl\/wp-json\/wp\/v2\/users\/1"}],"replies":[{"embeddable":true,"href":"https:\/\/skyvell.com\/nl\/wp-json\/wp\/v2\/comments?post=443"}],"version-history":[{"count":31,"href":"https:\/\/skyvell.com\/nl\/wp-json\/wp\/v2\/pages\/443\/revisions"}],"predecessor-version":[{"id":916,"href":"https:\/\/skyvell.com\/nl\/wp-json\/wp\/v2\/pages\/443\/revisions\/916"}],"wp:attachment":[{"href":"https:\/\/skyvell.com\/nl\/wp-json\/wp\/v2\/media?parent=443"}],"curies":[{"name":"wp","href":"https:\/\/api.w.org\/{rel}","templated":true}]}}