{"id":189,"date":"2024-12-07T09:15:39","date_gmt":"2024-12-07T09:15:39","guid":{"rendered":"https:\/\/skyvell.com\/?page_id=189"},"modified":"2025-01-02T14:24:27","modified_gmt":"2025-01-02T14:24:27","slug":"bedrijf","status":"publish","type":"page","link":"https:\/\/skyvell.com\/nl\/unternehmen\/","title":{"rendered":"Het bedrijf"},"content":{"rendered":"<div data-elementor-type=\"wp-page\" data-elementor-id=\"189\" class=\"elementor elementor-189\" data-elementor-post-type=\"page\">\n\t\t\t\t<div class=\"elementor-element elementor-element-126af103 e-flex e-con-boxed e-con e-parent\" data-id=\"126af103\" data-element_type=\"container\" data-e-type=\"container\" data-settings=\"{&quot;jet_parallax_layout_list&quot;:[]}\">\n\t\t\t\t\t<div class=\"e-con-inner\">\n\t\t<div class=\"elementor-element elementor-element-7318ab75 e-con-full e-flex e-con e-child\" data-id=\"7318ab75\" data-element_type=\"container\" data-e-type=\"container\" data-settings=\"{&quot;jet_parallax_layout_list&quot;:[]}\">\n\t\t\t\t<div class=\"elementor-element elementor-element-d8b50bd elementor-widget elementor-widget-image\" data-id=\"d8b50bd\" data-element_type=\"widget\" data-e-type=\"widget\" data-widget_type=\"image.default\">\n\t\t\t\t<div class=\"elementor-widget-container\">\n\t\t\t\t\t\t\t\t\t\t\t\t\t\t\t<img fetchpriority=\"high\" decoding=\"async\" width=\"800\" height=\"360\" src=\"https:\/\/skyvell.com\/wp-content\/uploads\/2025\/01\/Skyvell_inter-1024x461.png\" class=\"attachment-large size-large wp-image-805\" alt=\"\" srcset=\"https:\/\/skyvell.com\/wp-content\/uploads\/2025\/01\/Skyvell_inter-1024x461.png 1024w, https:\/\/skyvell.com\/wp-content\/uploads\/2025\/01\/Skyvell_inter-300x135.png 300w, https:\/\/skyvell.com\/wp-content\/uploads\/2025\/01\/Skyvell_inter-768x346.png 768w, https:\/\/skyvell.com\/wp-content\/uploads\/2025\/01\/Skyvell_inter.png 1200w\" sizes=\"(max-width: 800px) 100vw, 800px\" \/>\t\t\t\t\t\t\t\t\t\t\t\t\t\t\t<\/div>\n\t\t\t\t<\/div>\n\t\t\t\t<\/div>\n\t\t\t\t\t<\/div>\n\t\t\t\t<\/div>\n\t\t<div class=\"elementor-element elementor-element-196d8a1a e-flex e-con-boxed e-con e-parent\" data-id=\"196d8a1a\" data-element_type=\"container\" data-e-type=\"container\" data-settings=\"{&quot;jet_parallax_layout_list&quot;:[]}\">\n\t\t\t\t\t<div class=\"e-con-inner\">\n\t\t<div class=\"elementor-element elementor-element-7efcc0cc e-con-full e-flex e-con e-child\" data-id=\"7efcc0cc\" data-element_type=\"container\" data-e-type=\"container\" data-settings=\"{&quot;jet_parallax_layout_list&quot;:[]}\">\n\t\t\t\t<div class=\"elementor-element elementor-element-2535440d elementor-widget elementor-widget-heading\" data-id=\"2535440d\" data-element_type=\"widget\" data-e-type=\"widget\" data-widget_type=\"heading.default\">\n\t\t\t\t<div class=\"elementor-widget-container\">\n\t\t\t\t\t<h2 class=\"elementor-heading-title elementor-size-default\">Skyvell - het bedrijf<\/h2>\t\t\t\t<\/div>\n\t\t\t\t<\/div>\n\t\t\t\t<div class=\"elementor-element elementor-element-27507197 elementor-widget elementor-widget-heading\" data-id=\"27507197\" data-element_type=\"widget\" data-e-type=\"widget\" data-widget_type=\"heading.default\">\n\t\t\t\t<div class=\"elementor-widget-container\">\n\t\t\t\t\t<h2 class=\"elementor-heading-title elementor-size-default\">Innovatief - Langdurig - Flexibel<\/h2>\t\t\t\t<\/div>\n\t\t\t\t<\/div>\n\t\t\t\t<\/div>\n\t\t\t\t\t<\/div>\n\t\t\t\t<\/div>\n\t\t<div class=\"elementor-element elementor-element-7f6e86d e-flex e-con-boxed e-con e-parent\" data-id=\"7f6e86d\" data-element_type=\"container\" data-e-type=\"container\" data-settings=\"{&quot;jet_parallax_layout_list&quot;:[]}\">\n\t\t\t\t\t<div class=\"e-con-inner\">\n\t\t<div class=\"elementor-element elementor-element-6b15139 e-con-full e-flex e-con e-child\" data-id=\"6b15139\" data-element_type=\"container\" data-e-type=\"container\" data-settings=\"{&quot;background_background&quot;:&quot;classic&quot;,&quot;jet_parallax_layout_list&quot;:[]}\">\n\t\t\t\t<div class=\"elementor-element elementor-element-1e3ff027 elementor-widget elementor-widget-heading\" data-id=\"1e3ff027\" data-element_type=\"widget\" data-e-type=\"widget\" data-widget_type=\"heading.default\">\n\t\t\t\t<div class=\"elementor-widget-container\">\n\t\t\t\t\t<h2 class=\"elementor-heading-title elementor-size-default\">Het bedrijf<\/h2>\t\t\t\t<\/div>\n\t\t\t\t<\/div>\n\t\t\t\t<div class=\"elementor-element elementor-element-ee9473f elementor-widget elementor-widget-text-editor\" data-id=\"ee9473f\" data-element_type=\"widget\" data-e-type=\"widget\" data-widget_type=\"text-editor.default\">\n\t\t\t\t<div class=\"elementor-widget-container\">\n\t\t\t\t\t\t\t\t\t<p>Skyvell AG is 100% een familiebedrijf. Het bedrijf is nu in de 3e generatie.<br \/>Het familiebedrijf richt zich op innovatieve producten en langetermijnrelaties en probeert zijn onafhankelijkheid en flexibiliteit te gebruiken om duurzame en milieuvriendelijke producten te cre\u00ebren met grote voordelen voor de klant.<\/p>\t\t\t\t\t\t\t\t<\/div>\n\t\t\t\t<\/div>\n\t\t\t\t<\/div>\n\t\t<div class=\"elementor-element elementor-element-b577d54 e-con-full e-flex e-con e-child\" data-id=\"b577d54\" data-element_type=\"container\" data-e-type=\"container\" data-settings=\"{&quot;background_background&quot;:&quot;classic&quot;,&quot;jet_parallax_layout_list&quot;:[]}\">\n\t\t\t\t<div class=\"elementor-element elementor-element-7450c1e elementor-widget elementor-widget-heading\" data-id=\"7450c1e\" data-element_type=\"widget\" data-e-type=\"widget\" data-widget_type=\"heading.default\">\n\t\t\t\t<div class=\"elementor-widget-container\">\n\t\t\t\t\t<h2 class=\"elementor-heading-title elementor-size-default\">Missie<\/h2>\t\t\t\t<\/div>\n\t\t\t\t<\/div>\n\t\t\t\t<div class=\"elementor-element elementor-element-6805ea2 elementor-widget elementor-widget-text-editor\" data-id=\"6805ea2\" data-element_type=\"widget\" data-e-type=\"widget\" data-widget_type=\"text-editor.default\">\n\t\t\t\t<div class=\"elementor-widget-container\">\n\t\t\t\t\t\t\t\t\t<p>De missie van Skyvell is om samen met onze klanten en leveranciers de productiviteit te verhogen, de kosten te verlagen en de risico's te minimaliseren door hen de beste, meest innovatieve en duurzame oplossingen te bieden.<\/p>\t\t\t\t\t\t\t\t<\/div>\n\t\t\t\t<\/div>\n\t\t\t\t<\/div>\n\t\t\t\t\t<\/div>\n\t\t\t\t<\/div>\n\t\t<div class=\"elementor-element elementor-element-c79a963 e-flex e-con-boxed e-con e-parent\" data-id=\"c79a963\" data-element_type=\"container\" data-e-type=\"container\" data-settings=\"{&quot;jet_parallax_layout_list&quot;:[]}\">\n\t\t\t\t\t<div class=\"e-con-inner\">\n\t\t<div class=\"elementor-element elementor-element-df7d7c0 e-con-full e-flex e-con e-child\" data-id=\"df7d7c0\" data-element_type=\"container\" data-e-type=\"container\" data-settings=\"{&quot;background_background&quot;:&quot;classic&quot;,&quot;jet_parallax_layout_list&quot;:[]}\">\n\t\t\t\t<div class=\"elementor-element elementor-element-c70e97b elementor-widget elementor-widget-heading\" data-id=\"c70e97b\" data-element_type=\"widget\" data-e-type=\"widget\" data-widget_type=\"heading.default\">\n\t\t\t\t<div class=\"elementor-widget-container\">\n\t\t\t\t\t<h2 class=\"elementor-heading-title elementor-size-default\">Focus op de behoeften van de markt<\/h2>\t\t\t\t<\/div>\n\t\t\t\t<\/div>\n\t\t\t\t<div class=\"elementor-element elementor-element-620d0ef elementor-widget elementor-widget-text-editor\" data-id=\"620d0ef\" data-element_type=\"widget\" data-e-type=\"widget\" data-widget_type=\"text-editor.default\">\n\t\t\t\t<div class=\"elementor-widget-container\">\n\t\t\t\t\t\t\t\t\t<p>We willen klantgericht, innovatief en onafhankelijk zijn.<br \/>Wij willen flexibel, open, verantwoordelijk en respectvol handelen in het belang van de eigenaar.<br \/>We willen menselijk zijn en rekening houden met individuele behoeften.<\/p>\t\t\t\t\t\t\t\t<\/div>\n\t\t\t\t<\/div>\n\t\t\t\t<\/div>\n\t\t<div class=\"elementor-element elementor-element-ab3ec61 e-con-full e-flex e-con e-child\" data-id=\"ab3ec61\" data-element_type=\"container\" data-e-type=\"container\" data-settings=\"{&quot;background_background&quot;:&quot;classic&quot;,&quot;jet_parallax_layout_list&quot;:[]}\">\n\t\t\t\t<div class=\"elementor-element elementor-element-b67d46f elementor-widget elementor-widget-heading\" data-id=\"b67d46f\" data-element_type=\"widget\" data-e-type=\"widget\" data-widget_type=\"heading.default\">\n\t\t\t\t<div class=\"elementor-widget-container\">\n\t\t\t\t\t<h2 class=\"elementor-heading-title elementor-size-default\">Partnerschap<\/h2>\t\t\t\t<\/div>\n\t\t\t\t<\/div>\n\t\t\t\t<div class=\"elementor-element elementor-element-27989a7 elementor-widget elementor-widget-text-editor\" data-id=\"27989a7\" data-element_type=\"widget\" data-e-type=\"widget\" data-widget_type=\"text-editor.default\">\n\t\t\t\t<div class=\"elementor-widget-container\">\n\t\t\t\t\t\t\t\t\t<p>Tientallen jaren ervaring!<br \/>De groep handelde oorspronkelijk in pulp en papier, maar ontwikkelde zich op het gebied van chemisch gebruik voor de milieuoptimalisatie van papierproductie en gemeentelijke afvalwaterbehandeling. Deze activiteiten gaven aanleiding tot de eerste vereisten voor geurneutralisatie.<\/p><p>Het bedrijf houdt zich daarom al tientallen jaren bezig met het thema geur: PREVENTIE - METING - NEUTRALISATIE. Deze bevindingen uit de industri\u00eble sector vormen de hoeksteen voor de producten van Skyvell en onze toekomst.<\/p>\t\t\t\t\t\t\t\t<\/div>\n\t\t\t\t<\/div>\n\t\t\t\t<\/div>\n\t\t\t\t\t<\/div>\n\t\t\t\t<\/div>\n\t\t<div class=\"elementor-element elementor-element-445fce6 e-flex e-con-boxed e-con e-parent\" data-id=\"445fce6\" data-element_type=\"container\" data-e-type=\"container\" data-settings=\"{&quot;jet_parallax_layout_list&quot;:[]}\">\n\t\t\t\t\t<div class=\"e-con-inner\">\n\t\t<div class=\"elementor-element elementor-element-d21ffd8 e-con-full e-flex e-con e-child\" data-id=\"d21ffd8\" data-element_type=\"container\" data-e-type=\"container\" data-settings=\"{&quot;background_background&quot;:&quot;classic&quot;,&quot;jet_parallax_layout_list&quot;:[]}\">\n\t\t\t\t<div class=\"elementor-element elementor-element-c97aaeb elementor-widget elementor-widget-heading\" data-id=\"c97aaeb\" data-element_type=\"widget\" data-e-type=\"widget\" data-widget_type=\"heading.default\">\n\t\t\t\t<div class=\"elementor-widget-container\">\n\t\t\t\t\t<h2 class=\"elementor-heading-title elementor-size-default\">Waarden<\/h2>\t\t\t\t<\/div>\n\t\t\t\t<\/div>\n\t\t\t\t<div class=\"elementor-element elementor-element-e2fdedf elementor-widget elementor-widget-text-editor\" data-id=\"e2fdedf\" data-element_type=\"widget\" data-e-type=\"widget\" data-widget_type=\"text-editor.default\">\n\t\t\t\t<div class=\"elementor-widget-container\">\n\t\t\t\t\t\t\t\t\t<p>Onze waarden, principes en uitgangspunten om ons streven te bereiken.<\/p>\t\t\t\t\t\t\t\t<\/div>\n\t\t\t\t<\/div>\n\t\t\t\t<\/div>\n\t\t\t\t\t<\/div>\n\t\t\t\t<\/div>\n\t\t<div class=\"elementor-element elementor-element-b3c7982 e-flex e-con-boxed e-con e-parent\" data-id=\"b3c7982\" data-element_type=\"container\" data-e-type=\"container\" data-settings=\"{&quot;jet_parallax_layout_list&quot;:[]}\">\n\t\t\t\t\t<div class=\"e-con-inner\">\n\t\t<div class=\"elementor-element elementor-element-f064dab e-con-full e-flex e-con e-child\" data-id=\"f064dab\" data-element_type=\"container\" data-e-type=\"container\" data-settings=\"{&quot;background_background&quot;:&quot;classic&quot;,&quot;jet_parallax_layout_list&quot;:[]}\">\n\t\t\t\t<div class=\"elementor-element elementor-element-02fdd08 elementor-widget elementor-widget-heading\" data-id=\"02fdd08\" data-element_type=\"widget\" data-e-type=\"widget\" data-widget_type=\"heading.default\">\n\t\t\t\t<div class=\"elementor-widget-container\">\n\t\t\t\t\t<h2 class=\"elementor-heading-title elementor-size-default\">Visie<\/h2>\t\t\t\t<\/div>\n\t\t\t\t<\/div>\n\t\t\t\t<div class=\"elementor-element elementor-element-95bc9ac elementor-widget elementor-widget-text-editor\" data-id=\"95bc9ac\" data-element_type=\"widget\" data-e-type=\"widget\" data-widget_type=\"text-editor.default\">\n\t\t\t\t<div class=\"elementor-widget-container\">\n\t\t\t\t\t\t\t\t\t<p>De visie van Skyvell is om welzijn te cre\u00ebren met de kracht van de natuur.<\/p><p>- TEAM: Een werkplek bieden waar mensen ge\u00efnspireerd worden en trots zijn op zichzelf en hun prestaties<br \/>- PARTNER: Een succesvol netwerk exploiteren van klanten tot leveranciers om langdurige en blijvende waarde te cre\u00ebren<br \/>- PRODUCTIVITEIT: een zeer effectieve, slanke en flexibele organisatie zijn<br \/>- DUURZAAMHEID: Een duurzame organisatie zijn die waarde op lange termijn cre\u00ebert<br \/>- MILIEU: Een verantwoordelijke organisatie zijn die duurzame habitats helpt cre\u00ebren en bevorderen.<\/p>\t\t\t\t\t\t\t\t<\/div>\n\t\t\t\t<\/div>\n\t\t\t\t<\/div>\n\t\t\t\t\t<\/div>\n\t\t\t\t<\/div>\n\t\t\t\t<\/div>","protected":false},"excerpt":{"rendered":"<p>Skyvell &#8211; das Unternehmen Innovativ \u2013 Langfristig \u2013 Flexibel Unternehmen Die Skyvell AG ist in 100% Familienbesitz. Die Unternehmung wird bereits in der 3. Generation gef\u00fchrt.Das Familienunternehmen ist auf innovative Produkte und langfristige Beziehungen fokussiert und bestrebt, die vorhandene Unabh\u00e4ngigkeit und Flexibilit\u00e4t f\u00fcr nachhaltige und umweltfreundliche Produkte mit hohem Kundennutzen einzusetzen. Mission Die Skyvell-Mission ist, [&hellip;]<\/p>\n","protected":false},"author":1,"featured_media":0,"parent":0,"menu_order":0,"comment_status":"closed","ping_status":"closed","template":"elementor_header_footer","meta":{"footnotes":""},"class_list":["post-189","page","type-page","status-publish","hentry"],"_links":{"self":[{"href":"https:\/\/skyvell.com\/nl\/wp-json\/wp\/v2\/pages\/189","targetHints":{"allow":["GET"]}}],"collection":[{"href":"https:\/\/skyvell.com\/nl\/wp-json\/wp\/v2\/pages"}],"about":[{"href":"https:\/\/skyvell.com\/nl\/wp-json\/wp\/v2\/types\/page"}],"author":[{"embeddable":true,"href":"https:\/\/skyvell.com\/nl\/wp-json\/wp\/v2\/users\/1"}],"replies":[{"embeddable":true,"href":"https:\/\/skyvell.com\/nl\/wp-json\/wp\/v2\/comments?post=189"}],"version-history":[{"count":11,"href":"https:\/\/skyvell.com\/nl\/wp-json\/wp\/v2\/pages\/189\/revisions"}],"predecessor-version":[{"id":1301,"href":"https:\/\/skyvell.com\/nl\/wp-json\/wp\/v2\/pages\/189\/revisions\/1301"}],"wp:attachment":[{"href":"https:\/\/skyvell.com\/nl\/wp-json\/wp\/v2\/media?parent=189"}],"curies":[{"name":"wp","href":"https:\/\/api.w.org\/{rel}","templated":true}]}}