{"id":85,"date":"2024-09-19T09:02:17","date_gmt":"2024-09-19T09:02:17","guid":{"rendered":"https:\/\/skyvell.com\/?page_id=85"},"modified":"2025-03-03T08:36:31","modified_gmt":"2025-03-03T08:36:31","slug":"contatto","status":"publish","type":"page","link":"https:\/\/skyvell.com\/it\/kontakt\/","title":{"rendered":"Contattato"},"content":{"rendered":"<div data-elementor-type=\"wp-page\" data-elementor-id=\"85\" class=\"elementor elementor-85\" data-elementor-post-type=\"page\">\n\t\t\t\t<div class=\"elementor-element elementor-element-65876709 e-flex e-con-boxed e-con e-parent\" data-id=\"65876709\" data-element_type=\"container\" data-e-type=\"container\" data-settings=\"{&quot;jet_parallax_layout_list&quot;:[]}\">\n\t\t\t\t\t<div class=\"e-con-inner\">\n\t\t<div class=\"elementor-element elementor-element-ef06218 e-con-full e-flex e-con e-child\" data-id=\"ef06218\" data-element_type=\"container\" data-e-type=\"container\" data-settings=\"{&quot;jet_parallax_layout_list&quot;:[]}\">\n\t\t<div class=\"elementor-element elementor-element-bdfa108 e-con-full e-flex e-con e-child\" data-id=\"bdfa108\" data-element_type=\"container\" data-e-type=\"container\" data-settings=\"{&quot;jet_parallax_layout_list&quot;:[]}\">\n\t\t\t\t<div class=\"elementor-element elementor-element-e8510ed elementor-widget elementor-widget-heading\" data-id=\"e8510ed\" data-element_type=\"widget\" data-e-type=\"widget\" data-widget_type=\"heading.default\">\n\t\t\t\t<div class=\"elementor-widget-container\">\n\t\t\t\t\t<h2 class=\"elementor-heading-title elementor-size-default\">Skyvell AG<\/h2>\t\t\t\t<\/div>\n\t\t\t\t<\/div>\n\t\t\t\t<div class=\"elementor-element elementor-element-bb87569 elementor-widget__width-initial elementor-widget elementor-widget-text-editor\" data-id=\"bb87569\" data-element_type=\"widget\" data-e-type=\"widget\" data-widget_type=\"text-editor.default\">\n\t\t\t\t<div class=\"elementor-widget-container\">\n\t\t\t\t\t\t\t\t\t<p>Neubadstrasse 7<br \/>CH-4054 Basilea<br \/>Svizzera<br \/>T +41 61 282 82 90<br \/>F +41 61 282 82 89<br \/>Posta: <a href=\"mailto:info@skyvell.com\" target=\"_blank\" rel=\"noopener\">info@skyvell.com<\/a><\/p>\t\t\t\t\t\t\t\t<\/div>\n\t\t\t\t<\/div>\n\t\t\t\t<\/div>\n\t\t<div class=\"elementor-element elementor-element-1712bfdb e-con-full e-flex e-con e-child\" data-id=\"1712bfdb\" data-element_type=\"container\" data-e-type=\"container\" data-settings=\"{&quot;jet_parallax_layout_list&quot;:[]}\">\n\t\t\t\t<div class=\"elementor-element elementor-element-5c943809 elementor-widget elementor-widget-heading\" data-id=\"5c943809\" data-element_type=\"widget\" data-e-type=\"widget\" data-widget_type=\"heading.default\">\n\t\t\t\t<div class=\"elementor-widget-container\">\n\t\t\t\t\t<h1 class=\"elementor-heading-title elementor-size-default\">Contatti e vendite<\/h1>\t\t\t\t<\/div>\n\t\t\t\t<\/div>\n\t\t\t\t<div class=\"elementor-element elementor-element-d4c27da elementor-widget elementor-widget-heading\" data-id=\"d4c27da\" data-element_type=\"widget\" data-e-type=\"widget\" data-widget_type=\"heading.default\">\n\t\t\t\t<div class=\"elementor-widget-container\">\n\t\t\t\t\t<h2 class=\"elementor-heading-title elementor-size-default\">Inviaci un messaggio<\/h2>\t\t\t\t<\/div>\n\t\t\t\t<\/div>\n\t\t\t\t<div class=\"elementor-element elementor-element-6c1e35a8 elementor-widget__width-initial elementor-widget elementor-widget-text-editor\" data-id=\"6c1e35a8\" data-element_type=\"widget\" data-e-type=\"widget\" data-widget_type=\"text-editor.default\">\n\t\t\t\t<div class=\"elementor-widget-container\">\n\t\t\t\t\t\t\t\t\t<p>I nostri prodotti Skyvell possono essere acquistati presso numerosi e rinomati rivenditori specializzati. Contattateci se avete bisogno di aiuto per trovare un rivenditore nella vostra zona. Saremo lieti di aiutarvi.<\/p>\t\t\t\t\t\t\t\t<\/div>\n\t\t\t\t<\/div>\n\t\t\t\t<\/div>\n\t\t\t\t<\/div>\n\t\t\t\t\t<\/div>\n\t\t\t\t<\/div>\n\t\t<div class=\"elementor-element elementor-element-b355b41 e-flex e-con-boxed e-con e-parent\" data-id=\"b355b41\" data-element_type=\"container\" data-e-type=\"container\" data-settings=\"{&quot;jet_parallax_layout_list&quot;:[]}\">\n\t\t\t\t\t<div class=\"e-con-inner\">\n\t\t\t\t<div class=\"elementor-element elementor-element-338f0f4 elementor-widget elementor-widget-heading\" data-id=\"338f0f4\" data-element_type=\"widget\" data-e-type=\"widget\" data-widget_type=\"heading.default\">\n\t\t\t\t<div class=\"elementor-widget-container\">\n\t\t\t\t\t<h2 class=\"elementor-heading-title elementor-size-default\">Visita il nostro negozio online<\/h2>\t\t\t\t<\/div>\n\t\t\t\t<\/div>\n\t\t\t\t\t<\/div>\n\t\t\t\t<\/div>\n\t\t<div class=\"elementor-element elementor-element-b27dcc4 e-flex e-con-boxed e-con e-parent\" data-id=\"b27dcc4\" data-element_type=\"container\" data-e-type=\"container\" data-settings=\"{&quot;jet_parallax_layout_list&quot;:[]}\">\n\t\t\t\t\t<div class=\"e-con-inner\">\n\t\t<div class=\"elementor-element elementor-element-6f55bb5 e-con-full e-flex e-con e-child\" data-id=\"6f55bb5\" data-element_type=\"container\" data-e-type=\"container\" data-settings=\"{&quot;jet_parallax_layout_list&quot;:[]}\">\n\t\t\t\t<div class=\"elementor-element elementor-element-26cd353 elementor-widget elementor-widget-button\" data-id=\"26cd353\" data-element_type=\"widget\" data-e-type=\"widget\" data-widget_type=\"button.default\">\n\t\t\t\t<div class=\"elementor-widget-container\">\n\t\t\t\t\t\t\t\t\t<div class=\"elementor-button-wrapper\">\n\t\t\t\t\t<a class=\"elementor-button elementor-button-link elementor-size-sm\" href=\"https:\/\/shop.skyvell.com\" target=\"_blank\">\n\t\t\t\t\t\t<span class=\"elementor-button-content-wrapper\">\n\t\t\t\t\t\t\t\t\t<span class=\"elementor-button-text\">Negozio web EURO<\/span>\n\t\t\t\t\t<\/span>\n\t\t\t\t\t<\/a>\n\t\t\t\t<\/div>\n\t\t\t\t\t\t\t\t<\/div>\n\t\t\t\t<\/div>\n\t\t\t\t<\/div>\n\t\t<div class=\"elementor-element elementor-element-605f457 e-con-full e-flex e-con e-child\" data-id=\"605f457\" data-element_type=\"container\" data-e-type=\"container\" data-settings=\"{&quot;jet_parallax_layout_list&quot;:[]}\">\n\t\t\t\t<div class=\"elementor-element elementor-element-c7506fe elementor-widget elementor-widget-button\" data-id=\"c7506fe\" data-element_type=\"widget\" data-e-type=\"widget\" data-widget_type=\"button.default\">\n\t\t\t\t<div class=\"elementor-widget-container\">\n\t\t\t\t\t\t\t\t\t<div class=\"elementor-button-wrapper\">\n\t\t\t\t\t<a class=\"elementor-button elementor-button-link elementor-size-sm\" href=\"https:\/\/shop.skyvell.com\/de\/chf\" target=\"_blank\">\n\t\t\t\t\t\t<span class=\"elementor-button-content-wrapper\">\n\t\t\t\t\t\t\t\t\t<span class=\"elementor-button-text\">Negozio web CHF<\/span>\n\t\t\t\t\t<\/span>\n\t\t\t\t\t<\/a>\n\t\t\t\t<\/div>\n\t\t\t\t\t\t\t\t<\/div>\n\t\t\t\t<\/div>\n\t\t\t\t<\/div>\n\t\t\t\t\t<\/div>\n\t\t\t\t<\/div>\n\t\t<div class=\"elementor-element elementor-element-71b4d8ea e-flex e-con-boxed e-con e-parent\" data-id=\"71b4d8ea\" data-element_type=\"container\" data-e-type=\"container\" data-settings=\"{&quot;jet_parallax_layout_list&quot;:[]}\">\n\t\t\t\t\t<div class=\"e-con-inner\">\n\t\t<div class=\"elementor-element elementor-element-16597aa5 e-con-full e-flex e-con e-child\" data-id=\"16597aa5\" data-element_type=\"container\" data-e-type=\"container\" data-settings=\"{&quot;jet_parallax_layout_list&quot;:[]}\">\n\t\t<div class=\"elementor-element elementor-element-4d39031b e-con-full e-flex e-con e-child\" data-id=\"4d39031b\" data-element_type=\"container\" data-e-type=\"container\" data-settings=\"{&quot;jet_parallax_layout_list&quot;:[]}\">\n\t\t<div class=\"elementor-element elementor-element-19ed4b6e e-con-full e-flex e-con e-child\" data-id=\"19ed4b6e\" data-element_type=\"container\" data-e-type=\"container\" data-settings=\"{&quot;background_background&quot;:&quot;gradient&quot;,&quot;jet_parallax_layout_list&quot;:[]}\">\n\t\t\t\t<div class=\"elementor-element elementor-element-ba73b5d elementor-widget elementor-widget-google_maps\" data-id=\"ba73b5d\" data-element_type=\"widget\" data-e-type=\"widget\" data-widget_type=\"google_maps.default\">\n\t\t\t\t<div class=\"elementor-widget-container\">\n\t\t\t\t\t\t\t<div class=\"elementor-custom-embed\">\n\t\t\t<iframe loading=\"lazy\"\n\t\t\t\t\tsrc=\"https:\/\/maps.google.com\/maps?q=Neubadstrasse%207%20CH-4054%20Basel&#038;t=m&#038;z=16&#038;output=embed&#038;iwloc=near\"\n\t\t\t\t\ttitle=\"Neubadstrasse 7 CH-4054 Basilea\"\n\t\t\t\t\taria-label=\"Neubadstrasse 7 CH-4054 Basilea\"\n\t\t\t><\/iframe>\n\t\t<\/div>\n\t\t\t\t\t\t<\/div>\n\t\t\t\t<\/div>\n\t\t\t\t<\/div>\n\t\t\t\t<\/div>\n\t\t\t\t<\/div>\n\t\t\t\t\t<\/div>\n\t\t\t\t<\/div>\n\t\t\t\t<\/div>","protected":false},"excerpt":{"rendered":"<p>Skyvell AG Neubadstrasse 7CH-4054 BaselSchweizT +41 61 282 82 90F +41 61 282 82 89Mail: info@skyvell.com Kontakt und Verkauf Senden Sie uns eine Nachricht Unsere Skyvell Produkte k\u00f6nnen Sie bei vielen namhaften Fachh\u00e4ndlern beziehen. Bitte kontaktieren Sie uns, wenn Sie Hilfe bei der Suche nach einem H\u00e4ndler in Ihrer N\u00e4he ben\u00f6tigen. Wir helfen Ihnen gerne [&hellip;]<\/p>\n","protected":false},"author":1,"featured_media":0,"parent":0,"menu_order":0,"comment_status":"closed","ping_status":"closed","template":"elementor_header_footer","meta":{"footnotes":""},"class_list":["post-85","page","type-page","status-publish","hentry"],"_links":{"self":[{"href":"https:\/\/skyvell.com\/it\/wp-json\/wp\/v2\/pages\/85","targetHints":{"allow":["GET"]}}],"collection":[{"href":"https:\/\/skyvell.com\/it\/wp-json\/wp\/v2\/pages"}],"about":[{"href":"https:\/\/skyvell.com\/it\/wp-json\/wp\/v2\/types\/page"}],"author":[{"embeddable":true,"href":"https:\/\/skyvell.com\/it\/wp-json\/wp\/v2\/users\/1"}],"replies":[{"embeddable":true,"href":"https:\/\/skyvell.com\/it\/wp-json\/wp\/v2\/comments?post=85"}],"version-history":[{"count":25,"href":"https:\/\/skyvell.com\/it\/wp-json\/wp\/v2\/pages\/85\/revisions"}],"predecessor-version":[{"id":1219,"href":"https:\/\/skyvell.com\/it\/wp-json\/wp\/v2\/pages\/85\/revisions\/1219"}],"wp:attachment":[{"href":"https:\/\/skyvell.com\/it\/wp-json\/wp\/v2\/media?parent=85"}],"curies":[{"name":"wp","href":"https:\/\/api.w.org\/{rel}","templated":true}]}}