{"id":77,"date":"2024-09-19T09:00:35","date_gmt":"2024-09-19T09:00:35","guid":{"rendered":"https:\/\/skyvell.com\/?page_id=77"},"modified":"2025-03-03T08:24:58","modified_gmt":"2025-03-03T08:24:58","slug":"prodotti","status":"publish","type":"page","link":"https:\/\/skyvell.com\/it\/produkte\/","title":{"rendered":"Prodotti"},"content":{"rendered":"<div data-elementor-type=\"wp-page\" data-elementor-id=\"77\" class=\"elementor elementor-77\" data-elementor-post-type=\"page\">\n\t\t\t\t<div class=\"elementor-element elementor-element-d11083e e-flex e-con-boxed e-con e-parent\" data-id=\"d11083e\" data-element_type=\"container\" data-e-type=\"container\" data-settings=\"{&quot;jet_parallax_layout_list&quot;:[]}\">\n\t\t\t\t\t<div class=\"e-con-inner\">\n\t\t<div class=\"elementor-element elementor-element-6daea2d0 e-con-full e-flex e-con e-child\" data-id=\"6daea2d0\" data-element_type=\"container\" data-e-type=\"container\" data-settings=\"{&quot;background_background&quot;:&quot;gradient&quot;,&quot;jet_parallax_layout_list&quot;:[]}\">\n\t\t<div class=\"elementor-element elementor-element-254f1b21 e-con-full e-flex e-con e-child\" data-id=\"254f1b21\" data-element_type=\"container\" data-e-type=\"container\" data-settings=\"{&quot;jet_parallax_layout_list&quot;:[]}\">\n\t\t\t\t<div class=\"elementor-element elementor-element-79895074 elementor-widget elementor-widget-heading\" data-id=\"79895074\" data-element_type=\"widget\" data-e-type=\"widget\" data-widget_type=\"heading.default\">\n\t\t\t\t<div class=\"elementor-widget-container\">\n\t\t\t\t\t<h2 class=\"elementor-heading-title elementor-size-default\">Aria naturalmente fresca<\/h2>\t\t\t\t<\/div>\n\t\t\t\t<\/div>\n\t\t\t\t<div class=\"elementor-element elementor-element-4033f4a7 elementor-widget elementor-widget-heading\" data-id=\"4033f4a7\" data-element_type=\"widget\" data-e-type=\"widget\" data-widget_type=\"heading.default\">\n\t\t\t\t<div class=\"elementor-widget-container\">\n\t\t\t\t\t<h2 class=\"elementor-heading-title elementor-size-default\">Neutralizzatore di odori a base di oli essenziali naturali<\/h2>\t\t\t\t<\/div>\n\t\t\t\t<\/div>\n\t\t\t\t<\/div>\n\t\t<div class=\"elementor-element elementor-element-5519d416 e-con-full e-flex e-con e-child\" data-id=\"5519d416\" data-element_type=\"container\" data-e-type=\"container\" data-settings=\"{&quot;jet_parallax_layout_list&quot;:[]}\">\n\t\t\t\t<div class=\"elementor-element elementor-element-203b8fbf elementor-widget elementor-widget-image\" data-id=\"203b8fbf\" data-element_type=\"widget\" data-e-type=\"widget\" data-widget_type=\"image.default\">\n\t\t\t\t<div class=\"elementor-widget-container\">\n\t\t\t\t\t\t\t\t\t\t\t\t\t\t\t<img fetchpriority=\"high\" decoding=\"async\" width=\"800\" height=\"542\" src=\"https:\/\/skyvell.com\/wp-content\/uploads\/2024\/09\/SKYVELL_arangement_kerze.png\" class=\"attachment-large size-large wp-image-37\" alt=\"\" srcset=\"https:\/\/skyvell.com\/wp-content\/uploads\/2024\/09\/SKYVELL_arangement_kerze.png 822w, https:\/\/skyvell.com\/wp-content\/uploads\/2024\/09\/SKYVELL_arangement_kerze-300x203.png 300w, https:\/\/skyvell.com\/wp-content\/uploads\/2024\/09\/SKYVELL_arangement_kerze-768x520.png 768w\" sizes=\"(max-width: 800px) 100vw, 800px\" \/>\t\t\t\t\t\t\t\t\t\t\t\t\t\t\t<\/div>\n\t\t\t\t<\/div>\n\t\t\t\t<\/div>\n\t\t\t\t<\/div>\n\t\t\t\t\t<\/div>\n\t\t\t\t<\/div>\n\t\t<div class=\"elementor-element elementor-element-5528007c e-flex e-con-boxed e-con e-parent\" data-id=\"5528007c\" data-element_type=\"container\" data-e-type=\"container\" data-settings=\"{&quot;jet_parallax_layout_list&quot;:[]}\">\n\t\t\t\t\t<div class=\"e-con-inner\">\n\t\t<div class=\"elementor-element elementor-element-7dec12e6 e-con-full e-flex e-con e-child\" data-id=\"7dec12e6\" data-element_type=\"container\" data-e-type=\"container\" data-settings=\"{&quot;jet_parallax_layout_list&quot;:[]}\">\n\t\t<div class=\"elementor-element elementor-element-42390b16 e-con-full e-flex e-con e-child\" data-id=\"42390b16\" data-element_type=\"container\" data-e-type=\"container\" data-settings=\"{&quot;jet_parallax_layout_list&quot;:[]}\">\n\t\t\t\t<div class=\"elementor-element elementor-element-3f366b10 elementor-widget elementor-widget-image\" data-id=\"3f366b10\" data-element_type=\"widget\" data-e-type=\"widget\" data-widget_type=\"image.default\">\n\t\t\t\t<div class=\"elementor-widget-container\">\n\t\t\t\t\t\t\t\t\t\t\t\t\t\t\t<img decoding=\"async\" width=\"800\" height=\"451\" src=\"https:\/\/skyvell.com\/wp-content\/uploads\/2024\/09\/AIRLABEL_SCORE-PRO-COULEUR-A-1024x577.png\" class=\"attachment-large size-large wp-image-38\" alt=\"\" srcset=\"https:\/\/skyvell.com\/wp-content\/uploads\/2024\/09\/AIRLABEL_SCORE-PRO-COULEUR-A-1024x577.png 1024w, https:\/\/skyvell.com\/wp-content\/uploads\/2024\/09\/AIRLABEL_SCORE-PRO-COULEUR-A-300x169.png 300w, https:\/\/skyvell.com\/wp-content\/uploads\/2024\/09\/AIRLABEL_SCORE-PRO-COULEUR-A-768x433.png 768w, https:\/\/skyvell.com\/wp-content\/uploads\/2024\/09\/AIRLABEL_SCORE-PRO-COULEUR-A-1536x865.png 1536w, https:\/\/skyvell.com\/wp-content\/uploads\/2024\/09\/AIRLABEL_SCORE-PRO-COULEUR-A.png 1919w\" sizes=\"(max-width: 800px) 100vw, 800px\" \/>\t\t\t\t\t\t\t\t\t\t\t\t\t\t\t<\/div>\n\t\t\t\t<\/div>\n\t\t\t\t<\/div>\n\t\t<div class=\"elementor-element elementor-element-7b059c74 e-con-full e-flex e-con e-child\" data-id=\"7b059c74\" data-element_type=\"container\" data-e-type=\"container\" data-settings=\"{&quot;jet_parallax_layout_list&quot;:[]}\">\n\t\t\t\t<div class=\"elementor-element elementor-element-15d8afda elementor-widget elementor-widget-text-editor\" data-id=\"15d8afda\" data-element_type=\"widget\" data-e-type=\"widget\" data-widget_type=\"text-editor.default\">\n\t\t\t\t<div class=\"elementor-widget-container\">\n\t\t\t\t\t\t\t\t\t<p><span class=\"s1\">Il massimo dei voti per il gel e lo spray Skyvell<span class=\"Apple-converted-space\">,\u00a0<\/span><\/span><span class=\"s1\">Marchio di qualit\u00e0\u00a0<\/span><span class=\"s2\">Air Label Score A+ Professional.\u00a0<\/span><span class=\"s2\">A+\u00a0<\/span><span class=\"s1\">\u00e8 sinonimo di bassissime emissioni nell'aria ambiente. Per saperne di pi\u00f9\u00a0<a href=\"https:\/\/air-label.com\/de\/das-label\/grundlage-dieses-labels\" target=\"_blank\" rel=\"noopener\"><span class=\"s3\">qui.<\/span><\/a><\/span><\/p>\t\t\t\t\t\t\t\t<\/div>\n\t\t\t\t<\/div>\n\t\t\t\t<\/div>\n\t\t\t\t<\/div>\n\t\t\t\t\t<\/div>\n\t\t\t\t<\/div>\n\t\t<div class=\"elementor-element elementor-element-93ee96d e-flex e-con-boxed e-con e-parent\" data-id=\"93ee96d\" data-element_type=\"container\" data-e-type=\"container\" data-settings=\"{&quot;jet_parallax_layout_list&quot;:[]}\">\n\t\t\t\t\t<div class=\"e-con-inner\">\n\t\t<div class=\"elementor-element elementor-element-691a7d4 e-con-full e-flex e-con e-child\" data-id=\"691a7d4\" data-element_type=\"container\" data-e-type=\"container\" data-settings=\"{&quot;jet_parallax_layout_list&quot;:[]}\">\n\t\t\t\t<div class=\"elementor-element elementor-element-7c298a4a elementor-widget elementor-widget-heading\" data-id=\"7c298a4a\" data-element_type=\"widget\" data-e-type=\"widget\" data-widget_type=\"heading.default\">\n\t\t\t\t<div class=\"elementor-widget-container\">\n\t\t\t\t\t<h1 class=\"elementor-heading-title elementor-size-default\">Prodotti Skyvell<\/h1>\t\t\t\t<\/div>\n\t\t\t\t<\/div>\n\t\t\t\t<div class=\"elementor-element elementor-element-4f1da5a elementor-widget elementor-widget-text-editor\" data-id=\"4f1da5a\" data-element_type=\"widget\" data-e-type=\"widget\" data-widget_type=\"text-editor.default\">\n\t\t\t\t<div class=\"elementor-widget-container\">\n\t\t\t\t\t\t\t\t\t<div id=\"\" class=\"x-container max width\"><div class=\"x-column x-sm cs-ta-center x-1-1\"><div id=\"\" class=\"x-text cs-ta-left\"><p>I prodotti Skyvell sono fabbricati e imbottigliati in Austria da molti anni. I prodotti Skyvell sono disponibili in 3 forme diverse per una variet\u00e0 di applicazioni e offrono una soluzione naturale per ogni problema di odore.<\/p><\/div><\/div><\/div>\t\t\t\t\t\t\t\t<\/div>\n\t\t\t\t<\/div>\n\t\t\t\t<\/div>\n\t\t\t\t\t<\/div>\n\t\t\t\t<\/div>\n\t\t<div class=\"elementor-element elementor-element-7e08ae4f e-flex e-con-boxed e-con e-parent\" data-id=\"7e08ae4f\" data-element_type=\"container\" data-e-type=\"container\" data-settings=\"{&quot;jet_parallax_layout_list&quot;:[]}\">\n\t\t\t\t\t<div class=\"e-con-inner\">\n\t\t<div class=\"elementor-element elementor-element-6c7a8f33 e-con-full e-flex e-con e-child\" data-id=\"6c7a8f33\" data-element_type=\"container\" data-e-type=\"container\" data-settings=\"{&quot;jet_parallax_layout_list&quot;:[]}\">\n\t\t<div class=\"elementor-element elementor-element-bfd7dd5 e-con-full e-flex e-con e-child\" data-id=\"bfd7dd5\" data-element_type=\"container\" data-e-type=\"container\" data-settings=\"{&quot;background_background&quot;:&quot;classic&quot;,&quot;jet_parallax_layout_list&quot;:[]}\">\n\t\t\t\t<div class=\"elementor-element elementor-element-141a824d elementor-widget elementor-widget-image\" data-id=\"141a824d\" data-element_type=\"widget\" data-e-type=\"widget\" data-widget_type=\"image.default\">\n\t\t\t\t<div class=\"elementor-widget-container\">\n\t\t\t\t\t\t\t\t\t\t\t\t\t\t\t<img decoding=\"async\" width=\"677\" height=\"1024\" src=\"https:\/\/skyvell.com\/wp-content\/uploads\/2024\/09\/SKYVELL_SPRAY_DF-677x1024.png\" class=\"attachment-large size-large wp-image-153\" alt=\"\" srcset=\"https:\/\/skyvell.com\/wp-content\/uploads\/2024\/09\/SKYVELL_SPRAY_DF-677x1024.png 677w, https:\/\/skyvell.com\/wp-content\/uploads\/2024\/09\/SKYVELL_SPRAY_DF-198x300.png 198w, https:\/\/skyvell.com\/wp-content\/uploads\/2024\/09\/SKYVELL_SPRAY_DF.png 700w\" sizes=\"(max-width: 677px) 100vw, 677px\" \/>\t\t\t\t\t\t\t\t\t\t\t\t\t\t\t<\/div>\n\t\t\t\t<\/div>\n\t\t\t\t<\/div>\n\t\t<div class=\"elementor-element elementor-element-64ffa516 e-con-full e-flex e-con e-child\" data-id=\"64ffa516\" data-element_type=\"container\" data-e-type=\"container\" data-settings=\"{&quot;jet_parallax_layout_list&quot;:[]}\">\n\t\t\t\t<div class=\"elementor-element elementor-element-573b1db elementor-widget elementor-widget-heading\" data-id=\"573b1db\" data-element_type=\"widget\" data-e-type=\"widget\" data-widget_type=\"heading.default\">\n\t\t\t\t<div class=\"elementor-widget-container\">\n\t\t\t\t\t<h2 class=\"elementor-heading-title elementor-size-default\">Skyvell Spray<\/h2>\t\t\t\t<\/div>\n\t\t\t\t<\/div>\n\t\t\t\t<div class=\"elementor-element elementor-element-c972ebe elementor-widget elementor-widget-heading\" data-id=\"c972ebe\" data-element_type=\"widget\" data-e-type=\"widget\" data-widget_type=\"heading.default\">\n\t\t\t\t<div class=\"elementor-widget-container\">\n\t\t\t\t\t<h2 class=\"elementor-heading-title elementor-size-default\">Per un'eliminazione immediata e mirata degli odori<\/h2>\t\t\t\t<\/div>\n\t\t\t\t<\/div>\n\t\t\t\t<div class=\"elementor-element elementor-element-149ba80b elementor-widget elementor-widget-text-editor\" data-id=\"149ba80b\" data-element_type=\"widget\" data-e-type=\"widget\" data-widget_type=\"text-editor.default\">\n\t\t\t\t<div class=\"elementor-widget-container\">\n\t\t\t\t\t\t\t\t\t<p>Skyvell Spray elimina i cattivi odori nell'aria e su tutte le superfici.<br \/>Spruzzate su mobili, divani, tende, sedie a rotelle, oggetti per la riabilitazione o tavoli per il trattamento ed eliminate rapidamente tutti i cattivi odori senza lasciare residui.<\/p><p><br \/>Disponibile in: flacone spray da 100 ml, 250 ml e 1 l, confezione di ricarica da 5 l<\/p>\t\t\t\t\t\t\t\t<\/div>\n\t\t\t\t<\/div>\n\t\t\t\t<div class=\"elementor-element elementor-element-0e810c7 elementor-align-left elementor-widget elementor-widget-button\" data-id=\"0e810c7\" data-element_type=\"widget\" data-e-type=\"widget\" data-widget_type=\"button.default\">\n\t\t\t\t<div class=\"elementor-widget-container\">\n\t\t\t\t\t\t\t\t\t<div class=\"elementor-button-wrapper\">\n\t\t\t\t\t<a class=\"elementor-button elementor-button-link elementor-size-sm\" href=\"https:\/\/skyvell.com\/it\/spruzzo\/\">\n\t\t\t\t\t\t<span class=\"elementor-button-content-wrapper\">\n\t\t\t\t\t\t\t\t\t<span class=\"elementor-button-text\">Per saperne di pi\u00f9<\/span>\n\t\t\t\t\t<\/span>\n\t\t\t\t\t<\/a>\n\t\t\t\t<\/div>\n\t\t\t\t\t\t\t\t<\/div>\n\t\t\t\t<\/div>\n\t\t\t\t<\/div>\n\t\t\t\t<\/div>\n\t\t\t\t\t<\/div>\n\t\t\t\t<\/div>\n\t\t<div class=\"elementor-element elementor-element-d4b2c3a e-flex e-con-boxed e-con e-parent\" data-id=\"d4b2c3a\" data-element_type=\"container\" data-e-type=\"container\" data-settings=\"{&quot;jet_parallax_layout_list&quot;:[]}\">\n\t\t\t\t\t<div class=\"e-con-inner\">\n\t\t<div class=\"elementor-element elementor-element-56b9105 e-con-full e-flex e-con e-child\" data-id=\"56b9105\" data-element_type=\"container\" data-e-type=\"container\" data-settings=\"{&quot;jet_parallax_layout_list&quot;:[]}\">\n\t\t<div class=\"elementor-element elementor-element-2864935 e-con-full e-flex e-con e-child\" data-id=\"2864935\" data-element_type=\"container\" data-e-type=\"container\" data-settings=\"{&quot;background_background&quot;:&quot;classic&quot;,&quot;jet_parallax_layout_list&quot;:[]}\">\n\t\t\t\t<div class=\"elementor-element elementor-element-512e945 elementor-widget elementor-widget-image\" data-id=\"512e945\" data-element_type=\"widget\" data-e-type=\"widget\" data-widget_type=\"image.default\">\n\t\t\t\t<div class=\"elementor-widget-container\">\n\t\t\t\t\t\t\t\t\t\t\t\t\t\t\t<img loading=\"lazy\" decoding=\"async\" width=\"700\" height=\"630\" src=\"https:\/\/skyvell.com\/wp-content\/uploads\/2024\/09\/SKYVELL_GEL_refill_DF_tausch.png\" class=\"attachment-large size-large wp-image-154\" alt=\"\" srcset=\"https:\/\/skyvell.com\/wp-content\/uploads\/2024\/09\/SKYVELL_GEL_refill_DF_tausch.png 700w, https:\/\/skyvell.com\/wp-content\/uploads\/2024\/09\/SKYVELL_GEL_refill_DF_tausch-300x270.png 300w\" sizes=\"(max-width: 700px) 100vw, 700px\" \/>\t\t\t\t\t\t\t\t\t\t\t\t\t\t\t<\/div>\n\t\t\t\t<\/div>\n\t\t\t\t<\/div>\n\t\t<div class=\"elementor-element elementor-element-6b30ee2 e-con-full e-flex e-con e-child\" data-id=\"6b30ee2\" data-element_type=\"container\" data-e-type=\"container\" data-settings=\"{&quot;jet_parallax_layout_list&quot;:[]}\">\n\t\t\t\t<div class=\"elementor-element elementor-element-640b1cb elementor-widget elementor-widget-heading\" data-id=\"640b1cb\" data-element_type=\"widget\" data-e-type=\"widget\" data-widget_type=\"heading.default\">\n\t\t\t\t<div class=\"elementor-widget-container\">\n\t\t\t\t\t<h2 class=\"elementor-heading-title elementor-size-default\">Gel Skyvell<\/h2>\t\t\t\t<\/div>\n\t\t\t\t<\/div>\n\t\t\t\t<div class=\"elementor-element elementor-element-d358fcd elementor-widget elementor-widget-heading\" data-id=\"d358fcd\" data-element_type=\"widget\" data-e-type=\"widget\" data-widget_type=\"heading.default\">\n\t\t\t\t<div class=\"elementor-widget-container\">\n\t\t\t\t\t<h2 class=\"elementor-heading-title elementor-size-default\">risolve i problemi di odore 24 ore su 24, 7 giorni su 7, e garantisce una freschezza ininterrotta per circa 30 giorni.<\/h2>\t\t\t\t<\/div>\n\t\t\t\t<\/div>\n\t\t\t\t<div class=\"elementor-element elementor-element-6f3df79 elementor-widget elementor-widget-text-editor\" data-id=\"6f3df79\" data-element_type=\"widget\" data-e-type=\"widget\" data-widget_type=\"text-editor.default\">\n\t\t\t\t<div class=\"elementor-widget-container\">\n\t\t\t\t\t\t\t\t\t<p>Skyvell Gel viene utilizzato ovunque gli odori siano generati in modo costante e continuo. Nelle stanze dei pazienti, nelle sale di riabilitazione, nelle sale di formazione o di ricreazione e nei servizi igienici, il gel elimina in modo permanente tutti i cattivi odori.<\/p><p><br \/>Disponibile come: barattolo da 250g, confezione di ricarica da 250g, secchio da 10kg<\/p>\t\t\t\t\t\t\t\t<\/div>\n\t\t\t\t<\/div>\n\t\t\t\t<div class=\"elementor-element elementor-element-3620451 elementor-align-left elementor-widget elementor-widget-button\" data-id=\"3620451\" data-element_type=\"widget\" data-e-type=\"widget\" data-widget_type=\"button.default\">\n\t\t\t\t<div class=\"elementor-widget-container\">\n\t\t\t\t\t\t\t\t\t<div class=\"elementor-button-wrapper\">\n\t\t\t\t\t<a class=\"elementor-button elementor-button-link elementor-size-sm\" href=\"https:\/\/skyvell.com\/it\/gel\/\">\n\t\t\t\t\t\t<span class=\"elementor-button-content-wrapper\">\n\t\t\t\t\t\t\t\t\t<span class=\"elementor-button-text\">Per saperne di pi\u00f9<\/span>\n\t\t\t\t\t<\/span>\n\t\t\t\t\t<\/a>\n\t\t\t\t<\/div>\n\t\t\t\t\t\t\t\t<\/div>\n\t\t\t\t<\/div>\n\t\t\t\t<\/div>\n\t\t\t\t<\/div>\n\t\t\t\t\t<\/div>\n\t\t\t\t<\/div>\n\t\t<div class=\"elementor-element elementor-element-a3aafe4 e-flex e-con-boxed e-con e-parent\" data-id=\"a3aafe4\" data-element_type=\"container\" data-e-type=\"container\" data-settings=\"{&quot;jet_parallax_layout_list&quot;:[]}\">\n\t\t\t\t\t<div class=\"e-con-inner\">\n\t\t<div class=\"elementor-element elementor-element-53d3fe6 e-con-full e-flex e-con e-child\" data-id=\"53d3fe6\" data-element_type=\"container\" data-e-type=\"container\" data-settings=\"{&quot;jet_parallax_layout_list&quot;:[]}\">\n\t\t<div class=\"elementor-element elementor-element-a7309ea e-con-full e-flex e-con e-child\" data-id=\"a7309ea\" data-element_type=\"container\" data-e-type=\"container\" data-settings=\"{&quot;background_background&quot;:&quot;classic&quot;,&quot;jet_parallax_layout_list&quot;:[]}\">\n\t\t\t\t<div class=\"elementor-element elementor-element-986070d elementor-widget elementor-widget-image\" data-id=\"986070d\" data-element_type=\"widget\" data-e-type=\"widget\" data-widget_type=\"image.default\">\n\t\t\t\t<div class=\"elementor-widget-container\">\n\t\t\t\t\t\t\t\t\t\t\t\t\t\t\t<img loading=\"lazy\" decoding=\"async\" width=\"800\" height=\"932\" src=\"https:\/\/skyvell.com\/wp-content\/uploads\/2024\/09\/Skyvell_multiUse-Kopie-879x1024.jpg\" class=\"attachment-large size-large wp-image-155\" alt=\"\" srcset=\"https:\/\/skyvell.com\/wp-content\/uploads\/2024\/09\/Skyvell_multiUse-Kopie-879x1024.jpg 879w, https:\/\/skyvell.com\/wp-content\/uploads\/2024\/09\/Skyvell_multiUse-Kopie-258x300.jpg 258w, https:\/\/skyvell.com\/wp-content\/uploads\/2024\/09\/Skyvell_multiUse-Kopie-768x895.jpg 768w, https:\/\/skyvell.com\/wp-content\/uploads\/2024\/09\/Skyvell_multiUse-Kopie-1319x1536.jpg 1319w, https:\/\/skyvell.com\/wp-content\/uploads\/2024\/09\/Skyvell_multiUse-Kopie.jpg 1614w\" sizes=\"(max-width: 800px) 100vw, 800px\" \/>\t\t\t\t\t\t\t\t\t\t\t\t\t\t\t<\/div>\n\t\t\t\t<\/div>\n\t\t\t\t<\/div>\n\t\t<div class=\"elementor-element elementor-element-80ad4d7 e-con-full e-flex e-con e-child\" data-id=\"80ad4d7\" data-element_type=\"container\" data-e-type=\"container\" data-settings=\"{&quot;jet_parallax_layout_list&quot;:[]}\">\n\t\t\t\t<div class=\"elementor-element elementor-element-55de769 elementor-widget elementor-widget-heading\" data-id=\"55de769\" data-element_type=\"widget\" data-e-type=\"widget\" data-widget_type=\"heading.default\">\n\t\t\t\t<div class=\"elementor-widget-container\">\n\t\t\t\t\t<h2 class=\"elementor-heading-title elementor-size-default\">Skyvell Multi Use<\/h2>\t\t\t\t<\/div>\n\t\t\t\t<\/div>\n\t\t\t\t<div class=\"elementor-element elementor-element-c63ab62 elementor-widget elementor-widget-heading\" data-id=\"c63ab62\" data-element_type=\"widget\" data-e-type=\"widget\" data-widget_type=\"heading.default\">\n\t\t\t\t<div class=\"elementor-widget-container\">\n\t\t\t\t\t<h2 class=\"elementor-heading-title elementor-size-default\">Per gli odori pi\u00f9 ostinati<\/h2>\t\t\t\t<\/div>\n\t\t\t\t<\/div>\n\t\t\t\t<div class=\"elementor-element elementor-element-ab24a07 elementor-widget elementor-widget-text-editor\" data-id=\"ab24a07\" data-element_type=\"widget\" data-e-type=\"widget\" data-widget_type=\"text-editor.default\">\n\t\t\t\t<div class=\"elementor-widget-container\">\n\t\t\t\t\t\t\t\t\t<p>Skyvell Multi Use per lavamoquette, aspirapolvere e come additivo di lavaggio per tutti i tipi di tessuti. La soluzione per i tessuti molto usati con odori persistenti. Ideale per copripiumini, biancheria, indumenti e tappeti. Agisce efficacemente su odori come feci, vomito, urina, sudore, ecc.<\/p><p><br \/>Disponibile in flaconi da 100 ml, 250 ml e 1 litro.<\/p>\t\t\t\t\t\t\t\t<\/div>\n\t\t\t\t<\/div>\n\t\t\t\t<div class=\"elementor-element elementor-element-7a8dc62 elementor-align-left elementor-widget elementor-widget-button\" data-id=\"7a8dc62\" data-element_type=\"widget\" data-e-type=\"widget\" data-widget_type=\"button.default\">\n\t\t\t\t<div class=\"elementor-widget-container\">\n\t\t\t\t\t\t\t\t\t<div class=\"elementor-button-wrapper\">\n\t\t\t\t\t<a class=\"elementor-button elementor-button-link elementor-size-sm\" href=\"https:\/\/skyvell.com\/it\/multiuso\/\">\n\t\t\t\t\t\t<span class=\"elementor-button-content-wrapper\">\n\t\t\t\t\t\t\t\t\t<span class=\"elementor-button-text\">Per saperne di pi\u00f9<\/span>\n\t\t\t\t\t<\/span>\n\t\t\t\t\t<\/a>\n\t\t\t\t<\/div>\n\t\t\t\t\t\t\t\t<\/div>\n\t\t\t\t<\/div>\n\t\t\t\t<\/div>\n\t\t\t\t<\/div>\n\t\t\t\t\t<\/div>\n\t\t\t\t<\/div>\n\t\t\t\t<\/div>","protected":false},"excerpt":{"rendered":"<p>Nat\u00fcrlich frische Luft Geruchsneutralisator auf Basis nat\u00fcrlicher \u00e4therischer \u00d6le Beste Note f\u00fcr Skyvell Gel und Spray,\u00a0G\u00fctesiegel\u00a0Air Label Score A+ Professional.\u00a0A+\u00a0steht f\u00fcr sehr geringe Emissionen an die Raumluft. Lesen Sie mehr\u00a0hier. Skyvell Produkte Die Skyvell Produkte werden seit vielen Jahren in \u00d6sterreich hergestellt und abgef\u00fcllt. F\u00fcr eine Vielzahl von Anwendungen sind die Skyvell Produkte in 3 [&hellip;]<\/p>\n","protected":false},"author":1,"featured_media":0,"parent":0,"menu_order":0,"comment_status":"closed","ping_status":"closed","template":"elementor_header_footer","meta":{"footnotes":""},"class_list":["post-77","page","type-page","status-publish","hentry"],"_links":{"self":[{"href":"https:\/\/skyvell.com\/it\/wp-json\/wp\/v2\/pages\/77","targetHints":{"allow":["GET"]}}],"collection":[{"href":"https:\/\/skyvell.com\/it\/wp-json\/wp\/v2\/pages"}],"about":[{"href":"https:\/\/skyvell.com\/it\/wp-json\/wp\/v2\/types\/page"}],"author":[{"embeddable":true,"href":"https:\/\/skyvell.com\/it\/wp-json\/wp\/v2\/users\/1"}],"replies":[{"embeddable":true,"href":"https:\/\/skyvell.com\/it\/wp-json\/wp\/v2\/comments?post=77"}],"version-history":[{"count":34,"href":"https:\/\/skyvell.com\/it\/wp-json\/wp\/v2\/pages\/77\/revisions"}],"predecessor-version":[{"id":1186,"href":"https:\/\/skyvell.com\/it\/wp-json\/wp\/v2\/pages\/77\/revisions\/1186"}],"wp:attachment":[{"href":"https:\/\/skyvell.com\/it\/wp-json\/wp\/v2\/media?parent=77"}],"curies":[{"name":"wp","href":"https:\/\/api.w.org\/{rel}","templated":true}]}}