{"id":756,"date":"2025-01-02T13:44:49","date_gmt":"2025-01-02T13:44:49","guid":{"rendered":"https:\/\/skyvell.com\/?page_id=756"},"modified":"2025-01-02T13:51:02","modified_gmt":"2025-01-02T13:51:02","slug":"impronta","status":"publish","type":"page","link":"https:\/\/skyvell.com\/it\/impressum\/","title":{"rendered":"Impronta"},"content":{"rendered":"<div data-elementor-type=\"wp-page\" data-elementor-id=\"756\" class=\"elementor elementor-756\" data-elementor-post-type=\"page\">\n\t\t\t\t<div class=\"elementor-element elementor-element-c772193 e-flex e-con-boxed e-con e-parent\" data-id=\"c772193\" data-element_type=\"container\" data-e-type=\"container\" data-settings=\"{&quot;jet_parallax_layout_list&quot;:[]}\">\n\t\t\t\t\t<div class=\"e-con-inner\">\n\t\t\t\t<div class=\"elementor-element elementor-element-4c08b58 elementor-widget elementor-widget-text-editor\" data-id=\"4c08b58\" data-element_type=\"widget\" data-e-type=\"widget\" data-widget_type=\"text-editor.default\">\n\t\t\t\t<div class=\"elementor-widget-container\">\n\t\t\t\t\t\t\t\t\t<h1>Impronta<\/h1><p>Skyvell AG <br \/>Neubadstrasse 7 <br \/>CH-4054 Basilea<\/p><p>T +41 61 282 82 90 <br \/>info@skyvell.com<\/p><p>Tribunale commerciale: Basilea <br \/>FN: CH-207.3.003.047-8 <br \/>UID: CHE-103.942.933<\/p><h5>Tutti i diritti riservati.<\/h5><p>I testi, le immagini, i grafici, i file, ecc. utilizzati sul sito web Skyvell.com sono soggetti a copyright e ad altre leggi per la protezione della propriet\u00e0 intellettuale. La distribuzione, la modifica, l'uso commerciale o l'utilizzo in altri siti web o media sono pertanto consentiti solo con l'esplicito consenso scritto del titolare del copyright.<\/p><h5>Collegamenti<\/h5><p>Questo sito web contiene link ad altri siti web. ACAT non ha alcun controllo sull'osservanza delle norme sul copyright e sulla protezione dei dati da parte degli operatori di tali siti web, n\u00e9 sul loro contenuto. Pertanto, ACAT non pu\u00f2 assumersi alcuna responsabilit\u00e0 per i contenuti offerti da tali siti.<\/p><h5>Ordinanza sugli imballaggi<\/h5><p>Skyvell AG scarica gli imballaggi per il trasporto con il numero di registrazione: 216575, presso la societ\u00e0 Interzero Circular Solutions Germany GmbH e gli imballaggi per il consumatore finale con il numero di registrazione: DE 2699652685421 presso la societ\u00e0 Lizenzero (Interseroh+ GmbH).<\/p><h5>Realizzazione:<br \/><br \/><a href=\"http:\/\/www.palmadesign.at\/\" target=\"_blank\" rel=\"noopener\">http:\/\/www.palmadesign.at<\/a><\/h5>\t\t\t\t\t\t\t\t<\/div>\n\t\t\t\t<\/div>\n\t\t\t\t\t<\/div>\n\t\t\t\t<\/div>\n\t\t\t\t<\/div>","protected":false},"excerpt":{"rendered":"<p>Impressum Skyvell AG Neubadstrasse 7 CH-4054 Basel T +41 61 282 82 90 info@skyvell.com Handelsgericht: Basel FN: CH-207.3.003.047-8 UID: CHE-103.942.933 Alle Rechte vorbehalten. Die auf der Website Skyvell.com verwendeten Texte, Bilder, Grafiken, Dateien usw. unterliegen dem Urheberrecht und anderen Gesetzen zum Schutze geistigen Eigentums. Ihre Weitergabe, Ver\u00e4nderung, gewerbliche Nutzung oder Verwendung in anderen Websites oder [&hellip;]<\/p>\n","protected":false},"author":1,"featured_media":0,"parent":0,"menu_order":0,"comment_status":"closed","ping_status":"closed","template":"","meta":{"footnotes":""},"class_list":["post-756","page","type-page","status-publish","hentry"],"_links":{"self":[{"href":"https:\/\/skyvell.com\/it\/wp-json\/wp\/v2\/pages\/756","targetHints":{"allow":["GET"]}}],"collection":[{"href":"https:\/\/skyvell.com\/it\/wp-json\/wp\/v2\/pages"}],"about":[{"href":"https:\/\/skyvell.com\/it\/wp-json\/wp\/v2\/types\/page"}],"author":[{"embeddable":true,"href":"https:\/\/skyvell.com\/it\/wp-json\/wp\/v2\/users\/1"}],"replies":[{"embeddable":true,"href":"https:\/\/skyvell.com\/it\/wp-json\/wp\/v2\/comments?post=756"}],"version-history":[{"count":7,"href":"https:\/\/skyvell.com\/it\/wp-json\/wp\/v2\/pages\/756\/revisions"}],"predecessor-version":[{"id":771,"href":"https:\/\/skyvell.com\/it\/wp-json\/wp\/v2\/pages\/756\/revisions\/771"}],"wp:attachment":[{"href":"https:\/\/skyvell.com\/it\/wp-json\/wp\/v2\/media?parent=756"}],"curies":[{"name":"wp","href":"https:\/\/api.w.org\/{rel}","templated":true}]}}