{"id":732,"date":"2025-01-02T13:13:26","date_gmt":"2025-01-02T13:13:26","guid":{"rendered":"https:\/\/skyvell.com\/?page_id=732"},"modified":"2025-03-03T08:40:14","modified_gmt":"2025-03-03T08:40:14","slug":"prodotto","status":"publish","type":"page","link":"https:\/\/skyvell.com\/it\/produkt\/","title":{"rendered":"Prodotto"},"content":{"rendered":"<div data-elementor-type=\"wp-page\" data-elementor-id=\"732\" class=\"elementor elementor-732\" data-elementor-post-type=\"page\">\n\t\t\t\t<div class=\"elementor-element elementor-element-29d2c8e4 e-flex e-con-boxed e-con e-parent\" data-id=\"29d2c8e4\" data-element_type=\"container\" data-e-type=\"container\" data-settings=\"{&quot;jet_parallax_layout_list&quot;:[]}\">\n\t\t\t\t\t<div class=\"e-con-inner\">\n\t\t<div class=\"elementor-element elementor-element-763afd7b e-con-full e-flex e-con e-child\" data-id=\"763afd7b\" data-element_type=\"container\" data-e-type=\"container\" data-settings=\"{&quot;jet_parallax_layout_list&quot;:[]}\">\n\t\t\t\t<div class=\"elementor-element elementor-element-e22c50d elementor-widget elementor-widget-image\" data-id=\"e22c50d\" data-element_type=\"widget\" data-e-type=\"widget\" data-widget_type=\"image.default\">\n\t\t\t\t<div class=\"elementor-widget-container\">\n\t\t\t\t\t\t\t\t\t\t\t\t\t\t\t<img fetchpriority=\"high\" decoding=\"async\" width=\"800\" height=\"360\" src=\"https:\/\/skyvell.com\/wp-content\/uploads\/2025\/01\/lewenzahn_2-1024x461.jpg\" class=\"attachment-large size-large wp-image-1040\" alt=\"\" srcset=\"https:\/\/skyvell.com\/wp-content\/uploads\/2025\/01\/lewenzahn_2-1024x461.jpg 1024w, https:\/\/skyvell.com\/wp-content\/uploads\/2025\/01\/lewenzahn_2-300x135.jpg 300w, https:\/\/skyvell.com\/wp-content\/uploads\/2025\/01\/lewenzahn_2-768x346.jpg 768w, https:\/\/skyvell.com\/wp-content\/uploads\/2025\/01\/lewenzahn_2-18x8.jpg 18w, https:\/\/skyvell.com\/wp-content\/uploads\/2025\/01\/lewenzahn_2.jpg 1200w\" sizes=\"(max-width: 800px) 100vw, 800px\" \/>\t\t\t\t\t\t\t\t\t\t\t\t\t\t\t<\/div>\n\t\t\t\t<\/div>\n\t\t\t\t<\/div>\n\t\t\t\t\t<\/div>\n\t\t\t\t<\/div>\n\t\t<div class=\"elementor-element elementor-element-2821738b e-flex e-con-boxed e-con e-parent\" data-id=\"2821738b\" data-element_type=\"container\" data-e-type=\"container\" data-settings=\"{&quot;jet_parallax_layout_list&quot;:[]}\">\n\t\t\t\t\t<div class=\"e-con-inner\">\n\t\t<div class=\"elementor-element elementor-element-68b6baf6 e-con-full e-flex e-con e-child\" data-id=\"68b6baf6\" data-element_type=\"container\" data-e-type=\"container\" data-settings=\"{&quot;jet_parallax_layout_list&quot;:[]}\">\n\t\t<div class=\"elementor-element elementor-element-5b5cc09 e-con-full e-flex e-con e-child\" data-id=\"5b5cc09\" data-element_type=\"container\" data-e-type=\"container\" data-settings=\"{&quot;jet_parallax_layout_list&quot;:[]}\">\n\t\t\t\t<div class=\"elementor-element elementor-element-45fe2395 elementor-widget elementor-widget-heading\" data-id=\"45fe2395\" data-element_type=\"widget\" data-e-type=\"widget\" data-widget_type=\"heading.default\">\n\t\t\t\t<div class=\"elementor-widget-container\">\n\t\t\t\t\t<h1 class=\"elementor-heading-title elementor-size-default\">Skyvell<\/h1>\t\t\t\t<\/div>\n\t\t\t\t<\/div>\n\t\t\t\t<div class=\"elementor-element elementor-element-5bf248a1 elementor-widget elementor-widget-heading\" data-id=\"5bf248a1\" data-element_type=\"widget\" data-e-type=\"widget\" data-widget_type=\"heading.default\">\n\t\t\t\t<div class=\"elementor-widget-container\">\n\t\t\t\t\t<h2 class=\"elementor-heading-title elementor-size-default\">Neutralizzatore di odori a base di oli essenziali naturali<\/h2>\t\t\t\t<\/div>\n\t\t\t\t<\/div>\n\t\t\t\t<div class=\"elementor-element elementor-element-36808c5f elementor-widget elementor-widget-text-editor\" data-id=\"36808c5f\" data-element_type=\"widget\" data-e-type=\"widget\" data-widget_type=\"text-editor.default\">\n\t\t\t\t<div class=\"elementor-widget-container\">\n\t\t\t\t\t\t\t\t\t<p>Skyvell \u00e8 un antiodore altamente efficace a base di oli vegetali essenziali (tiglio, pino, cedro, anice, chiodi di garofano) e di pura acqua alpina proveniente dall'Austria.<\/p><h4>Una soluzione per ogni problema di odore:<\/h4><p>- <a href=\"https:\/\/skyvell.com\/it\/spruzzo\/\">Spray<\/a>Soluzione istantanea per superfici e aria<br \/>- <a href=\"https:\/\/skyvell.com\/it\/gel\/\">Gel<\/a>Per il controllo continuo degli odori<br \/>- <a href=\"https:\/\/skyvell.com\/it\/multiuso\/\">Multi uso<\/a>Additivo di lavaggio per gli odori ostinati nei tessuti<\/p><h4>Rimuove gli odori invece di mascherarli<\/h4><p>Skyvell elimina i cattivi odori a livello molecolare, senza limitarsi a mascherarli. Il cattivo odore \u00e8 sparito e non torner\u00e0 pi\u00f9.<\/p><h4>Fresco come una passeggiata nel bosco<\/h4><p>Molti associano Skyvell a una rilassante passeggiata nella foresta. Poche cose sono utili per staccare la spina e ricaricare le batterie come una passeggiata nella foresta. Libera la mente, calma il battito, rinfresca e rivitalizza. Skyvell porta la vostra piccola foresta personale ovunque ne abbiate bisogno.<\/p><h4>Skyvell, sviluppato da specialisti<\/h4><p>Skyvell \u00e8 stato sviluppato da un leader mondiale nell'eliminazione degli odori.<\/p><h4>Il campo di applicazione \u00e8 molto vario<\/h4><p>Dove vengono utilizzati con successo i prodotti Skyvell?<br \/>- Hotel<br \/>- Ristoranti<br \/>- Club di fitness<br \/>- Centri benessere<br \/>- Case di riposo<br \/>- Ospedali<br \/>- Auto a noleggio<br \/>- Vita quotidiana come in famiglia<br \/>- Auto <br \/>- Strutture pubbliche come<br \/>Scuole, asili<\/p><h4>Decenni di esperienza nel settore<\/h4><p>Skyvell \u00e8 utilizzato con successo nell'industria da oltre 30 anni. Elimina in modo affidabile e sicuro gli odori pi\u00f9 ostinati, anche negli impianti di trattamento delle acque reflue o nei sistemi di pulizia.<\/p>\t\t\t\t\t\t\t\t<\/div>\n\t\t\t\t<\/div>\n\t\t\t\t<\/div>\n\t\t\t\t<\/div>\n\t\t\t\t\t<\/div>\n\t\t\t\t<\/div>\n\t\t<div class=\"elementor-element elementor-element-5496297e e-flex e-con-boxed e-con e-parent\" data-id=\"5496297e\" data-element_type=\"container\" data-e-type=\"container\" data-settings=\"{&quot;jet_parallax_layout_list&quot;:[]}\">\n\t\t\t\t\t<div class=\"e-con-inner\">\n\t\t<div class=\"elementor-element elementor-element-cb533af e-con-full e-flex e-con e-child\" data-id=\"cb533af\" data-element_type=\"container\" data-e-type=\"container\" data-settings=\"{&quot;jet_parallax_layout_list&quot;:[]}\">\n\t\t<div class=\"elementor-element elementor-element-46102d01 e-con-full e-flex e-con e-child\" data-id=\"46102d01\" data-element_type=\"container\" data-e-type=\"container\" data-settings=\"{&quot;jet_parallax_layout_list&quot;:[]}\">\n\t\t\t\t<div class=\"elementor-element elementor-element-14166725 elementor-position-top elementor-widget elementor-widget-image-box\" data-id=\"14166725\" data-element_type=\"widget\" data-e-type=\"widget\" data-widget_type=\"image-box.default\">\n\t\t\t\t<div class=\"elementor-widget-container\">\n\t\t\t\t\t<div class=\"elementor-image-box-wrapper\"><figure class=\"elementor-image-box-img\"><a href=\"https:\/\/skyvell.com\/it\/spruzzo\/\" tabindex=\"-1\"><img decoding=\"async\" width=\"700\" height=\"630\" src=\"https:\/\/skyvell.com\/wp-content\/uploads\/2024\/12\/SKYVELL_GEL_refill_DF_tausch_0000_SKYVELL_SPRAY_DF.jpg\" class=\"attachment-full size-full wp-image-287\" alt=\"\" srcset=\"https:\/\/skyvell.com\/wp-content\/uploads\/2024\/12\/SKYVELL_GEL_refill_DF_tausch_0000_SKYVELL_SPRAY_DF.jpg 700w, https:\/\/skyvell.com\/wp-content\/uploads\/2024\/12\/SKYVELL_GEL_refill_DF_tausch_0000_SKYVELL_SPRAY_DF-300x270.jpg 300w\" sizes=\"(max-width: 700px) 100vw, 700px\" \/><\/a><\/figure><div class=\"elementor-image-box-content\"><h3 class=\"elementor-image-box-title\"><a href=\"https:\/\/skyvell.com\/it\/spruzzo\/\">Skyvell Spray<\/a><\/h3><p class=\"elementor-image-box-description\">Per un'eliminazione immediata e mirata degli odori<\/p><\/div><\/div>\t\t\t\t<\/div>\n\t\t\t\t<\/div>\n\t\t\t\t<\/div>\n\t\t<div class=\"elementor-element elementor-element-aeef770 e-con-full e-flex e-con e-child\" data-id=\"aeef770\" data-element_type=\"container\" data-e-type=\"container\" data-settings=\"{&quot;jet_parallax_layout_list&quot;:[]}\">\n\t\t\t\t<div class=\"elementor-element elementor-element-23ea22b elementor-position-top elementor-widget elementor-widget-image-box\" data-id=\"23ea22b\" data-element_type=\"widget\" data-e-type=\"widget\" data-widget_type=\"image-box.default\">\n\t\t\t\t<div class=\"elementor-widget-container\">\n\t\t\t\t\t<div class=\"elementor-image-box-wrapper\"><figure class=\"elementor-image-box-img\"><a href=\"https:\/\/skyvell.com\/it\/gel\/\" tabindex=\"-1\"><img decoding=\"async\" width=\"700\" height=\"630\" src=\"https:\/\/skyvell.com\/wp-content\/uploads\/2024\/12\/SKYVELL_GEL_refill_DF_tausch_0002_Ebene-1.jpg\" class=\"attachment-full size-full wp-image-289\" alt=\"\" srcset=\"https:\/\/skyvell.com\/wp-content\/uploads\/2024\/12\/SKYVELL_GEL_refill_DF_tausch_0002_Ebene-1.jpg 700w, https:\/\/skyvell.com\/wp-content\/uploads\/2024\/12\/SKYVELL_GEL_refill_DF_tausch_0002_Ebene-1-300x270.jpg 300w\" sizes=\"(max-width: 700px) 100vw, 700px\" \/><\/a><\/figure><div class=\"elementor-image-box-content\"><h3 class=\"elementor-image-box-title\"><a href=\"https:\/\/skyvell.com\/it\/gel\/\">Gel Skyvell<\/a><\/h3><p class=\"elementor-image-box-description\">Funziona 24 ore su 24, 7 giorni su 7 - 30 giorni di freschezza ininterrotta<\/p><\/div><\/div>\t\t\t\t<\/div>\n\t\t\t\t<\/div>\n\t\t\t\t<\/div>\n\t\t<div class=\"elementor-element elementor-element-6ad405d e-con-full e-flex e-con e-child\" data-id=\"6ad405d\" data-element_type=\"container\" data-e-type=\"container\" data-settings=\"{&quot;jet_parallax_layout_list&quot;:[]}\">\n\t\t\t\t<div class=\"elementor-element elementor-element-94559ce elementor-position-top elementor-widget elementor-widget-image-box\" data-id=\"94559ce\" data-element_type=\"widget\" data-e-type=\"widget\" data-widget_type=\"image-box.default\">\n\t\t\t\t<div class=\"elementor-widget-container\">\n\t\t\t\t\t<div class=\"elementor-image-box-wrapper\"><figure class=\"elementor-image-box-img\"><a href=\"https:\/\/skyvell.com\/it\/multiuso\/\" tabindex=\"-1\"><img loading=\"lazy\" decoding=\"async\" width=\"700\" height=\"630\" src=\"https:\/\/skyvell.com\/wp-content\/uploads\/2024\/12\/SKYVELL_GEL_refill_DF_tausch_0001_SKYVELL_MU_DF.jpg\" class=\"attachment-full size-full wp-image-288\" alt=\"\" srcset=\"https:\/\/skyvell.com\/wp-content\/uploads\/2024\/12\/SKYVELL_GEL_refill_DF_tausch_0001_SKYVELL_MU_DF.jpg 700w, https:\/\/skyvell.com\/wp-content\/uploads\/2024\/12\/SKYVELL_GEL_refill_DF_tausch_0001_SKYVELL_MU_DF-300x270.jpg 300w\" sizes=\"(max-width: 700px) 100vw, 700px\" \/><\/a><\/figure><div class=\"elementor-image-box-content\"><h3 class=\"elementor-image-box-title\"><a href=\"https:\/\/skyvell.com\/it\/multiuso\/\">Skyvell Multi Use<\/a><\/h3><p class=\"elementor-image-box-description\">Per gli odori ostinati<\/p><\/div><\/div>\t\t\t\t<\/div>\n\t\t\t\t<\/div>\n\t\t\t\t<\/div>\n\t\t\t\t<\/div>\n\t\t\t\t\t<\/div>\n\t\t\t\t<\/div>\n\t\t\t\t<\/div>","protected":false},"excerpt":{"rendered":"<p>Skyvell Geruchsneutralisator auf Basis nat\u00fcrlicher \u00e4therischer \u00d6le Skyvell ist ein hochwirksamer Geruchsentferner, basierend auf \u00e4therischen Pflanzen\u00f6len (Limette, Pinie, Zeder, Anis, Nelken) und reinem Alpenwasser aus \u00d6sterreich. F\u00fcr jeden Problemgeruch eine L\u00f6sung: &#8211; Spray: Sofort-L\u00f6sung f\u00fcr Oberfl\u00e4chen und Luft&#8211; Gel: F\u00fcr kontinuierliche Geruchskontrolle&#8211; Multi Use: Waschzusatz f\u00fcr die hartn\u00e4ckigen Ger\u00fcche in Textilien Ger\u00fcche entfernen anstatt \u00fcberdecken [&hellip;]<\/p>\n","protected":false},"author":1,"featured_media":0,"parent":0,"menu_order":0,"comment_status":"closed","ping_status":"closed","template":"elementor_header_footer","meta":{"footnotes":""},"class_list":["post-732","page","type-page","status-publish","hentry"],"_links":{"self":[{"href":"https:\/\/skyvell.com\/it\/wp-json\/wp\/v2\/pages\/732","targetHints":{"allow":["GET"]}}],"collection":[{"href":"https:\/\/skyvell.com\/it\/wp-json\/wp\/v2\/pages"}],"about":[{"href":"https:\/\/skyvell.com\/it\/wp-json\/wp\/v2\/types\/page"}],"author":[{"embeddable":true,"href":"https:\/\/skyvell.com\/it\/wp-json\/wp\/v2\/users\/1"}],"replies":[{"embeddable":true,"href":"https:\/\/skyvell.com\/it\/wp-json\/wp\/v2\/comments?post=732"}],"version-history":[{"count":46,"href":"https:\/\/skyvell.com\/it\/wp-json\/wp\/v2\/pages\/732\/revisions"}],"predecessor-version":[{"id":1225,"href":"https:\/\/skyvell.com\/it\/wp-json\/wp\/v2\/pages\/732\/revisions\/1225"}],"wp:attachment":[{"href":"https:\/\/skyvell.com\/it\/wp-json\/wp\/v2\/media?parent=732"}],"curies":[{"name":"wp","href":"https:\/\/api.w.org\/{rel}","templated":true}]}}