{"id":595,"date":"2024-12-17T15:09:59","date_gmt":"2024-12-17T15:09:59","guid":{"rendered":"https:\/\/skyvell.com\/?page_id=595"},"modified":"2025-01-23T16:28:58","modified_gmt":"2025-01-23T16:28:58","slug":"utilizzo","status":"publish","type":"page","link":"https:\/\/skyvell.com\/it\/einsatz\/","title":{"rendered":"Utilizzo"},"content":{"rendered":"<div data-elementor-type=\"wp-page\" data-elementor-id=\"595\" class=\"elementor elementor-595\" data-elementor-post-type=\"page\">\n\t\t\t\t<div class=\"elementor-element elementor-element-52109168 e-flex e-con-boxed e-con e-parent\" data-id=\"52109168\" data-element_type=\"container\" data-e-type=\"container\" data-settings=\"{&quot;jet_parallax_layout_list&quot;:[]}\">\n\t\t\t\t\t<div class=\"e-con-inner\">\n\t\t<div class=\"elementor-element elementor-element-b57553b e-con-full e-flex e-con e-child\" data-id=\"b57553b\" data-element_type=\"container\" data-e-type=\"container\" data-settings=\"{&quot;background_background&quot;:&quot;classic&quot;,&quot;jet_parallax_layout_list&quot;:[]}\">\n\t\t\t\t<\/div>\n\t\t\t\t\t<\/div>\n\t\t\t\t<\/div>\n\t\t<div class=\"elementor-element elementor-element-39fea30e e-flex e-con-boxed e-con e-parent\" data-id=\"39fea30e\" data-element_type=\"container\" data-e-type=\"container\" data-settings=\"{&quot;jet_parallax_layout_list&quot;:[]}\">\n\t\t\t\t\t<div class=\"e-con-inner\">\n\t\t<div class=\"elementor-element elementor-element-761b65be e-con-full e-flex e-con e-child\" data-id=\"761b65be\" data-element_type=\"container\" data-e-type=\"container\" data-settings=\"{&quot;jet_parallax_layout_list&quot;:[]}\">\n\t\t<div class=\"elementor-element elementor-element-1f52fb99 e-con-full e-flex e-con e-child\" data-id=\"1f52fb99\" data-element_type=\"container\" data-e-type=\"container\" data-settings=\"{&quot;jet_parallax_layout_list&quot;:[]}\">\n\t\t\t\t<div class=\"elementor-element elementor-element-541b4d18 elementor-widget elementor-widget-heading\" data-id=\"541b4d18\" data-element_type=\"widget\" data-e-type=\"widget\" data-widget_type=\"heading.default\">\n\t\t\t\t<div class=\"elementor-widget-container\">\n\t\t\t\t\t<h1 class=\"elementor-heading-title elementor-size-default\">L'uso di Skyvell<\/h1>\t\t\t\t<\/div>\n\t\t\t\t<\/div>\n\t\t\t\t<div class=\"elementor-element elementor-element-6eda3a2f elementor-widget elementor-widget-text-editor\" data-id=\"6eda3a2f\" data-element_type=\"widget\" data-e-type=\"widget\" data-widget_type=\"text-editor.default\">\n\t\t\t\t<div class=\"elementor-widget-container\">\n\t\t\t\t\t\t\t\t\t<p>Gli odori si annidano in ogni ambiente. Che si tratti di mobili imbottiti, tappeti o toilette. Abbiamo una soluzione naturale per ogni problema di odore.<\/p>\t\t\t\t\t\t\t\t<\/div>\n\t\t\t\t<\/div>\n\t\t\t\t<div class=\"elementor-element elementor-element-698ec22 elementor-widget elementor-widget-text-editor\" data-id=\"698ec22\" data-element_type=\"widget\" data-e-type=\"widget\" data-widget_type=\"text-editor.default\">\n\t\t\t\t<div class=\"elementor-widget-container\">\n\t\t\t\t\t\t\t\t\t<p>Panoramica dei pi\u00f9 comuni cattivi odori:<br \/>- Avanzi di cibo (ad es. curry, grassi, formaggio, ecc.)<br \/>- Fumo di sigaretta<br \/>- Odore di muffa<br \/>- Odore di muffa<br \/>- Feci\/urine<br \/>- Sudore<br \/>- Animali (cane, gatto, porcellino d'India, ecc.)<\/p>\t\t\t\t\t\t\t\t<\/div>\n\t\t\t\t<\/div>\n\t\t\t\t<div class=\"elementor-element elementor-element-40449e2 elementor-widget elementor-widget-heading\" data-id=\"40449e2\" data-element_type=\"widget\" data-e-type=\"widget\" data-widget_type=\"heading.default\">\n\t\t\t\t<div class=\"elementor-widget-container\">\n\t\t\t\t\t<h2 class=\"elementor-heading-title elementor-size-default\">Caratteristiche di Skyvell<\/h2>\t\t\t\t<\/div>\n\t\t\t\t<\/div>\n\t\t\t\t<div class=\"elementor-element elementor-element-19219ed elementor-widget elementor-widget-text-editor\" data-id=\"19219ed\" data-element_type=\"widget\" data-e-type=\"widget\" data-widget_type=\"text-editor.default\">\n\t\t\t\t<div class=\"elementor-widget-container\">\n\t\t\t\t\t\t\t\t\t<p>- Elimina gli odori - Non viene mascherato da profumi aggiunti<br \/>- Ampia gamma di applicazioni - funziona per tutti i tipi di cattivi odori<br \/>- Naturale - Senza alcool, senza aerosol<br \/>- Soluzioni multiple - diversi formati (spray, gel, multiuso)<br \/>- Innocuo da usare - quindi ideale per l'uomo e gli animali<\/p><p>La tabella seguente fornisce una breve panoramica dei campi di applicazione dei vari prodotti Skyvell.<\/p>\t\t\t\t\t\t\t\t<\/div>\n\t\t\t\t<\/div>\n\t\t\t\t<div class=\"elementor-element elementor-element-0124a92 elementor-widget elementor-widget-heading\" data-id=\"0124a92\" data-element_type=\"widget\" data-e-type=\"widget\" data-widget_type=\"heading.default\">\n\t\t\t\t<div class=\"elementor-widget-container\">\n\t\t\t\t\t<h2 class=\"elementor-heading-title elementor-size-default\">Caratteristiche di Skyvell<\/h2>\t\t\t\t<\/div>\n\t\t\t\t<\/div>\n\t\t\t\t<div class=\"elementor-element elementor-element-6a38e08 elementor-widget elementor-widget-image\" data-id=\"6a38e08\" data-element_type=\"widget\" data-e-type=\"widget\" data-widget_type=\"image.default\">\n\t\t\t\t<div class=\"elementor-widget-container\">\n\t\t\t\t\t\t\t\t\t\t\t\t\t\t\t<img fetchpriority=\"high\" decoding=\"async\" width=\"800\" height=\"555\" src=\"https:\/\/skyvell.com\/wp-content\/uploads\/2024\/12\/Skyvell_einsatz_2-1024x711.jpg\" class=\"attachment-large size-large wp-image-598\" alt=\"\" srcset=\"https:\/\/skyvell.com\/wp-content\/uploads\/2024\/12\/Skyvell_einsatz_2-1024x711.jpg 1024w, https:\/\/skyvell.com\/wp-content\/uploads\/2024\/12\/Skyvell_einsatz_2-300x208.jpg 300w, https:\/\/skyvell.com\/wp-content\/uploads\/2024\/12\/Skyvell_einsatz_2-768x533.jpg 768w, https:\/\/skyvell.com\/wp-content\/uploads\/2024\/12\/Skyvell_einsatz_2.jpg 1388w\" sizes=\"(max-width: 800px) 100vw, 800px\" \/>\t\t\t\t\t\t\t\t\t\t\t\t\t\t\t<\/div>\n\t\t\t\t<\/div>\n\t\t\t\t<\/div>\n\t\t\t\t<\/div>\n\t\t\t\t\t<\/div>\n\t\t\t\t<\/div>\n\t\t<div class=\"elementor-element elementor-element-1128987 e-flex e-con-boxed e-con e-parent\" data-id=\"1128987\" data-element_type=\"container\" data-e-type=\"container\" data-settings=\"{&quot;jet_parallax_layout_list&quot;:[]}\">\n\t\t\t\t\t<div class=\"e-con-inner\">\n\t\t\t\t<div class=\"elementor-element elementor-element-2198a73 elementor-widget elementor-widget-image\" data-id=\"2198a73\" data-element_type=\"widget\" data-e-type=\"widget\" data-widget_type=\"image.default\">\n\t\t\t\t<div class=\"elementor-widget-container\">\n\t\t\t\t\t\t\t\t\t\t\t\t\t\t\t<img decoding=\"async\" width=\"800\" height=\"688\" src=\"https:\/\/skyvell.com\/wp-content\/uploads\/2025\/01\/Skyvell_Anwendungen-1024x880.jpg\" class=\"attachment-large size-large wp-image-1080\" alt=\"\" srcset=\"https:\/\/skyvell.com\/wp-content\/uploads\/2025\/01\/Skyvell_Anwendungen-1024x880.jpg 1024w, https:\/\/skyvell.com\/wp-content\/uploads\/2025\/01\/Skyvell_Anwendungen-300x258.jpg 300w, https:\/\/skyvell.com\/wp-content\/uploads\/2025\/01\/Skyvell_Anwendungen-768x660.jpg 768w, https:\/\/skyvell.com\/wp-content\/uploads\/2025\/01\/Skyvell_Anwendungen-14x12.jpg 14w, https:\/\/skyvell.com\/wp-content\/uploads\/2025\/01\/Skyvell_Anwendungen.jpg 1200w\" sizes=\"(max-width: 800px) 100vw, 800px\" \/>\t\t\t\t\t\t\t\t\t\t\t\t\t\t\t<\/div>\n\t\t\t\t<\/div>\n\t\t<div class=\"elementor-element elementor-element-be136b9 e-grid e-con-full e-con e-child\" data-id=\"be136b9\" data-element_type=\"container\" data-e-type=\"container\" data-settings=\"{&quot;jet_parallax_layout_list&quot;:[]}\">\n\t\t<div class=\"elementor-element elementor-element-d09164b e-con-full e-flex e-con e-child\" data-id=\"d09164b\" data-element_type=\"container\" data-e-type=\"container\" data-settings=\"{&quot;jet_parallax_layout_list&quot;:[]}\">\n\t\t\t\t<div class=\"elementor-element elementor-element-93a21d0 elementor-widget elementor-widget-image\" data-id=\"93a21d0\" data-element_type=\"widget\" data-e-type=\"widget\" data-widget_type=\"image.default\">\n\t\t\t\t<div class=\"elementor-widget-container\">\n\t\t\t\t\t\t\t\t\t\t\t\t\t\t\t<img decoding=\"async\" width=\"700\" height=\"630\" src=\"https:\/\/skyvell.com\/wp-content\/uploads\/2024\/12\/SKYVELL_GEL_refill_DF_tausch_0002_Ebene-1.jpg\" class=\"attachment-large size-large wp-image-289\" alt=\"\" srcset=\"https:\/\/skyvell.com\/wp-content\/uploads\/2024\/12\/SKYVELL_GEL_refill_DF_tausch_0002_Ebene-1.jpg 700w, https:\/\/skyvell.com\/wp-content\/uploads\/2024\/12\/SKYVELL_GEL_refill_DF_tausch_0002_Ebene-1-300x270.jpg 300w\" sizes=\"(max-width: 700px) 100vw, 700px\" \/>\t\t\t\t\t\t\t\t\t\t\t\t\t\t\t<\/div>\n\t\t\t\t<\/div>\n\t\t\t\t<div class=\"elementor-element elementor-element-f04574e elementor-widget elementor-widget-heading\" data-id=\"f04574e\" data-element_type=\"widget\" data-e-type=\"widget\" data-widget_type=\"heading.default\">\n\t\t\t\t<div class=\"elementor-widget-container\">\n\t\t\t\t\t<h2 class=\"elementor-heading-title elementor-size-default\">1. skyvell gel<\/h2>\t\t\t\t<\/div>\n\t\t\t\t<\/div>\n\t\t\t\t<div class=\"elementor-element elementor-element-d2b15a4 elementor-widget elementor-widget-heading\" data-id=\"d2b15a4\" data-element_type=\"widget\" data-e-type=\"widget\" data-widget_type=\"heading.default\">\n\t\t\t\t<div class=\"elementor-widget-container\">\n\t\t\t\t\t<h5 class=\"elementor-heading-title elementor-size-default\">risolve i problemi di odore intorno\n24 ore su 24, fino a 30 giorni.<\/h5>\t\t\t\t<\/div>\n\t\t\t\t<\/div>\n\t\t\t\t<div class=\"elementor-element elementor-element-38178de elementor-widget elementor-widget-text-editor\" data-id=\"38178de\" data-element_type=\"widget\" data-e-type=\"widget\" data-widget_type=\"text-editor.default\">\n\t\t\t\t<div class=\"elementor-widget-container\">\n\t\t\t\t\t\t\t\t\t<p>Nelle stanze dei pazienti, nelle sale di riabilitazione, nelle sale di formazione o di ricreazione e nei servizi igienici, il gel elimina in modo permanente tutti i cattivi odori. Posizionate il gel Skyvell in prossimit\u00e0 dei luoghi che diffondono permanentemente i cattivi odori ed eliminateli 24 ore su 24.<\/p>\t\t\t\t\t\t\t\t<\/div>\n\t\t\t\t<\/div>\n\t\t\t\t<\/div>\n\t\t<div class=\"elementor-element elementor-element-52ee78f e-con-full e-flex e-con e-child\" data-id=\"52ee78f\" data-element_type=\"container\" data-e-type=\"container\" data-settings=\"{&quot;jet_parallax_layout_list&quot;:[]}\">\n\t\t\t\t<div class=\"elementor-element elementor-element-13381ef elementor-widget elementor-widget-image\" data-id=\"13381ef\" data-element_type=\"widget\" data-e-type=\"widget\" data-widget_type=\"image.default\">\n\t\t\t\t<div class=\"elementor-widget-container\">\n\t\t\t\t\t\t\t\t\t\t\t\t\t\t\t<img loading=\"lazy\" decoding=\"async\" width=\"700\" height=\"630\" src=\"https:\/\/skyvell.com\/wp-content\/uploads\/2024\/12\/SKYVELL_GEL_refill_DF_tausch_0001_SKYVELL_MU_DF.jpg\" class=\"attachment-large size-large wp-image-288\" alt=\"\" srcset=\"https:\/\/skyvell.com\/wp-content\/uploads\/2024\/12\/SKYVELL_GEL_refill_DF_tausch_0001_SKYVELL_MU_DF.jpg 700w, https:\/\/skyvell.com\/wp-content\/uploads\/2024\/12\/SKYVELL_GEL_refill_DF_tausch_0001_SKYVELL_MU_DF-300x270.jpg 300w\" sizes=\"(max-width: 700px) 100vw, 700px\" \/>\t\t\t\t\t\t\t\t\t\t\t\t\t\t\t<\/div>\n\t\t\t\t<\/div>\n\t\t\t\t<div class=\"elementor-element elementor-element-c6367f0 elementor-widget elementor-widget-heading\" data-id=\"c6367f0\" data-element_type=\"widget\" data-e-type=\"widget\" data-widget_type=\"heading.default\">\n\t\t\t\t<div class=\"elementor-widget-container\">\n\t\t\t\t\t<h2 class=\"elementor-heading-title elementor-size-default\">2 Skyvell Multiuso<\/h2>\t\t\t\t<\/div>\n\t\t\t\t<\/div>\n\t\t\t\t<div class=\"elementor-element elementor-element-0d1ac5b elementor-widget elementor-widget-heading\" data-id=\"0d1ac5b\" data-element_type=\"widget\" data-e-type=\"widget\" data-widget_type=\"heading.default\">\n\t\t\t\t<div class=\"elementor-widget-container\">\n\t\t\t\t\t<h5 class=\"elementor-heading-title elementor-size-default\">per i detergenti per tappeti, per il lavaggio degli aspirapolvere e come\ncome additivo di lavaggio per tessuti di ogni tipo.<\/h5>\t\t\t\t<\/div>\n\t\t\t\t<\/div>\n\t\t\t\t<div class=\"elementor-element elementor-element-d7b73a3 elementor-widget elementor-widget-text-editor\" data-id=\"d7b73a3\" data-element_type=\"widget\" data-e-type=\"widget\" data-widget_type=\"text-editor.default\">\n\t\t\t\t<div class=\"elementor-widget-container\">\n\t\t\t\t\t\t\t\t\tUtilizzare Skyvell Multi Use su tessuti molto usati che presentano un odore persistente.\nodori. Ideale per copripiumini, biancheria, indumenti e tappeti. Agisce efficacemente su odori come feci, vomito, urina, sudore, ecc.\t\t\t\t\t\t\t\t<\/div>\n\t\t\t\t<\/div>\n\t\t\t\t<\/div>\n\t\t<div class=\"elementor-element elementor-element-8970a66 e-con-full e-flex e-con e-child\" data-id=\"8970a66\" data-element_type=\"container\" data-e-type=\"container\" data-settings=\"{&quot;jet_parallax_layout_list&quot;:[]}\">\n\t\t\t\t<div class=\"elementor-element elementor-element-12f1fae elementor-widget elementor-widget-image\" data-id=\"12f1fae\" data-element_type=\"widget\" data-e-type=\"widget\" data-widget_type=\"image.default\">\n\t\t\t\t<div class=\"elementor-widget-container\">\n\t\t\t\t\t\t\t\t\t\t\t\t\t\t\t<img loading=\"lazy\" decoding=\"async\" width=\"700\" height=\"630\" src=\"https:\/\/skyvell.com\/wp-content\/uploads\/2024\/12\/SKYVELL_GEL_refill_DF_tausch_0000_SKYVELL_SPRAY_DF.jpg\" class=\"attachment-large size-large wp-image-287\" alt=\"\" srcset=\"https:\/\/skyvell.com\/wp-content\/uploads\/2024\/12\/SKYVELL_GEL_refill_DF_tausch_0000_SKYVELL_SPRAY_DF.jpg 700w, https:\/\/skyvell.com\/wp-content\/uploads\/2024\/12\/SKYVELL_GEL_refill_DF_tausch_0000_SKYVELL_SPRAY_DF-300x270.jpg 300w\" sizes=\"(max-width: 700px) 100vw, 700px\" \/>\t\t\t\t\t\t\t\t\t\t\t\t\t\t\t<\/div>\n\t\t\t\t<\/div>\n\t\t\t\t<div class=\"elementor-element elementor-element-0290913 elementor-widget elementor-widget-heading\" data-id=\"0290913\" data-element_type=\"widget\" data-e-type=\"widget\" data-widget_type=\"heading.default\">\n\t\t\t\t<div class=\"elementor-widget-container\">\n\t\t\t\t\t<h2 class=\"elementor-heading-title elementor-size-default\">3. spray skyvell<\/h2>\t\t\t\t<\/div>\n\t\t\t\t<\/div>\n\t\t\t\t<div class=\"elementor-element elementor-element-2a8a667 elementor-widget elementor-widget-heading\" data-id=\"2a8a667\" data-element_type=\"widget\" data-e-type=\"widget\" data-widget_type=\"heading.default\">\n\t\t\t\t<div class=\"elementor-widget-container\">\n\t\t\t\t\t<h5 class=\"elementor-heading-title elementor-size-default\">per un controllo immediato e mirato degli odori\ncontrollo degli odori.<\/h5>\t\t\t\t<\/div>\n\t\t\t\t<\/div>\n\t\t\t\t<div class=\"elementor-element elementor-element-1c1a7a6 elementor-widget elementor-widget-text-editor\" data-id=\"1c1a7a6\" data-element_type=\"widget\" data-e-type=\"widget\" data-widget_type=\"text-editor.default\">\n\t\t\t\t<div class=\"elementor-widget-container\">\n\t\t\t\t\t\t\t\t\tUtilizzate Skyvell Spray contro gli odori di urina, feci, sudore e altri fluidi corporei. Spruzzare su tutte le superfici come mobili, divani, tende, sedie a rotelle, oggetti per la riabilitazione e letti di trattamento ed eliminare rapidamente tutti i cattivi odori senza lasciare residui.\ntavoli di trattamento ed eliminare rapidamente tutti i cattivi odori senza lasciare residui.\t\t\t\t\t\t\t\t<\/div>\n\t\t\t\t<\/div>\n\t\t\t\t<\/div>\n\t\t\t\t<\/div>\n\t\t\t\t\t<\/div>\n\t\t\t\t<\/div>\n\t\t\t\t<\/div>","protected":false},"excerpt":{"rendered":"<p>Der Einsatz von Skyvell Ger\u00fcche lauern in jeder Umgebung. Egal ob auf Ihrem Polsterm\u00f6bel, Teppich oder der Toilette. Wir haben f\u00fcr jeden Problemgeruch eine nat\u00fcrliche L\u00f6sung. \u00dcbersicht der h\u00e4ufigsten schlecht riechenden Ger\u00fcche:\u2013 Essensreste (z.B. Curry, Fette, K\u00e4se, usw.)\u2013 Zigarettenrauch\u2013 Schimmelgeruch\u2013 Muff-Geruch\u2013 F\u00e4kalien\/Urin\u2013 Schwei\u00df\u2013 Tiere (Hund, Katze, Meerschweinchen etc.) Merkmale von Skyvell \u2013 Eliminiert Ger\u00fcche \u2013 [&hellip;]<\/p>\n","protected":false},"author":1,"featured_media":0,"parent":0,"menu_order":0,"comment_status":"closed","ping_status":"closed","template":"elementor_header_footer","meta":{"footnotes":""},"class_list":["post-595","page","type-page","status-publish","hentry"],"_links":{"self":[{"href":"https:\/\/skyvell.com\/it\/wp-json\/wp\/v2\/pages\/595","targetHints":{"allow":["GET"]}}],"collection":[{"href":"https:\/\/skyvell.com\/it\/wp-json\/wp\/v2\/pages"}],"about":[{"href":"https:\/\/skyvell.com\/it\/wp-json\/wp\/v2\/types\/page"}],"author":[{"embeddable":true,"href":"https:\/\/skyvell.com\/it\/wp-json\/wp\/v2\/users\/1"}],"replies":[{"embeddable":true,"href":"https:\/\/skyvell.com\/it\/wp-json\/wp\/v2\/comments?post=595"}],"version-history":[{"count":25,"href":"https:\/\/skyvell.com\/it\/wp-json\/wp\/v2\/pages\/595\/revisions"}],"predecessor-version":[{"id":1086,"href":"https:\/\/skyvell.com\/it\/wp-json\/wp\/v2\/pages\/595\/revisions\/1086"}],"wp:attachment":[{"href":"https:\/\/skyvell.com\/it\/wp-json\/wp\/v2\/media?parent=595"}],"curies":[{"name":"wp","href":"https:\/\/api.w.org\/{rel}","templated":true}]}}