{"id":568,"date":"2024-12-17T12:31:03","date_gmt":"2024-12-17T12:31:03","guid":{"rendered":"https:\/\/skyvell.com\/?page_id=568"},"modified":"2025-03-03T08:34:41","modified_gmt":"2025-03-03T08:34:41","slug":"deconclassicduo-neutralizzazione-degli-odori-disinfezione-izaeffetto","status":"publish","type":"page","link":"https:\/\/skyvell.com\/it\/deconclassicduo-geruchsneutralisation-desinfektion-izaeffect\/","title":{"rendered":"deconclassicduo"},"content":{"rendered":"<div data-elementor-type=\"wp-page\" data-elementor-id=\"568\" class=\"elementor elementor-568\" data-elementor-post-type=\"page\">\n\t\t\t\t<div class=\"elementor-element elementor-element-5f36f1ae e-flex e-con-boxed e-con e-parent\" data-id=\"5f36f1ae\" data-element_type=\"container\" data-e-type=\"container\" data-settings=\"{&quot;jet_parallax_layout_list&quot;:[]}\">\n\t\t\t\t\t<div class=\"e-con-inner\">\n\t\t<div class=\"elementor-element elementor-element-2e2c983 e-con-full e-flex e-con e-child\" data-id=\"2e2c983\" data-element_type=\"container\" data-e-type=\"container\" data-settings=\"{&quot;background_background&quot;:&quot;classic&quot;,&quot;jet_parallax_layout_list&quot;:[]}\">\n\t\t<div class=\"elementor-element elementor-element-7b21d43d e-con-full e-flex e-con e-child\" data-id=\"7b21d43d\" data-element_type=\"container\" data-e-type=\"container\" data-settings=\"{&quot;jet_parallax_layout_list&quot;:[]}\">\n\t\t\t\t<div class=\"elementor-element elementor-element-410f1ae elementor-widget elementor-widget-spacer\" data-id=\"410f1ae\" data-element_type=\"widget\" data-e-type=\"widget\" data-widget_type=\"spacer.default\">\n\t\t\t\t<div class=\"elementor-widget-container\">\n\t\t\t\t\t\t\t<div class=\"elementor-spacer\">\n\t\t\t<div class=\"elementor-spacer-inner\"><\/div>\n\t\t<\/div>\n\t\t\t\t\t\t<\/div>\n\t\t\t\t<\/div>\n\t\t\t\t<\/div>\n\t\t<div class=\"elementor-element elementor-element-010e8a9 e-con-full e-flex e-con e-child\" data-id=\"010e8a9\" data-element_type=\"container\" data-e-type=\"container\" data-settings=\"{&quot;jet_parallax_layout_list&quot;:[]}\">\n\t\t\t\t<div class=\"elementor-element elementor-element-21f71a3 elementor-widget elementor-widget-image\" data-id=\"21f71a3\" data-element_type=\"widget\" data-e-type=\"widget\" data-widget_type=\"image.default\">\n\t\t\t\t<div class=\"elementor-widget-container\">\n\t\t\t\t\t\t\t\t\t\t\t\t\t\t\t<img fetchpriority=\"high\" decoding=\"async\" width=\"510\" height=\"987\" src=\"https:\/\/skyvell.com\/wp-content\/uploads\/2024\/12\/IZA_wevc.png\" class=\"attachment-large size-large wp-image-588\" alt=\"\" srcset=\"https:\/\/skyvell.com\/wp-content\/uploads\/2024\/12\/IZA_wevc.png 510w, https:\/\/skyvell.com\/wp-content\/uploads\/2024\/12\/IZA_wevc-155x300.png 155w\" sizes=\"(max-width: 510px) 100vw, 510px\" \/>\t\t\t\t\t\t\t\t\t\t\t\t\t\t\t<\/div>\n\t\t\t\t<\/div>\n\t\t\t\t<\/div>\n\t\t<div class=\"elementor-element elementor-element-16feaa9b e-con-full e-flex e-con e-child\" data-id=\"16feaa9b\" data-element_type=\"container\" data-e-type=\"container\" data-settings=\"{&quot;jet_parallax_layout_list&quot;:[]}\">\n\t\t\t\t<\/div>\n\t\t\t\t<\/div>\n\t\t\t\t\t<\/div>\n\t\t\t\t<\/div>\n\t\t<div class=\"elementor-element elementor-element-15277fab e-flex e-con-boxed e-con e-parent\" data-id=\"15277fab\" data-element_type=\"container\" data-e-type=\"container\" data-settings=\"{&quot;jet_parallax_layout_list&quot;:[]}\">\n\t\t\t\t\t<div class=\"e-con-inner\">\n\t\t<div class=\"elementor-element elementor-element-50814b52 e-con-full e-flex e-con e-child\" data-id=\"50814b52\" data-element_type=\"container\" data-e-type=\"container\" data-settings=\"{&quot;jet_parallax_layout_list&quot;:[]}\">\n\t\t<div class=\"elementor-element elementor-element-7611b299 e-con-full e-flex e-con e-child\" data-id=\"7611b299\" data-element_type=\"container\" data-e-type=\"container\" data-settings=\"{&quot;jet_parallax_layout_list&quot;:[]}\">\n\t\t\t\t<div class=\"elementor-element elementor-element-76e8bb01 elementor-widget elementor-widget-heading\" data-id=\"76e8bb01\" data-element_type=\"widget\" data-e-type=\"widget\" data-widget_type=\"heading.default\">\n\t\t\t\t<div class=\"elementor-widget-container\">\n\t\t\t\t\t<h1 class=\"elementor-heading-title elementor-size-default\">Neutralizzazione e disinfezione professionale degli odori con il sistema Decon Classic Duo<\/h1>\t\t\t\t<\/div>\n\t\t\t\t<\/div>\n\t\t\t\t<div class=\"elementor-element elementor-element-e1f3648 elementor-widget elementor-widget-text-editor\" data-id=\"e1f3648\" data-element_type=\"widget\" data-e-type=\"widget\" data-widget_type=\"text-editor.default\">\n\t\t\t\t<div class=\"elementor-widget-container\">\n\t\t\t\t\t\t\t\t\t<p>Disinfezione di ambienti e superfici IZAEFFECT<\/p><p>Rimozione degli odori SKYVELL<\/p><p>IZAEFFECT distruzione e prevenzione delle muffe<\/p>\t\t\t\t\t\t\t\t<\/div>\n\t\t\t\t<\/div>\n\t\t\t\t<div class=\"elementor-element elementor-element-5df6709a elementor-widget elementor-widget-text-editor\" data-id=\"5df6709a\" data-element_type=\"widget\" data-e-type=\"widget\" data-widget_type=\"text-editor.default\">\n\t\t\t\t<div class=\"elementor-widget-container\">\n\t\t\t\t\t\t\t\t\t<p>Con Skyvell Odour Remover Liquid e i dispositivi DECON, gli ambienti vengono liberati da tutti i cattivi odori in modo ecologico e delicato, lasciando un'aria fresca. Possiamo dimostrare l'efficacia del disinfettante con i dispositivi DECON! Il disinfettante Izaeffect soddisfa i requisiti speciali per la disinfezione con aerosol richiesti dall'Ufficio della Repubblica di Slovenia per le sostanze chimiche con lo standard EN 17272: 2020.<\/p>\t\t\t\t\t\t\t\t<\/div>\n\t\t\t\t<\/div>\n\t\t\t\t<div class=\"elementor-element elementor-element-6f39c583 elementor-widget elementor-widget-heading\" data-id=\"6f39c583\" data-element_type=\"widget\" data-e-type=\"widget\" data-widget_type=\"heading.default\">\n\t\t\t\t<div class=\"elementor-widget-container\">\n\t\t\t\t\t<h2 class=\"elementor-heading-title elementor-size-default\">Effetto IZA Disinfezione completa<\/h2>\t\t\t\t<\/div>\n\t\t\t\t<\/div>\n\t\t\t\t<div class=\"elementor-element elementor-element-afb3479 elementor-widget elementor-widget-text-editor\" data-id=\"afb3479\" data-element_type=\"widget\" data-e-type=\"widget\" data-widget_type=\"text-editor.default\">\n\t\t\t\t<div class=\"elementor-widget-container\">\n\t\t\t\t\t\t\t\t\t<p>Il perossido di idrogeno viene utilizzato da molti anni come disinfettante perch\u00e9 \u00e8 efficace e non ha effetti nocivi sulla salute umana o sull'ambiente a basse concentrazioni. Il perossido di idrogeno \u00e8 altamente reattivo e reagisce con tutti i materiali organici, comprese le membrane biologiche di batteri, virus e funghi. \u00c8 quindi un disinfettante efficace contro questi organismi. Il perossido di idrogeno pu\u00f2 essere utilizzato per disinfettare la pelle e varie superfici e, con l'evaporazione a freddo, anche per disinfettare interi ambienti.<\/p>\t\t\t\t\t\t\t\t<\/div>\n\t\t\t\t<\/div>\n\t\t\t\t<div class=\"elementor-element elementor-element-2ebbd6f elementor-widget elementor-widget-heading\" data-id=\"2ebbd6f\" data-element_type=\"widget\" data-e-type=\"widget\" data-widget_type=\"heading.default\">\n\t\t\t\t<div class=\"elementor-widget-container\">\n\t\t\t\t\t<h2 class=\"elementor-heading-title elementor-size-default\">La nostra soluzione \u00e8 il vostro guadagno<\/h2>\t\t\t\t<\/div>\n\t\t\t\t<\/div>\n\t\t\t\t<div class=\"elementor-element elementor-element-86d1afd elementor-widget elementor-widget-text-editor\" data-id=\"86d1afd\" data-element_type=\"widget\" data-e-type=\"widget\" data-widget_type=\"text-editor.default\">\n\t\t\t\t<div class=\"elementor-widget-container\">\n\t\t\t\t\t\t\t\t\t<p>Come gi\u00e0 detto, il perossido di idrogeno agisce rapidamente. Tuttavia, in seguito si degrada e perde la sua efficacia, consentendo agli organismi sopravvissuti di moltiplicarsi nuovamente. Abbiamo quindi aggiunto alla formulazione ioni d'argento, che garantiscono un effetto antimicrobico pi\u00f9 duraturo in quanto rimangono sulla superficie disinfettata. Abbiamo cercato un complesso d'argento adatto che non compromettesse la stabilit\u00e0 del perossido, poich\u00e9 il perossido di idrogeno inizia a decomporsi rapidamente in presenza di ioni metallici liberi. Il citrato d'argento si \u00e8 rivelato il pi\u00f9 adatto e gli ioni citrato hanno anche un effetto battericida.<\/p>\t\t\t\t\t\t\t\t<\/div>\n\t\t\t\t<\/div>\n\t\t\t\t<div class=\"elementor-element elementor-element-b968a53 elementor-widget elementor-widget-heading\" data-id=\"b968a53\" data-element_type=\"widget\" data-e-type=\"widget\" data-widget_type=\"heading.default\">\n\t\t\t\t<div class=\"elementor-widget-container\">\n\t\t\t\t\t<h2 class=\"elementor-heading-title elementor-size-default\">Come si differenzia l'effetto IZA?<\/h2>\t\t\t\t<\/div>\n\t\t\t\t<\/div>\n\t\t\t\t<div class=\"elementor-element elementor-element-d6ea6f8 elementor-widget elementor-widget-text-editor\" data-id=\"d6ea6f8\" data-element_type=\"widget\" data-e-type=\"widget\" data-widget_type=\"text-editor.default\">\n\t\t\t\t<div class=\"elementor-widget-container\">\n\t\t\t\t\t\t\t\t\t<h5>- Efficace contro muffe, batteri e virus<br \/>- Biodegradabile<br \/>- Sicuro per l'uomo, gli animali e l'ambiente<br \/>- Inodore<\/h5>\t\t\t\t\t\t\t\t<\/div>\n\t\t\t\t<\/div>\n\t\t<div class=\"elementor-element elementor-element-a070075 e-con-full e-flex e-con e-child\" data-id=\"a070075\" data-element_type=\"container\" data-e-type=\"container\" data-settings=\"{&quot;jet_parallax_layout_list&quot;:[]}\">\n\t\t<div class=\"elementor-element elementor-element-bc7411e e-con-full e-flex e-con e-child\" data-id=\"bc7411e\" data-element_type=\"container\" data-e-type=\"container\" data-settings=\"{&quot;jet_parallax_layout_list&quot;:[]}\">\n\t\t\t\t<div class=\"elementor-element elementor-element-75184d1 elementor-widget elementor-widget-image\" data-id=\"75184d1\" data-element_type=\"widget\" data-e-type=\"widget\" data-widget_type=\"image.default\">\n\t\t\t\t<div class=\"elementor-widget-container\">\n\t\t\t\t\t\t\t\t\t\t\t\t\t\t\t<img decoding=\"async\" width=\"653\" height=\"1024\" src=\"https:\/\/skyvell.com\/wp-content\/uploads\/2024\/12\/Frame-15-653x1024.jpg\" class=\"attachment-large size-large wp-image-574\" alt=\"\" srcset=\"https:\/\/skyvell.com\/wp-content\/uploads\/2024\/12\/Frame-15-653x1024.jpg 653w, https:\/\/skyvell.com\/wp-content\/uploads\/2024\/12\/Frame-15-191x300.jpg 191w, https:\/\/skyvell.com\/wp-content\/uploads\/2024\/12\/Frame-15.jpg 689w\" sizes=\"(max-width: 653px) 100vw, 653px\" \/>\t\t\t\t\t\t\t\t\t\t\t\t\t\t\t<\/div>\n\t\t\t\t<\/div>\n\t\t\t\t<\/div>\n\t\t<div class=\"elementor-element elementor-element-311b2e9 e-con-full e-flex e-con e-child\" data-id=\"311b2e9\" data-element_type=\"container\" data-e-type=\"container\" data-settings=\"{&quot;jet_parallax_layout_list&quot;:[]}\">\n\t\t\t\t<div class=\"elementor-element elementor-element-4ff5e14 elementor-widget elementor-widget-heading\" data-id=\"4ff5e14\" data-element_type=\"widget\" data-e-type=\"widget\" data-widget_type=\"heading.default\">\n\t\t\t\t<div class=\"elementor-widget-container\">\n\t\t\t\t\t<h2 class=\"elementor-heading-title elementor-size-default\">Problemi di odore?<\/h2>\t\t\t\t<\/div>\n\t\t\t\t<\/div>\n\t\t\t\t<div class=\"elementor-element elementor-element-12ad13c elementor-widget elementor-widget-text-editor\" data-id=\"12ad13c\" data-element_type=\"widget\" data-e-type=\"widget\" data-widget_type=\"text-editor.default\">\n\t\t\t\t<div class=\"elementor-widget-container\">\n\t\t\t\t\t\t\t\t\t<p>Avete problemi di odori intensi dovuti a danni causati dall'acqua, dal fuoco o da un appartamento in disordine?<br \/>Noleggiate l'apparecchio Decon Classic Duo e risolvete il vostro problema di odore in pochissimo tempo!<\/p><p>Contattateci all'indirizzo\u00a0<a href=\"mailto:info@skyvell.com\">info@skyvell.com<\/a>\u00a0e comunicateci il vostro problema di odore, indicando i vostri dati di contatto.<\/p>\t\t\t\t\t\t\t\t<\/div>\n\t\t\t\t<\/div>\n\t\t\t\t<div class=\"elementor-element elementor-element-37d898e elementor-widget elementor-widget-text-editor\" data-id=\"37d898e\" data-element_type=\"widget\" data-e-type=\"widget\" data-widget_type=\"text-editor.default\">\n\t\t\t\t<div class=\"elementor-widget-container\">\n\t\t\t\t\t\t\t\t\t<p>- IZA Effect \u00e8 attualmente disponibile solo nell'UE!<\/p>\t\t\t\t\t\t\t\t<\/div>\n\t\t\t\t<\/div>\n\t\t\t\t<\/div>\n\t\t\t\t<\/div>\n\t\t\t\t<\/div>\n\t\t\t\t<\/div>\n\t\t\t\t\t<\/div>\n\t\t\t\t<\/div>\n\t\t<div class=\"elementor-element elementor-element-17ee1c4e e-flex e-con-boxed e-con e-parent\" data-id=\"17ee1c4e\" data-element_type=\"container\" data-e-type=\"container\" data-settings=\"{&quot;jet_parallax_layout_list&quot;:[]}\">\n\t\t\t\t\t<div class=\"e-con-inner\">\n\t\t<div class=\"elementor-element elementor-element-56025825 e-con-full e-flex e-con e-child\" data-id=\"56025825\" data-element_type=\"container\" data-e-type=\"container\" data-settings=\"{&quot;jet_parallax_layout_list&quot;:[]}\">\n\t\t\t\t<div class=\"elementor-element elementor-element-dc84296 elementor-widget elementor-widget-heading\" data-id=\"dc84296\" data-element_type=\"widget\" data-e-type=\"widget\" data-widget_type=\"heading.default\">\n\t\t\t\t<div class=\"elementor-widget-container\">\n\t\t\t\t\t<h2 class=\"elementor-heading-title elementor-size-default\">Per saperne di pi\u00f9 su IZAeffect<\/h2>\t\t\t\t<\/div>\n\t\t\t\t<\/div>\n\t\t\t\t<\/div>\n\t\t<div class=\"elementor-element elementor-element-7ef31022 e-con-full e-flex e-con e-child\" data-id=\"7ef31022\" data-element_type=\"container\" data-e-type=\"container\" data-settings=\"{&quot;jet_parallax_layout_list&quot;:[]}\">\n\t\t<div class=\"elementor-element elementor-element-716c06e7 e-con-full e-flex e-con e-child\" data-id=\"716c06e7\" data-element_type=\"container\" data-e-type=\"container\" data-settings=\"{&quot;jet_parallax_layout_list&quot;:[]}\">\n\t\t\t\t<div class=\"elementor-element elementor-element-0f5382a elementor-position-top elementor-widget elementor-widget-image-box\" data-id=\"0f5382a\" data-element_type=\"widget\" data-e-type=\"widget\" data-widget_type=\"image-box.default\">\n\t\t\t\t<div class=\"elementor-widget-container\">\n\t\t\t\t\t<div class=\"elementor-image-box-wrapper\"><figure class=\"elementor-image-box-img\"><a href=\"#\" tabindex=\"-1\"><img decoding=\"async\" width=\"302\" height=\"422\" src=\"https:\/\/skyvell.com\/wp-content\/uploads\/2024\/12\/Dedon_3.png\" class=\"attachment-full size-full wp-image-582\" alt=\"\" srcset=\"https:\/\/skyvell.com\/wp-content\/uploads\/2024\/12\/Dedon_3.png 302w, https:\/\/skyvell.com\/wp-content\/uploads\/2024\/12\/Dedon_3-215x300.png 215w\" sizes=\"(max-width: 302px) 100vw, 302px\" \/><\/a><\/figure><div class=\"elementor-image-box-content\"><h3 class=\"elementor-image-box-title\"><a href=\"#\">Opuscolo IZAeffect<\/a><\/h3><p class=\"elementor-image-box-description\">scaricare<\/p><\/div><\/div>\t\t\t\t<\/div>\n\t\t\t\t<\/div>\n\t\t\t\t<\/div>\n\t\t<div class=\"elementor-element elementor-element-0838217 e-con-full e-flex e-con e-child\" data-id=\"0838217\" data-element_type=\"container\" data-e-type=\"container\" data-settings=\"{&quot;jet_parallax_layout_list&quot;:[]}\">\n\t\t\t\t<div class=\"elementor-element elementor-element-0174272 elementor-position-top elementor-widget elementor-widget-image-box\" data-id=\"0174272\" data-element_type=\"widget\" data-e-type=\"widget\" data-widget_type=\"image-box.default\">\n\t\t\t\t<div class=\"elementor-widget-container\">\n\t\t\t\t\t<div class=\"elementor-image-box-wrapper\"><figure class=\"elementor-image-box-img\"><a href=\"#\" tabindex=\"-1\"><img loading=\"lazy\" decoding=\"async\" width=\"302\" height=\"422\" src=\"https:\/\/skyvell.com\/wp-content\/uploads\/2024\/12\/Dedon_2.png\" class=\"attachment-full size-full wp-image-581\" alt=\"\" srcset=\"https:\/\/skyvell.com\/wp-content\/uploads\/2024\/12\/Dedon_2.png 302w, https:\/\/skyvell.com\/wp-content\/uploads\/2024\/12\/Dedon_2-215x300.png 215w\" sizes=\"(max-width: 302px) 100vw, 302px\" \/><\/a><\/figure><div class=\"elementor-image-box-content\"><h3 class=\"elementor-image-box-title\"><a href=\"#\">Scheda tecnica<\/a><\/h3><p class=\"elementor-image-box-description\">scaricare<\/p><\/div><\/div>\t\t\t\t<\/div>\n\t\t\t\t<\/div>\n\t\t\t\t<\/div>\n\t\t<div class=\"elementor-element elementor-element-661f9466 e-con-full e-flex e-con e-child\" data-id=\"661f9466\" data-element_type=\"container\" data-e-type=\"container\" data-settings=\"{&quot;jet_parallax_layout_list&quot;:[]}\">\n\t\t\t\t<\/div>\n\t\t\t\t<\/div>\n\t\t\t\t\t<\/div>\n\t\t\t\t<\/div>\n\t\t\t\t<\/div>","protected":false},"excerpt":{"rendered":"<p>Professionelle Geruchsneutralisation &amp; Desinfektion mit dem Decon Classic Duo System IZAEFFECT Raum &#8211; und Fl\u00e4chendesinfektion SKYVELL Geruchsentfernung IZAEFFECT Zerst\u00f6rung und Verhinderung von Schimmel Mit dem Skyvell-Geruchsentferner Liquid und den DECON-Ger\u00e4ten werden Ihre R\u00e4ume umweltfreundlich und schonend von s\u00e4mtlichen schlechten Ger\u00fcchen befreit, zur\u00fcck bleibt nat\u00fcrlich frische Luft. Wir k\u00f6nnen die Wirksamkeit des Desinfektionsmittels mit DECON-Ger\u00e4ten nachweisen! [&hellip;]<\/p>\n","protected":false},"author":1,"featured_media":0,"parent":0,"menu_order":0,"comment_status":"closed","ping_status":"closed","template":"elementor_header_footer","meta":{"footnotes":""},"class_list":["post-568","page","type-page","status-publish","hentry"],"_links":{"self":[{"href":"https:\/\/skyvell.com\/it\/wp-json\/wp\/v2\/pages\/568","targetHints":{"allow":["GET"]}}],"collection":[{"href":"https:\/\/skyvell.com\/it\/wp-json\/wp\/v2\/pages"}],"about":[{"href":"https:\/\/skyvell.com\/it\/wp-json\/wp\/v2\/types\/page"}],"author":[{"embeddable":true,"href":"https:\/\/skyvell.com\/it\/wp-json\/wp\/v2\/users\/1"}],"replies":[{"embeddable":true,"href":"https:\/\/skyvell.com\/it\/wp-json\/wp\/v2\/comments?post=568"}],"version-history":[{"count":26,"href":"https:\/\/skyvell.com\/it\/wp-json\/wp\/v2\/pages\/568\/revisions"}],"predecessor-version":[{"id":1295,"href":"https:\/\/skyvell.com\/it\/wp-json\/wp\/v2\/pages\/568\/revisions\/1295"}],"wp:attachment":[{"href":"https:\/\/skyvell.com\/it\/wp-json\/wp\/v2\/media?parent=568"}],"curies":[{"name":"wp","href":"https:\/\/api.w.org\/{rel}","templated":true}]}}