{"id":382,"date":"2024-12-09T18:56:34","date_gmt":"2024-12-09T18:56:34","guid":{"rendered":"https:\/\/skyvell.com\/?page_id=382"},"modified":"2025-06-16T11:17:04","modified_gmt":"2025-06-16T11:17:04","slug":"assistenza-geriatrica","status":"publish","type":"page","link":"https:\/\/skyvell.com\/it\/altenpflege\/","title":{"rendered":"Assistenza agli anziani"},"content":{"rendered":"<div data-elementor-type=\"wp-page\" data-elementor-id=\"382\" class=\"elementor elementor-382\" data-elementor-post-type=\"page\">\n\t\t\t\t<div class=\"elementor-element elementor-element-4415dd1f e-flex e-con-boxed e-con e-parent\" data-id=\"4415dd1f\" data-element_type=\"container\" data-e-type=\"container\" data-settings=\"{&quot;jet_parallax_layout_list&quot;:[]}\">\n\t\t\t\t\t<div class=\"e-con-inner\">\n\t\t<div class=\"elementor-element elementor-element-31f35f e-con-full e-flex e-con e-child\" data-id=\"31f35f\" data-element_type=\"container\" data-e-type=\"container\" data-settings=\"{&quot;jet_parallax_layout_list&quot;:[]}\">\n\t\t\t\t<div class=\"elementor-element elementor-element-57907f1c elementor-widget elementor-widget-image\" data-id=\"57907f1c\" data-element_type=\"widget\" data-e-type=\"widget\" data-widget_type=\"image.default\">\n\t\t\t\t<div class=\"elementor-widget-container\">\n\t\t\t\t\t\t\t\t\t\t\t\t\t\t\t<img fetchpriority=\"high\" decoding=\"async\" width=\"800\" height=\"360\" src=\"https:\/\/skyvell.com\/wp-content\/uploads\/2024\/12\/Altenpflege_neu-1024x461.jpg\" class=\"attachment-large size-large wp-image-385\" alt=\"\" srcset=\"https:\/\/skyvell.com\/wp-content\/uploads\/2024\/12\/Altenpflege_neu-1024x461.jpg 1024w, https:\/\/skyvell.com\/wp-content\/uploads\/2024\/12\/Altenpflege_neu-300x135.jpg 300w, https:\/\/skyvell.com\/wp-content\/uploads\/2024\/12\/Altenpflege_neu-768x346.jpg 768w, https:\/\/skyvell.com\/wp-content\/uploads\/2024\/12\/Altenpflege_neu.jpg 1200w\" sizes=\"(max-width: 800px) 100vw, 800px\" \/>\t\t\t\t\t\t\t\t\t\t\t\t\t\t\t<\/div>\n\t\t\t\t<\/div>\n\t\t\t\t<\/div>\n\t\t\t\t\t<\/div>\n\t\t\t\t<\/div>\n\t\t<div class=\"elementor-element elementor-element-0162833 e-flex e-con-boxed e-con e-parent\" data-id=\"0162833\" data-element_type=\"container\" data-e-type=\"container\" data-settings=\"{&quot;jet_parallax_layout_list&quot;:[]}\">\n\t\t\t\t\t<div class=\"e-con-inner\">\n\t\t<div class=\"elementor-element elementor-element-753e2e2 e-con-full e-flex e-con e-child\" data-id=\"753e2e2\" data-element_type=\"container\" data-e-type=\"container\" data-settings=\"{&quot;jet_parallax_layout_list&quot;:[]}\">\n\t\t\t\t<div class=\"elementor-element elementor-element-9e8c87d elementor-widget elementor-widget-heading\" data-id=\"9e8c87d\" data-element_type=\"widget\" data-e-type=\"widget\" data-widget_type=\"heading.default\">\n\t\t\t\t<div class=\"elementor-widget-container\">\n\t\t\t\t\t<h2 class=\"elementor-heading-title elementor-size-default\">Assistenza agli anziani<\/h2>\t\t\t\t<\/div>\n\t\t\t\t<\/div>\n\t\t\t\t<div class=\"elementor-element elementor-element-132b05f elementor-widget elementor-widget-heading\" data-id=\"132b05f\" data-element_type=\"widget\" data-e-type=\"widget\" data-widget_type=\"heading.default\">\n\t\t\t\t<div class=\"elementor-widget-container\">\n\t\t\t\t\t<h2 class=\"elementor-heading-title elementor-size-default\">Dignit\u00e0, orgoglio e benessere, bisogni primari di tutti!<\/h2>\t\t\t\t<\/div>\n\t\t\t\t<\/div>\n\t\t\t\t<div class=\"elementor-element elementor-element-595b51a elementor-widget__width-initial elementor-widget elementor-widget-text-editor\" data-id=\"595b51a\" data-element_type=\"widget\" data-e-type=\"widget\" data-widget_type=\"text-editor.default\">\n\t\t\t\t<div class=\"elementor-widget-container\">\n\t\t\t\t\t\t\t\t\t<p>Gli odori influenzano il nostro benessere pi\u00f9 di quanto ci rendiamo conto. I cattivi odori ci inducono a mantenere le distanze, anche dalle persone. Vogliamo stare dove ci sentiamo a nostro agio. Nel settore sanitario si verificano regolarmente cattivi odori causati da ferite e altri fluidi corporei. Per gli assistenti e il personale addetto alle pulizie di case di cura, ospedali o cliniche di riabilitazione, questa \u00e8 spesso una sfida non facile da superare. Skyvell elimina i cattivi odori in modo efficace, rapido e sicuro. La qualit\u00e0 di vita del paziente migliora e la sua dignit\u00e0 viene preservata.<\/p>\t\t\t\t\t\t\t\t<\/div>\n\t\t\t\t<\/div>\n\t\t\t\t<\/div>\n\t\t\t\t\t<\/div>\n\t\t\t\t<\/div>\n\t\t<div class=\"elementor-element elementor-element-58d8f182 e-flex e-con-boxed e-con e-parent\" data-id=\"58d8f182\" data-element_type=\"container\" data-e-type=\"container\" data-settings=\"{&quot;jet_parallax_layout_list&quot;:[]}\">\n\t\t\t\t\t<div class=\"e-con-inner\">\n\t\t<div class=\"elementor-element elementor-element-217e8ea7 e-con-full e-flex e-con e-child\" data-id=\"217e8ea7\" data-element_type=\"container\" data-e-type=\"container\" data-settings=\"{&quot;jet_parallax_layout_list&quot;:[]}\">\n\t\t<div class=\"elementor-element elementor-element-2bdd5582 e-con-full e-flex e-con e-child\" data-id=\"2bdd5582\" data-element_type=\"container\" data-e-type=\"container\" data-settings=\"{&quot;background_background&quot;:&quot;classic&quot;,&quot;jet_parallax_layout_list&quot;:[]}\">\n\t\t\t\t<div class=\"elementor-element elementor-element-2b1b51e elementor-widget elementor-widget-heading\" data-id=\"2b1b51e\" data-element_type=\"widget\" data-e-type=\"widget\" data-widget_type=\"heading.default\">\n\t\t\t\t<div class=\"elementor-widget-container\">\n\t\t\t\t\t<h2 class=\"elementor-heading-title elementor-size-default\">Problema:\n<\/h2>\t\t\t\t<\/div>\n\t\t\t\t<\/div>\n\t\t\t\t<div class=\"elementor-element elementor-element-44abd0ff elementor-widget elementor-widget-text-editor\" data-id=\"44abd0ff\" data-element_type=\"widget\" data-e-type=\"widget\" data-widget_type=\"text-editor.default\">\n\t\t\t\t<div class=\"elementor-widget-container\">\n\t\t\t\t\t\t\t\t\t<p>Odore costante e ricorrente di escrementi umani e ferite aperte.<\/p>\t\t\t\t\t\t\t\t<\/div>\n\t\t\t\t<\/div>\n\t\t\t\t<\/div>\n\t\t<div class=\"elementor-element elementor-element-5ee59b4f e-con-full e-flex e-con e-child\" data-id=\"5ee59b4f\" data-element_type=\"container\" data-e-type=\"container\" data-settings=\"{&quot;background_background&quot;:&quot;classic&quot;,&quot;jet_parallax_layout_list&quot;:[]}\">\n\t\t\t\t<div class=\"elementor-element elementor-element-4a3b1a25 elementor-widget elementor-widget-heading\" data-id=\"4a3b1a25\" data-element_type=\"widget\" data-e-type=\"widget\" data-widget_type=\"heading.default\">\n\t\t\t\t<div class=\"elementor-widget-container\">\n\t\t\t\t\t<h2 class=\"elementor-heading-title elementor-size-default\">Abbiamo la soluzione:<\/h2>\t\t\t\t<\/div>\n\t\t\t\t<\/div>\n\t\t\t\t<div class=\"elementor-element elementor-element-143977d1 elementor-widget__width-initial elementor-widget elementor-widget-text-editor\" data-id=\"143977d1\" data-element_type=\"widget\" data-e-type=\"widget\" data-widget_type=\"text-editor.default\">\n\t\t\t\t<div class=\"elementor-widget-container\">\n\t\t\t\t\t\t\t\t\t<p>Skyvell elimina efficacemente gli odori a livello molecolare e lascia un odore piacevole, fresco e delicato.<\/p>\t\t\t\t\t\t\t\t<\/div>\n\t\t\t\t<\/div>\n\t\t\t\t<\/div>\n\t\t\t\t<\/div>\n\t\t\t\t\t<\/div>\n\t\t\t\t<\/div>\n\t\t<div class=\"elementor-element elementor-element-77bce505 e-flex e-con-boxed e-con e-parent\" data-id=\"77bce505\" data-element_type=\"container\" data-e-type=\"container\" data-settings=\"{&quot;jet_parallax_layout_list&quot;:[]}\">\n\t\t\t\t\t<div class=\"e-con-inner\">\n\t\t<div class=\"elementor-element elementor-element-31ebfb6d e-con-full e-flex e-con e-child\" data-id=\"31ebfb6d\" data-element_type=\"container\" data-e-type=\"container\" data-settings=\"{&quot;jet_parallax_layout_list&quot;:[]}\">\n\t\t\t\t<div class=\"elementor-element elementor-element-594be31f elementor-widget elementor-widget-heading\" data-id=\"594be31f\" data-element_type=\"widget\" data-e-type=\"widget\" data-widget_type=\"heading.default\">\n\t\t\t\t<div class=\"elementor-widget-container\">\n\t\t\t\t\t<h2 class=\"elementor-heading-title elementor-size-default\">La soluzione per l'incontinenza!<\/h2>\t\t\t\t<\/div>\n\t\t\t\t<\/div>\n\t\t\t\t<div class=\"elementor-element elementor-element-679ab3ef elementor-widget__width-initial elementor-widget elementor-widget-text-editor\" data-id=\"679ab3ef\" data-element_type=\"widget\" data-e-type=\"widget\" data-widget_type=\"text-editor.default\">\n\t\t\t\t<div class=\"elementor-widget-container\">\n\t\t\t\t\t\t\t\t\t<p>Utilizzare il gel Skyvell per gli odori persistenti di incontinenza.<br \/>L'odore acre dell'urina si diffonde rapidamente nella stanza e pu\u00f2 compromettere il benessere dei residenti. Restituiamo alle persone la loro dignit\u00e0, in modo che familiari, amici e giovani nipoti possano tornare a far visita ai nonni senza dover storcere il naso ogni volta. Anche le persone anziane e malate hanno diritto a una migliore qualit\u00e0 di vita.<\/p>\t\t\t\t\t\t\t\t<\/div>\n\t\t\t\t<\/div>\n\t\t\t\t<\/div>\n\t\t\t\t\t<\/div>\n\t\t\t\t<\/div>\n\t\t<div class=\"elementor-element elementor-element-efb8de3 e-flex e-con-boxed e-con e-parent\" data-id=\"efb8de3\" data-element_type=\"container\" data-e-type=\"container\" data-settings=\"{&quot;jet_parallax_layout_list&quot;:[]}\">\n\t\t\t\t\t<div class=\"e-con-inner\">\n\t\t<div class=\"elementor-element elementor-element-bd18af9 e-con-full e-flex e-con e-child\" data-id=\"bd18af9\" data-element_type=\"container\" data-e-type=\"container\" data-settings=\"{&quot;jet_parallax_layout_list&quot;:[]}\">\n\t\t\t\t<div class=\"elementor-element elementor-element-6560de6 elementor-widget elementor-widget-heading\" data-id=\"6560de6\" data-element_type=\"widget\" data-e-type=\"widget\" data-widget_type=\"heading.default\">\n\t\t\t\t<div class=\"elementor-widget-container\">\n\t\t\t\t\t<h2 class=\"elementor-heading-title elementor-size-default\">Il vostro profitto:<\/h2>\t\t\t\t<\/div>\n\t\t\t\t<\/div>\n\t\t\t\t<div class=\"elementor-element elementor-element-f2be485 elementor-widget__width-initial elementor-widget elementor-widget-text-editor\" data-id=\"f2be485\" data-element_type=\"widget\" data-e-type=\"widget\" data-widget_type=\"text-editor.default\">\n\t\t\t\t<div class=\"elementor-widget-container\">\n\t\t\t\t\t\t\t\t\t<p>Un ambiente diventa completamente pulito solo quando i cattivi odori scompaiono. Skyvell contribuisce in modo significativo alla pulizia, eliminando efficacemente i cattivi odori di ogni tipo e garantendo al paziente una sensazione di benessere.<\/p>\t\t\t\t\t\t\t\t<\/div>\n\t\t\t\t<\/div>\n\t\t\t\t<\/div>\n\t\t\t\t\t<\/div>\n\t\t\t\t<\/div>\n\t\t<div class=\"elementor-element elementor-element-432f3da e-flex e-con-boxed e-con e-parent\" data-id=\"432f3da\" data-element_type=\"container\" data-e-type=\"container\" data-settings=\"{&quot;jet_parallax_layout_list&quot;:[]}\">\n\t\t\t\t\t<div class=\"e-con-inner\">\n\t\t<div class=\"elementor-element elementor-element-9d00f65 e-con-full e-flex e-con e-child\" data-id=\"9d00f65\" data-element_type=\"container\" data-e-type=\"container\" data-settings=\"{&quot;jet_parallax_layout_list&quot;:[]}\">\n\t\t\t\t<div class=\"elementor-element elementor-element-b63d271 elementor-position-top elementor-widget elementor-widget-image-box\" data-id=\"b63d271\" data-element_type=\"widget\" data-e-type=\"widget\" data-widget_type=\"image-box.default\">\n\t\t\t\t<div class=\"elementor-widget-container\">\n\t\t\t\t\t<div class=\"elementor-image-box-wrapper\"><figure class=\"elementor-image-box-img\"><a href=\"https:\/\/skyvell.com\/wp-content\/uploads\/2025\/01\/Skyvell_Altenpflege_IT_v5.pdf\" target=\"_blank\" tabindex=\"-1\"><img decoding=\"async\" width=\"300\" height=\"423\" src=\"https:\/\/skyvell.com\/wp-content\/uploads\/2024\/12\/Downlaod_3.jpg\" class=\"attachment-full size-full wp-image-390\" alt=\"\" srcset=\"https:\/\/skyvell.com\/wp-content\/uploads\/2024\/12\/Downlaod_3.jpg 300w, https:\/\/skyvell.com\/wp-content\/uploads\/2024\/12\/Downlaod_3-213x300.jpg 213w\" sizes=\"(max-width: 300px) 100vw, 300px\" \/><\/a><\/figure><div class=\"elementor-image-box-content\"><h3 class=\"elementor-image-box-title\"><a href=\"https:\/\/skyvell.com\/wp-content\/uploads\/2025\/01\/Skyvell_Altenpflege_IT_v5.pdf\" target=\"_blank\">scaricare<\/a><\/h3><p class=\"elementor-image-box-description\">Opuscolo sull'assistenza agli anziani<\/p><\/div><\/div>\t\t\t\t<\/div>\n\t\t\t\t<\/div>\n\t\t\t\t<\/div>\n\t\t<div class=\"elementor-element elementor-element-4f4eb12 e-con-full e-flex e-con e-child\" data-id=\"4f4eb12\" data-element_type=\"container\" data-e-type=\"container\" data-settings=\"{&quot;jet_parallax_layout_list&quot;:[]}\">\n\t\t\t\t<div class=\"elementor-element elementor-element-3c1c8ca elementor-position-top elementor-widget elementor-widget-image-box\" data-id=\"3c1c8ca\" data-element_type=\"widget\" data-e-type=\"widget\" data-widget_type=\"image-box.default\">\n\t\t\t\t<div class=\"elementor-widget-container\">\n\t\t\t\t\t<style>.elementor-element-3c1c8ca{display:none !important}<\/style>\t\t\t\t<\/div>\n\t\t\t\t<\/div>\n\t\t\t\t<\/div>\n\t\t\t\t\t<\/div>\n\t\t\t\t<\/div>\n\t\t\t\t<\/div>","protected":false},"excerpt":{"rendered":"<p>Altenpflege W\u00fcrde, Stolz und Wohlf\u00fchlen, Grundbed\u00fcrfnisse eines Jeden! Ger\u00fcche beeinflussen unser Wohlbefinden mehr als es uns bewusst ist. Schlechte Ger\u00fcche verleiten uns dazu, Abstand zu halten, auch von Menschen. Dort wo wir uns wohlf\u00fchlen, m\u00f6chten wir verweilen. Im Bereich der Gesundheitspflege treten regelm\u00e4\u00dfig schlechte Ger\u00fcche auf, hervorgerufen durch Wunden und anderen K\u00f6rperfl\u00fcssigkeiten. F\u00fcr die Pflegefachkr\u00e4fte [&hellip;]<\/p>\n","protected":false},"author":1,"featured_media":0,"parent":0,"menu_order":0,"comment_status":"closed","ping_status":"closed","template":"elementor_header_footer","meta":{"footnotes":""},"class_list":["post-382","page","type-page","status-publish","hentry"],"_links":{"self":[{"href":"https:\/\/skyvell.com\/it\/wp-json\/wp\/v2\/pages\/382","targetHints":{"allow":["GET"]}}],"collection":[{"href":"https:\/\/skyvell.com\/it\/wp-json\/wp\/v2\/pages"}],"about":[{"href":"https:\/\/skyvell.com\/it\/wp-json\/wp\/v2\/types\/page"}],"author":[{"embeddable":true,"href":"https:\/\/skyvell.com\/it\/wp-json\/wp\/v2\/users\/1"}],"replies":[{"embeddable":true,"href":"https:\/\/skyvell.com\/it\/wp-json\/wp\/v2\/comments?post=382"}],"version-history":[{"count":37,"href":"https:\/\/skyvell.com\/it\/wp-json\/wp\/v2\/pages\/382\/revisions"}],"predecessor-version":[{"id":1294,"href":"https:\/\/skyvell.com\/it\/wp-json\/wp\/v2\/pages\/382\/revisions\/1294"}],"wp:attachment":[{"href":"https:\/\/skyvell.com\/it\/wp-json\/wp\/v2\/media?parent=382"}],"curies":[{"name":"wp","href":"https:\/\/api.w.org\/{rel}","templated":true}]}}