{"id":281,"date":"2024-12-09T11:27:12","date_gmt":"2024-12-09T11:27:12","guid":{"rendered":"https:\/\/skyvell.com\/?page_id=281"},"modified":"2025-03-03T08:27:35","modified_gmt":"2025-03-03T08:27:35","slug":"spruzzo","status":"publish","type":"page","link":"https:\/\/skyvell.com\/it\/spray\/","title":{"rendered":"Spray"},"content":{"rendered":"<div data-elementor-type=\"wp-page\" data-elementor-id=\"281\" class=\"elementor elementor-281\" data-elementor-post-type=\"page\">\n\t\t\t\t<div class=\"elementor-element elementor-element-69808ec4 e-flex e-con-boxed e-con e-parent\" data-id=\"69808ec4\" data-element_type=\"container\" data-e-type=\"container\" data-settings=\"{&quot;jet_parallax_layout_list&quot;:[]}\">\n\t\t\t\t\t<div class=\"e-con-inner\">\n\t\t<div class=\"elementor-element elementor-element-306c4bd8 e-con-full e-flex e-con e-child\" data-id=\"306c4bd8\" data-element_type=\"container\" data-e-type=\"container\" data-settings=\"{&quot;background_background&quot;:&quot;gradient&quot;,&quot;jet_parallax_layout_list&quot;:[]}\">\n\t\t<div class=\"elementor-element elementor-element-2bb01feb e-con-full e-flex e-con e-child\" data-id=\"2bb01feb\" data-element_type=\"container\" data-e-type=\"container\" data-settings=\"{&quot;jet_parallax_layout_list&quot;:[]}\">\n\t\t\t\t<div class=\"elementor-element elementor-element-1be4b95e elementor-widget elementor-widget-heading\" data-id=\"1be4b95e\" data-element_type=\"widget\" data-e-type=\"widget\" data-widget_type=\"heading.default\">\n\t\t\t\t<div class=\"elementor-widget-container\">\n\t\t\t\t\t<h1 class=\"elementor-heading-title elementor-size-default\">Skyvell Spray<\/h1>\t\t\t\t<\/div>\n\t\t\t\t<\/div>\n\t\t\t\t<div class=\"elementor-element elementor-element-54244239 elementor-widget elementor-widget-heading\" data-id=\"54244239\" data-element_type=\"widget\" data-e-type=\"widget\" data-widget_type=\"heading.default\">\n\t\t\t\t<div class=\"elementor-widget-container\">\n\t\t\t\t\t<h2 class=\"elementor-heading-title elementor-size-default\">Neutralizzatore di odori a base di oli essenziali naturali<\/h2>\t\t\t\t<\/div>\n\t\t\t\t<\/div>\n\t\t<div class=\"elementor-element elementor-element-f071780 e-con-full e-flex e-con e-child\" data-id=\"f071780\" data-element_type=\"container\" data-e-type=\"container\" data-settings=\"{&quot;jet_parallax_layout_list&quot;:[]}\">\n\t\t<div class=\"elementor-element elementor-element-eadf098 e-con-full e-flex e-con e-child\" data-id=\"eadf098\" data-element_type=\"container\" data-e-type=\"container\" data-settings=\"{&quot;jet_parallax_layout_list&quot;:[]}\">\n\t\t\t\t<div class=\"elementor-element elementor-element-2d943cc6 elementor-widget elementor-widget-image\" data-id=\"2d943cc6\" data-element_type=\"widget\" data-e-type=\"widget\" data-widget_type=\"image.default\">\n\t\t\t\t<div class=\"elementor-widget-container\">\n\t\t\t\t\t\t\t\t\t\t\t\t\t\t\t<img fetchpriority=\"high\" decoding=\"async\" width=\"800\" height=\"451\" src=\"https:\/\/skyvell.com\/wp-content\/uploads\/2024\/09\/AIRLABEL_SCORE-PRO-COULEUR-A-1024x577.png\" class=\"attachment-large size-large wp-image-38\" alt=\"\" srcset=\"https:\/\/skyvell.com\/wp-content\/uploads\/2024\/09\/AIRLABEL_SCORE-PRO-COULEUR-A-1024x577.png 1024w, https:\/\/skyvell.com\/wp-content\/uploads\/2024\/09\/AIRLABEL_SCORE-PRO-COULEUR-A-300x169.png 300w, https:\/\/skyvell.com\/wp-content\/uploads\/2024\/09\/AIRLABEL_SCORE-PRO-COULEUR-A-768x433.png 768w, https:\/\/skyvell.com\/wp-content\/uploads\/2024\/09\/AIRLABEL_SCORE-PRO-COULEUR-A-1536x865.png 1536w, https:\/\/skyvell.com\/wp-content\/uploads\/2024\/09\/AIRLABEL_SCORE-PRO-COULEUR-A.png 1919w\" sizes=\"(max-width: 800px) 100vw, 800px\" \/>\t\t\t\t\t\t\t\t\t\t\t\t\t\t\t<\/div>\n\t\t\t\t<\/div>\n\t\t\t\t<\/div>\n\t\t<div class=\"elementor-element elementor-element-f38eb43 e-con-full e-flex e-con e-child\" data-id=\"f38eb43\" data-element_type=\"container\" data-e-type=\"container\" data-settings=\"{&quot;jet_parallax_layout_list&quot;:[]}\">\n\t\t\t\t<div class=\"elementor-element elementor-element-25e51736 elementor-widget elementor-widget-text-editor\" data-id=\"25e51736\" data-element_type=\"widget\" data-e-type=\"widget\" data-widget_type=\"text-editor.default\">\n\t\t\t\t<div class=\"elementor-widget-container\">\n\t\t\t\t\t\t\t\t\t<p><span class=\"s1\">Il massimo dei voti per il gel e lo spray Skyvell<span class=\"Apple-converted-space\">,\u00a0<\/span><\/span><span class=\"s1\">Marchio di qualit\u00e0\u00a0<\/span><span class=\"s2\">Air Label Score A+ Professional.\u00a0<\/span><span class=\"s2\">A+\u00a0<\/span><span class=\"s1\">\u00e8 sinonimo di bassissime emissioni nell'aria ambiente. Per saperne di pi\u00f9\u00a0<a href=\"https:\/\/air-label.com\/de\/das-label\/grundlage-dieses-labels\" target=\"_blank\" rel=\"noopener\" data-wplink-edit=\"true\"><span class=\"s3\">qui.<\/span><\/a><\/span><\/p>\t\t\t\t\t\t\t\t<\/div>\n\t\t\t\t<\/div>\n\t\t\t\t<\/div>\n\t\t\t\t<\/div>\n\t\t\t\t<\/div>\n\t\t<div class=\"elementor-element elementor-element-7f97c56a e-con-full e-flex e-con e-child\" data-id=\"7f97c56a\" data-element_type=\"container\" data-e-type=\"container\" data-settings=\"{&quot;jet_parallax_layout_list&quot;:[]}\">\n\t\t\t\t<div class=\"elementor-element elementor-element-470dfc28 elementor-widget elementor-widget-image\" data-id=\"470dfc28\" data-element_type=\"widget\" data-e-type=\"widget\" data-widget_type=\"image.default\">\n\t\t\t\t<div class=\"elementor-widget-container\">\n\t\t\t\t\t\t\t\t\t\t\t\t\t\t\t<img decoding=\"async\" width=\"677\" height=\"1024\" src=\"https:\/\/skyvell.com\/wp-content\/uploads\/2024\/12\/SKYVELL_SPRAY_DF-677x1024.png\" class=\"attachment-large size-large wp-image-284\" alt=\"\" srcset=\"https:\/\/skyvell.com\/wp-content\/uploads\/2024\/12\/SKYVELL_SPRAY_DF-677x1024.png 677w, https:\/\/skyvell.com\/wp-content\/uploads\/2024\/12\/SKYVELL_SPRAY_DF-198x300.png 198w, https:\/\/skyvell.com\/wp-content\/uploads\/2024\/12\/SKYVELL_SPRAY_DF.png 700w\" sizes=\"(max-width: 677px) 100vw, 677px\" \/>\t\t\t\t\t\t\t\t\t\t\t\t\t\t\t<\/div>\n\t\t\t\t<\/div>\n\t\t\t\t<\/div>\n\t\t\t\t<\/div>\n\t\t\t\t\t<\/div>\n\t\t\t\t<\/div>\n\t\t<div class=\"elementor-element elementor-element-558438bb e-flex e-con-boxed e-con e-parent\" data-id=\"558438bb\" data-element_type=\"container\" data-e-type=\"container\" data-settings=\"{&quot;jet_parallax_layout_list&quot;:[]}\">\n\t\t\t\t\t<div class=\"e-con-inner\">\n\t\t<div class=\"elementor-element elementor-element-51bfe518 e-con-full e-flex e-con e-child\" data-id=\"51bfe518\" data-element_type=\"container\" data-e-type=\"container\" data-settings=\"{&quot;jet_parallax_layout_list&quot;:[]}\">\n\t\t<div class=\"elementor-element elementor-element-8ce3c9d e-con-full e-flex e-con e-child\" data-id=\"8ce3c9d\" data-element_type=\"container\" data-e-type=\"container\" data-settings=\"{&quot;jet_parallax_layout_list&quot;:[]}\">\n\t\t\t\t<div class=\"elementor-element elementor-element-4c394ce8 elementor-widget elementor-widget-heading\" data-id=\"4c394ce8\" data-element_type=\"widget\" data-e-type=\"widget\" data-widget_type=\"heading.default\">\n\t\t\t\t<div class=\"elementor-widget-container\">\n\t\t\t\t\t<h2 class=\"elementor-heading-title elementor-size-default\">Skyvell Spray<\/h2>\t\t\t\t<\/div>\n\t\t\t\t<\/div>\n\t\t\t\t<div class=\"elementor-element elementor-element-903ba55 elementor-widget elementor-widget-heading\" data-id=\"903ba55\" data-element_type=\"widget\" data-e-type=\"widget\" data-widget_type=\"heading.default\">\n\t\t\t\t<div class=\"elementor-widget-container\">\n\t\t\t\t\t<h2 class=\"elementor-heading-title elementor-size-default\">Per un'eliminazione immediata e mirata degli odori<\/h2>\t\t\t\t<\/div>\n\t\t\t\t<\/div>\n\t\t\t\t<div class=\"elementor-element elementor-element-19b42c63 elementor-widget elementor-widget-text-editor\" data-id=\"19b42c63\" data-element_type=\"widget\" data-e-type=\"widget\" data-widget_type=\"text-editor.default\">\n\t\t\t\t<div class=\"elementor-widget-container\">\n\t\t\t\t\t\t\t\t\t<p>Spruzzare lo spray Skyvell nell'aria o su tutte le superfici. Si pu\u00f2 usare ovunque si spruzzi acqua. Su mobili, divani, tende, tavoli di trattamento, sedie a rotelle, ecc. lo spray elimina tutti i cattivi odori senza lasciare residui.<\/p><p>Il liquido pu\u00f2 anche essere aggiunto all'acqua degli stracci o ai detergenti, ad esempio per rendere inodori superfici come pavimenti, piastrelle, fughe, banconi, ecc.<\/p><p>Lo spray di Skyvell pu\u00f2 essere utilizzato anche con un atomizzatore per ottenere una diffusione ancora maggiore. Lo spray \u00e8 ideale per eliminare gli odori in spazi chiusi come armadi o automobili.<\/p>\t\t\t\t\t\t\t\t<\/div>\n\t\t\t\t<\/div>\n\t\t\t\t<\/div>\n\t\t\t\t<\/div>\n\t\t\t\t\t<\/div>\n\t\t\t\t<\/div>\n\t\t<div class=\"elementor-element elementor-element-e5dd345 e-flex e-con-boxed e-con e-parent\" data-id=\"e5dd345\" data-element_type=\"container\" data-e-type=\"container\" data-settings=\"{&quot;jet_parallax_layout_list&quot;:[]}\">\n\t\t\t\t\t<div class=\"e-con-inner\">\n\t\t<div class=\"elementor-element elementor-element-dc71765 e-con-full e-flex e-con e-child\" data-id=\"dc71765\" data-element_type=\"container\" data-e-type=\"container\" data-settings=\"{&quot;jet_parallax_layout_list&quot;:[]}\">\n\t\t<div class=\"elementor-element elementor-element-acd9cda e-con-full e-flex e-con e-child\" data-id=\"acd9cda\" data-element_type=\"container\" data-e-type=\"container\" data-settings=\"{&quot;jet_parallax_layout_list&quot;:[]}\">\n\t\t\t\t<div class=\"elementor-element elementor-element-6759eba elementor-widget elementor-widget-heading\" data-id=\"6759eba\" data-element_type=\"widget\" data-e-type=\"widget\" data-widget_type=\"heading.default\">\n\t\t\t\t<div class=\"elementor-widget-container\">\n\t\t\t\t\t<h2 class=\"elementor-heading-title elementor-size-default\">Imballaggio:<\/h2>\t\t\t\t<\/div>\n\t\t\t\t<\/div>\n\t\t\t\t<div class=\"elementor-element elementor-element-f804f16 elementor-icon-list--layout-traditional elementor-list-item-link-full_width elementor-widget elementor-widget-icon-list\" data-id=\"f804f16\" data-element_type=\"widget\" data-e-type=\"widget\" data-widget_type=\"icon-list.default\">\n\t\t\t\t<div class=\"elementor-widget-container\">\n\t\t\t\t\t\t\t<ul class=\"elementor-icon-list-items\">\n\t\t\t\t\t\t\t<li class=\"elementor-icon-list-item\">\n\t\t\t\t\t\t\t\t\t\t<span class=\"elementor-icon-list-text\">100 ml<\/span>\n\t\t\t\t\t\t\t\t\t<\/li>\n\t\t\t\t\t\t\t\t<li class=\"elementor-icon-list-item\">\n\t\t\t\t\t\t\t\t\t\t<span class=\"elementor-icon-list-text\">250ml<\/span>\n\t\t\t\t\t\t\t\t\t<\/li>\n\t\t\t\t\t\t\t\t<li class=\"elementor-icon-list-item\">\n\t\t\t\t\t\t\t\t\t\t<span class=\"elementor-icon-list-text\">1 litro<\/span>\n\t\t\t\t\t\t\t\t\t<\/li>\n\t\t\t\t\t\t\t\t<li class=\"elementor-icon-list-item\">\n\t\t\t\t\t\t\t\t\t\t<span class=\"elementor-icon-list-text\">Tanica di ricarica da 5 litri<\/span>\n\t\t\t\t\t\t\t\t\t<\/li>\n\t\t\t\t\t\t<\/ul>\n\t\t\t\t\t\t<\/div>\n\t\t\t\t<\/div>\n\t\t\t\t<\/div>\n\t\t\t\t<\/div>\n\t\t\t\t\t<\/div>\n\t\t\t\t<\/div>\n\t\t<div class=\"elementor-element elementor-element-b1b04e1 e-flex e-con-boxed e-con e-parent\" data-id=\"b1b04e1\" data-element_type=\"container\" data-e-type=\"container\" data-settings=\"{&quot;jet_parallax_layout_list&quot;:[]}\">\n\t\t\t\t\t<div class=\"e-con-inner\">\n\t\t<div class=\"elementor-element elementor-element-4b758d8 e-con-full e-flex e-con e-child\" data-id=\"4b758d8\" data-element_type=\"container\" data-e-type=\"container\" data-settings=\"{&quot;jet_parallax_layout_list&quot;:[]}\">\n\t\t\t\t<div class=\"elementor-element elementor-element-7f4ec12 elementor-widget elementor-widget-heading\" data-id=\"7f4ec12\" data-element_type=\"widget\" data-e-type=\"widget\" data-widget_type=\"heading.default\">\n\t\t\t\t<div class=\"elementor-widget-container\">\n\t\t\t\t\t<h2 class=\"elementor-heading-title elementor-size-default\">Altri prodotti<\/h2>\t\t\t\t<\/div>\n\t\t\t\t<\/div>\n\t\t\t\t<\/div>\n\t\t<div class=\"elementor-element elementor-element-1731dae e-con-full e-flex e-con e-child\" data-id=\"1731dae\" data-element_type=\"container\" data-e-type=\"container\" data-settings=\"{&quot;jet_parallax_layout_list&quot;:[]}\">\n\t\t<div class=\"elementor-element elementor-element-b2c7b63 e-con-full e-flex e-con e-child\" data-id=\"b2c7b63\" data-element_type=\"container\" data-e-type=\"container\" data-settings=\"{&quot;jet_parallax_layout_list&quot;:[]}\">\n\t\t\t\t<div class=\"elementor-element elementor-element-10a1bd9 elementor-position-top elementor-widget elementor-widget-image-box\" data-id=\"10a1bd9\" data-element_type=\"widget\" data-e-type=\"widget\" data-widget_type=\"image-box.default\">\n\t\t\t\t<div class=\"elementor-widget-container\">\n\t\t\t\t\t<div class=\"elementor-image-box-wrapper\"><figure class=\"elementor-image-box-img\"><a href=\"https:\/\/skyvell.com\/it\/gel\/\" tabindex=\"-1\"><img decoding=\"async\" width=\"700\" height=\"630\" src=\"https:\/\/skyvell.com\/wp-content\/uploads\/2024\/12\/SKYVELL_GEL_refill_DF_tausch_0002_Ebene-1.jpg\" class=\"attachment-full size-full wp-image-289\" alt=\"\" srcset=\"https:\/\/skyvell.com\/wp-content\/uploads\/2024\/12\/SKYVELL_GEL_refill_DF_tausch_0002_Ebene-1.jpg 700w, https:\/\/skyvell.com\/wp-content\/uploads\/2024\/12\/SKYVELL_GEL_refill_DF_tausch_0002_Ebene-1-300x270.jpg 300w\" sizes=\"(max-width: 700px) 100vw, 700px\" \/><\/a><\/figure><div class=\"elementor-image-box-content\"><h3 class=\"elementor-image-box-title\"><a href=\"https:\/\/skyvell.com\/it\/gel\/\">Gel Skyvell<\/a><\/h3><p class=\"elementor-image-box-description\">Risolve i problemi di odore 24 ore su 24<\/p><\/div><\/div>\t\t\t\t<\/div>\n\t\t\t\t<\/div>\n\t\t\t\t<\/div>\n\t\t<div class=\"elementor-element elementor-element-1a880a5 e-con-full e-flex e-con e-child\" data-id=\"1a880a5\" data-element_type=\"container\" data-e-type=\"container\" data-settings=\"{&quot;jet_parallax_layout_list&quot;:[]}\">\n\t\t\t\t<div class=\"elementor-element elementor-element-7e4fded elementor-position-top elementor-widget elementor-widget-image-box\" data-id=\"7e4fded\" data-element_type=\"widget\" data-e-type=\"widget\" data-widget_type=\"image-box.default\">\n\t\t\t\t<div class=\"elementor-widget-container\">\n\t\t\t\t\t<div class=\"elementor-image-box-wrapper\"><figure class=\"elementor-image-box-img\"><a href=\"https:\/\/skyvell.com\/it\/multiuso\/\" tabindex=\"-1\"><img loading=\"lazy\" decoding=\"async\" width=\"700\" height=\"630\" src=\"https:\/\/skyvell.com\/wp-content\/uploads\/2024\/12\/SKYVELL_GEL_refill_DF_tausch_0001_SKYVELL_MU_DF.jpg\" class=\"attachment-full size-full wp-image-288\" alt=\"\" srcset=\"https:\/\/skyvell.com\/wp-content\/uploads\/2024\/12\/SKYVELL_GEL_refill_DF_tausch_0001_SKYVELL_MU_DF.jpg 700w, https:\/\/skyvell.com\/wp-content\/uploads\/2024\/12\/SKYVELL_GEL_refill_DF_tausch_0001_SKYVELL_MU_DF-300x270.jpg 300w\" sizes=\"(max-width: 700px) 100vw, 700px\" \/><\/a><\/figure><div class=\"elementor-image-box-content\"><h3 class=\"elementor-image-box-title\"><a href=\"https:\/\/skyvell.com\/it\/multiuso\/\">Skyvell Multi Use<\/a><\/h3><p class=\"elementor-image-box-description\">Per gli odori ostinati<\/p><\/div><\/div>\t\t\t\t<\/div>\n\t\t\t\t<\/div>\n\t\t\t\t<\/div>\n\t\t\t\t<\/div>\n\t\t\t\t\t<\/div>\n\t\t\t\t<\/div>\n\t\t<div class=\"elementor-element elementor-element-6c809ca8 e-flex e-con-boxed e-con e-parent\" data-id=\"6c809ca8\" data-element_type=\"container\" data-e-type=\"container\" data-settings=\"{&quot;jet_parallax_layout_list&quot;:[]}\">\n\t\t\t\t\t<div class=\"e-con-inner\">\n\t\t<div class=\"elementor-element elementor-element-1f6c7fe6 e-con-full e-flex e-con e-child\" data-id=\"1f6c7fe6\" data-element_type=\"container\" data-e-type=\"container\" data-settings=\"{&quot;jet_parallax_layout_list&quot;:[]}\">\n\t\t\t\t<div class=\"elementor-element elementor-element-35a531b6 elementor-widget elementor-widget-heading\" data-id=\"35a531b6\" data-element_type=\"widget\" data-e-type=\"widget\" data-widget_type=\"heading.default\">\n\t\t\t\t<div class=\"elementor-widget-container\">\n\t\t\t\t\t<h2 class=\"elementor-heading-title elementor-size-default\">Scarica la scheda tecnica<\/h2>\t\t\t\t<\/div>\n\t\t\t\t<\/div>\n\t\t<div class=\"elementor-element elementor-element-5f9c1b8f e-con-full e-flex e-con e-child\" data-id=\"5f9c1b8f\" data-element_type=\"container\" data-e-type=\"container\" data-settings=\"{&quot;jet_parallax_layout_list&quot;:[]}\">\n\t\t<div class=\"elementor-element elementor-element-ce05b42 e-con-full e-flex e-con e-child\" data-id=\"ce05b42\" data-element_type=\"container\" data-e-type=\"container\" data-settings=\"{&quot;jet_parallax_layout_list&quot;:[]}\">\n\t\t\t\t<div class=\"elementor-element elementor-element-31d31155 elementor-widget elementor-widget-image\" data-id=\"31d31155\" data-element_type=\"widget\" data-e-type=\"widget\" data-widget_type=\"image.default\">\n\t\t\t\t<div class=\"elementor-widget-container\">\n\t\t\t\t\t\t\t\t\t\t\t\t\t\t\t\t<a href=\"https:\/\/skyvell.com\/wp-content\/uploads\/2025\/03\/Technisches-Datenblatt_Skyvell-Spray_de.pdf\" target=\"_blank\">\n\t\t\t\t\t\t\t<img loading=\"lazy\" decoding=\"async\" width=\"300\" height=\"423\" src=\"https:\/\/skyvell.com\/wp-content\/uploads\/2025\/01\/T_Datenblatt.png\" class=\"attachment-large size-large wp-image-927\" alt=\"\" srcset=\"https:\/\/skyvell.com\/wp-content\/uploads\/2025\/01\/T_Datenblatt.png 300w, https:\/\/skyvell.com\/wp-content\/uploads\/2025\/01\/T_Datenblatt-213x300.png 213w, https:\/\/skyvell.com\/wp-content\/uploads\/2025\/01\/T_Datenblatt-9x12.png 9w\" sizes=\"(max-width: 300px) 100vw, 300px\" \/>\t\t\t\t\t\t\t\t<\/a>\n\t\t\t\t\t\t\t\t\t\t\t\t\t\t\t<\/div>\n\t\t\t\t<\/div>\n\t\t\t\t<div class=\"elementor-element elementor-element-3410485b elementor-widget elementor-widget-text-editor\" data-id=\"3410485b\" data-element_type=\"widget\" data-e-type=\"widget\" data-widget_type=\"text-editor.default\">\n\t\t\t\t<div class=\"elementor-widget-container\">\n\t\t\t\t\t\t\t\t\t<p>Scheda tecnica<\/p>\t\t\t\t\t\t\t\t<\/div>\n\t\t\t\t<\/div>\n\t\t\t\t<\/div>\n\t\t<div class=\"elementor-element elementor-element-2ec08a8c e-con-full e-flex e-con e-child\" data-id=\"2ec08a8c\" data-element_type=\"container\" data-e-type=\"container\" data-settings=\"{&quot;jet_parallax_layout_list&quot;:[]}\">\n\t\t\t\t<div class=\"elementor-element elementor-element-66ed9d18 elementor-widget elementor-widget-image\" data-id=\"66ed9d18\" data-element_type=\"widget\" data-e-type=\"widget\" data-widget_type=\"image.default\">\n\t\t\t\t<div class=\"elementor-widget-container\">\n\t\t\t\t\t\t\t\t\t\t\t\t\t\t\t\t<a href=\"https:\/\/skyvell.com\/it\/contatto\/\">\n\t\t\t\t\t\t\t<img loading=\"lazy\" decoding=\"async\" width=\"300\" height=\"423\" src=\"https:\/\/skyvell.com\/wp-content\/uploads\/2024\/12\/Skyvell_Datenblatt_3.jpg\" class=\"attachment-large size-large wp-image-329\" alt=\"\" srcset=\"https:\/\/skyvell.com\/wp-content\/uploads\/2024\/12\/Skyvell_Datenblatt_3.jpg 300w, https:\/\/skyvell.com\/wp-content\/uploads\/2024\/12\/Skyvell_Datenblatt_3-213x300.jpg 213w\" sizes=\"(max-width: 300px) 100vw, 300px\" \/>\t\t\t\t\t\t\t\t<\/a>\n\t\t\t\t\t\t\t\t\t\t\t\t\t\t\t<\/div>\n\t\t\t\t<\/div>\n\t\t\t\t<div class=\"elementor-element elementor-element-28c17ffa elementor-widget elementor-widget-text-editor\" data-id=\"28c17ffa\" data-element_type=\"widget\" data-e-type=\"widget\" data-widget_type=\"text-editor.default\">\n\t\t\t\t<div class=\"elementor-widget-container\">\n\t\t\t\t\t\t\t\t\t<p>Contattateci per ricevere l'attuale scheda di sicurezza in conformit\u00e0 con l'articolo 31 della direttiva 1907\/2006\/CE.<\/p>\t\t\t\t\t\t\t\t<\/div>\n\t\t\t\t<\/div>\n\t\t\t\t<\/div>\n\t\t\t\t<\/div>\n\t\t\t\t<\/div>\n\t\t\t\t\t<\/div>\n\t\t\t\t<\/div>\n\t\t\t\t<\/div>","protected":false},"excerpt":{"rendered":"<p>Skyvell Spray Geruchsneutralisator auf Basis nat\u00fcrlicher \u00e4therischer \u00d6le Beste Note f\u00fcr Skyvell Gel und Spray,\u00a0G\u00fctesiegel\u00a0Air Label Score A+ Professional.\u00a0A+\u00a0steht f\u00fcr sehr geringe Emissionen an die Raumluft. Lesen Sie mehr\u00a0hier. Skyvell Spray zur sofortigen und gezielten Geruchsbeseitigung Spr\u00fchen Sie das Skyvell-Spray in die Luft oder auf alle Oberfl\u00e4chen. Sie k\u00f6nnen es \u00fcberall da verwenden, wo Sie [&hellip;]<\/p>\n","protected":false},"author":1,"featured_media":0,"parent":0,"menu_order":0,"comment_status":"closed","ping_status":"closed","template":"","meta":{"footnotes":""},"class_list":["post-281","page","type-page","status-publish","hentry"],"_links":{"self":[{"href":"https:\/\/skyvell.com\/it\/wp-json\/wp\/v2\/pages\/281","targetHints":{"allow":["GET"]}}],"collection":[{"href":"https:\/\/skyvell.com\/it\/wp-json\/wp\/v2\/pages"}],"about":[{"href":"https:\/\/skyvell.com\/it\/wp-json\/wp\/v2\/types\/page"}],"author":[{"embeddable":true,"href":"https:\/\/skyvell.com\/it\/wp-json\/wp\/v2\/users\/1"}],"replies":[{"embeddable":true,"href":"https:\/\/skyvell.com\/it\/wp-json\/wp\/v2\/comments?post=281"}],"version-history":[{"count":49,"href":"https:\/\/skyvell.com\/it\/wp-json\/wp\/v2\/pages\/281\/revisions"}],"predecessor-version":[{"id":1192,"href":"https:\/\/skyvell.com\/it\/wp-json\/wp\/v2\/pages\/281\/revisions\/1192"}],"wp:attachment":[{"href":"https:\/\/skyvell.com\/it\/wp-json\/wp\/v2\/media?parent=281"}],"curies":[{"name":"wp","href":"https:\/\/api.w.org\/{rel}","templated":true}]}}