{"id":189,"date":"2024-12-07T09:15:39","date_gmt":"2024-12-07T09:15:39","guid":{"rendered":"https:\/\/skyvell.com\/?page_id=189"},"modified":"2025-01-02T14:24:27","modified_gmt":"2025-01-02T14:24:27","slug":"azienda","status":"publish","type":"page","link":"https:\/\/skyvell.com\/it\/unternehmen\/","title":{"rendered":"L'azienda"},"content":{"rendered":"<div data-elementor-type=\"wp-page\" data-elementor-id=\"189\" class=\"elementor elementor-189\" data-elementor-post-type=\"page\">\n\t\t\t\t<div class=\"elementor-element elementor-element-126af103 e-flex e-con-boxed e-con e-parent\" data-id=\"126af103\" data-element_type=\"container\" data-e-type=\"container\" data-settings=\"{&quot;jet_parallax_layout_list&quot;:[]}\">\n\t\t\t\t\t<div class=\"e-con-inner\">\n\t\t<div class=\"elementor-element elementor-element-7318ab75 e-con-full e-flex e-con e-child\" data-id=\"7318ab75\" data-element_type=\"container\" data-e-type=\"container\" data-settings=\"{&quot;jet_parallax_layout_list&quot;:[]}\">\n\t\t\t\t<div class=\"elementor-element elementor-element-d8b50bd elementor-widget elementor-widget-image\" data-id=\"d8b50bd\" data-element_type=\"widget\" data-e-type=\"widget\" data-widget_type=\"image.default\">\n\t\t\t\t<div class=\"elementor-widget-container\">\n\t\t\t\t\t\t\t\t\t\t\t\t\t\t\t<img fetchpriority=\"high\" decoding=\"async\" width=\"800\" height=\"360\" src=\"https:\/\/skyvell.com\/wp-content\/uploads\/2025\/01\/Skyvell_inter-1024x461.png\" class=\"attachment-large size-large wp-image-805\" alt=\"\" srcset=\"https:\/\/skyvell.com\/wp-content\/uploads\/2025\/01\/Skyvell_inter-1024x461.png 1024w, https:\/\/skyvell.com\/wp-content\/uploads\/2025\/01\/Skyvell_inter-300x135.png 300w, https:\/\/skyvell.com\/wp-content\/uploads\/2025\/01\/Skyvell_inter-768x346.png 768w, https:\/\/skyvell.com\/wp-content\/uploads\/2025\/01\/Skyvell_inter.png 1200w\" sizes=\"(max-width: 800px) 100vw, 800px\" \/>\t\t\t\t\t\t\t\t\t\t\t\t\t\t\t<\/div>\n\t\t\t\t<\/div>\n\t\t\t\t<\/div>\n\t\t\t\t\t<\/div>\n\t\t\t\t<\/div>\n\t\t<div class=\"elementor-element elementor-element-196d8a1a e-flex e-con-boxed e-con e-parent\" data-id=\"196d8a1a\" data-element_type=\"container\" data-e-type=\"container\" data-settings=\"{&quot;jet_parallax_layout_list&quot;:[]}\">\n\t\t\t\t\t<div class=\"e-con-inner\">\n\t\t<div class=\"elementor-element elementor-element-7efcc0cc e-con-full e-flex e-con e-child\" data-id=\"7efcc0cc\" data-element_type=\"container\" data-e-type=\"container\" data-settings=\"{&quot;jet_parallax_layout_list&quot;:[]}\">\n\t\t\t\t<div class=\"elementor-element elementor-element-2535440d elementor-widget elementor-widget-heading\" data-id=\"2535440d\" data-element_type=\"widget\" data-e-type=\"widget\" data-widget_type=\"heading.default\">\n\t\t\t\t<div class=\"elementor-widget-container\">\n\t\t\t\t\t<h2 class=\"elementor-heading-title elementor-size-default\">Skyvell - l'azienda<\/h2>\t\t\t\t<\/div>\n\t\t\t\t<\/div>\n\t\t\t\t<div class=\"elementor-element elementor-element-27507197 elementor-widget elementor-widget-heading\" data-id=\"27507197\" data-element_type=\"widget\" data-e-type=\"widget\" data-widget_type=\"heading.default\">\n\t\t\t\t<div class=\"elementor-widget-container\">\n\t\t\t\t\t<h2 class=\"elementor-heading-title elementor-size-default\">Innovativo - A lungo termine - Flessibile<\/h2>\t\t\t\t<\/div>\n\t\t\t\t<\/div>\n\t\t\t\t<\/div>\n\t\t\t\t\t<\/div>\n\t\t\t\t<\/div>\n\t\t<div class=\"elementor-element elementor-element-7f6e86d e-flex e-con-boxed e-con e-parent\" data-id=\"7f6e86d\" data-element_type=\"container\" data-e-type=\"container\" data-settings=\"{&quot;jet_parallax_layout_list&quot;:[]}\">\n\t\t\t\t\t<div class=\"e-con-inner\">\n\t\t<div class=\"elementor-element elementor-element-6b15139 e-con-full e-flex e-con e-child\" data-id=\"6b15139\" data-element_type=\"container\" data-e-type=\"container\" data-settings=\"{&quot;background_background&quot;:&quot;classic&quot;,&quot;jet_parallax_layout_list&quot;:[]}\">\n\t\t\t\t<div class=\"elementor-element elementor-element-1e3ff027 elementor-widget elementor-widget-heading\" data-id=\"1e3ff027\" data-element_type=\"widget\" data-e-type=\"widget\" data-widget_type=\"heading.default\">\n\t\t\t\t<div class=\"elementor-widget-container\">\n\t\t\t\t\t<h2 class=\"elementor-heading-title elementor-size-default\">L'azienda<\/h2>\t\t\t\t<\/div>\n\t\t\t\t<\/div>\n\t\t\t\t<div class=\"elementor-element elementor-element-ee9473f elementor-widget elementor-widget-text-editor\" data-id=\"ee9473f\" data-element_type=\"widget\" data-e-type=\"widget\" data-widget_type=\"text-editor.default\">\n\t\t\t\t<div class=\"elementor-widget-container\">\n\t\t\t\t\t\t\t\t\t<p>Skyvell AG \u00e8 una societ\u00e0 100% a conduzione familiare. L'azienda \u00e8 ora alla terza generazione.<br \/>L'azienda a conduzione familiare si concentra su prodotti innovativi e relazioni a lungo termine e si sforza di utilizzare la propria indipendenza e flessibilit\u00e0 per creare prodotti sostenibili ed ecologici con elevati vantaggi per i clienti.<\/p>\t\t\t\t\t\t\t\t<\/div>\n\t\t\t\t<\/div>\n\t\t\t\t<\/div>\n\t\t<div class=\"elementor-element elementor-element-b577d54 e-con-full e-flex e-con e-child\" data-id=\"b577d54\" data-element_type=\"container\" data-e-type=\"container\" data-settings=\"{&quot;background_background&quot;:&quot;classic&quot;,&quot;jet_parallax_layout_list&quot;:[]}\">\n\t\t\t\t<div class=\"elementor-element elementor-element-7450c1e elementor-widget elementor-widget-heading\" data-id=\"7450c1e\" data-element_type=\"widget\" data-e-type=\"widget\" data-widget_type=\"heading.default\">\n\t\t\t\t<div class=\"elementor-widget-container\">\n\t\t\t\t\t<h2 class=\"elementor-heading-title elementor-size-default\">Missione<\/h2>\t\t\t\t<\/div>\n\t\t\t\t<\/div>\n\t\t\t\t<div class=\"elementor-element elementor-element-6805ea2 elementor-widget elementor-widget-text-editor\" data-id=\"6805ea2\" data-element_type=\"widget\" data-e-type=\"widget\" data-widget_type=\"text-editor.default\">\n\t\t\t\t<div class=\"elementor-widget-container\">\n\t\t\t\t\t\t\t\t\t<p>La missione di Skyvell \u00e8 quella di collaborare con i nostri clienti e fornitori per contribuire ad aumentare la produttivit\u00e0, ridurre i costi e minimizzare i rischi, fornendo loro le soluzioni migliori, pi\u00f9 innovative e sostenibili.<\/p>\t\t\t\t\t\t\t\t<\/div>\n\t\t\t\t<\/div>\n\t\t\t\t<\/div>\n\t\t\t\t\t<\/div>\n\t\t\t\t<\/div>\n\t\t<div class=\"elementor-element elementor-element-c79a963 e-flex e-con-boxed e-con e-parent\" data-id=\"c79a963\" data-element_type=\"container\" data-e-type=\"container\" data-settings=\"{&quot;jet_parallax_layout_list&quot;:[]}\">\n\t\t\t\t\t<div class=\"e-con-inner\">\n\t\t<div class=\"elementor-element elementor-element-df7d7c0 e-con-full e-flex e-con e-child\" data-id=\"df7d7c0\" data-element_type=\"container\" data-e-type=\"container\" data-settings=\"{&quot;background_background&quot;:&quot;classic&quot;,&quot;jet_parallax_layout_list&quot;:[]}\">\n\t\t\t\t<div class=\"elementor-element elementor-element-c70e97b elementor-widget elementor-widget-heading\" data-id=\"c70e97b\" data-element_type=\"widget\" data-e-type=\"widget\" data-widget_type=\"heading.default\">\n\t\t\t\t<div class=\"elementor-widget-container\">\n\t\t\t\t\t<h2 class=\"elementor-heading-title elementor-size-default\">Concentrarsi sulle esigenze del mercato<\/h2>\t\t\t\t<\/div>\n\t\t\t\t<\/div>\n\t\t\t\t<div class=\"elementor-element elementor-element-620d0ef elementor-widget elementor-widget-text-editor\" data-id=\"620d0ef\" data-element_type=\"widget\" data-e-type=\"widget\" data-widget_type=\"text-editor.default\">\n\t\t\t\t<div class=\"elementor-widget-container\">\n\t\t\t\t\t\t\t\t\t<p>Vogliamo essere orientati al cliente, innovativi e indipendenti.<br \/>Vogliamo agire in modo flessibile, aperto, responsabile e rispettoso nell'interesse del proprietario.<br \/>Vogliamo essere umani e prendere in considerazione le esigenze individuali.<\/p>\t\t\t\t\t\t\t\t<\/div>\n\t\t\t\t<\/div>\n\t\t\t\t<\/div>\n\t\t<div class=\"elementor-element elementor-element-ab3ec61 e-con-full e-flex e-con e-child\" data-id=\"ab3ec61\" data-element_type=\"container\" data-e-type=\"container\" data-settings=\"{&quot;background_background&quot;:&quot;classic&quot;,&quot;jet_parallax_layout_list&quot;:[]}\">\n\t\t\t\t<div class=\"elementor-element elementor-element-b67d46f elementor-widget elementor-widget-heading\" data-id=\"b67d46f\" data-element_type=\"widget\" data-e-type=\"widget\" data-widget_type=\"heading.default\">\n\t\t\t\t<div class=\"elementor-widget-container\">\n\t\t\t\t\t<h2 class=\"elementor-heading-title elementor-size-default\">Partnership<\/h2>\t\t\t\t<\/div>\n\t\t\t\t<\/div>\n\t\t\t\t<div class=\"elementor-element elementor-element-27989a7 elementor-widget elementor-widget-text-editor\" data-id=\"27989a7\" data-element_type=\"widget\" data-e-type=\"widget\" data-widget_type=\"text-editor.default\">\n\t\t\t\t<div class=\"elementor-widget-container\">\n\t\t\t\t\t\t\t\t\t<p>Decenni di esperienza!<br \/>Inizialmente operante nel settore della cellulosa e della carta, il gruppo si \u00e8 sviluppato nel settore dell'utilizzo di prodotti chimici per l'ottimizzazione ambientale della produzione della carta e del trattamento delle acque reflue urbane. Queste attivit\u00e0 hanno dato origine ai primi requisiti per la neutralizzazione degli odori.<\/p><p>L'azienda si occupa quindi da decenni del tema degli odori: PREVENZIONE - MISURAZIONE - NEUTRALIZZAZIONE. Questi risultati del settore industriale sono la pietra miliare dei prodotti Skyvell e del nostro futuro.<\/p>\t\t\t\t\t\t\t\t<\/div>\n\t\t\t\t<\/div>\n\t\t\t\t<\/div>\n\t\t\t\t\t<\/div>\n\t\t\t\t<\/div>\n\t\t<div class=\"elementor-element elementor-element-445fce6 e-flex e-con-boxed e-con e-parent\" data-id=\"445fce6\" data-element_type=\"container\" data-e-type=\"container\" data-settings=\"{&quot;jet_parallax_layout_list&quot;:[]}\">\n\t\t\t\t\t<div class=\"e-con-inner\">\n\t\t<div class=\"elementor-element elementor-element-d21ffd8 e-con-full e-flex e-con e-child\" data-id=\"d21ffd8\" data-element_type=\"container\" data-e-type=\"container\" data-settings=\"{&quot;background_background&quot;:&quot;classic&quot;,&quot;jet_parallax_layout_list&quot;:[]}\">\n\t\t\t\t<div class=\"elementor-element elementor-element-c97aaeb elementor-widget elementor-widget-heading\" data-id=\"c97aaeb\" data-element_type=\"widget\" data-e-type=\"widget\" data-widget_type=\"heading.default\">\n\t\t\t\t<div class=\"elementor-widget-container\">\n\t\t\t\t\t<h2 class=\"elementor-heading-title elementor-size-default\">Valori<\/h2>\t\t\t\t<\/div>\n\t\t\t\t<\/div>\n\t\t\t\t<div class=\"elementor-element elementor-element-e2fdedf elementor-widget elementor-widget-text-editor\" data-id=\"e2fdedf\" data-element_type=\"widget\" data-e-type=\"widget\" data-widget_type=\"text-editor.default\">\n\t\t\t\t<div class=\"elementor-widget-container\">\n\t\t\t\t\t\t\t\t\t<p>I nostri valori, principi e principi per realizzare il nostro impegno.<\/p>\t\t\t\t\t\t\t\t<\/div>\n\t\t\t\t<\/div>\n\t\t\t\t<\/div>\n\t\t\t\t\t<\/div>\n\t\t\t\t<\/div>\n\t\t<div class=\"elementor-element elementor-element-b3c7982 e-flex e-con-boxed e-con e-parent\" data-id=\"b3c7982\" data-element_type=\"container\" data-e-type=\"container\" data-settings=\"{&quot;jet_parallax_layout_list&quot;:[]}\">\n\t\t\t\t\t<div class=\"e-con-inner\">\n\t\t<div class=\"elementor-element elementor-element-f064dab e-con-full e-flex e-con e-child\" data-id=\"f064dab\" data-element_type=\"container\" data-e-type=\"container\" data-settings=\"{&quot;background_background&quot;:&quot;classic&quot;,&quot;jet_parallax_layout_list&quot;:[]}\">\n\t\t\t\t<div class=\"elementor-element elementor-element-02fdd08 elementor-widget elementor-widget-heading\" data-id=\"02fdd08\" data-element_type=\"widget\" data-e-type=\"widget\" data-widget_type=\"heading.default\">\n\t\t\t\t<div class=\"elementor-widget-container\">\n\t\t\t\t\t<h2 class=\"elementor-heading-title elementor-size-default\">Visione<\/h2>\t\t\t\t<\/div>\n\t\t\t\t<\/div>\n\t\t\t\t<div class=\"elementor-element elementor-element-95bc9ac elementor-widget elementor-widget-text-editor\" data-id=\"95bc9ac\" data-element_type=\"widget\" data-e-type=\"widget\" data-widget_type=\"text-editor.default\">\n\t\t\t\t<div class=\"elementor-widget-container\">\n\t\t\t\t\t\t\t\t\t<p>La visione di Skyvell \u00e8 quella di creare benessere con la forza della natura.<\/p><p>- TEAM: offrire un ambiente di lavoro in cui le persone siano ispirate e orgogliose di se stesse e dei loro risultati.<br \/>- PARTNER: gestire una rete di successo dai clienti ai fornitori per creare valore a lungo termine e duraturo<br \/>- PRODUTTIVIT\u00c0: essere un'organizzazione altamente efficace, snella e agile.<br \/>- SOSTENIBILIT\u00c0: essere un'organizzazione sostenibile che crea valore a lungo termine<br \/>- AMBIENTE: essere un'organizzazione responsabile che contribuisce a creare e promuovere habitat sostenibili.<\/p>\t\t\t\t\t\t\t\t<\/div>\n\t\t\t\t<\/div>\n\t\t\t\t<\/div>\n\t\t\t\t\t<\/div>\n\t\t\t\t<\/div>\n\t\t\t\t<\/div>","protected":false},"excerpt":{"rendered":"<p>Skyvell &#8211; das Unternehmen Innovativ \u2013 Langfristig \u2013 Flexibel Unternehmen Die Skyvell AG ist in 100% Familienbesitz. Die Unternehmung wird bereits in der 3. Generation gef\u00fchrt.Das Familienunternehmen ist auf innovative Produkte und langfristige Beziehungen fokussiert und bestrebt, die vorhandene Unabh\u00e4ngigkeit und Flexibilit\u00e4t f\u00fcr nachhaltige und umweltfreundliche Produkte mit hohem Kundennutzen einzusetzen. Mission Die Skyvell-Mission ist, [&hellip;]<\/p>\n","protected":false},"author":1,"featured_media":0,"parent":0,"menu_order":0,"comment_status":"closed","ping_status":"closed","template":"elementor_header_footer","meta":{"footnotes":""},"class_list":["post-189","page","type-page","status-publish","hentry"],"_links":{"self":[{"href":"https:\/\/skyvell.com\/it\/wp-json\/wp\/v2\/pages\/189","targetHints":{"allow":["GET"]}}],"collection":[{"href":"https:\/\/skyvell.com\/it\/wp-json\/wp\/v2\/pages"}],"about":[{"href":"https:\/\/skyvell.com\/it\/wp-json\/wp\/v2\/types\/page"}],"author":[{"embeddable":true,"href":"https:\/\/skyvell.com\/it\/wp-json\/wp\/v2\/users\/1"}],"replies":[{"embeddable":true,"href":"https:\/\/skyvell.com\/it\/wp-json\/wp\/v2\/comments?post=189"}],"version-history":[{"count":11,"href":"https:\/\/skyvell.com\/it\/wp-json\/wp\/v2\/pages\/189\/revisions"}],"predecessor-version":[{"id":1301,"href":"https:\/\/skyvell.com\/it\/wp-json\/wp\/v2\/pages\/189\/revisions\/1301"}],"wp:attachment":[{"href":"https:\/\/skyvell.com\/it\/wp-json\/wp\/v2\/media?parent=189"}],"curies":[{"name":"wp","href":"https:\/\/api.w.org\/{rel}","templated":true}]}}