{"id":756,"date":"2025-01-02T13:44:49","date_gmt":"2025-01-02T13:44:49","guid":{"rendered":"https:\/\/skyvell.com\/?page_id=756"},"modified":"2025-01-02T13:51:02","modified_gmt":"2025-01-02T13:51:02","slug":"mentions-legales","status":"publish","type":"page","link":"https:\/\/skyvell.com\/fr\/impressum\/","title":{"rendered":"Mentions l\u00e9gales"},"content":{"rendered":"<div data-elementor-type=\"wp-page\" data-elementor-id=\"756\" class=\"elementor elementor-756\" data-elementor-post-type=\"page\">\n\t\t\t\t<div class=\"elementor-element elementor-element-c772193 e-flex e-con-boxed e-con e-parent\" data-id=\"c772193\" data-element_type=\"container\" data-e-type=\"container\" data-settings=\"{&quot;jet_parallax_layout_list&quot;:[]}\">\n\t\t\t\t\t<div class=\"e-con-inner\">\n\t\t\t\t<div class=\"elementor-element elementor-element-4c08b58 elementor-widget elementor-widget-text-editor\" data-id=\"4c08b58\" data-element_type=\"widget\" data-e-type=\"widget\" data-widget_type=\"text-editor.default\">\n\t\t\t\t<div class=\"elementor-widget-container\">\n\t\t\t\t\t\t\t\t\t<h1>Mentions l\u00e9gales<\/h1><p>Skyvell AG <br \/>7, rue Neubad <br \/>CH-4054 B\u00e2le<\/p><p>T +41 61 282 82 90 <br \/>info@skyvell.com<\/p><p>Tribunal de commerce : B\u00e2le <br \/>FN : CH-207.3.003.047-8 <br \/>UID : CHE-103.942.933<\/p><h5>Tous droits r\u00e9serv\u00e9s.<\/h5><p>Les textes, images, graphiques, fichiers, etc. utilis\u00e9s sur le site Skyvell.com sont soumis au droit d'auteur et aux autres lois sur la protection de la propri\u00e9t\u00e9 intellectuelle. Leur transmission, modification, utilisation commerciale ou utilisation sur d'autres sites ou m\u00e9dias n'est donc autoris\u00e9e qu'avec l'accord \u00e9crit expr\u00e8s du d\u00e9tenteur des droits d'auteur.<\/p><h5>Liens<\/h5><p>Ce site web contient des liens vers d'autres sites web. L'ACAT n'a aucun contr\u00f4le sur le respect des r\u00e8gles relatives aux droits d'auteur et \u00e0 la protection des donn\u00e9es par les exploitants de ces sites web ainsi que sur leur contenu. C'est pourquoi l'ACAT ne peut assumer aucune responsabilit\u00e9, quelle qu'elle soit, pour les contenus qui y sont propos\u00e9s.<\/p><h5>Ordonnance sur les emballages<\/h5><p>La soci\u00e9t\u00e9 Skyvell AG d\u00e9charge les emballages de transport sous le num\u00e9ro d'enregistrement : 216575, aupr\u00e8s de la soci\u00e9t\u00e9 Interzero Circular Solutions Germany GmbH et les emballages pour le consommateur final sous le num\u00e9ro d'enregistrement : DE 2699652685421 aupr\u00e8s de la soci\u00e9t\u00e9 Lizenzero ( Interseroh+ GmbH).<\/p><h5>Mise en \u0153uvre :<br \/><br \/><a href=\"http:\/\/www.palmadesign.at\/\" target=\"_blank\" rel=\"noopener\">http:\/\/www.palmadesign.at<\/a><\/h5>\t\t\t\t\t\t\t\t<\/div>\n\t\t\t\t<\/div>\n\t\t\t\t\t<\/div>\n\t\t\t\t<\/div>\n\t\t\t\t<\/div>","protected":false},"excerpt":{"rendered":"<p>Impressum Skyvell AG Neubadstrasse 7 CH-4054 Basel T +41 61 282 82 90 info@skyvell.com Handelsgericht: Basel FN: CH-207.3.003.047-8 UID: CHE-103.942.933 Alle Rechte vorbehalten. Die auf der Website Skyvell.com verwendeten Texte, Bilder, Grafiken, Dateien usw. unterliegen dem Urheberrecht und anderen Gesetzen zum Schutze geistigen Eigentums. Ihre Weitergabe, Ver\u00e4nderung, gewerbliche Nutzung oder Verwendung in anderen Websites oder [&hellip;]<\/p>\n","protected":false},"author":1,"featured_media":0,"parent":0,"menu_order":0,"comment_status":"closed","ping_status":"closed","template":"","meta":{"footnotes":""},"class_list":["post-756","page","type-page","status-publish","hentry"],"_links":{"self":[{"href":"https:\/\/skyvell.com\/fr\/wp-json\/wp\/v2\/pages\/756","targetHints":{"allow":["GET"]}}],"collection":[{"href":"https:\/\/skyvell.com\/fr\/wp-json\/wp\/v2\/pages"}],"about":[{"href":"https:\/\/skyvell.com\/fr\/wp-json\/wp\/v2\/types\/page"}],"author":[{"embeddable":true,"href":"https:\/\/skyvell.com\/fr\/wp-json\/wp\/v2\/users\/1"}],"replies":[{"embeddable":true,"href":"https:\/\/skyvell.com\/fr\/wp-json\/wp\/v2\/comments?post=756"}],"version-history":[{"count":7,"href":"https:\/\/skyvell.com\/fr\/wp-json\/wp\/v2\/pages\/756\/revisions"}],"predecessor-version":[{"id":771,"href":"https:\/\/skyvell.com\/fr\/wp-json\/wp\/v2\/pages\/756\/revisions\/771"}],"wp:attachment":[{"href":"https:\/\/skyvell.com\/fr\/wp-json\/wp\/v2\/media?parent=756"}],"curies":[{"name":"wp","href":"https:\/\/api.w.org\/{rel}","templated":true}]}}