{"id":732,"date":"2025-01-02T13:13:26","date_gmt":"2025-01-02T13:13:26","guid":{"rendered":"https:\/\/skyvell.com\/?page_id=732"},"modified":"2025-03-03T08:40:14","modified_gmt":"2025-03-03T08:40:14","slug":"produit","status":"publish","type":"page","link":"https:\/\/skyvell.com\/fr\/produkt\/","title":{"rendered":"Produit"},"content":{"rendered":"<div data-elementor-type=\"wp-page\" data-elementor-id=\"732\" class=\"elementor elementor-732\" data-elementor-post-type=\"page\">\n\t\t\t\t<div class=\"elementor-element elementor-element-29d2c8e4 e-flex e-con-boxed e-con e-parent\" data-id=\"29d2c8e4\" data-element_type=\"container\" data-e-type=\"container\" data-settings=\"{&quot;jet_parallax_layout_list&quot;:[]}\">\n\t\t\t\t\t<div class=\"e-con-inner\">\n\t\t<div class=\"elementor-element elementor-element-763afd7b e-con-full e-flex e-con e-child\" data-id=\"763afd7b\" data-element_type=\"container\" data-e-type=\"container\" data-settings=\"{&quot;jet_parallax_layout_list&quot;:[]}\">\n\t\t\t\t<div class=\"elementor-element elementor-element-e22c50d elementor-widget elementor-widget-image\" data-id=\"e22c50d\" data-element_type=\"widget\" data-e-type=\"widget\" data-widget_type=\"image.default\">\n\t\t\t\t<div class=\"elementor-widget-container\">\n\t\t\t\t\t\t\t\t\t\t\t\t\t\t\t<img fetchpriority=\"high\" decoding=\"async\" width=\"800\" height=\"360\" src=\"https:\/\/skyvell.com\/wp-content\/uploads\/2025\/01\/lewenzahn_2-1024x461.jpg\" class=\"attachment-large size-large wp-image-1040\" alt=\"\" srcset=\"https:\/\/skyvell.com\/wp-content\/uploads\/2025\/01\/lewenzahn_2-1024x461.jpg 1024w, https:\/\/skyvell.com\/wp-content\/uploads\/2025\/01\/lewenzahn_2-300x135.jpg 300w, https:\/\/skyvell.com\/wp-content\/uploads\/2025\/01\/lewenzahn_2-768x346.jpg 768w, https:\/\/skyvell.com\/wp-content\/uploads\/2025\/01\/lewenzahn_2-18x8.jpg 18w, https:\/\/skyvell.com\/wp-content\/uploads\/2025\/01\/lewenzahn_2.jpg 1200w\" sizes=\"(max-width: 800px) 100vw, 800px\" \/>\t\t\t\t\t\t\t\t\t\t\t\t\t\t\t<\/div>\n\t\t\t\t<\/div>\n\t\t\t\t<\/div>\n\t\t\t\t\t<\/div>\n\t\t\t\t<\/div>\n\t\t<div class=\"elementor-element elementor-element-2821738b e-flex e-con-boxed e-con e-parent\" data-id=\"2821738b\" data-element_type=\"container\" data-e-type=\"container\" data-settings=\"{&quot;jet_parallax_layout_list&quot;:[]}\">\n\t\t\t\t\t<div class=\"e-con-inner\">\n\t\t<div class=\"elementor-element elementor-element-68b6baf6 e-con-full e-flex e-con e-child\" data-id=\"68b6baf6\" data-element_type=\"container\" data-e-type=\"container\" data-settings=\"{&quot;jet_parallax_layout_list&quot;:[]}\">\n\t\t<div class=\"elementor-element elementor-element-5b5cc09 e-con-full e-flex e-con e-child\" data-id=\"5b5cc09\" data-element_type=\"container\" data-e-type=\"container\" data-settings=\"{&quot;jet_parallax_layout_list&quot;:[]}\">\n\t\t\t\t<div class=\"elementor-element elementor-element-45fe2395 elementor-widget elementor-widget-heading\" data-id=\"45fe2395\" data-element_type=\"widget\" data-e-type=\"widget\" data-widget_type=\"heading.default\">\n\t\t\t\t<div class=\"elementor-widget-container\">\n\t\t\t\t\t<h1 class=\"elementor-heading-title elementor-size-default\">Skyvell<\/h1>\t\t\t\t<\/div>\n\t\t\t\t<\/div>\n\t\t\t\t<div class=\"elementor-element elementor-element-5bf248a1 elementor-widget elementor-widget-heading\" data-id=\"5bf248a1\" data-element_type=\"widget\" data-e-type=\"widget\" data-widget_type=\"heading.default\">\n\t\t\t\t<div class=\"elementor-widget-container\">\n\t\t\t\t\t<h2 class=\"elementor-heading-title elementor-size-default\">neutraliseur d'odeurs \u00e0 base d'huiles essentielles naturelles<\/h2>\t\t\t\t<\/div>\n\t\t\t\t<\/div>\n\t\t\t\t<div class=\"elementor-element elementor-element-36808c5f elementor-widget elementor-widget-text-editor\" data-id=\"36808c5f\" data-element_type=\"widget\" data-e-type=\"widget\" data-widget_type=\"text-editor.default\">\n\t\t\t\t<div class=\"elementor-widget-container\">\n\t\t\t\t\t\t\t\t\t<p>Skyvell est un d\u00e9sodorisant tr\u00e8s efficace, \u00e0 base d'huiles essentielles v\u00e9g\u00e9tales (citron vert, pin, c\u00e8dre, anis, clou de girofle) et d'eau alpine pure d'Autriche.<\/p><h4>Une solution pour chaque odeur probl\u00e9matique :<\/h4><p>- <a href=\"https:\/\/skyvell.com\/fr\/spray\/\">Spray<\/a>: solution imm\u00e9diate pour les surfaces et l'air<br \/>- <a href=\"https:\/\/skyvell.com\/fr\/gel\/\">Gel<\/a>: pour un contr\u00f4le continu des odeurs<br \/>- <a href=\"https:\/\/skyvell.com\/fr\/multi-usage\/\">Multi-usage<\/a>: additif de lavage pour les odeurs tenaces dans les textiles<\/p><h4>\u00c9liminer les odeurs au lieu de les masquer<\/h4><p>Skyvell \u00e9limine les mauvaises odeurs au niveau mol\u00e9culaire, sans simplement les masquer. Les mauvaises odeurs disparaissent et ne reviennent plus.<\/p><h4>Aussi frais qu'une promenade en for\u00eat<\/h4><p>Beaucoup associent Skyvell \u00e0 une promenade relaxante en for\u00eat. Il n'y a rien de tel qu'une promenade en for\u00eat pour se d\u00e9tendre et se ressourcer. Elle lib\u00e8re l'esprit, calme le pouls, rafra\u00eechit et revitalise. Skyvell vous apporte votre petite for\u00eat personnelle l\u00e0 o\u00f9 vous en avez besoin.<\/p><h4>Skyvell, d\u00e9velopp\u00e9 par des sp\u00e9cialistes<\/h4><p>Skyvell a \u00e9t\u00e9 d\u00e9velopp\u00e9 par un leader mondial dans le domaine de l'\u00e9limination des odeurs.<\/p><h4>Le domaine d'application est tr\u00e8s vari\u00e9<\/h4><p>O\u00f9 les produits Skyvell sont-ils utilis\u00e9s avec succ\u00e8s ?<br \/>- H\u00f4tels<br \/>- Restaurants<br \/>- Clubs de fitness<br \/>- Centres de bien-\u00eatre<br \/>- Maisons de retraite<br \/>- H\u00f4pitaux<br \/>- Voitures de location<br \/>- vie quotidienne comme dans un m\u00e9nage<br \/>- Voiture <br \/>- Les institutions publiques telles que<br \/>\u00c9coles, jardins d'enfants<\/p><h4>Des d\u00e9cennies d'exp\u00e9rience ont \u00e9t\u00e9 reprises de l'industrie<\/h4><p>Skyvell est utilis\u00e9 avec succ\u00e8s dans l'industrie depuis plus de 30 ans. Il \u00e9limine ainsi de mani\u00e8re fiable et s\u00fbre les odeurs les plus tenaces, m\u00eame dans les stations d'\u00e9puration ou de nettoyage.<\/p>\t\t\t\t\t\t\t\t<\/div>\n\t\t\t\t<\/div>\n\t\t\t\t<\/div>\n\t\t\t\t<\/div>\n\t\t\t\t\t<\/div>\n\t\t\t\t<\/div>\n\t\t<div class=\"elementor-element elementor-element-5496297e e-flex e-con-boxed e-con e-parent\" data-id=\"5496297e\" data-element_type=\"container\" data-e-type=\"container\" data-settings=\"{&quot;jet_parallax_layout_list&quot;:[]}\">\n\t\t\t\t\t<div class=\"e-con-inner\">\n\t\t<div class=\"elementor-element elementor-element-cb533af e-con-full e-flex e-con e-child\" data-id=\"cb533af\" data-element_type=\"container\" data-e-type=\"container\" data-settings=\"{&quot;jet_parallax_layout_list&quot;:[]}\">\n\t\t<div class=\"elementor-element elementor-element-46102d01 e-con-full e-flex e-con e-child\" data-id=\"46102d01\" data-element_type=\"container\" data-e-type=\"container\" data-settings=\"{&quot;jet_parallax_layout_list&quot;:[]}\">\n\t\t\t\t<div class=\"elementor-element elementor-element-14166725 elementor-position-top elementor-widget elementor-widget-image-box\" data-id=\"14166725\" data-element_type=\"widget\" data-e-type=\"widget\" data-widget_type=\"image-box.default\">\n\t\t\t\t<div class=\"elementor-widget-container\">\n\t\t\t\t\t<div class=\"elementor-image-box-wrapper\"><figure class=\"elementor-image-box-img\"><a href=\"https:\/\/skyvell.com\/fr\/spray\/\" tabindex=\"-1\"><img decoding=\"async\" width=\"700\" height=\"630\" src=\"https:\/\/skyvell.com\/wp-content\/uploads\/2024\/12\/SKYVELL_GEL_refill_DF_tausch_0000_SKYVELL_SPRAY_DF.jpg\" class=\"attachment-full size-full wp-image-287\" alt=\"\" srcset=\"https:\/\/skyvell.com\/wp-content\/uploads\/2024\/12\/SKYVELL_GEL_refill_DF_tausch_0000_SKYVELL_SPRAY_DF.jpg 700w, https:\/\/skyvell.com\/wp-content\/uploads\/2024\/12\/SKYVELL_GEL_refill_DF_tausch_0000_SKYVELL_SPRAY_DF-300x270.jpg 300w\" sizes=\"(max-width: 700px) 100vw, 700px\" \/><\/a><\/figure><div class=\"elementor-image-box-content\"><h3 class=\"elementor-image-box-title\"><a href=\"https:\/\/skyvell.com\/fr\/spray\/\">Skyvell Spray<\/a><\/h3><p class=\"elementor-image-box-description\">Pour une \u00e9limination imm\u00e9diate et cibl\u00e9e des odeurs<\/p><\/div><\/div>\t\t\t\t<\/div>\n\t\t\t\t<\/div>\n\t\t\t\t<\/div>\n\t\t<div class=\"elementor-element elementor-element-aeef770 e-con-full e-flex e-con e-child\" data-id=\"aeef770\" data-element_type=\"container\" data-e-type=\"container\" data-settings=\"{&quot;jet_parallax_layout_list&quot;:[]}\">\n\t\t\t\t<div class=\"elementor-element elementor-element-23ea22b elementor-position-top elementor-widget elementor-widget-image-box\" data-id=\"23ea22b\" data-element_type=\"widget\" data-e-type=\"widget\" data-widget_type=\"image-box.default\">\n\t\t\t\t<div class=\"elementor-widget-container\">\n\t\t\t\t\t<div class=\"elementor-image-box-wrapper\"><figure class=\"elementor-image-box-img\"><a href=\"https:\/\/skyvell.com\/fr\/gel\/\" tabindex=\"-1\"><img decoding=\"async\" width=\"700\" height=\"630\" src=\"https:\/\/skyvell.com\/wp-content\/uploads\/2024\/12\/SKYVELL_GEL_refill_DF_tausch_0002_Ebene-1.jpg\" class=\"attachment-full size-full wp-image-289\" alt=\"\" srcset=\"https:\/\/skyvell.com\/wp-content\/uploads\/2024\/12\/SKYVELL_GEL_refill_DF_tausch_0002_Ebene-1.jpg 700w, https:\/\/skyvell.com\/wp-content\/uploads\/2024\/12\/SKYVELL_GEL_refill_DF_tausch_0002_Ebene-1-300x270.jpg 300w\" sizes=\"(max-width: 700px) 100vw, 700px\" \/><\/a><\/figure><div class=\"elementor-image-box-content\"><h3 class=\"elementor-image-box-title\"><a href=\"https:\/\/skyvell.com\/fr\/gel\/\">Gel Skyvell<\/a><\/h3><p class=\"elementor-image-box-description\">agit 24 heures sur 24, 7 jours sur 7 - 30 jours de fra\u00eecheur ininterrompue<\/p><\/div><\/div>\t\t\t\t<\/div>\n\t\t\t\t<\/div>\n\t\t\t\t<\/div>\n\t\t<div class=\"elementor-element elementor-element-6ad405d e-con-full e-flex e-con e-child\" data-id=\"6ad405d\" data-element_type=\"container\" data-e-type=\"container\" data-settings=\"{&quot;jet_parallax_layout_list&quot;:[]}\">\n\t\t\t\t<div class=\"elementor-element elementor-element-94559ce elementor-position-top elementor-widget elementor-widget-image-box\" data-id=\"94559ce\" data-element_type=\"widget\" data-e-type=\"widget\" data-widget_type=\"image-box.default\">\n\t\t\t\t<div class=\"elementor-widget-container\">\n\t\t\t\t\t<div class=\"elementor-image-box-wrapper\"><figure class=\"elementor-image-box-img\"><a href=\"https:\/\/skyvell.com\/fr\/multi-usage\/\" tabindex=\"-1\"><img loading=\"lazy\" decoding=\"async\" width=\"700\" height=\"630\" src=\"https:\/\/skyvell.com\/wp-content\/uploads\/2024\/12\/SKYVELL_GEL_refill_DF_tausch_0001_SKYVELL_MU_DF.jpg\" class=\"attachment-full size-full wp-image-288\" alt=\"\" srcset=\"https:\/\/skyvell.com\/wp-content\/uploads\/2024\/12\/SKYVELL_GEL_refill_DF_tausch_0001_SKYVELL_MU_DF.jpg 700w, https:\/\/skyvell.com\/wp-content\/uploads\/2024\/12\/SKYVELL_GEL_refill_DF_tausch_0001_SKYVELL_MU_DF-300x270.jpg 300w\" sizes=\"(max-width: 700px) 100vw, 700px\" \/><\/a><\/figure><div class=\"elementor-image-box-content\"><h3 class=\"elementor-image-box-title\"><a href=\"https:\/\/skyvell.com\/fr\/multi-usage\/\">Skyvell Multi Use<\/a><\/h3><p class=\"elementor-image-box-description\">pour les odeurs tenaces<\/p><\/div><\/div>\t\t\t\t<\/div>\n\t\t\t\t<\/div>\n\t\t\t\t<\/div>\n\t\t\t\t<\/div>\n\t\t\t\t\t<\/div>\n\t\t\t\t<\/div>\n\t\t\t\t<\/div>","protected":false},"excerpt":{"rendered":"<p>Skyvell Geruchsneutralisator auf Basis nat\u00fcrlicher \u00e4therischer \u00d6le Skyvell ist ein hochwirksamer Geruchsentferner, basierend auf \u00e4therischen Pflanzen\u00f6len (Limette, Pinie, Zeder, Anis, Nelken) und reinem Alpenwasser aus \u00d6sterreich. F\u00fcr jeden Problemgeruch eine L\u00f6sung: &#8211; Spray: Sofort-L\u00f6sung f\u00fcr Oberfl\u00e4chen und Luft&#8211; Gel: F\u00fcr kontinuierliche Geruchskontrolle&#8211; Multi Use: Waschzusatz f\u00fcr die hartn\u00e4ckigen Ger\u00fcche in Textilien Ger\u00fcche entfernen anstatt \u00fcberdecken [&hellip;]<\/p>\n","protected":false},"author":1,"featured_media":0,"parent":0,"menu_order":0,"comment_status":"closed","ping_status":"closed","template":"elementor_header_footer","meta":{"footnotes":""},"class_list":["post-732","page","type-page","status-publish","hentry"],"_links":{"self":[{"href":"https:\/\/skyvell.com\/fr\/wp-json\/wp\/v2\/pages\/732","targetHints":{"allow":["GET"]}}],"collection":[{"href":"https:\/\/skyvell.com\/fr\/wp-json\/wp\/v2\/pages"}],"about":[{"href":"https:\/\/skyvell.com\/fr\/wp-json\/wp\/v2\/types\/page"}],"author":[{"embeddable":true,"href":"https:\/\/skyvell.com\/fr\/wp-json\/wp\/v2\/users\/1"}],"replies":[{"embeddable":true,"href":"https:\/\/skyvell.com\/fr\/wp-json\/wp\/v2\/comments?post=732"}],"version-history":[{"count":46,"href":"https:\/\/skyvell.com\/fr\/wp-json\/wp\/v2\/pages\/732\/revisions"}],"predecessor-version":[{"id":1225,"href":"https:\/\/skyvell.com\/fr\/wp-json\/wp\/v2\/pages\/732\/revisions\/1225"}],"wp:attachment":[{"href":"https:\/\/skyvell.com\/fr\/wp-json\/wp\/v2\/media?parent=732"}],"curies":[{"name":"wp","href":"https:\/\/api.w.org\/{rel}","templated":true}]}}