{"id":568,"date":"2024-12-17T12:31:03","date_gmt":"2024-12-17T12:31:03","guid":{"rendered":"https:\/\/skyvell.com\/?page_id=568"},"modified":"2025-03-03T08:34:41","modified_gmt":"2025-03-03T08:34:41","slug":"deconclassicduo-neutralisation-des-odeurs-desinfection-izaeffect","status":"publish","type":"page","link":"https:\/\/skyvell.com\/fr\/deconclassicduo-geruchsneutralisation-desinfektion-izaeffect\/","title":{"rendered":"deconclassicduo"},"content":{"rendered":"<div data-elementor-type=\"wp-page\" data-elementor-id=\"568\" class=\"elementor elementor-568\" data-elementor-post-type=\"page\">\n\t\t\t\t<div class=\"elementor-element elementor-element-5f36f1ae e-flex e-con-boxed e-con e-parent\" data-id=\"5f36f1ae\" data-element_type=\"container\" data-e-type=\"container\" data-settings=\"{&quot;jet_parallax_layout_list&quot;:[]}\">\n\t\t\t\t\t<div class=\"e-con-inner\">\n\t\t<div class=\"elementor-element elementor-element-2e2c983 e-con-full e-flex e-con e-child\" data-id=\"2e2c983\" data-element_type=\"container\" data-e-type=\"container\" data-settings=\"{&quot;background_background&quot;:&quot;classic&quot;,&quot;jet_parallax_layout_list&quot;:[]}\">\n\t\t<div class=\"elementor-element elementor-element-7b21d43d e-con-full e-flex e-con e-child\" data-id=\"7b21d43d\" data-element_type=\"container\" data-e-type=\"container\" data-settings=\"{&quot;jet_parallax_layout_list&quot;:[]}\">\n\t\t\t\t<div class=\"elementor-element elementor-element-410f1ae elementor-widget elementor-widget-spacer\" data-id=\"410f1ae\" data-element_type=\"widget\" data-e-type=\"widget\" data-widget_type=\"spacer.default\">\n\t\t\t\t<div class=\"elementor-widget-container\">\n\t\t\t\t\t\t\t<div class=\"elementor-spacer\">\n\t\t\t<div class=\"elementor-spacer-inner\"><\/div>\n\t\t<\/div>\n\t\t\t\t\t\t<\/div>\n\t\t\t\t<\/div>\n\t\t\t\t<\/div>\n\t\t<div class=\"elementor-element elementor-element-010e8a9 e-con-full e-flex e-con e-child\" data-id=\"010e8a9\" data-element_type=\"container\" data-e-type=\"container\" data-settings=\"{&quot;jet_parallax_layout_list&quot;:[]}\">\n\t\t\t\t<div class=\"elementor-element elementor-element-21f71a3 elementor-widget elementor-widget-image\" data-id=\"21f71a3\" data-element_type=\"widget\" data-e-type=\"widget\" data-widget_type=\"image.default\">\n\t\t\t\t<div class=\"elementor-widget-container\">\n\t\t\t\t\t\t\t\t\t\t\t\t\t\t\t<img fetchpriority=\"high\" decoding=\"async\" width=\"510\" height=\"987\" src=\"https:\/\/skyvell.com\/wp-content\/uploads\/2024\/12\/IZA_wevc.png\" class=\"attachment-large size-large wp-image-588\" alt=\"\" srcset=\"https:\/\/skyvell.com\/wp-content\/uploads\/2024\/12\/IZA_wevc.png 510w, https:\/\/skyvell.com\/wp-content\/uploads\/2024\/12\/IZA_wevc-155x300.png 155w\" sizes=\"(max-width: 510px) 100vw, 510px\" \/>\t\t\t\t\t\t\t\t\t\t\t\t\t\t\t<\/div>\n\t\t\t\t<\/div>\n\t\t\t\t<\/div>\n\t\t<div class=\"elementor-element elementor-element-16feaa9b e-con-full e-flex e-con e-child\" data-id=\"16feaa9b\" data-element_type=\"container\" data-e-type=\"container\" data-settings=\"{&quot;jet_parallax_layout_list&quot;:[]}\">\n\t\t\t\t<\/div>\n\t\t\t\t<\/div>\n\t\t\t\t\t<\/div>\n\t\t\t\t<\/div>\n\t\t<div class=\"elementor-element elementor-element-15277fab e-flex e-con-boxed e-con e-parent\" data-id=\"15277fab\" data-element_type=\"container\" data-e-type=\"container\" data-settings=\"{&quot;jet_parallax_layout_list&quot;:[]}\">\n\t\t\t\t\t<div class=\"e-con-inner\">\n\t\t<div class=\"elementor-element elementor-element-50814b52 e-con-full e-flex e-con e-child\" data-id=\"50814b52\" data-element_type=\"container\" data-e-type=\"container\" data-settings=\"{&quot;jet_parallax_layout_list&quot;:[]}\">\n\t\t<div class=\"elementor-element elementor-element-7611b299 e-con-full e-flex e-con e-child\" data-id=\"7611b299\" data-element_type=\"container\" data-e-type=\"container\" data-settings=\"{&quot;jet_parallax_layout_list&quot;:[]}\">\n\t\t\t\t<div class=\"elementor-element elementor-element-76e8bb01 elementor-widget elementor-widget-heading\" data-id=\"76e8bb01\" data-element_type=\"widget\" data-e-type=\"widget\" data-widget_type=\"heading.default\">\n\t\t\t\t<div class=\"elementor-widget-container\">\n\t\t\t\t\t<h1 class=\"elementor-heading-title elementor-size-default\">Neutralisation des odeurs &amp; d\u00e9sinfection professionnelles avec le syst\u00e8me Decon Classic Duo<\/h1>\t\t\t\t<\/div>\n\t\t\t\t<\/div>\n\t\t\t\t<div class=\"elementor-element elementor-element-e1f3648 elementor-widget elementor-widget-text-editor\" data-id=\"e1f3648\" data-element_type=\"widget\" data-e-type=\"widget\" data-widget_type=\"text-editor.default\">\n\t\t\t\t<div class=\"elementor-widget-container\">\n\t\t\t\t\t\t\t\t\t<p>IZAEFFECT D\u00e9sinfection des locaux et des surfaces<\/p><p>SKYVELL \u00c9limination des odeurs<\/p><p>IZAEFFECT Destruction et pr\u00e9vention des moisissures<\/p>\t\t\t\t\t\t\t\t<\/div>\n\t\t\t\t<\/div>\n\t\t\t\t<div class=\"elementor-element elementor-element-5df6709a elementor-widget elementor-widget-text-editor\" data-id=\"5df6709a\" data-element_type=\"widget\" data-e-type=\"widget\" data-widget_type=\"text-editor.default\">\n\t\t\t\t<div class=\"elementor-widget-container\">\n\t\t\t\t\t\t\t\t\t<p>Avec le d\u00e9sodorisant Skyvell Liquid et les appareils DECON, vos locaux sont d\u00e9barrass\u00e9s de toutes les mauvaises odeurs de mani\u00e8re \u00e9cologique et en douceur, et l'air reste naturellement frais. Nous pouvons prouver l'efficacit\u00e9 du d\u00e9sinfectant avec les appareils DECON ! Le d\u00e9sinfectant Izaeffect r\u00e9pond aux exigences particuli\u00e8res pour la d\u00e9sinfection des a\u00e9rosols impos\u00e9es par l'Office des produits chimiques de la R\u00e9publique de Slov\u00e9nie avec la norme EN 17272 : 2020<\/p>\t\t\t\t\t\t\t\t<\/div>\n\t\t\t\t<\/div>\n\t\t\t\t<div class=\"elementor-element elementor-element-6f39c583 elementor-widget elementor-widget-heading\" data-id=\"6f39c583\" data-element_type=\"widget\" data-e-type=\"widget\" data-widget_type=\"heading.default\">\n\t\t\t\t<div class=\"elementor-widget-container\">\n\t\t\t\t\t<h2 class=\"elementor-heading-title elementor-size-default\">IZAeffect D\u00e9sinfection compl\u00e8te<\/h2>\t\t\t\t<\/div>\n\t\t\t\t<\/div>\n\t\t\t\t<div class=\"elementor-element elementor-element-afb3479 elementor-widget elementor-widget-text-editor\" data-id=\"afb3479\" data-element_type=\"widget\" data-e-type=\"widget\" data-widget_type=\"text-editor.default\">\n\t\t\t\t<div class=\"elementor-widget-container\">\n\t\t\t\t\t\t\t\t\t<p>Le peroxyde d'hydrog\u00e8ne est utilis\u00e9 depuis de nombreuses ann\u00e9es comme d\u00e9sinfectant, car il est efficace et n'a pas d'effets nocifs sur la sant\u00e9 humaine et l'environnement \u00e0 de faibles concentrations. Le peroxyde d'hydrog\u00e8ne est tr\u00e8s r\u00e9actif et r\u00e9agit avec tous les mat\u00e9riaux organiques, y compris les membranes biologiques des bact\u00e9ries, virus et champignons. Il s'agit donc d'un d\u00e9sinfectant efficace contre ces organismes. Le peroxyde d'hydrog\u00e8ne peut \u00eatre utilis\u00e9 pour d\u00e9sinfecter la peau et diff\u00e9rentes surfaces, et avec une \u00e9vaporation \u00e0 froid, il peut \u00e9galement \u00eatre utilis\u00e9 pour d\u00e9sinfecter des pi\u00e8ces enti\u00e8res.<\/p>\t\t\t\t\t\t\t\t<\/div>\n\t\t\t\t<\/div>\n\t\t\t\t<div class=\"elementor-element elementor-element-2ebbd6f elementor-widget elementor-widget-heading\" data-id=\"2ebbd6f\" data-element_type=\"widget\" data-e-type=\"widget\" data-widget_type=\"heading.default\">\n\t\t\t\t<div class=\"elementor-widget-container\">\n\t\t\t\t\t<h2 class=\"elementor-heading-title elementor-size-default\">Notre solution est votre gain<\/h2>\t\t\t\t<\/div>\n\t\t\t\t<\/div>\n\t\t\t\t<div class=\"elementor-element elementor-element-86d1afd elementor-widget elementor-widget-text-editor\" data-id=\"86d1afd\" data-element_type=\"widget\" data-e-type=\"widget\" data-widget_type=\"text-editor.default\">\n\t\t\t\t<div class=\"elementor-widget-container\">\n\t\t\t\t\t\t\t\t\t<p>Comme nous l'avons d\u00e9j\u00e0 mentionn\u00e9, le peroxyde d'hydrog\u00e8ne agit rapidement. Cependant, il se d\u00e9compose ensuite et perd de son efficacit\u00e9, ce qui permet \u00e0 tous les organismes survivants de se reproduire. C'est pourquoi nous avons ajout\u00e9 \u00e0 la formulation des ions d'argent qui permettent une action antimicrobienne plus durable, car ils restent sur la surface d\u00e9sinfect\u00e9e. Pour ce faire, nous avons cherch\u00e9 un complexe d'argent appropri\u00e9 qui n'affecte pas la stabilit\u00e9 du peroxyde, car le peroxyde d'hydrog\u00e8ne commence \u00e0 se d\u00e9composer rapidement en pr\u00e9sence d'ions m\u00e9talliques libres. Le citrate d'argent s'est av\u00e9r\u00e9 \u00eatre le plus appropri\u00e9 ; en outre, les ions citrate ont \u00e9galement un effet bact\u00e9ricide.<\/p>\t\t\t\t\t\t\t\t<\/div>\n\t\t\t\t<\/div>\n\t\t\t\t<div class=\"elementor-element elementor-element-b968a53 elementor-widget elementor-widget-heading\" data-id=\"b968a53\" data-element_type=\"widget\" data-e-type=\"widget\" data-widget_type=\"heading.default\">\n\t\t\t\t<div class=\"elementor-widget-container\">\n\t\t\t\t\t<h2 class=\"elementor-heading-title elementor-size-default\">En quoi IZAeffect est-il diff\u00e9rent ?<\/h2>\t\t\t\t<\/div>\n\t\t\t\t<\/div>\n\t\t\t\t<div class=\"elementor-element elementor-element-d6ea6f8 elementor-widget elementor-widget-text-editor\" data-id=\"d6ea6f8\" data-element_type=\"widget\" data-e-type=\"widget\" data-widget_type=\"text-editor.default\">\n\t\t\t\t<div class=\"elementor-widget-container\">\n\t\t\t\t\t\t\t\t\t<h5>- Efficace contre les moisissures, les bact\u00e9ries et les virus<br \/>- Biod\u00e9gradable<br \/>- Sans danger pour l'homme, l'animal et l'environnement<br \/>- Sans odeur<\/h5>\t\t\t\t\t\t\t\t<\/div>\n\t\t\t\t<\/div>\n\t\t<div class=\"elementor-element elementor-element-a070075 e-con-full e-flex e-con e-child\" data-id=\"a070075\" data-element_type=\"container\" data-e-type=\"container\" data-settings=\"{&quot;jet_parallax_layout_list&quot;:[]}\">\n\t\t<div class=\"elementor-element elementor-element-bc7411e e-con-full e-flex e-con e-child\" data-id=\"bc7411e\" data-element_type=\"container\" data-e-type=\"container\" data-settings=\"{&quot;jet_parallax_layout_list&quot;:[]}\">\n\t\t\t\t<div class=\"elementor-element elementor-element-75184d1 elementor-widget elementor-widget-image\" data-id=\"75184d1\" data-element_type=\"widget\" data-e-type=\"widget\" data-widget_type=\"image.default\">\n\t\t\t\t<div class=\"elementor-widget-container\">\n\t\t\t\t\t\t\t\t\t\t\t\t\t\t\t<img decoding=\"async\" width=\"653\" height=\"1024\" src=\"https:\/\/skyvell.com\/wp-content\/uploads\/2024\/12\/Frame-15-653x1024.jpg\" class=\"attachment-large size-large wp-image-574\" alt=\"\" srcset=\"https:\/\/skyvell.com\/wp-content\/uploads\/2024\/12\/Frame-15-653x1024.jpg 653w, https:\/\/skyvell.com\/wp-content\/uploads\/2024\/12\/Frame-15-191x300.jpg 191w, https:\/\/skyvell.com\/wp-content\/uploads\/2024\/12\/Frame-15.jpg 689w\" sizes=\"(max-width: 653px) 100vw, 653px\" \/>\t\t\t\t\t\t\t\t\t\t\t\t\t\t\t<\/div>\n\t\t\t\t<\/div>\n\t\t\t\t<\/div>\n\t\t<div class=\"elementor-element elementor-element-311b2e9 e-con-full e-flex e-con e-child\" data-id=\"311b2e9\" data-element_type=\"container\" data-e-type=\"container\" data-settings=\"{&quot;jet_parallax_layout_list&quot;:[]}\">\n\t\t\t\t<div class=\"elementor-element elementor-element-4ff5e14 elementor-widget elementor-widget-heading\" data-id=\"4ff5e14\" data-element_type=\"widget\" data-e-type=\"widget\" data-widget_type=\"heading.default\">\n\t\t\t\t<div class=\"elementor-widget-container\">\n\t\t\t\t\t<h2 class=\"elementor-heading-title elementor-size-default\">Des probl\u00e8mes d'odeur ?<\/h2>\t\t\t\t<\/div>\n\t\t\t\t<\/div>\n\t\t\t\t<div class=\"elementor-element elementor-element-12ad13c elementor-widget elementor-widget-text-editor\" data-id=\"12ad13c\" data-element_type=\"widget\" data-e-type=\"widget\" data-widget_type=\"text-editor.default\">\n\t\t\t\t<div class=\"elementor-widget-container\">\n\t\t\t\t\t\t\t\t\t<p>Vous avez des probl\u00e8mes d'odeurs intenses \u00e0 cause d'un d\u00e9g\u00e2t des eaux, d'un incendie ou d'un appartement de Messie ?<br \/>Louez l'appareil Decon Classic Duo et r\u00e9solvez le probl\u00e8me des odeurs en un clin d'\u0153il !<\/p><p>Contactez-nous sur\u00a0<a href=\"mailto:info@skyvell.com\">info@skyvell.com<\/a>\u00a0et faites-nous part de votre probl\u00e8me d'odeur en indiquant vos coordonn\u00e9es.<\/p>\t\t\t\t\t\t\t\t<\/div>\n\t\t\t\t<\/div>\n\t\t\t\t<div class=\"elementor-element elementor-element-37d898e elementor-widget elementor-widget-text-editor\" data-id=\"37d898e\" data-element_type=\"widget\" data-e-type=\"widget\" data-widget_type=\"text-editor.default\">\n\t\t\t\t<div class=\"elementor-widget-container\">\n\t\t\t\t\t\t\t\t\t<p>- IZA Effect n'est actuellement disponible que dans l'UE !<\/p>\t\t\t\t\t\t\t\t<\/div>\n\t\t\t\t<\/div>\n\t\t\t\t<\/div>\n\t\t\t\t<\/div>\n\t\t\t\t<\/div>\n\t\t\t\t<\/div>\n\t\t\t\t\t<\/div>\n\t\t\t\t<\/div>\n\t\t<div class=\"elementor-element elementor-element-17ee1c4e e-flex e-con-boxed e-con e-parent\" data-id=\"17ee1c4e\" data-element_type=\"container\" data-e-type=\"container\" data-settings=\"{&quot;jet_parallax_layout_list&quot;:[]}\">\n\t\t\t\t\t<div class=\"e-con-inner\">\n\t\t<div class=\"elementor-element elementor-element-56025825 e-con-full e-flex e-con e-child\" data-id=\"56025825\" data-element_type=\"container\" data-e-type=\"container\" data-settings=\"{&quot;jet_parallax_layout_list&quot;:[]}\">\n\t\t\t\t<div class=\"elementor-element elementor-element-dc84296 elementor-widget elementor-widget-heading\" data-id=\"dc84296\" data-element_type=\"widget\" data-e-type=\"widget\" data-widget_type=\"heading.default\">\n\t\t\t\t<div class=\"elementor-widget-container\">\n\t\t\t\t\t<h2 class=\"elementor-heading-title elementor-size-default\">En savoir plus sur IZAeffect<\/h2>\t\t\t\t<\/div>\n\t\t\t\t<\/div>\n\t\t\t\t<\/div>\n\t\t<div class=\"elementor-element elementor-element-7ef31022 e-con-full e-flex e-con e-child\" data-id=\"7ef31022\" data-element_type=\"container\" data-e-type=\"container\" data-settings=\"{&quot;jet_parallax_layout_list&quot;:[]}\">\n\t\t<div class=\"elementor-element elementor-element-716c06e7 e-con-full e-flex e-con e-child\" data-id=\"716c06e7\" data-element_type=\"container\" data-e-type=\"container\" data-settings=\"{&quot;jet_parallax_layout_list&quot;:[]}\">\n\t\t\t\t<div class=\"elementor-element elementor-element-0f5382a elementor-position-top elementor-widget elementor-widget-image-box\" data-id=\"0f5382a\" data-element_type=\"widget\" data-e-type=\"widget\" data-widget_type=\"image-box.default\">\n\t\t\t\t<div class=\"elementor-widget-container\">\n\t\t\t\t\t<div class=\"elementor-image-box-wrapper\"><figure class=\"elementor-image-box-img\"><a href=\"#\" tabindex=\"-1\"><img decoding=\"async\" width=\"302\" height=\"422\" src=\"https:\/\/skyvell.com\/wp-content\/uploads\/2024\/12\/Dedon_3.png\" class=\"attachment-full size-full wp-image-582\" alt=\"\" srcset=\"https:\/\/skyvell.com\/wp-content\/uploads\/2024\/12\/Dedon_3.png 302w, https:\/\/skyvell.com\/wp-content\/uploads\/2024\/12\/Dedon_3-215x300.png 215w\" sizes=\"(max-width: 302px) 100vw, 302px\" \/><\/a><\/figure><div class=\"elementor-image-box-content\"><h3 class=\"elementor-image-box-title\"><a href=\"#\">Brochure IZAeffect<\/a><\/h3><p class=\"elementor-image-box-description\">T\u00e9l\u00e9chargement<\/p><\/div><\/div>\t\t\t\t<\/div>\n\t\t\t\t<\/div>\n\t\t\t\t<\/div>\n\t\t<div class=\"elementor-element elementor-element-0838217 e-con-full e-flex e-con e-child\" data-id=\"0838217\" data-element_type=\"container\" data-e-type=\"container\" data-settings=\"{&quot;jet_parallax_layout_list&quot;:[]}\">\n\t\t\t\t<div class=\"elementor-element elementor-element-0174272 elementor-position-top elementor-widget elementor-widget-image-box\" data-id=\"0174272\" data-element_type=\"widget\" data-e-type=\"widget\" data-widget_type=\"image-box.default\">\n\t\t\t\t<div class=\"elementor-widget-container\">\n\t\t\t\t\t<div class=\"elementor-image-box-wrapper\"><figure class=\"elementor-image-box-img\"><a href=\"#\" tabindex=\"-1\"><img loading=\"lazy\" decoding=\"async\" width=\"302\" height=\"422\" src=\"https:\/\/skyvell.com\/wp-content\/uploads\/2024\/12\/Dedon_2.png\" class=\"attachment-full size-full wp-image-581\" alt=\"\" srcset=\"https:\/\/skyvell.com\/wp-content\/uploads\/2024\/12\/Dedon_2.png 302w, https:\/\/skyvell.com\/wp-content\/uploads\/2024\/12\/Dedon_2-215x300.png 215w\" sizes=\"(max-width: 302px) 100vw, 302px\" \/><\/a><\/figure><div class=\"elementor-image-box-content\"><h3 class=\"elementor-image-box-title\"><a href=\"#\">fiche technique<\/a><\/h3><p class=\"elementor-image-box-description\">T\u00e9l\u00e9chargement<\/p><\/div><\/div>\t\t\t\t<\/div>\n\t\t\t\t<\/div>\n\t\t\t\t<\/div>\n\t\t<div class=\"elementor-element elementor-element-661f9466 e-con-full e-flex e-con e-child\" data-id=\"661f9466\" data-element_type=\"container\" data-e-type=\"container\" data-settings=\"{&quot;jet_parallax_layout_list&quot;:[]}\">\n\t\t\t\t<\/div>\n\t\t\t\t<\/div>\n\t\t\t\t\t<\/div>\n\t\t\t\t<\/div>\n\t\t\t\t<\/div>","protected":false},"excerpt":{"rendered":"<p>Professionelle Geruchsneutralisation &amp; Desinfektion mit dem Decon Classic Duo System IZAEFFECT Raum &#8211; und Fl\u00e4chendesinfektion SKYVELL Geruchsentfernung IZAEFFECT Zerst\u00f6rung und Verhinderung von Schimmel Mit dem Skyvell-Geruchsentferner Liquid und den DECON-Ger\u00e4ten werden Ihre R\u00e4ume umweltfreundlich und schonend von s\u00e4mtlichen schlechten Ger\u00fcchen befreit, zur\u00fcck bleibt nat\u00fcrlich frische Luft. Wir k\u00f6nnen die Wirksamkeit des Desinfektionsmittels mit DECON-Ger\u00e4ten nachweisen! [&hellip;]<\/p>\n","protected":false},"author":1,"featured_media":0,"parent":0,"menu_order":0,"comment_status":"closed","ping_status":"closed","template":"elementor_header_footer","meta":{"footnotes":""},"class_list":["post-568","page","type-page","status-publish","hentry"],"_links":{"self":[{"href":"https:\/\/skyvell.com\/fr\/wp-json\/wp\/v2\/pages\/568","targetHints":{"allow":["GET"]}}],"collection":[{"href":"https:\/\/skyvell.com\/fr\/wp-json\/wp\/v2\/pages"}],"about":[{"href":"https:\/\/skyvell.com\/fr\/wp-json\/wp\/v2\/types\/page"}],"author":[{"embeddable":true,"href":"https:\/\/skyvell.com\/fr\/wp-json\/wp\/v2\/users\/1"}],"replies":[{"embeddable":true,"href":"https:\/\/skyvell.com\/fr\/wp-json\/wp\/v2\/comments?post=568"}],"version-history":[{"count":26,"href":"https:\/\/skyvell.com\/fr\/wp-json\/wp\/v2\/pages\/568\/revisions"}],"predecessor-version":[{"id":1295,"href":"https:\/\/skyvell.com\/fr\/wp-json\/wp\/v2\/pages\/568\/revisions\/1295"}],"wp:attachment":[{"href":"https:\/\/skyvell.com\/fr\/wp-json\/wp\/v2\/media?parent=568"}],"curies":[{"name":"wp","href":"https:\/\/api.w.org\/{rel}","templated":true}]}}