{"id":476,"date":"2024-12-10T08:26:02","date_gmt":"2024-12-10T08:26:02","guid":{"rendered":"https:\/\/skyvell.com\/?page_id=476"},"modified":"2025-08-25T10:58:46","modified_gmt":"2025-08-25T10:58:46","slug":"soins-aux-animaux","status":"publish","type":"page","link":"https:\/\/skyvell.com\/fr\/tierpflege\/","title":{"rendered":"Soins aux animaux"},"content":{"rendered":"<div data-elementor-type=\"wp-page\" data-elementor-id=\"476\" class=\"elementor elementor-476\" data-elementor-post-type=\"page\">\n\t\t\t\t<div class=\"elementor-element elementor-element-24475e19 e-flex e-con-boxed e-con e-parent\" data-id=\"24475e19\" data-element_type=\"container\" data-e-type=\"container\" data-settings=\"{&quot;jet_parallax_layout_list&quot;:[]}\">\n\t\t\t\t\t<div class=\"e-con-inner\">\n\t\t<div class=\"elementor-element elementor-element-5bc15cb2 e-con-full e-flex e-con e-child\" data-id=\"5bc15cb2\" data-element_type=\"container\" data-e-type=\"container\" data-settings=\"{&quot;jet_parallax_layout_list&quot;:[]}\">\n\t\t\t\t<div class=\"elementor-element elementor-element-23746796 elementor-widget elementor-widget-image\" data-id=\"23746796\" data-element_type=\"widget\" data-e-type=\"widget\" data-widget_type=\"image.default\">\n\t\t\t\t<div class=\"elementor-widget-container\">\n\t\t\t\t\t\t\t\t\t\t\t\t\t\t\t<img fetchpriority=\"high\" decoding=\"async\" width=\"800\" height=\"360\" src=\"https:\/\/skyvell.com\/wp-content\/uploads\/2024\/12\/Tierpflege_neu_2024-1024x461.jpg\" class=\"attachment-large size-large wp-image-483\" alt=\"\" srcset=\"https:\/\/skyvell.com\/wp-content\/uploads\/2024\/12\/Tierpflege_neu_2024-1024x461.jpg 1024w, https:\/\/skyvell.com\/wp-content\/uploads\/2024\/12\/Tierpflege_neu_2024-300x135.jpg 300w, https:\/\/skyvell.com\/wp-content\/uploads\/2024\/12\/Tierpflege_neu_2024-768x346.jpg 768w, https:\/\/skyvell.com\/wp-content\/uploads\/2024\/12\/Tierpflege_neu_2024.jpg 1200w\" sizes=\"(max-width: 800px) 100vw, 800px\" \/>\t\t\t\t\t\t\t\t\t\t\t\t\t\t\t<\/div>\n\t\t\t\t<\/div>\n\t\t\t\t<\/div>\n\t\t\t\t\t<\/div>\n\t\t\t\t<\/div>\n\t\t<div class=\"elementor-element elementor-element-76a89a0e e-flex e-con-boxed e-con e-parent\" data-id=\"76a89a0e\" data-element_type=\"container\" data-e-type=\"container\" data-settings=\"{&quot;jet_parallax_layout_list&quot;:[]}\">\n\t\t\t\t\t<div class=\"e-con-inner\">\n\t\t<div class=\"elementor-element elementor-element-422ba9d4 e-con-full e-flex e-con e-child\" data-id=\"422ba9d4\" data-element_type=\"container\" data-e-type=\"container\" data-settings=\"{&quot;jet_parallax_layout_list&quot;:[]}\">\n\t\t\t\t<div class=\"elementor-element elementor-element-16dc368b elementor-widget elementor-widget-heading\" data-id=\"16dc368b\" data-element_type=\"widget\" data-e-type=\"widget\" data-widget_type=\"heading.default\">\n\t\t\t\t<div class=\"elementor-widget-container\">\n\t\t\t\t\t<h2 class=\"elementor-heading-title elementor-size-default\">Skyvell soins aux animaux\n<\/h2>\t\t\t\t<\/div>\n\t\t\t\t<\/div>\n\t\t\t\t<div class=\"elementor-element elementor-element-1c810474 elementor-widget elementor-widget-heading\" data-id=\"1c810474\" data-element_type=\"widget\" data-e-type=\"widget\" data-widget_type=\"heading.default\">\n\t\t\t\t<div class=\"elementor-widget-container\">\n\t\t\t\t\t<h2 class=\"elementor-heading-title elementor-size-default\">De l'air frais pour les \u00e9leveurs<\/h2>\t\t\t\t<\/div>\n\t\t\t\t<\/div>\n\t\t\t\t<div class=\"elementor-element elementor-element-398147ed elementor-widget__width-initial elementor-widget elementor-widget-text-editor\" data-id=\"398147ed\" data-element_type=\"widget\" data-e-type=\"widget\" data-widget_type=\"text-editor.default\">\n\t\t\t\t<div class=\"elementor-widget-container\">\n\t\t\t\t\t\t\t\t\t<p>Nous aimons les animaux domestiques et vivons souvent avec eux sous le m\u00eame toit. Malheureusement, ils ne respectent pas toujours nos r\u00e8gles et il arrive l'une ou l'autre m\u00e9saventure, qui entra\u00eene g\u00e9n\u00e9ralement des odeurs persistantes. Qu'il s'agisse de l'odeur d'urine d'un chat sur la couverture douillette pr\u00e9f\u00e9r\u00e9e ou d'une crotte de chien sur le tapis. Les actions de lavage co\u00fbteuses n'aboutissent souvent pas, l'odeur reste mauvaise. La bonne nouvelle, c'est que Skyvell \u00e9limine pr\u00e9cis\u00e9ment ces odeurs de mani\u00e8re fiable et vous permet de respirer \u00e0 nouveau, avec un air naturellement frais.<\/p>\t\t\t\t\t\t\t\t<\/div>\n\t\t\t\t<\/div>\n\t\t\t\t<\/div>\n\t\t\t\t\t<\/div>\n\t\t\t\t<\/div>\n\t\t<div class=\"elementor-element elementor-element-4385e91 e-flex e-con-boxed e-con e-parent\" data-id=\"4385e91\" data-element_type=\"container\" data-e-type=\"container\" data-settings=\"{&quot;jet_parallax_layout_list&quot;:[]}\">\n\t\t\t\t\t<div class=\"e-con-inner\">\n\t\t<div class=\"elementor-element elementor-element-2e45dbe1 e-con-full e-flex e-con e-child\" data-id=\"2e45dbe1\" data-element_type=\"container\" data-e-type=\"container\" data-settings=\"{&quot;jet_parallax_layout_list&quot;:[]}\">\n\t\t<div class=\"elementor-element elementor-element-6523c7fe e-con-full e-flex e-con e-child\" data-id=\"6523c7fe\" data-element_type=\"container\" data-e-type=\"container\" data-settings=\"{&quot;background_background&quot;:&quot;classic&quot;,&quot;jet_parallax_layout_list&quot;:[]}\">\n\t\t\t\t<div class=\"elementor-element elementor-element-693de961 elementor-widget elementor-widget-heading\" data-id=\"693de961\" data-element_type=\"widget\" data-e-type=\"widget\" data-widget_type=\"heading.default\">\n\t\t\t\t<div class=\"elementor-widget-container\">\n\t\t\t\t\t<h2 class=\"elementor-heading-title elementor-size-default\">probl\u00e8me :\n<\/h2>\t\t\t\t<\/div>\n\t\t\t\t<\/div>\n\t\t\t\t<div class=\"elementor-element elementor-element-5fe3b474 elementor-widget elementor-widget-text-editor\" data-id=\"5fe3b474\" data-element_type=\"widget\" data-e-type=\"widget\" data-widget_type=\"text-editor.default\">\n\t\t\t\t<div class=\"elementor-widget-container\">\n\t\t\t\t\t\t\t\t\t<p>Mauvaises odeurs intenses dans les cabinets v\u00e9t\u00e9rinaires, les refuges pour animaux ou chez les propri\u00e9taires de plusieurs animaux.<\/p>\t\t\t\t\t\t\t\t<\/div>\n\t\t\t\t<\/div>\n\t\t\t\t<\/div>\n\t\t<div class=\"elementor-element elementor-element-7ad238e5 e-con-full e-flex e-con e-child\" data-id=\"7ad238e5\" data-element_type=\"container\" data-e-type=\"container\" data-settings=\"{&quot;background_background&quot;:&quot;classic&quot;,&quot;jet_parallax_layout_list&quot;:[]}\">\n\t\t\t\t<div class=\"elementor-element elementor-element-14d63cb6 elementor-widget elementor-widget-heading\" data-id=\"14d63cb6\" data-element_type=\"widget\" data-e-type=\"widget\" data-widget_type=\"heading.default\">\n\t\t\t\t<div class=\"elementor-widget-container\">\n\t\t\t\t\t<h2 class=\"elementor-heading-title elementor-size-default\">Notre solution est votre gain<\/h2>\t\t\t\t<\/div>\n\t\t\t\t<\/div>\n\t\t\t\t<div class=\"elementor-element elementor-element-149aef2a elementor-widget__width-initial elementor-widget elementor-widget-text-editor\" data-id=\"149aef2a\" data-element_type=\"widget\" data-e-type=\"widget\" data-widget_type=\"text-editor.default\">\n\t\t\t\t<div class=\"elementor-widget-container\">\n\t\t\t\t\t\t\t\t\t<p>Skyvell \u00e9limine efficacement, au niveau mol\u00e9culaire, les odeurs permanentes et r\u00e9currentes dues aux d\u00e9jections et aux \u00e9manations animales, laissant derri\u00e8re lui une odeur agr\u00e9able et subtilement fra\u00eeche. Car tout environnement ne devient compl\u00e8tement propre que lorsque les mauvaises odeurs disparaissent \u00e9galement.<\/p>\t\t\t\t\t\t\t\t<\/div>\n\t\t\t\t<\/div>\n\t\t\t\t<\/div>\n\t\t\t\t<\/div>\n\t\t\t\t\t<\/div>\n\t\t\t\t<\/div>\n\t\t<div class=\"elementor-element elementor-element-2ee92994 e-flex e-con-boxed e-con e-parent\" data-id=\"2ee92994\" data-element_type=\"container\" data-e-type=\"container\" data-settings=\"{&quot;jet_parallax_layout_list&quot;:[]}\">\n\t\t\t\t\t<div class=\"e-con-inner\">\n\t\t<div class=\"elementor-element elementor-element-1f9f63c7 e-con-full e-flex e-con e-child\" data-id=\"1f9f63c7\" data-element_type=\"container\" data-e-type=\"container\" data-settings=\"{&quot;jet_parallax_layout_list&quot;:[]}\">\n\t\t\t\t<div class=\"elementor-element elementor-element-5a505669 elementor-widget elementor-widget-heading\" data-id=\"5a505669\" data-element_type=\"widget\" data-e-type=\"widget\" data-widget_type=\"heading.default\">\n\t\t\t\t<div class=\"elementor-widget-container\">\n\t\t\t\t\t<h2 class=\"elementor-heading-title elementor-size-default\">La solution compl\u00e8te contre les mauvaises odeurs :<\/h2>\t\t\t\t<\/div>\n\t\t\t\t<\/div>\n\t\t\t\t<div class=\"elementor-element elementor-element-170d71a3 elementor-widget__width-initial elementor-widget elementor-widget-text-editor\" data-id=\"170d71a3\" data-element_type=\"widget\" data-e-type=\"widget\" data-widget_type=\"text-editor.default\">\n\t\t\t\t<div class=\"elementor-widget-container\">\n\t\t\t\t\t\t\t\t\t<h5>Skyvell Spray, pour un contr\u00f4le imm\u00e9diat et cibl\u00e9 des odeurs<\/h5><p>Utilisez le spray Skyvell de mani\u00e8re cibl\u00e9e contre les mauvaises odeurs, vaporisez les surfaces ainsi que l'air et \u00e9liminez ainsi les mauvaises odeurs sans laisser de traces.<\/p><h5>Skyvell Gel, r\u00e9sout les probl\u00e8mes d'odeurs 24 heures sur 24<\/h5><p>Skyvell Gel est utilis\u00e9 partout o\u00f9 des odeurs sont g\u00e9n\u00e9r\u00e9es en permanence et de mani\u00e8re continue. Par exemple, \u00e0 proximit\u00e9 des liti\u00e8res pour chats ou des couvertures pour chiens, il \u00e9limine durablement toutes les mauvaises odeurs pendant une p\u00e9riode pouvant aller jusqu'\u00e0 30 jours.<\/p><h5>Skyvell Multi Use, pour les nettoyeurs de tapis, les aspirateurs de lavage et comme additif de lavage pour toutes sortes de textiles<\/h5><p>Convient pour les textiles fortement sollicit\u00e9s avec des odeurs tenaces. Id\u00e9al pour les housses de couette, le lin mais aussi les v\u00eatements, jusqu'aux tapis. Agit efficacement sur les odeurs telles que les mati\u00e8res f\u00e9cales et l'urine ou les vomissures.<\/p>\t\t\t\t\t\t\t\t<\/div>\n\t\t\t\t<\/div>\n\t\t\t\t<\/div>\n\t\t\t\t\t<\/div>\n\t\t\t\t<\/div>\n\t\t<div class=\"elementor-element elementor-element-508f5b1b e-flex e-con-boxed e-con e-parent\" data-id=\"508f5b1b\" data-element_type=\"container\" data-e-type=\"container\" data-settings=\"{&quot;jet_parallax_layout_list&quot;:[]}\">\n\t\t\t\t\t<div class=\"e-con-inner\">\n\t\t<div class=\"elementor-element elementor-element-31738945 e-con-full e-flex e-con e-child\" data-id=\"31738945\" data-element_type=\"container\" data-e-type=\"container\" data-settings=\"{&quot;jet_parallax_layout_list&quot;:[]}\">\n\t\t\t\t<\/div>\n\t\t\t\t\t<\/div>\n\t\t\t\t<\/div>\n\t\t<div class=\"elementor-element elementor-element-99889d1 e-flex e-con-boxed e-con e-parent\" data-id=\"99889d1\" data-element_type=\"container\" data-e-type=\"container\" data-settings=\"{&quot;jet_parallax_layout_list&quot;:[]}\">\n\t\t\t\t\t<div class=\"e-con-inner\">\n\t\t<div class=\"elementor-element elementor-element-5d83fe2 e-con-full e-flex e-con e-child\" data-id=\"5d83fe2\" data-element_type=\"container\" data-e-type=\"container\" data-settings=\"{&quot;jet_parallax_layout_list&quot;:[]}\">\n\t\t\t\t<div class=\"elementor-element elementor-element-82b065c elementor-position-top elementor-widget elementor-widget-image-box\" data-id=\"82b065c\" data-element_type=\"widget\" data-e-type=\"widget\" data-widget_type=\"image-box.default\">\n\t\t\t\t<div class=\"elementor-widget-container\">\n\t\t\t\t\t<div class=\"elementor-image-box-wrapper\"><figure class=\"elementor-image-box-img\"><a href=\"https:\/\/skyvell.com\/wp-content\/uploads\/2025\/01\/Skyvell_Tierpflege_FR_v5.pdf\" target=\"_blank\" tabindex=\"-1\"><img decoding=\"async\" width=\"300\" height=\"423\" src=\"https:\/\/skyvell.com\/wp-content\/uploads\/2024\/12\/Tierpflege_brochure.jpg\" class=\"attachment-full size-full wp-image-517\" alt=\"\" srcset=\"https:\/\/skyvell.com\/wp-content\/uploads\/2024\/12\/Tierpflege_brochure.jpg 300w, https:\/\/skyvell.com\/wp-content\/uploads\/2024\/12\/Tierpflege_brochure-213x300.jpg 213w\" sizes=\"(max-width: 300px) 100vw, 300px\" \/><\/a><\/figure><div class=\"elementor-image-box-content\"><h3 class=\"elementor-image-box-title\"><a href=\"https:\/\/skyvell.com\/wp-content\/uploads\/2025\/01\/Skyvell_Tierpflege_FR_v5.pdf\" target=\"_blank\">T\u00e9l\u00e9chargement<\/a><\/h3><p class=\"elementor-image-box-description\">Brochure sur les soins aux animaux<\/p><\/div><\/div>\t\t\t\t<\/div>\n\t\t\t\t<\/div>\n\t\t\t\t<\/div>\n\t\t\t\t\t<\/div>\n\t\t\t\t<\/div>\n\t\t\t\t<\/div>","protected":false},"excerpt":{"rendered":"<p>Nous aimons les animaux domestiques et vivons souvent avec eux sous le m\u00eame toit. Malheureusement, ils ne respectent pas toujours nos r\u00e8gles et il arrive l'une ou l'autre m\u00e9saventure, qui entra\u00eene g\u00e9n\u00e9ralement des odeurs persistantes.<\/p>","protected":false},"author":1,"featured_media":483,"parent":0,"menu_order":0,"comment_status":"closed","ping_status":"closed","template":"elementor_header_footer","meta":{"footnotes":""},"class_list":["post-476","page","type-page","status-publish","has-post-thumbnail","hentry"],"_links":{"self":[{"href":"https:\/\/skyvell.com\/fr\/wp-json\/wp\/v2\/pages\/476","targetHints":{"allow":["GET"]}}],"collection":[{"href":"https:\/\/skyvell.com\/fr\/wp-json\/wp\/v2\/pages"}],"about":[{"href":"https:\/\/skyvell.com\/fr\/wp-json\/wp\/v2\/types\/page"}],"author":[{"embeddable":true,"href":"https:\/\/skyvell.com\/fr\/wp-json\/wp\/v2\/users\/1"}],"replies":[{"embeddable":true,"href":"https:\/\/skyvell.com\/fr\/wp-json\/wp\/v2\/comments?post=476"}],"version-history":[{"count":31,"href":"https:\/\/skyvell.com\/fr\/wp-json\/wp\/v2\/pages\/476\/revisions"}],"predecessor-version":[{"id":1315,"href":"https:\/\/skyvell.com\/fr\/wp-json\/wp\/v2\/pages\/476\/revisions\/1315"}],"wp:featuredmedia":[{"embeddable":true,"href":"https:\/\/skyvell.com\/fr\/wp-json\/wp\/v2\/media\/483"}],"wp:attachment":[{"href":"https:\/\/skyvell.com\/fr\/wp-json\/wp\/v2\/media?parent=476"}],"curies":[{"name":"wp","href":"https:\/\/api.w.org\/{rel}","templated":true}]}}