{"id":468,"date":"2024-12-10T07:59:13","date_gmt":"2024-12-10T07:59:13","guid":{"rendered":"https:\/\/skyvell.com\/?page_id=468"},"modified":"2025-08-25T11:22:02","modified_gmt":"2025-08-25T11:22:02","slug":"hotellerie","status":"publish","type":"page","link":"https:\/\/skyvell.com\/fr\/hotellerie\/","title":{"rendered":"H\u00f4tellerie"},"content":{"rendered":"<div data-elementor-type=\"wp-page\" data-elementor-id=\"468\" class=\"elementor elementor-468\" data-elementor-post-type=\"page\">\n\t\t\t\t<div class=\"elementor-element elementor-element-6013fa7a e-flex e-con-boxed e-con e-parent\" data-id=\"6013fa7a\" data-element_type=\"container\" data-e-type=\"container\" data-settings=\"{&quot;jet_parallax_layout_list&quot;:[]}\">\n\t\t\t\t\t<div class=\"e-con-inner\">\n\t\t<div class=\"elementor-element elementor-element-4e57551f e-con-full e-flex e-con e-child\" data-id=\"4e57551f\" data-element_type=\"container\" data-e-type=\"container\" data-settings=\"{&quot;jet_parallax_layout_list&quot;:[]}\">\n\t\t\t\t<div class=\"elementor-element elementor-element-49696517 elementor-widget elementor-widget-image\" data-id=\"49696517\" data-element_type=\"widget\" data-e-type=\"widget\" data-widget_type=\"image.default\">\n\t\t\t\t<div class=\"elementor-widget-container\">\n\t\t\t\t\t\t\t\t\t\t\t\t\t\t\t<img fetchpriority=\"high\" decoding=\"async\" width=\"800\" height=\"360\" src=\"https:\/\/skyvell.com\/wp-content\/uploads\/2024\/12\/Skyvell_bett-1024x461.jpg\" class=\"attachment-large size-large wp-image-471\" alt=\"\" srcset=\"https:\/\/skyvell.com\/wp-content\/uploads\/2024\/12\/Skyvell_bett-1024x461.jpg 1024w, https:\/\/skyvell.com\/wp-content\/uploads\/2024\/12\/Skyvell_bett-300x135.jpg 300w, https:\/\/skyvell.com\/wp-content\/uploads\/2024\/12\/Skyvell_bett-768x346.jpg 768w, https:\/\/skyvell.com\/wp-content\/uploads\/2024\/12\/Skyvell_bett.jpg 1200w\" sizes=\"(max-width: 800px) 100vw, 800px\" \/>\t\t\t\t\t\t\t\t\t\t\t\t\t\t\t<\/div>\n\t\t\t\t<\/div>\n\t\t\t\t<\/div>\n\t\t\t\t\t<\/div>\n\t\t\t\t<\/div>\n\t\t<div class=\"elementor-element elementor-element-320ff363 e-flex e-con-boxed e-con e-parent\" data-id=\"320ff363\" data-element_type=\"container\" data-e-type=\"container\" data-settings=\"{&quot;jet_parallax_layout_list&quot;:[]}\">\n\t\t\t\t\t<div class=\"e-con-inner\">\n\t\t<div class=\"elementor-element elementor-element-51bdc75b e-con-full e-flex e-con e-child\" data-id=\"51bdc75b\" data-element_type=\"container\" data-e-type=\"container\" data-settings=\"{&quot;jet_parallax_layout_list&quot;:[]}\">\n\t\t\t\t<div class=\"elementor-element elementor-element-4bd701af elementor-widget elementor-widget-heading\" data-id=\"4bd701af\" data-element_type=\"widget\" data-e-type=\"widget\" data-widget_type=\"heading.default\">\n\t\t\t\t<div class=\"elementor-widget-container\">\n\t\t\t\t\t<h1 class=\"elementor-heading-title elementor-size-default\">H\u00f4tellerie\n<\/h1>\t\t\t\t<\/div>\n\t\t\t\t<\/div>\n\t\t\t\t<div class=\"elementor-element elementor-element-4ce5ce elementor-widget elementor-widget-heading\" data-id=\"4ce5ce\" data-element_type=\"widget\" data-e-type=\"widget\" data-widget_type=\"heading.default\">\n\t\t\t\t<div class=\"elementor-widget-container\">\n\t\t\t\t\t<h2 class=\"elementor-heading-title elementor-size-default\">De la fra\u00eecheur pour se sentir bien !<\/h2>\t\t\t\t<\/div>\n\t\t\t\t<\/div>\n\t\t\t\t<div class=\"elementor-element elementor-element-77690169 elementor-widget__width-initial elementor-widget elementor-widget-text-editor\" data-id=\"77690169\" data-element_type=\"widget\" data-e-type=\"widget\" data-widget_type=\"text-editor.default\">\n\t\t\t\t<div class=\"elementor-widget-container\">\n\t\t\t\t\t\t\t\t\t<p>Une chambre d'h\u00f4tel, un salon ou un restaurant qui sent mauvais est source de m\u00e9contentement. Des \u00e9valuations n\u00e9gatives s'ensuivent sur diverses plateformes Internet et les clients ne viennent pas. La pi\u00e8ce a pourtant \u00e9t\u00e9 nettoy\u00e9e \u00e0 fond, mais l'odeur r\u00e9appara\u00eet peu de temps apr\u00e8s. Skyvell \u00e9limine rapidement et efficacement les odeurs, avec un pH neutre au niveau mol\u00e9culaire, pour toujours et laisse un parfum agr\u00e9able et discret. Votre client se sentira bien et reviendra volontiers.<\/p>\t\t\t\t\t\t\t\t<\/div>\n\t\t\t\t<\/div>\n\t\t\t\t<\/div>\n\t\t\t\t\t<\/div>\n\t\t\t\t<\/div>\n\t\t<div class=\"elementor-element elementor-element-53f7de1a e-flex e-con-boxed e-con e-parent\" data-id=\"53f7de1a\" data-element_type=\"container\" data-e-type=\"container\" data-settings=\"{&quot;jet_parallax_layout_list&quot;:[]}\">\n\t\t\t\t\t<div class=\"e-con-inner\">\n\t\t<div class=\"elementor-element elementor-element-1ac082eb e-con-full e-flex e-con e-child\" data-id=\"1ac082eb\" data-element_type=\"container\" data-e-type=\"container\" data-settings=\"{&quot;jet_parallax_layout_list&quot;:[]}\">\n\t\t<div class=\"elementor-element elementor-element-138bedf e-con-full e-flex e-con e-child\" data-id=\"138bedf\" data-element_type=\"container\" data-e-type=\"container\" data-settings=\"{&quot;background_background&quot;:&quot;classic&quot;,&quot;jet_parallax_layout_list&quot;:[]}\">\n\t\t\t\t<div class=\"elementor-element elementor-element-6b7aada6 elementor-widget elementor-widget-heading\" data-id=\"6b7aada6\" data-element_type=\"widget\" data-e-type=\"widget\" data-widget_type=\"heading.default\">\n\t\t\t\t<div class=\"elementor-widget-container\">\n\t\t\t\t\t<h2 class=\"elementor-heading-title elementor-size-default\">probl\u00e8me :\n<\/h2>\t\t\t\t<\/div>\n\t\t\t\t<\/div>\n\t\t\t\t<div class=\"elementor-element elementor-element-7cdfd8db elementor-widget elementor-widget-text-editor\" data-id=\"7cdfd8db\" data-element_type=\"widget\" data-e-type=\"widget\" data-widget_type=\"text-editor.default\">\n\t\t\t\t<div class=\"elementor-widget-container\">\n\t\t\t\t\t\t\t\t\t<p>Bien que la plupart des h\u00f4tels interdisent de fumer dans les chambres, il n'est pas rare que des odeurs de renferm\u00e9, caus\u00e9es par la fum\u00e9e ou par des restes de nourriture, se fassent sentir. Les chambres d'h\u00f4tel doivent \u00eatre nettoy\u00e9es \u00e0 grands frais et ne sont g\u00e9n\u00e9ralement pas disponibles imm\u00e9diatement pour la location, ce qui entra\u00eene un manque \u00e0 gagner.<\/p>\t\t\t\t\t\t\t\t<\/div>\n\t\t\t\t<\/div>\n\t\t\t\t<\/div>\n\t\t<div class=\"elementor-element elementor-element-3b1bd4e7 e-con-full e-flex e-con e-child\" data-id=\"3b1bd4e7\" data-element_type=\"container\" data-e-type=\"container\" data-settings=\"{&quot;background_background&quot;:&quot;classic&quot;,&quot;jet_parallax_layout_list&quot;:[]}\">\n\t\t\t\t<div class=\"elementor-element elementor-element-460c637f elementor-widget elementor-widget-heading\" data-id=\"460c637f\" data-element_type=\"widget\" data-e-type=\"widget\" data-widget_type=\"heading.default\">\n\t\t\t\t<div class=\"elementor-widget-container\">\n\t\t\t\t\t<h2 class=\"elementor-heading-title elementor-size-default\">Nous avons la solution :<\/h2>\t\t\t\t<\/div>\n\t\t\t\t<\/div>\n\t\t\t\t<div class=\"elementor-element elementor-element-7379e759 elementor-widget__width-initial elementor-widget elementor-widget-text-editor\" data-id=\"7379e759\" data-element_type=\"widget\" data-e-type=\"widget\" data-widget_type=\"text-editor.default\">\n\t\t\t\t<div class=\"elementor-widget-container\">\n\t\t\t\t\t\t\t\t\tPour la courte p\u00e9riode entre le nettoyage de la chambre et le prochain client, Skyvell rend ici les meilleurs services. Il \u00e9limine imm\u00e9diatement et efficacement les mauvaises odeurs et permet \u00e0 vos h\u00f4tes de se sentir \u00e0 l'aise, de vouloir rester plus longtemps et de revenir \u00e0 coup s\u00fbr.\t\t\t\t\t\t\t\t<\/div>\n\t\t\t\t<\/div>\n\t\t\t\t<\/div>\n\t\t\t\t<\/div>\n\t\t\t\t\t<\/div>\n\t\t\t\t<\/div>\n\t\t<div class=\"elementor-element elementor-element-328e8631 e-flex e-con-boxed e-con e-parent\" data-id=\"328e8631\" data-element_type=\"container\" data-e-type=\"container\" data-settings=\"{&quot;jet_parallax_layout_list&quot;:[]}\">\n\t\t\t\t\t<div class=\"e-con-inner\">\n\t\t<div class=\"elementor-element elementor-element-8e0dfad e-con-full e-flex e-con e-child\" data-id=\"8e0dfad\" data-element_type=\"container\" data-e-type=\"container\" data-settings=\"{&quot;jet_parallax_layout_list&quot;:[]}\">\n\t\t\t\t<div class=\"elementor-element elementor-element-70258375 elementor-widget elementor-widget-heading\" data-id=\"70258375\" data-element_type=\"widget\" data-e-type=\"widget\" data-widget_type=\"heading.default\">\n\t\t\t\t<div class=\"elementor-widget-container\">\n\t\t\t\t\t<h2 class=\"elementor-heading-title elementor-size-default\">Syst\u00e8me Decon Classic Duo comme alternative \u00e0 l'appareil \u00e0 ozone.<\/h2>\t\t\t\t<\/div>\n\t\t\t\t<\/div>\n\t\t\t\t<div class=\"elementor-element elementor-element-77091894 elementor-widget__width-initial elementor-widget elementor-widget-text-editor\" data-id=\"77091894\" data-element_type=\"widget\" data-e-type=\"widget\" data-widget_type=\"text-editor.default\">\n\t\t\t\t<div class=\"elementor-widget-container\">\n\t\t\t\t\t\t\t\t\t<p>L'appareil Decon Classic Duo offre une solution encore plus efficace. Le syst\u00e8me Decon Classic Duo a \u00e9t\u00e9 con\u00e7u pour l'utilisation du d\u00e9sodorisant naturel Skyvell. En tant que syst\u00e8me de dispersion \u00e0 sec, il diffuse de minuscules particules de vapeur s\u00e8che dans la pi\u00e8ce. La vapeur s\u00e8che p\u00e9n\u00e8tre profond\u00e9ment dans les mat\u00e9riaux et combat les mauvaises odeurs de toutes sortes, sur toutes les surfaces, dans l'air et\/ou dans les textiles. L'utilisation est s\u00fbre, sans danger et peut \u00eatre effectu\u00e9e \u00e0 tout moment en pr\u00e9sence de personnes ainsi que d'animaux.<\/p>\t\t\t\t\t\t\t\t<\/div>\n\t\t\t\t<\/div>\n\t\t\t\t<\/div>\n\t\t\t\t\t<\/div>\n\t\t\t\t<\/div>\n\t\t<div class=\"elementor-element elementor-element-69e5e008 e-flex e-con-boxed e-con e-parent\" data-id=\"69e5e008\" data-element_type=\"container\" data-e-type=\"container\" data-settings=\"{&quot;jet_parallax_layout_list&quot;:[]}\">\n\t\t\t\t\t<div class=\"e-con-inner\">\n\t\t<div class=\"elementor-element elementor-element-abbeed4 e-con-full e-flex e-con e-child\" data-id=\"abbeed4\" data-element_type=\"container\" data-e-type=\"container\" data-settings=\"{&quot;jet_parallax_layout_list&quot;:[]}\">\n\t\t\t\t<div class=\"elementor-element elementor-element-1b2d43c0 elementor-widget elementor-widget-heading\" data-id=\"1b2d43c0\" data-element_type=\"widget\" data-e-type=\"widget\" data-widget_type=\"heading.default\">\n\t\t\t\t<div class=\"elementor-widget-container\">\n\t\t\t\t\t<h2 class=\"elementor-heading-title elementor-size-default\">Avantages du syst\u00e8me Decon Classic Duo :<\/h2>\t\t\t\t<\/div>\n\t\t\t\t<\/div>\n\t\t\t\t<div class=\"elementor-element elementor-element-12f8abda elementor-widget__width-initial elementor-widget elementor-widget-text-editor\" data-id=\"12f8abda\" data-element_type=\"widget\" data-e-type=\"widget\" data-widget_type=\"text-editor.default\">\n\t\t\t\t<div class=\"elementor-widget-container\">\n\t\t\t\t\t\t\t\t\t<p>Un large \u00e9ventail d'applications :<br \/>Efficace pour les odeurs telles que la fum\u00e9e, la suie, les moisissures, les produits chimiques, les eaux us\u00e9es, le mazout, les aliments (par exemple le curry), les vomissures, les excr\u00e9ments ou l'urine, et m\u00eame les odeurs de d\u00e9composition.<\/p>\t\t\t\t\t\t\t\t<\/div>\n\t\t\t\t<\/div>\n\t\t\t\t<\/div>\n\t\t\t\t\t<\/div>\n\t\t\t\t<\/div>\n\t\t<div class=\"elementor-element elementor-element-af7c63c e-flex e-con-boxed e-con e-parent\" data-id=\"af7c63c\" data-element_type=\"container\" data-e-type=\"container\" data-settings=\"{&quot;jet_parallax_layout_list&quot;:[]}\">\n\t\t\t\t\t<div class=\"e-con-inner\">\n\t\t<div class=\"elementor-element elementor-element-c72c091 e-con-full e-flex e-con e-child\" data-id=\"c72c091\" data-element_type=\"container\" data-e-type=\"container\" data-settings=\"{&quot;jet_parallax_layout_list&quot;:[]}\">\n\t\t\t\t<div class=\"elementor-element elementor-element-76537d2 elementor-view-default elementor-position-block-start elementor-mobile-position-block-start elementor-widget elementor-widget-icon-box\" data-id=\"76537d2\" data-element_type=\"widget\" data-e-type=\"widget\" data-widget_type=\"icon-box.default\">\n\t\t\t\t<div class=\"elementor-widget-container\">\n\t\t\t\t\t\t\t<div class=\"elementor-icon-box-wrapper\">\n\n\t\t\t\t\t\t<div class=\"elementor-icon-box-icon\">\n\t\t\t\t<span  class=\"elementor-icon\">\n\t\t\t\t<svg aria-hidden=\"true\" class=\"e-font-icon-svg e-fas-car-side\" viewbox=\"0 0 640 512\" xmlns=\"http:\/\/www.w3.org\/2000\/svg\"><path d=\"M544 192h-16L419.22 56.02A64.025 64.025 0 0 0 369.24 32H155.33c-26.17 0-49.7 15.93-59.42 40.23L48 194.26C20.44 201.4 0 226.21 0 256v112c0 8.84 7.16 16 16 16h48c0 53.02 42.98 96 96 96s96-42.98 96-96h128c0 53.02 42.98 96 96 96s96-42.98 96-96h48c8.84 0 16-7.16 16-16v-80c0-53.02-42.98-96-96-96zM160 432c-26.47 0-48-21.53-48-48s21.53-48 48-48 48 21.53 48 48-21.53 48-48 48zm72-240H116.93l38.4-96H232v96zm48 0V96h89.24l76.8 96H280zm200 240c-26.47 0-48-21.53-48-48s21.53-48 48-48 48 21.53 48 48-21.53 48-48 48z\"><\/path><\/svg>\t\t\t\t<\/span>\n\t\t\t<\/div>\n\t\t\t\n\t\t\t\t\t\t<div class=\"elementor-icon-box-content\">\n\n\t\t\t\t\t\t\t\t\t<h3 class=\"elementor-icon-box-title\">\n\t\t\t\t\t\t<span  >\n\t\t\t\t\t\t\tMobile\t\t\t\t\t\t<\/span>\n\t\t\t\t\t<\/h3>\n\t\t\t\t\n\t\t\t\t\t\t\t\t\t<p class=\"elementor-icon-box-description\">\n\t\t\t\t\t\tGr\u00e2ce aux roulettes, il est facile \u00e0 d\u00e9placer, par exemple entre les chambres d'h\u00f4tel.\n\n\t\t\t\t\t<\/p>\n\t\t\t\t\n\t\t\t<\/div>\n\t\t\t\n\t\t<\/div>\n\t\t\t\t\t\t<\/div>\n\t\t\t\t<\/div>\n\t\t\t\t<\/div>\n\t\t<div class=\"elementor-element elementor-element-7dd7624 e-con-full e-flex e-con e-child\" data-id=\"7dd7624\" data-element_type=\"container\" data-e-type=\"container\" data-settings=\"{&quot;jet_parallax_layout_list&quot;:[]}\">\n\t\t\t\t<div class=\"elementor-element elementor-element-1fa3763 elementor-view-default elementor-position-block-start elementor-mobile-position-block-start elementor-widget elementor-widget-icon-box\" data-id=\"1fa3763\" data-element_type=\"widget\" data-e-type=\"widget\" data-widget_type=\"icon-box.default\">\n\t\t\t\t<div class=\"elementor-widget-container\">\n\t\t\t\t\t\t\t<div class=\"elementor-icon-box-wrapper\">\n\n\t\t\t\t\t\t<div class=\"elementor-icon-box-icon\">\n\t\t\t\t<span  class=\"elementor-icon\">\n\t\t\t\t<svg aria-hidden=\"true\" class=\"e-font-icon-svg e-far-smile\" viewbox=\"0 0 496 512\" xmlns=\"http:\/\/www.w3.org\/2000\/svg\"><path d=\"M248 8C111 8 0 119 0 256s111 248 248 248 248-111 248-248S385 8 248 8zm0 448c-110.3 0-200-89.7-200-200S137.7 56 248 56s200 89.7 200 200-89.7 200-200 200zm-80-216c17.7 0 32-14.3 32-32s-14.3-32-32-32-32 14.3-32 32 14.3 32 32 32zm160 0c17.7 0 32-14.3 32-32s-14.3-32-32-32-32 14.3-32 32 14.3 32 32 32zm4 72.6c-20.8 25-51.5 39.4-84 39.4s-63.2-14.3-84-39.4c-8.5-10.2-23.7-11.5-33.8-3.1-10.2 8.5-11.5 23.6-3.1 33.8 30 36 74.1 56.6 120.9 56.6s90.9-20.6 120.9-56.6c8.5-10.2 7.1-25.3-3.1-33.8-10.1-8.4-25.3-7.1-33.8 3.1z\"><\/path><\/svg>\t\t\t\t<\/span>\n\t\t\t<\/div>\n\t\t\t\n\t\t\t\t\t\t<div class=\"elementor-icon-box-content\">\n\n\t\t\t\t\t\t\t\t\t<h3 class=\"elementor-icon-box-title\">\n\t\t\t\t\t\t<span  >\n\t\t\t\t\t\t\tConvivial\t\t\t\t\t\t<\/span>\n\t\t\t\t\t<\/h3>\n\t\t\t\t\n\t\t\t\t\t\t\t\t\t<p class=\"elementor-icon-box-description\">\n\t\t\t\t\t\tRetirez le couvercle de l'ouverture de remplissage et remplissez le r\u00e9cipient. Remettez le couvercle en place et allumez l'appareil. C'est termin\u00e9.\n\t\t\t\t\t<\/p>\n\t\t\t\t\n\t\t\t<\/div>\n\t\t\t\n\t\t<\/div>\n\t\t\t\t\t\t<\/div>\n\t\t\t\t<\/div>\n\t\t\t\t<\/div>\n\t\t<div class=\"elementor-element elementor-element-8ee98dc e-con-full e-flex e-con e-child\" data-id=\"8ee98dc\" data-element_type=\"container\" data-e-type=\"container\" data-settings=\"{&quot;jet_parallax_layout_list&quot;:[]}\">\n\t\t\t\t<div class=\"elementor-element elementor-element-7895bc8 elementor-view-default elementor-position-block-start elementor-mobile-position-block-start elementor-widget elementor-widget-icon-box\" data-id=\"7895bc8\" data-element_type=\"widget\" data-e-type=\"widget\" data-widget_type=\"icon-box.default\">\n\t\t\t\t<div class=\"elementor-widget-container\">\n\t\t\t\t\t\t\t<div class=\"elementor-icon-box-wrapper\">\n\n\t\t\t\t\t\t<div class=\"elementor-icon-box-icon\">\n\t\t\t\t<span  class=\"elementor-icon\">\n\t\t\t\t<svg aria-hidden=\"true\" class=\"e-font-icon-svg e-fas-rocket\" viewbox=\"0 0 512 512\" xmlns=\"http:\/\/www.w3.org\/2000\/svg\"><path d=\"M505.12019,19.09375c-1.18945-5.53125-6.65819-11-12.207-12.1875C460.716,0,435.507,0,410.40747,0,307.17523,0,245.26909,55.20312,199.05238,128H94.83772c-16.34763.01562-35.55658,11.875-42.88664,26.48438L2.51562,253.29688A28.4,28.4,0,0,0,0,264a24.00867,24.00867,0,0,0,24.00582,24H127.81618l-22.47457,22.46875c-11.36521,11.36133-12.99607,32.25781,0,45.25L156.24582,406.625c11.15623,11.1875,32.15619,13.15625,45.27726,0l22.47457-22.46875V488a24.00867,24.00867,0,0,0,24.00581,24,28.55934,28.55934,0,0,0,10.707-2.51562l98.72834-49.39063c14.62888-7.29687,26.50776-26.5,26.50776-42.85937V312.79688c72.59753-46.3125,128.03493-108.40626,128.03493-211.09376C512.07526,76.5,512.07526,51.29688,505.12019,19.09375ZM384.04033,168A40,40,0,1,1,424.05,128,40.02322,40.02322,0,0,1,384.04033,168Z\"><\/path><\/svg>\t\t\t\t<\/span>\n\t\t\t<\/div>\n\t\t\t\n\t\t\t\t\t\t<div class=\"elementor-icon-box-content\">\n\n\t\t\t\t\t\t\t\t\t<h3 class=\"elementor-icon-box-title\">\n\t\t\t\t\t\t<span  >\n\t\t\t\t\t\t\tRapide, s\u00fbr &amp; bon march\u00e9\t\t\t\t\t\t<\/span>\n\t\t\t\t\t<\/h3>\n\t\t\t\t\n\t\t\t\t\t\t\t\t\t<p class=\"elementor-icon-box-description\">\n\t\t\t\t\t\tLe syst\u00e8me Decon Classic Duo et Skyvell est plus s\u00fbr \u00e0 utiliser qu'un ozonateur et plus rapide qu'un g\u00e9n\u00e9rateur d'hydroxyle. La zone \u00e0 traiter ne doit pas \u00eatre exempte d'\u00eatres vivants pendant l'utilisation du syst\u00e8me Decon Classic Duo.\t\t\t\t\t<\/p>\n\t\t\t\t\n\t\t\t<\/div>\n\t\t\t\n\t\t<\/div>\n\t\t\t\t\t\t<\/div>\n\t\t\t\t<\/div>\n\t\t\t\t<\/div>\n\t\t\t\t\t<\/div>\n\t\t\t\t<\/div>\n\t\t<div class=\"elementor-element elementor-element-a444f6e e-flex e-con-boxed e-con e-parent\" data-id=\"a444f6e\" data-element_type=\"container\" data-e-type=\"container\" data-settings=\"{&quot;jet_parallax_layout_list&quot;:[]}\">\n\t\t\t\t\t<div class=\"e-con-inner\">\n\t\t<div class=\"elementor-element elementor-element-9831e8d e-con-full e-flex e-con e-child\" data-id=\"9831e8d\" data-element_type=\"container\" data-e-type=\"container\" data-settings=\"{&quot;jet_parallax_layout_list&quot;:[]}\">\n\t\t\t\t<div class=\"elementor-element elementor-element-c1e385f elementor-widget elementor-widget-heading\" data-id=\"c1e385f\" data-element_type=\"widget\" data-e-type=\"widget\" data-widget_type=\"heading.default\">\n\t\t\t\t<div class=\"elementor-widget-container\">\n\t\t\t\t\t<h2 class=\"elementor-heading-title elementor-size-default\">La comparaison <\/h2>\t\t\t\t<\/div>\n\t\t\t\t<\/div>\n\t\t\t\t<div class=\"elementor-element elementor-element-c5ec1f3 elementor-widget__width-initial elementor-widget elementor-widget-text-editor\" data-id=\"c5ec1f3\" data-element_type=\"widget\" data-e-type=\"widget\" data-widget_type=\"text-editor.default\">\n\t\t\t\t<div class=\"elementor-widget-container\">\n\t\t\t\t\t\t\t\t\t<p>Les appareils \u00e0 ozone traditionnels, utilis\u00e9s aujourd'hui dans de nombreux h\u00f4tels, ne peuvent pas rivaliser avec nos solutions pour des raisons de temps et de sant\u00e9. En principe, il est pr\u00e9f\u00e9rable de ne pas \u00e9liminer les mauvaises odeurs avec un purificateur d'air g\u00e9n\u00e9rant de l'ozone (g\u00e9n\u00e9rateur d'ozone). Les connaissances scientifiques montrent que l'ozone se combine par exemple avec la nicotine et d'autres composants de la fum\u00e9e de cigarette pour former des a\u00e9rosols contenant des poussi\u00e8res fines qui peuvent p\u00e9n\u00e9trer dans les plus petites voies respiratoires. L'ozone est un gaz irritant et ne devrait donc pas \u00eatre utilis\u00e9 pour \u00e9liminer les odeurs pour les raisons susmentionn\u00e9es.<\/p>\t\t\t\t\t\t\t\t<\/div>\n\t\t\t\t<\/div>\n\t\t\t\t<\/div>\n\t\t\t\t\t<\/div>\n\t\t\t\t<\/div>\n\t\t<div class=\"elementor-element elementor-element-71af3f1f e-flex e-con-boxed e-con e-parent\" data-id=\"71af3f1f\" data-element_type=\"container\" data-e-type=\"container\" data-settings=\"{&quot;jet_parallax_layout_list&quot;:[]}\">\n\t\t\t\t\t<div class=\"e-con-inner\">\n\t\t<div class=\"elementor-element elementor-element-71ae5c85 e-con-full e-flex e-con e-child\" data-id=\"71ae5c85\" data-element_type=\"container\" data-e-type=\"container\" data-settings=\"{&quot;jet_parallax_layout_list&quot;:[]}\">\n\t\t\t\t<div class=\"elementor-element elementor-element-56a61cb8 elementor-position-top elementor-widget elementor-widget-image-box\" data-id=\"56a61cb8\" data-element_type=\"widget\" data-e-type=\"widget\" data-widget_type=\"image-box.default\">\n\t\t\t\t<div class=\"elementor-widget-container\">\n\t\t\t\t\t<div class=\"elementor-image-box-wrapper\"><figure class=\"elementor-image-box-img\"><a href=\"https:\/\/skyvell.com\/wp-content\/uploads\/2025\/01\/Skyvell_HotelGastronomie_FR_v5.pdf\" target=\"_blank\" tabindex=\"-1\"><img decoding=\"async\" width=\"300\" height=\"423\" src=\"https:\/\/skyvell.com\/wp-content\/uploads\/2024\/12\/Skyvell_Brochure_bett.jpg\" class=\"attachment-full size-full wp-image-472\" alt=\"\" srcset=\"https:\/\/skyvell.com\/wp-content\/uploads\/2024\/12\/Skyvell_Brochure_bett.jpg 300w, https:\/\/skyvell.com\/wp-content\/uploads\/2024\/12\/Skyvell_Brochure_bett-213x300.jpg 213w\" sizes=\"(max-width: 300px) 100vw, 300px\" \/><\/a><\/figure><div class=\"elementor-image-box-content\"><h3 class=\"elementor-image-box-title\"><a href=\"https:\/\/skyvell.com\/wp-content\/uploads\/2025\/01\/Skyvell_HotelGastronomie_FR_v5.pdf\" target=\"_blank\">T\u00e9l\u00e9chargement<\/a><\/h3><p class=\"elementor-image-box-description\">Brochure H\u00f4tellerie &amp; Restauration<\/p><\/div><\/div>\t\t\t\t<\/div>\n\t\t\t\t<\/div>\n\t\t\t\t<\/div>\n\t\t\t\t\t<\/div>\n\t\t\t\t<\/div>\n\t\t\t\t<\/div>","protected":false},"excerpt":{"rendered":"<p>Hotellerie Frische zum Wohlf\u00fchlen! Ein schlecht riechendes Hotelzimmer, Lounge oder Restaurant sorgt f\u00fcr Unzufriedenheit. Es folgen negative Bewertungen auf diversen Internet-Plattformen und die G\u00e4ste bleiben aus. Dabei wurde der Raum doch gr\u00fcndlich gereinigt \u2013 trotzdem ist der Geruch nach kurzer Zeit wieder da. Skyvell eliminiert schnell sowie wirksam Ger\u00fcche, pH-neutral auf molekularer Ebene f\u00fcr immer [&hellip;]<\/p>\n","protected":false},"author":1,"featured_media":0,"parent":0,"menu_order":0,"comment_status":"closed","ping_status":"closed","template":"elementor_header_footer","meta":{"footnotes":""},"class_list":["post-468","page","type-page","status-publish","hentry"],"_links":{"self":[{"href":"https:\/\/skyvell.com\/fr\/wp-json\/wp\/v2\/pages\/468","targetHints":{"allow":["GET"]}}],"collection":[{"href":"https:\/\/skyvell.com\/fr\/wp-json\/wp\/v2\/pages"}],"about":[{"href":"https:\/\/skyvell.com\/fr\/wp-json\/wp\/v2\/types\/page"}],"author":[{"embeddable":true,"href":"https:\/\/skyvell.com\/fr\/wp-json\/wp\/v2\/users\/1"}],"replies":[{"embeddable":true,"href":"https:\/\/skyvell.com\/fr\/wp-json\/wp\/v2\/comments?post=468"}],"version-history":[{"count":13,"href":"https:\/\/skyvell.com\/fr\/wp-json\/wp\/v2\/pages\/468\/revisions"}],"predecessor-version":[{"id":1319,"href":"https:\/\/skyvell.com\/fr\/wp-json\/wp\/v2\/pages\/468\/revisions\/1319"}],"wp:attachment":[{"href":"https:\/\/skyvell.com\/fr\/wp-json\/wp\/v2\/media?parent=468"}],"curies":[{"name":"wp","href":"https:\/\/api.w.org\/{rel}","templated":true}]}}