{"id":426,"date":"2024-12-10T07:17:44","date_gmt":"2024-12-10T07:17:44","guid":{"rendered":"https:\/\/skyvell.com\/?page_id=426"},"modified":"2024-12-10T07:22:46","modified_gmt":"2024-12-10T07:22:46","slug":"automobile","status":"publish","type":"page","link":"https:\/\/skyvell.com\/fr\/automotive\/","title":{"rendered":"Automobile"},"content":{"rendered":"<div data-elementor-type=\"wp-page\" data-elementor-id=\"426\" class=\"elementor elementor-426\" data-elementor-post-type=\"page\">\n\t\t\t\t<div class=\"elementor-element elementor-element-2305a3a2 e-flex e-con-boxed e-con e-parent\" data-id=\"2305a3a2\" data-element_type=\"container\" data-e-type=\"container\" data-settings=\"{&quot;jet_parallax_layout_list&quot;:[]}\">\n\t\t\t\t\t<div class=\"e-con-inner\">\n\t\t<div class=\"elementor-element elementor-element-2902f6d5 e-con-full e-flex e-con e-child\" data-id=\"2902f6d5\" data-element_type=\"container\" data-e-type=\"container\" data-settings=\"{&quot;jet_parallax_layout_list&quot;:[]}\">\n\t\t\t\t<div class=\"elementor-element elementor-element-79c2c6d6 elementor-widget elementor-widget-image\" data-id=\"79c2c6d6\" data-element_type=\"widget\" data-e-type=\"widget\" data-widget_type=\"image.default\">\n\t\t\t\t<div class=\"elementor-widget-container\">\n\t\t\t\t\t\t\t\t\t\t\t\t\t\t\t<img fetchpriority=\"high\" decoding=\"async\" width=\"800\" height=\"360\" src=\"https:\/\/skyvell.com\/wp-content\/uploads\/2024\/12\/Skyvell_automotive-1024x461.jpg\" class=\"attachment-large size-large wp-image-429\" alt=\"\" srcset=\"https:\/\/skyvell.com\/wp-content\/uploads\/2024\/12\/Skyvell_automotive-1024x461.jpg 1024w, https:\/\/skyvell.com\/wp-content\/uploads\/2024\/12\/Skyvell_automotive-300x135.jpg 300w, https:\/\/skyvell.com\/wp-content\/uploads\/2024\/12\/Skyvell_automotive-768x346.jpg 768w, https:\/\/skyvell.com\/wp-content\/uploads\/2024\/12\/Skyvell_automotive.jpg 1200w\" sizes=\"(max-width: 800px) 100vw, 800px\" \/>\t\t\t\t\t\t\t\t\t\t\t\t\t\t\t<\/div>\n\t\t\t\t<\/div>\n\t\t\t\t<\/div>\n\t\t\t\t\t<\/div>\n\t\t\t\t<\/div>\n\t\t<div class=\"elementor-element elementor-element-74f2be1e e-flex e-con-boxed e-con e-parent\" data-id=\"74f2be1e\" data-element_type=\"container\" data-e-type=\"container\" data-settings=\"{&quot;jet_parallax_layout_list&quot;:[]}\">\n\t\t\t\t\t<div class=\"e-con-inner\">\n\t\t<div class=\"elementor-element elementor-element-492b49bb e-con-full e-flex e-con e-child\" data-id=\"492b49bb\" data-element_type=\"container\" data-e-type=\"container\" data-settings=\"{&quot;jet_parallax_layout_list&quot;:[]}\">\n\t\t\t\t<div class=\"elementor-element elementor-element-f8dbea1 elementor-widget elementor-widget-heading\" data-id=\"f8dbea1\" data-element_type=\"widget\" data-e-type=\"widget\" data-widget_type=\"heading.default\">\n\t\t\t\t<div class=\"elementor-widget-container\">\n\t\t\t\t\t<h2 class=\"elementor-heading-title elementor-size-default\">Automobile<\/h2>\t\t\t\t<\/div>\n\t\t\t\t<\/div>\n\t\t\t\t<div class=\"elementor-element elementor-element-c8a3c4a elementor-widget__width-initial elementor-widget elementor-widget-text-editor\" data-id=\"c8a3c4a\" data-element_type=\"widget\" data-e-type=\"widget\" data-widget_type=\"text-editor.default\">\n\t\t\t\t<div class=\"elementor-widget-container\">\n\t\t\t\t\t\t\t\t\tIl y a des voitures dans lesquelles on ne veut s'asseoir qu'avec une pince \u00e0 linge sur le nez. Personne n'a envie d'acheter une telle voiture, ni de la louer, et encore moins de l'avoir pour soi.\t\t\t\t\t\t\t\t<\/div>\n\t\t\t\t<\/div>\n\t\t\t\t<\/div>\n\t\t\t\t\t<\/div>\n\t\t\t\t<\/div>\n\t\t<div class=\"elementor-element elementor-element-2476c637 e-flex e-con-boxed e-con e-parent\" data-id=\"2476c637\" data-element_type=\"container\" data-e-type=\"container\" data-settings=\"{&quot;jet_parallax_layout_list&quot;:[]}\">\n\t\t\t\t\t<div class=\"e-con-inner\">\n\t\t<div class=\"elementor-element elementor-element-47962dd0 e-con-full e-flex e-con e-child\" data-id=\"47962dd0\" data-element_type=\"container\" data-e-type=\"container\" data-settings=\"{&quot;jet_parallax_layout_list&quot;:[]}\">\n\t\t\t\t<div class=\"elementor-element elementor-element-24e56fe elementor-widget elementor-widget-heading\" data-id=\"24e56fe\" data-element_type=\"widget\" data-e-type=\"widget\" data-widget_type=\"heading.default\">\n\t\t\t\t<div class=\"elementor-widget-container\">\n\t\t\t\t\t<h2 class=\"elementor-heading-title elementor-size-default\">Nous avons la solution :<\/h2>\t\t\t\t<\/div>\n\t\t\t\t<\/div>\n\t\t\t\t<div class=\"elementor-element elementor-element-1b7feb61 elementor-widget__width-initial elementor-widget elementor-widget-text-editor\" data-id=\"1b7feb61\" data-element_type=\"widget\" data-e-type=\"widget\" data-widget_type=\"text-editor.default\">\n\t\t\t\t<div class=\"elementor-widget-container\">\n\t\t\t\t\t\t\t\t\tVaporisez le ciel de pavillon, les si\u00e8ges, les tapis, le coffre \u00e0 bagages et l'unit\u00e9 de ventilation\/ventilateur (si l'odeur est extr\u00eamement forte, vaporisez plusieurs fois par le capot dans le dispositif d'aspiration du ventilateur de l'habitacle). Toutes les mauvaises odeurs sont imm\u00e9diatement et d\u00e9finitivement \u00e9limin\u00e9es au niveau mol\u00e9culaire. La voiture est maintenant pr\u00eate \u00e0 \u00eatre vendue ou lou\u00e9e.\t\t\t\t\t\t\t\t<\/div>\n\t\t\t\t<\/div>\n\t\t\t\t<\/div>\n\t\t\t\t\t<\/div>\n\t\t\t\t<\/div>\n\t\t<div class=\"elementor-element elementor-element-551ffc3 e-flex e-con-boxed e-con e-parent\" data-id=\"551ffc3\" data-element_type=\"container\" data-e-type=\"container\" data-settings=\"{&quot;jet_parallax_layout_list&quot;:[]}\">\n\t\t\t\t\t<div class=\"e-con-inner\">\n\t\t<div class=\"elementor-element elementor-element-284571cb e-con-full e-flex e-con e-child\" data-id=\"284571cb\" data-element_type=\"container\" data-e-type=\"container\" data-settings=\"{&quot;jet_parallax_layout_list&quot;:[]}\">\n\t\t\t\t<div class=\"elementor-element elementor-element-26c7a375 elementor-widget elementor-widget-heading\" data-id=\"26c7a375\" data-element_type=\"widget\" data-e-type=\"widget\" data-widget_type=\"heading.default\">\n\t\t\t\t<div class=\"elementor-widget-container\">\n\t\t\t\t\t<h2 class=\"elementor-heading-title elementor-size-default\">Vos gains :<\/h2>\t\t\t\t<\/div>\n\t\t\t\t<\/div>\n\t\t\t\t<div class=\"elementor-element elementor-element-22765bb1 elementor-widget__width-initial elementor-widget elementor-widget-text-editor\" data-id=\"22765bb1\" data-element_type=\"widget\" data-e-type=\"widget\" data-widget_type=\"text-editor.default\">\n\t\t\t\t<div class=\"elementor-widget-container\">\n\t\t\t\t\t\t\t\t\tTout environnement ne devient compl\u00e8tement propre que lorsque les mauvaises odeurs disparaissent \u00e9galement. Skyvell contribue de mani\u00e8re significative \u00e0 la propret\u00e9 en \u00e9liminant efficacement les mauvaises odeurs de toutes sortes.\t\t\t\t\t\t\t\t<\/div>\n\t\t\t\t<\/div>\n\t\t\t\t<\/div>\n\t\t\t\t\t<\/div>\n\t\t\t\t<\/div>\n\t\t\t\t<\/div>","protected":false},"excerpt":{"rendered":"<p>Automotive Es gibt Autos, in die man sich nur mit einer W\u00e4scheklammer auf der Nase hineinsetzen m\u00f6chte. So ein Auto will keiner kaufen und auch nicht mieten, geschweige denn sein Eigen nennen. Wir haben die L\u00f6sung: Bespr\u00fchen Sie den Dachhimmel, die Sitze, Teppiche, Gep\u00e4ckraum und L\u00fcftungs-\/Gebl\u00e4seeinheit (bei extrem starken Geruch sollten Sie mehrfach \u00fcber die [&hellip;]<\/p>\n","protected":false},"author":1,"featured_media":0,"parent":0,"menu_order":0,"comment_status":"closed","ping_status":"closed","template":"elementor_header_footer","meta":{"footnotes":""},"class_list":["post-426","page","type-page","status-publish","hentry"],"_links":{"self":[{"href":"https:\/\/skyvell.com\/fr\/wp-json\/wp\/v2\/pages\/426","targetHints":{"allow":["GET"]}}],"collection":[{"href":"https:\/\/skyvell.com\/fr\/wp-json\/wp\/v2\/pages"}],"about":[{"href":"https:\/\/skyvell.com\/fr\/wp-json\/wp\/v2\/types\/page"}],"author":[{"embeddable":true,"href":"https:\/\/skyvell.com\/fr\/wp-json\/wp\/v2\/users\/1"}],"replies":[{"embeddable":true,"href":"https:\/\/skyvell.com\/fr\/wp-json\/wp\/v2\/comments?post=426"}],"version-history":[{"count":10,"href":"https:\/\/skyvell.com\/fr\/wp-json\/wp\/v2\/pages\/426\/revisions"}],"predecessor-version":[{"id":438,"href":"https:\/\/skyvell.com\/fr\/wp-json\/wp\/v2\/pages\/426\/revisions\/438"}],"wp:attachment":[{"href":"https:\/\/skyvell.com\/fr\/wp-json\/wp\/v2\/media?parent=426"}],"curies":[{"name":"wp","href":"https:\/\/api.w.org\/{rel}","templated":true}]}}