{"id":350,"date":"2024-12-09T14:37:04","date_gmt":"2024-12-09T14:37:04","guid":{"rendered":"https:\/\/skyvell.com\/?page_id=350"},"modified":"2025-03-03T08:32:23","modified_gmt":"2025-03-03T08:32:23","slug":"multi-usage","status":"publish","type":"page","link":"https:\/\/skyvell.com\/fr\/multi-use\/","title":{"rendered":"Multi-usage"},"content":{"rendered":"<div data-elementor-type=\"wp-page\" data-elementor-id=\"350\" class=\"elementor elementor-350\" data-elementor-post-type=\"page\">\n\t\t\t\t<div class=\"elementor-element elementor-element-6a1e7743 e-flex e-con-boxed e-con e-parent\" data-id=\"6a1e7743\" data-element_type=\"container\" data-e-type=\"container\" data-settings=\"{&quot;jet_parallax_layout_list&quot;:[]}\">\n\t\t\t\t\t<div class=\"e-con-inner\">\n\t\t<div class=\"elementor-element elementor-element-17186f8d e-con-full e-flex e-con e-child\" data-id=\"17186f8d\" data-element_type=\"container\" data-e-type=\"container\" data-settings=\"{&quot;background_background&quot;:&quot;gradient&quot;,&quot;jet_parallax_layout_list&quot;:[]}\">\n\t\t<div class=\"elementor-element elementor-element-7463a9cc e-con-full e-flex e-con e-child\" data-id=\"7463a9cc\" data-element_type=\"container\" data-e-type=\"container\" data-settings=\"{&quot;jet_parallax_layout_list&quot;:[]}\">\n\t\t\t\t<div class=\"elementor-element elementor-element-4a97481d elementor-widget elementor-widget-heading\" data-id=\"4a97481d\" data-element_type=\"widget\" data-e-type=\"widget\" data-widget_type=\"heading.default\">\n\t\t\t\t<div class=\"elementor-widget-container\">\n\t\t\t\t\t<h1 class=\"elementor-heading-title elementor-size-default\">Skyvell Multi Use<\/h1>\t\t\t\t<\/div>\n\t\t\t\t<\/div>\n\t\t\t\t<div class=\"elementor-element elementor-element-22f5ceb elementor-widget elementor-widget-heading\" data-id=\"22f5ceb\" data-element_type=\"widget\" data-e-type=\"widget\" data-widget_type=\"heading.default\">\n\t\t\t\t<div class=\"elementor-widget-container\">\n\t\t\t\t\t<h2 class=\"elementor-heading-title elementor-size-default\">neutraliseur d'odeurs \u00e0 base d'huiles essentielles naturelles<\/h2>\t\t\t\t<\/div>\n\t\t\t\t<\/div>\n\t\t<div class=\"elementor-element elementor-element-587d1c7d e-con-full e-flex e-con e-child\" data-id=\"587d1c7d\" data-element_type=\"container\" data-e-type=\"container\" data-settings=\"{&quot;jet_parallax_layout_list&quot;:[]}\">\n\t\t<div class=\"elementor-element elementor-element-18a66ca e-con-full e-flex e-con e-child\" data-id=\"18a66ca\" data-element_type=\"container\" data-e-type=\"container\" data-settings=\"{&quot;jet_parallax_layout_list&quot;:[]}\">\n\t\t\t\t<div class=\"elementor-element elementor-element-65ecdf elementor-widget elementor-widget-image\" data-id=\"65ecdf\" data-element_type=\"widget\" data-e-type=\"widget\" data-widget_type=\"image.default\">\n\t\t\t\t<div class=\"elementor-widget-container\">\n\t\t\t\t\t\t\t\t\t\t\t\t\t\t\t<img fetchpriority=\"high\" decoding=\"async\" width=\"800\" height=\"451\" src=\"https:\/\/skyvell.com\/wp-content\/uploads\/2024\/09\/AIRLABEL_SCORE-PRO-COULEUR-A-1024x577.png\" class=\"attachment-large size-large wp-image-38\" alt=\"\" srcset=\"https:\/\/skyvell.com\/wp-content\/uploads\/2024\/09\/AIRLABEL_SCORE-PRO-COULEUR-A-1024x577.png 1024w, https:\/\/skyvell.com\/wp-content\/uploads\/2024\/09\/AIRLABEL_SCORE-PRO-COULEUR-A-300x169.png 300w, https:\/\/skyvell.com\/wp-content\/uploads\/2024\/09\/AIRLABEL_SCORE-PRO-COULEUR-A-768x433.png 768w, https:\/\/skyvell.com\/wp-content\/uploads\/2024\/09\/AIRLABEL_SCORE-PRO-COULEUR-A-1536x865.png 1536w, https:\/\/skyvell.com\/wp-content\/uploads\/2024\/09\/AIRLABEL_SCORE-PRO-COULEUR-A.png 1919w\" sizes=\"(max-width: 800px) 100vw, 800px\" \/>\t\t\t\t\t\t\t\t\t\t\t\t\t\t\t<\/div>\n\t\t\t\t<\/div>\n\t\t\t\t<\/div>\n\t\t<div class=\"elementor-element elementor-element-6fb20718 e-con-full e-flex e-con e-child\" data-id=\"6fb20718\" data-element_type=\"container\" data-e-type=\"container\" data-settings=\"{&quot;jet_parallax_layout_list&quot;:[]}\">\n\t\t\t\t<div class=\"elementor-element elementor-element-1069eeb8 elementor-widget elementor-widget-text-editor\" data-id=\"1069eeb8\" data-element_type=\"widget\" data-e-type=\"widget\" data-widget_type=\"text-editor.default\">\n\t\t\t\t<div class=\"elementor-widget-container\">\n\t\t\t\t\t\t\t\t\t<p><span class=\"s1\">Meilleure note pour Skyvell gel et spray<span class=\"Apple-converted-space\">,\u00a0<\/span><\/span><span class=\"s1\">Label de qualit\u00e9\u00a0<\/span><span class=\"s2\">Air Label Score A+ Professional.\u00a0<\/span><span class=\"s2\">A+\u00a0<\/span><span class=\"s1\">est synonyme de tr\u00e8s faibles \u00e9missions dans l'air ambiant. Lire la suite\u00a0<a href=\"https:\/\/air-label.com\/de\/das-label\/grundlage-dieses-labels\" target=\"_blank\" rel=\"noopener\" data-wplink-edit=\"true\"><span class=\"s3\">ici.<\/span><\/a><\/span><\/p>\t\t\t\t\t\t\t\t<\/div>\n\t\t\t\t<\/div>\n\t\t\t\t<\/div>\n\t\t\t\t<\/div>\n\t\t\t\t<\/div>\n\t\t<div class=\"elementor-element elementor-element-18e8ae80 e-con-full e-flex e-con e-child\" data-id=\"18e8ae80\" data-element_type=\"container\" data-e-type=\"container\" data-settings=\"{&quot;jet_parallax_layout_list&quot;:[]}\">\n\t\t\t\t<div class=\"elementor-element elementor-element-77fca011 elementor-widget elementor-widget-image\" data-id=\"77fca011\" data-element_type=\"widget\" data-e-type=\"widget\" data-widget_type=\"image.default\">\n\t\t\t\t<div class=\"elementor-widget-container\">\n\t\t\t\t\t\t\t\t\t\t\t\t\t\t\t<img decoding=\"async\" width=\"700\" height=\"910\" src=\"https:\/\/skyvell.com\/wp-content\/uploads\/2024\/12\/SKYVELL_MU_DF.png\" class=\"attachment-large size-large wp-image-285\" alt=\"\" srcset=\"https:\/\/skyvell.com\/wp-content\/uploads\/2024\/12\/SKYVELL_MU_DF.png 700w, https:\/\/skyvell.com\/wp-content\/uploads\/2024\/12\/SKYVELL_MU_DF-231x300.png 231w\" sizes=\"(max-width: 700px) 100vw, 700px\" \/>\t\t\t\t\t\t\t\t\t\t\t\t\t\t\t<\/div>\n\t\t\t\t<\/div>\n\t\t\t\t<\/div>\n\t\t\t\t<\/div>\n\t\t\t\t\t<\/div>\n\t\t\t\t<\/div>\n\t\t<div class=\"elementor-element elementor-element-286de35c e-flex e-con-boxed e-con e-parent\" data-id=\"286de35c\" data-element_type=\"container\" data-e-type=\"container\" data-settings=\"{&quot;jet_parallax_layout_list&quot;:[]}\">\n\t\t\t\t\t<div class=\"e-con-inner\">\n\t\t<div class=\"elementor-element elementor-element-2fa92dba e-con-full e-flex e-con e-child\" data-id=\"2fa92dba\" data-element_type=\"container\" data-e-type=\"container\" data-settings=\"{&quot;jet_parallax_layout_list&quot;:[]}\">\n\t\t<div class=\"elementor-element elementor-element-11d74ec6 e-con-full e-flex e-con e-child\" data-id=\"11d74ec6\" data-element_type=\"container\" data-e-type=\"container\" data-settings=\"{&quot;jet_parallax_layout_list&quot;:[]}\">\n\t\t\t\t<div class=\"elementor-element elementor-element-71fe6430 elementor-widget elementor-widget-heading\" data-id=\"71fe6430\" data-element_type=\"widget\" data-e-type=\"widget\" data-widget_type=\"heading.default\">\n\t\t\t\t<div class=\"elementor-widget-container\">\n\t\t\t\t\t<h2 class=\"elementor-heading-title elementor-size-default\">Skyvell Multi Use<\/h2>\t\t\t\t<\/div>\n\t\t\t\t<\/div>\n\t\t\t\t<div class=\"elementor-element elementor-element-21c1e163 elementor-widget elementor-widget-heading\" data-id=\"21c1e163\" data-element_type=\"widget\" data-e-type=\"widget\" data-widget_type=\"heading.default\">\n\t\t\t\t<div class=\"elementor-widget-container\">\n\t\t\t\t\t<h2 class=\"elementor-heading-title elementor-size-default\">pour les nettoyeurs de tapis, les aspirateurs de lavage et comme additif de lavage pour toutes sortes de textiles<\/h2>\t\t\t\t<\/div>\n\t\t\t\t<\/div>\n\t\t\t\t<div class=\"elementor-element elementor-element-7d2bea31 elementor-widget elementor-widget-text-editor\" data-id=\"7d2bea31\" data-element_type=\"widget\" data-e-type=\"widget\" data-widget_type=\"text-editor.default\">\n\t\t\t\t<div class=\"elementor-widget-container\">\n\t\t\t\t\t\t\t\t\t<p>Skyvell Multi Use est le plus puissant de tous les produits commerciaux de la famille Skyvell. En cas d'odeurs extr\u00eamement tenaces dans les tapis, les coussins et sur d'autres surfaces (par ex. sols, carrelages, joints), le Skyvell Multi Use fait le reste.<\/p><p>Il suffit d'ajouter l'additif \u00e0 l'eau de lavage ou de l'utiliser comme additif de lavage pour la machine \u00e0 laver. Le Multi Use convient \u00e9galement de mani\u00e8re optimale \u00e0 l'utilisation avec des aspirateurs de lavage de tapis. Les odeurs persistantes, telles que l'urine, l'odeur de moisi, la fum\u00e9e ou les odeurs de d\u00e9chets, de peinture, de nourriture, etc. disparaissent compl\u00e8tement.<\/p><p>D\u00e8s la premi\u00e8re utilisation, Skyvell Multi Use agit de mani\u00e8re fiable et \u00e9limine compl\u00e8tement les odeurs.<\/p>\t\t\t\t\t\t\t\t<\/div>\n\t\t\t\t<\/div>\n\t\t\t\t<\/div>\n\t\t\t\t<\/div>\n\t\t\t\t\t<\/div>\n\t\t\t\t<\/div>\n\t\t<div class=\"elementor-element elementor-element-27b5bf94 e-flex e-con-boxed e-con e-parent\" data-id=\"27b5bf94\" data-element_type=\"container\" data-e-type=\"container\" data-settings=\"{&quot;jet_parallax_layout_list&quot;:[]}\">\n\t\t\t\t\t<div class=\"e-con-inner\">\n\t\t<div class=\"elementor-element elementor-element-792b3924 e-con-full e-flex e-con e-child\" data-id=\"792b3924\" data-element_type=\"container\" data-e-type=\"container\" data-settings=\"{&quot;jet_parallax_layout_list&quot;:[]}\">\n\t\t<div class=\"elementor-element elementor-element-15d2e9bc e-con-full e-flex e-con e-child\" data-id=\"15d2e9bc\" data-element_type=\"container\" data-e-type=\"container\" data-settings=\"{&quot;jet_parallax_layout_list&quot;:[]}\">\n\t\t\t\t<div class=\"elementor-element elementor-element-4bbed308 elementor-widget elementor-widget-heading\" data-id=\"4bbed308\" data-element_type=\"widget\" data-e-type=\"widget\" data-widget_type=\"heading.default\">\n\t\t\t\t<div class=\"elementor-widget-container\">\n\t\t\t\t\t<h2 class=\"elementor-heading-title elementor-size-default\">Emballages :<\/h2>\t\t\t\t<\/div>\n\t\t\t\t<\/div>\n\t\t\t\t<div class=\"elementor-element elementor-element-1d2aa4d8 elementor-icon-list--layout-traditional elementor-list-item-link-full_width elementor-widget elementor-widget-icon-list\" data-id=\"1d2aa4d8\" data-element_type=\"widget\" data-e-type=\"widget\" data-widget_type=\"icon-list.default\">\n\t\t\t\t<div class=\"elementor-widget-container\">\n\t\t\t\t\t\t\t<ul class=\"elementor-icon-list-items\">\n\t\t\t\t\t\t\t<li class=\"elementor-icon-list-item\">\n\t\t\t\t\t\t\t\t\t\t<span class=\"elementor-icon-list-text\">100ml<\/span>\n\t\t\t\t\t\t\t\t\t<\/li>\n\t\t\t\t\t\t\t\t<li class=\"elementor-icon-list-item\">\n\t\t\t\t\t\t\t\t\t\t<span class=\"elementor-icon-list-text\">250 ml<\/span>\n\t\t\t\t\t\t\t\t\t<\/li>\n\t\t\t\t\t\t\t\t<li class=\"elementor-icon-list-item\">\n\t\t\t\t\t\t\t\t\t\t<span class=\"elementor-icon-list-text\">1 litre<\/span>\n\t\t\t\t\t\t\t\t\t<\/li>\n\t\t\t\t\t\t\t\t<li class=\"elementor-icon-list-item\">\n\t\t\t\t\t\t\t\t\t\t<span class=\"elementor-icon-list-text\">Bidon de recharge de 10 litres<\/span>\n\t\t\t\t\t\t\t\t\t<\/li>\n\t\t\t\t\t\t<\/ul>\n\t\t\t\t\t\t<\/div>\n\t\t\t\t<\/div>\n\t\t\t\t<\/div>\n\t\t\t\t<\/div>\n\t\t\t\t\t<\/div>\n\t\t\t\t<\/div>\n\t\t<div class=\"elementor-element elementor-element-14391a62 e-flex e-con-boxed e-con e-parent\" data-id=\"14391a62\" data-element_type=\"container\" data-e-type=\"container\" data-settings=\"{&quot;jet_parallax_layout_list&quot;:[]}\">\n\t\t\t\t\t<div class=\"e-con-inner\">\n\t\t<div class=\"elementor-element elementor-element-40554191 e-con-full e-flex e-con e-child\" data-id=\"40554191\" data-element_type=\"container\" data-e-type=\"container\" data-settings=\"{&quot;jet_parallax_layout_list&quot;:[]}\">\n\t\t\t\t<div class=\"elementor-element elementor-element-35dba90 elementor-widget elementor-widget-heading\" data-id=\"35dba90\" data-element_type=\"widget\" data-e-type=\"widget\" data-widget_type=\"heading.default\">\n\t\t\t\t<div class=\"elementor-widget-container\">\n\t\t\t\t\t<h2 class=\"elementor-heading-title elementor-size-default\">Plus de produits<\/h2>\t\t\t\t<\/div>\n\t\t\t\t<\/div>\n\t\t\t\t<\/div>\n\t\t<div class=\"elementor-element elementor-element-4cff4ec7 e-con-full e-flex e-con e-child\" data-id=\"4cff4ec7\" data-element_type=\"container\" data-e-type=\"container\" data-settings=\"{&quot;jet_parallax_layout_list&quot;:[]}\">\n\t\t<div class=\"elementor-element elementor-element-34f9bfa2 e-con-full e-flex e-con e-child\" data-id=\"34f9bfa2\" data-element_type=\"container\" data-e-type=\"container\" data-settings=\"{&quot;jet_parallax_layout_list&quot;:[]}\">\n\t\t\t\t<div class=\"elementor-element elementor-element-17365da3 elementor-position-top elementor-widget elementor-widget-image-box\" data-id=\"17365da3\" data-element_type=\"widget\" data-e-type=\"widget\" data-widget_type=\"image-box.default\">\n\t\t\t\t<div class=\"elementor-widget-container\">\n\t\t\t\t\t<div class=\"elementor-image-box-wrapper\"><figure class=\"elementor-image-box-img\"><a href=\"https:\/\/skyvell.com\/fr\/gel\/\" tabindex=\"-1\"><img decoding=\"async\" width=\"700\" height=\"630\" src=\"https:\/\/skyvell.com\/wp-content\/uploads\/2024\/12\/SKYVELL_GEL_refill_DF_tausch_0002_Ebene-1.jpg\" class=\"attachment-full size-full wp-image-289\" alt=\"\" srcset=\"https:\/\/skyvell.com\/wp-content\/uploads\/2024\/12\/SKYVELL_GEL_refill_DF_tausch_0002_Ebene-1.jpg 700w, https:\/\/skyvell.com\/wp-content\/uploads\/2024\/12\/SKYVELL_GEL_refill_DF_tausch_0002_Ebene-1-300x270.jpg 300w\" sizes=\"(max-width: 700px) 100vw, 700px\" \/><\/a><\/figure><div class=\"elementor-image-box-content\"><h3 class=\"elementor-image-box-title\"><a href=\"https:\/\/skyvell.com\/fr\/gel\/\">Gel Skyvell<\/a><\/h3><p class=\"elementor-image-box-description\">R\u00e9sout les probl\u00e8mes d'odeur 24 heures sur 24<\/p><\/div><\/div>\t\t\t\t<\/div>\n\t\t\t\t<\/div>\n\t\t\t\t<\/div>\n\t\t<div class=\"elementor-element elementor-element-29057e4d e-con-full e-flex e-con e-child\" data-id=\"29057e4d\" data-element_type=\"container\" data-e-type=\"container\" data-settings=\"{&quot;jet_parallax_layout_list&quot;:[]}\">\n\t\t\t\t<div class=\"elementor-element elementor-element-2eec0651 elementor-position-top elementor-widget elementor-widget-image-box\" data-id=\"2eec0651\" data-element_type=\"widget\" data-e-type=\"widget\" data-widget_type=\"image-box.default\">\n\t\t\t\t<div class=\"elementor-widget-container\">\n\t\t\t\t\t<div class=\"elementor-image-box-wrapper\"><figure class=\"elementor-image-box-img\"><a href=\"https:\/\/skyvell.com\/fr\/spray\/\" tabindex=\"-1\"><img loading=\"lazy\" decoding=\"async\" width=\"700\" height=\"630\" src=\"https:\/\/skyvell.com\/wp-content\/uploads\/2024\/12\/SKYVELL_GEL_refill_DF_tausch_0000_SKYVELL_SPRAY_DF.jpg\" class=\"attachment-full size-full wp-image-287\" alt=\"\" srcset=\"https:\/\/skyvell.com\/wp-content\/uploads\/2024\/12\/SKYVELL_GEL_refill_DF_tausch_0000_SKYVELL_SPRAY_DF.jpg 700w, https:\/\/skyvell.com\/wp-content\/uploads\/2024\/12\/SKYVELL_GEL_refill_DF_tausch_0000_SKYVELL_SPRAY_DF-300x270.jpg 300w\" sizes=\"(max-width: 700px) 100vw, 700px\" \/><\/a><\/figure><div class=\"elementor-image-box-content\"><h3 class=\"elementor-image-box-title\"><a href=\"https:\/\/skyvell.com\/fr\/spray\/\">Skyvell Spray<\/a><\/h3><p class=\"elementor-image-box-description\">Pour une lutte cibl\u00e9e et imm\u00e9diate contre les odeurs<\/p><\/div><\/div>\t\t\t\t<\/div>\n\t\t\t\t<\/div>\n\t\t\t\t<\/div>\n\t\t\t\t<\/div>\n\t\t\t\t\t<\/div>\n\t\t\t\t<\/div>\n\t\t<div class=\"elementor-element elementor-element-3a376502 e-flex e-con-boxed e-con e-parent\" data-id=\"3a376502\" data-element_type=\"container\" data-e-type=\"container\" data-settings=\"{&quot;jet_parallax_layout_list&quot;:[]}\">\n\t\t\t\t\t<div class=\"e-con-inner\">\n\t\t<div class=\"elementor-element elementor-element-10fa7e00 e-con-full e-flex e-con e-child\" data-id=\"10fa7e00\" data-element_type=\"container\" data-e-type=\"container\" data-settings=\"{&quot;jet_parallax_layout_list&quot;:[]}\">\n\t\t\t\t<div class=\"elementor-element elementor-element-3edaeaf2 elementor-widget elementor-widget-heading\" data-id=\"3edaeaf2\" data-element_type=\"widget\" data-e-type=\"widget\" data-widget_type=\"heading.default\">\n\t\t\t\t<div class=\"elementor-widget-container\">\n\t\t\t\t\t<h2 class=\"elementor-heading-title elementor-size-default\">T\u00e9l\u00e9charger la fiche technique<\/h2>\t\t\t\t<\/div>\n\t\t\t\t<\/div>\n\t\t<div class=\"elementor-element elementor-element-19e41ad0 e-con-full e-flex e-con e-child\" data-id=\"19e41ad0\" data-element_type=\"container\" data-e-type=\"container\" data-settings=\"{&quot;jet_parallax_layout_list&quot;:[]}\">\n\t\t<div class=\"elementor-element elementor-element-4f4842a9 e-con-full e-flex e-con e-child\" data-id=\"4f4842a9\" data-element_type=\"container\" data-e-type=\"container\" data-settings=\"{&quot;jet_parallax_layout_list&quot;:[]}\">\n\t\t\t\t<div class=\"elementor-element elementor-element-485d9260 elementor-widget elementor-widget-image\" data-id=\"485d9260\" data-element_type=\"widget\" data-e-type=\"widget\" data-widget_type=\"image.default\">\n\t\t\t\t<div class=\"elementor-widget-container\">\n\t\t\t\t\t\t\t\t\t\t\t\t\t\t\t\t<a href=\"https:\/\/skyvell.com\/wp-content\/uploads\/2025\/03\/Technisches-Datenblatt_Skyvell-Multi-Use_de.pdf\" target=\"_blank\">\n\t\t\t\t\t\t\t<img loading=\"lazy\" decoding=\"async\" width=\"300\" height=\"423\" src=\"https:\/\/skyvell.com\/wp-content\/uploads\/2025\/01\/T_Datenblatt.png\" class=\"attachment-large size-large wp-image-927\" alt=\"\" srcset=\"https:\/\/skyvell.com\/wp-content\/uploads\/2025\/01\/T_Datenblatt.png 300w, https:\/\/skyvell.com\/wp-content\/uploads\/2025\/01\/T_Datenblatt-213x300.png 213w, https:\/\/skyvell.com\/wp-content\/uploads\/2025\/01\/T_Datenblatt-9x12.png 9w\" sizes=\"(max-width: 300px) 100vw, 300px\" \/>\t\t\t\t\t\t\t\t<\/a>\n\t\t\t\t\t\t\t\t\t\t\t\t\t\t\t<\/div>\n\t\t\t\t<\/div>\n\t\t\t\t<div class=\"elementor-element elementor-element-1d5a3770 elementor-widget elementor-widget-text-editor\" data-id=\"1d5a3770\" data-element_type=\"widget\" data-e-type=\"widget\" data-widget_type=\"text-editor.default\">\n\t\t\t\t<div class=\"elementor-widget-container\">\n\t\t\t\t\t\t\t\t\t<p>Fiche technique<\/p>\t\t\t\t\t\t\t\t<\/div>\n\t\t\t\t<\/div>\n\t\t\t\t<\/div>\n\t\t<div class=\"elementor-element elementor-element-709e7df e-con-full e-flex e-con e-child\" data-id=\"709e7df\" data-element_type=\"container\" data-e-type=\"container\" data-settings=\"{&quot;jet_parallax_layout_list&quot;:[]}\">\n\t\t\t\t<div class=\"elementor-element elementor-element-3d595e59 elementor-widget elementor-widget-image\" data-id=\"3d595e59\" data-element_type=\"widget\" data-e-type=\"widget\" data-widget_type=\"image.default\">\n\t\t\t\t<div class=\"elementor-widget-container\">\n\t\t\t\t\t\t\t\t\t\t\t\t\t\t\t\t<a href=\"https:\/\/skyvell.com\/fr\/contact\/\">\n\t\t\t\t\t\t\t<img loading=\"lazy\" decoding=\"async\" width=\"300\" height=\"423\" src=\"https:\/\/skyvell.com\/wp-content\/uploads\/2024\/12\/Skyvell_Datenblatt_3.jpg\" class=\"attachment-large size-large wp-image-329\" alt=\"\" srcset=\"https:\/\/skyvell.com\/wp-content\/uploads\/2024\/12\/Skyvell_Datenblatt_3.jpg 300w, https:\/\/skyvell.com\/wp-content\/uploads\/2024\/12\/Skyvell_Datenblatt_3-213x300.jpg 213w\" sizes=\"(max-width: 300px) 100vw, 300px\" \/>\t\t\t\t\t\t\t\t<\/a>\n\t\t\t\t\t\t\t\t\t\t\t\t\t\t\t<\/div>\n\t\t\t\t<\/div>\n\t\t\t\t<div class=\"elementor-element elementor-element-10fb221e elementor-widget elementor-widget-text-editor\" data-id=\"10fb221e\" data-element_type=\"widget\" data-e-type=\"widget\" data-widget_type=\"text-editor.default\">\n\t\t\t\t<div class=\"elementor-widget-container\">\n\t\t\t\t\t\t\t\t\t<p>Contactez-nous pour obtenir la derni\u00e8re fiche de donn\u00e9es de s\u00e9curit\u00e9 conform\u00e9ment \u00e0 l'article 31 de la directive 1907\/2006\/CE.<\/p>\t\t\t\t\t\t\t\t<\/div>\n\t\t\t\t<\/div>\n\t\t\t\t<\/div>\n\t\t\t\t<\/div>\n\t\t\t\t<\/div>\n\t\t\t\t\t<\/div>\n\t\t\t\t<\/div>\n\t\t\t\t<\/div>","protected":false},"excerpt":{"rendered":"<p>Skyvell Multi Use Geruchsneutralisator auf Basis nat\u00fcrlicher \u00e4therischer \u00d6le Beste Note f\u00fcr Skyvell Gel und Spray,\u00a0G\u00fctesiegel\u00a0Air Label Score A+ Professional.\u00a0A+\u00a0steht f\u00fcr sehr geringe Emissionen an die Raumluft. Lesen Sie mehr\u00a0hier. Skyvell Multi Use f\u00fcr Teppichreiniger, Waschsauger und als Waschzusatz f\u00fcr Textilien aller Art Das Skyvell Multi Use ist das st\u00e4rkste aller kommerziellen Produkte der Skyvell-Familie. [&hellip;]<\/p>\n","protected":false},"author":1,"featured_media":0,"parent":0,"menu_order":0,"comment_status":"closed","ping_status":"closed","template":"","meta":{"footnotes":""},"class_list":["post-350","page","type-page","status-publish","hentry"],"_links":{"self":[{"href":"https:\/\/skyvell.com\/fr\/wp-json\/wp\/v2\/pages\/350","targetHints":{"allow":["GET"]}}],"collection":[{"href":"https:\/\/skyvell.com\/fr\/wp-json\/wp\/v2\/pages"}],"about":[{"href":"https:\/\/skyvell.com\/fr\/wp-json\/wp\/v2\/types\/page"}],"author":[{"embeddable":true,"href":"https:\/\/skyvell.com\/fr\/wp-json\/wp\/v2\/users\/1"}],"replies":[{"embeddable":true,"href":"https:\/\/skyvell.com\/fr\/wp-json\/wp\/v2\/comments?post=350"}],"version-history":[{"count":31,"href":"https:\/\/skyvell.com\/fr\/wp-json\/wp\/v2\/pages\/350\/revisions"}],"predecessor-version":[{"id":1207,"href":"https:\/\/skyvell.com\/fr\/wp-json\/wp\/v2\/pages\/350\/revisions\/1207"}],"wp:attachment":[{"href":"https:\/\/skyvell.com\/fr\/wp-json\/wp\/v2\/media?parent=350"}],"curies":[{"name":"wp","href":"https:\/\/api.w.org\/{rel}","templated":true}]}}