{"id":189,"date":"2024-12-07T09:15:39","date_gmt":"2024-12-07T09:15:39","guid":{"rendered":"https:\/\/skyvell.com\/?page_id=189"},"modified":"2025-01-02T14:24:27","modified_gmt":"2025-01-02T14:24:27","slug":"entreprise","status":"publish","type":"page","link":"https:\/\/skyvell.com\/fr\/unternehmen\/","title":{"rendered":"Entreprise"},"content":{"rendered":"<div data-elementor-type=\"wp-page\" data-elementor-id=\"189\" class=\"elementor elementor-189\" data-elementor-post-type=\"page\">\n\t\t\t\t<div class=\"elementor-element elementor-element-126af103 e-flex e-con-boxed e-con e-parent\" data-id=\"126af103\" data-element_type=\"container\" data-e-type=\"container\" data-settings=\"{&quot;jet_parallax_layout_list&quot;:[]}\">\n\t\t\t\t\t<div class=\"e-con-inner\">\n\t\t<div class=\"elementor-element elementor-element-7318ab75 e-con-full e-flex e-con e-child\" data-id=\"7318ab75\" data-element_type=\"container\" data-e-type=\"container\" data-settings=\"{&quot;jet_parallax_layout_list&quot;:[]}\">\n\t\t\t\t<div class=\"elementor-element elementor-element-d8b50bd elementor-widget elementor-widget-image\" data-id=\"d8b50bd\" data-element_type=\"widget\" data-e-type=\"widget\" data-widget_type=\"image.default\">\n\t\t\t\t<div class=\"elementor-widget-container\">\n\t\t\t\t\t\t\t\t\t\t\t\t\t\t\t<img fetchpriority=\"high\" decoding=\"async\" width=\"800\" height=\"360\" src=\"https:\/\/skyvell.com\/wp-content\/uploads\/2025\/01\/Skyvell_inter-1024x461.png\" class=\"attachment-large size-large wp-image-805\" alt=\"\" srcset=\"https:\/\/skyvell.com\/wp-content\/uploads\/2025\/01\/Skyvell_inter-1024x461.png 1024w, https:\/\/skyvell.com\/wp-content\/uploads\/2025\/01\/Skyvell_inter-300x135.png 300w, https:\/\/skyvell.com\/wp-content\/uploads\/2025\/01\/Skyvell_inter-768x346.png 768w, https:\/\/skyvell.com\/wp-content\/uploads\/2025\/01\/Skyvell_inter.png 1200w\" sizes=\"(max-width: 800px) 100vw, 800px\" \/>\t\t\t\t\t\t\t\t\t\t\t\t\t\t\t<\/div>\n\t\t\t\t<\/div>\n\t\t\t\t<\/div>\n\t\t\t\t\t<\/div>\n\t\t\t\t<\/div>\n\t\t<div class=\"elementor-element elementor-element-196d8a1a e-flex e-con-boxed e-con e-parent\" data-id=\"196d8a1a\" data-element_type=\"container\" data-e-type=\"container\" data-settings=\"{&quot;jet_parallax_layout_list&quot;:[]}\">\n\t\t\t\t\t<div class=\"e-con-inner\">\n\t\t<div class=\"elementor-element elementor-element-7efcc0cc e-con-full e-flex e-con e-child\" data-id=\"7efcc0cc\" data-element_type=\"container\" data-e-type=\"container\" data-settings=\"{&quot;jet_parallax_layout_list&quot;:[]}\">\n\t\t\t\t<div class=\"elementor-element elementor-element-2535440d elementor-widget elementor-widget-heading\" data-id=\"2535440d\" data-element_type=\"widget\" data-e-type=\"widget\" data-widget_type=\"heading.default\">\n\t\t\t\t<div class=\"elementor-widget-container\">\n\t\t\t\t\t<h2 class=\"elementor-heading-title elementor-size-default\">Skyvell - l'entreprise<\/h2>\t\t\t\t<\/div>\n\t\t\t\t<\/div>\n\t\t\t\t<div class=\"elementor-element elementor-element-27507197 elementor-widget elementor-widget-heading\" data-id=\"27507197\" data-element_type=\"widget\" data-e-type=\"widget\" data-widget_type=\"heading.default\">\n\t\t\t\t<div class=\"elementor-widget-container\">\n\t\t\t\t\t<h2 class=\"elementor-heading-title elementor-size-default\">Innovant - Long terme - Flexible<\/h2>\t\t\t\t<\/div>\n\t\t\t\t<\/div>\n\t\t\t\t<\/div>\n\t\t\t\t\t<\/div>\n\t\t\t\t<\/div>\n\t\t<div class=\"elementor-element elementor-element-7f6e86d e-flex e-con-boxed e-con e-parent\" data-id=\"7f6e86d\" data-element_type=\"container\" data-e-type=\"container\" data-settings=\"{&quot;jet_parallax_layout_list&quot;:[]}\">\n\t\t\t\t\t<div class=\"e-con-inner\">\n\t\t<div class=\"elementor-element elementor-element-6b15139 e-con-full e-flex e-con e-child\" data-id=\"6b15139\" data-element_type=\"container\" data-e-type=\"container\" data-settings=\"{&quot;background_background&quot;:&quot;classic&quot;,&quot;jet_parallax_layout_list&quot;:[]}\">\n\t\t\t\t<div class=\"elementor-element elementor-element-1e3ff027 elementor-widget elementor-widget-heading\" data-id=\"1e3ff027\" data-element_type=\"widget\" data-e-type=\"widget\" data-widget_type=\"heading.default\">\n\t\t\t\t<div class=\"elementor-widget-container\">\n\t\t\t\t\t<h2 class=\"elementor-heading-title elementor-size-default\">Entreprise<\/h2>\t\t\t\t<\/div>\n\t\t\t\t<\/div>\n\t\t\t\t<div class=\"elementor-element elementor-element-ee9473f elementor-widget elementor-widget-text-editor\" data-id=\"ee9473f\" data-element_type=\"widget\" data-e-type=\"widget\" data-widget_type=\"text-editor.default\">\n\t\t\t\t<div class=\"elementor-widget-container\">\n\t\t\t\t\t\t\t\t\t<p>Skyvell AG est une entreprise familiale 100%. L'entreprise est d\u00e9j\u00e0 dirig\u00e9e par la troisi\u00e8me g\u00e9n\u00e9ration.<br \/>L'entreprise familiale se concentre sur des produits innovants et des relations \u00e0 long terme et s'efforce d'utiliser l'ind\u00e9pendance et la flexibilit\u00e9 dont elle dispose pour proposer des produits durables et respectueux de l'environnement qui offrent de grands avantages aux clients.<\/p>\t\t\t\t\t\t\t\t<\/div>\n\t\t\t\t<\/div>\n\t\t\t\t<\/div>\n\t\t<div class=\"elementor-element elementor-element-b577d54 e-con-full e-flex e-con e-child\" data-id=\"b577d54\" data-element_type=\"container\" data-e-type=\"container\" data-settings=\"{&quot;background_background&quot;:&quot;classic&quot;,&quot;jet_parallax_layout_list&quot;:[]}\">\n\t\t\t\t<div class=\"elementor-element elementor-element-7450c1e elementor-widget elementor-widget-heading\" data-id=\"7450c1e\" data-element_type=\"widget\" data-e-type=\"widget\" data-widget_type=\"heading.default\">\n\t\t\t\t<div class=\"elementor-widget-container\">\n\t\t\t\t\t<h2 class=\"elementor-heading-title elementor-size-default\">Mission<\/h2>\t\t\t\t<\/div>\n\t\t\t\t<\/div>\n\t\t\t\t<div class=\"elementor-element elementor-element-6805ea2 elementor-widget elementor-widget-text-editor\" data-id=\"6805ea2\" data-element_type=\"widget\" data-e-type=\"widget\" data-widget_type=\"text-editor.default\">\n\t\t\t\t<div class=\"elementor-widget-container\">\n\t\t\t\t\t\t\t\t\t<p>La mission de Skyvell est d'aider, en partenariat avec nos clients et nos fournisseurs, \u00e0 augmenter la productivit\u00e9, \u00e0 r\u00e9duire les co\u00fbts et \u00e0 minimiser les risques en leur offrant les solutions les meilleures, les plus innovantes et les plus durables.<\/p>\t\t\t\t\t\t\t\t<\/div>\n\t\t\t\t<\/div>\n\t\t\t\t<\/div>\n\t\t\t\t\t<\/div>\n\t\t\t\t<\/div>\n\t\t<div class=\"elementor-element elementor-element-c79a963 e-flex e-con-boxed e-con e-parent\" data-id=\"c79a963\" data-element_type=\"container\" data-e-type=\"container\" data-settings=\"{&quot;jet_parallax_layout_list&quot;:[]}\">\n\t\t\t\t\t<div class=\"e-con-inner\">\n\t\t<div class=\"elementor-element elementor-element-df7d7c0 e-con-full e-flex e-con e-child\" data-id=\"df7d7c0\" data-element_type=\"container\" data-e-type=\"container\" data-settings=\"{&quot;background_background&quot;:&quot;classic&quot;,&quot;jet_parallax_layout_list&quot;:[]}\">\n\t\t\t\t<div class=\"elementor-element elementor-element-c70e97b elementor-widget elementor-widget-heading\" data-id=\"c70e97b\" data-element_type=\"widget\" data-e-type=\"widget\" data-widget_type=\"heading.default\">\n\t\t\t\t<div class=\"elementor-widget-container\">\n\t\t\t\t\t<h2 class=\"elementor-heading-title elementor-size-default\">Les besoins du march\u00e9 en ligne de mire<\/h2>\t\t\t\t<\/div>\n\t\t\t\t<\/div>\n\t\t\t\t<div class=\"elementor-element elementor-element-620d0ef elementor-widget elementor-widget-text-editor\" data-id=\"620d0ef\" data-element_type=\"widget\" data-e-type=\"widget\" data-widget_type=\"text-editor.default\">\n\t\t\t\t<div class=\"elementor-widget-container\">\n\t\t\t\t\t\t\t\t\t<p>Nous voulons agir de mani\u00e8re orient\u00e9e vers le client, innovante et ind\u00e9pendante.<br \/>Nous voulons agir de mani\u00e8re flexible, ouverte, responsable et respectueuse des int\u00e9r\u00eats du propri\u00e9taire.<br \/>Nous voulons \u00eatre humains et tenir compte de l'individualit\u00e9.<\/p>\t\t\t\t\t\t\t\t<\/div>\n\t\t\t\t<\/div>\n\t\t\t\t<\/div>\n\t\t<div class=\"elementor-element elementor-element-ab3ec61 e-con-full e-flex e-con e-child\" data-id=\"ab3ec61\" data-element_type=\"container\" data-e-type=\"container\" data-settings=\"{&quot;background_background&quot;:&quot;classic&quot;,&quot;jet_parallax_layout_list&quot;:[]}\">\n\t\t\t\t<div class=\"elementor-element elementor-element-b67d46f elementor-widget elementor-widget-heading\" data-id=\"b67d46f\" data-element_type=\"widget\" data-e-type=\"widget\" data-widget_type=\"heading.default\">\n\t\t\t\t<div class=\"elementor-widget-container\">\n\t\t\t\t\t<h2 class=\"elementor-heading-title elementor-size-default\">Partenariat<\/h2>\t\t\t\t<\/div>\n\t\t\t\t<\/div>\n\t\t\t\t<div class=\"elementor-element elementor-element-27989a7 elementor-widget elementor-widget-text-editor\" data-id=\"27989a7\" data-element_type=\"widget\" data-e-type=\"widget\" data-widget_type=\"text-editor.default\">\n\t\t\t\t<div class=\"elementor-widget-container\">\n\t\t\t\t\t\t\t\t\t<p>Des d\u00e9cennies d'exp\u00e9rience !<br \/>Apr\u00e8s le commerce initial de p\u00e2te \u00e0 papier et de papier, le groupe s'est d\u00e9velopp\u00e9 dans le domaine de l'utilisation de produits chimiques pour l'optimisation environnementale de la production de papier et de l'\u00e9puration des eaux us\u00e9es communales. De ces activit\u00e9s sont n\u00e9es les premi\u00e8res exigences en mati\u00e8re de neutralisation des odeurs.<\/p><p>L'entreprise s'int\u00e9resse donc depuis plusieurs d\u00e9cennies \u00e0 la th\u00e9matique des odeurs : PR\u00c9VENTION - MESURE - NOUVELLE TRANSPARENCE. Ces connaissances acquises dans le domaine industriel sont la pierre angulaire des produits Skyvell et de notre avenir.<\/p>\t\t\t\t\t\t\t\t<\/div>\n\t\t\t\t<\/div>\n\t\t\t\t<\/div>\n\t\t\t\t\t<\/div>\n\t\t\t\t<\/div>\n\t\t<div class=\"elementor-element elementor-element-445fce6 e-flex e-con-boxed e-con e-parent\" data-id=\"445fce6\" data-element_type=\"container\" data-e-type=\"container\" data-settings=\"{&quot;jet_parallax_layout_list&quot;:[]}\">\n\t\t\t\t\t<div class=\"e-con-inner\">\n\t\t<div class=\"elementor-element elementor-element-d21ffd8 e-con-full e-flex e-con e-child\" data-id=\"d21ffd8\" data-element_type=\"container\" data-e-type=\"container\" data-settings=\"{&quot;background_background&quot;:&quot;classic&quot;,&quot;jet_parallax_layout_list&quot;:[]}\">\n\t\t\t\t<div class=\"elementor-element elementor-element-c97aaeb elementor-widget elementor-widget-heading\" data-id=\"c97aaeb\" data-element_type=\"widget\" data-e-type=\"widget\" data-widget_type=\"heading.default\">\n\t\t\t\t<div class=\"elementor-widget-container\">\n\t\t\t\t\t<h2 class=\"elementor-heading-title elementor-size-default\">Valeurs<\/h2>\t\t\t\t<\/div>\n\t\t\t\t<\/div>\n\t\t\t\t<div class=\"elementor-element elementor-element-e2fdedf elementor-widget elementor-widget-text-editor\" data-id=\"e2fdedf\" data-element_type=\"widget\" data-e-type=\"widget\" data-widget_type=\"text-editor.default\">\n\t\t\t\t<div class=\"elementor-widget-container\">\n\t\t\t\t\t\t\t\t\t<p>Nos valeurs, nos principes et nos actions pour atteindre nos objectifs.<\/p>\t\t\t\t\t\t\t\t<\/div>\n\t\t\t\t<\/div>\n\t\t\t\t<\/div>\n\t\t\t\t\t<\/div>\n\t\t\t\t<\/div>\n\t\t<div class=\"elementor-element elementor-element-b3c7982 e-flex e-con-boxed e-con e-parent\" data-id=\"b3c7982\" data-element_type=\"container\" data-e-type=\"container\" data-settings=\"{&quot;jet_parallax_layout_list&quot;:[]}\">\n\t\t\t\t\t<div class=\"e-con-inner\">\n\t\t<div class=\"elementor-element elementor-element-f064dab e-con-full e-flex e-con e-child\" data-id=\"f064dab\" data-element_type=\"container\" data-e-type=\"container\" data-settings=\"{&quot;background_background&quot;:&quot;classic&quot;,&quot;jet_parallax_layout_list&quot;:[]}\">\n\t\t\t\t<div class=\"elementor-element elementor-element-02fdd08 elementor-widget elementor-widget-heading\" data-id=\"02fdd08\" data-element_type=\"widget\" data-e-type=\"widget\" data-widget_type=\"heading.default\">\n\t\t\t\t<div class=\"elementor-widget-container\">\n\t\t\t\t\t<h2 class=\"elementor-heading-title elementor-size-default\">Vision<\/h2>\t\t\t\t<\/div>\n\t\t\t\t<\/div>\n\t\t\t\t<div class=\"elementor-element elementor-element-95bc9ac elementor-widget elementor-widget-text-editor\" data-id=\"95bc9ac\" data-element_type=\"widget\" data-e-type=\"widget\" data-widget_type=\"text-editor.default\">\n\t\t\t\t<div class=\"elementor-widget-container\">\n\t\t\t\t\t\t\t\t\t<p>La vision de Skyvell est de cr\u00e9er du bien-\u00eatre en utilisant la force de la nature.<\/p><p>- \u00c9QUIPE : offrir un lieu de travail o\u00f9 les gens sont inspir\u00e9s et fiers d'eux-m\u00eames et de leurs r\u00e9alisations.<br \/>- PARTENAIRES : g\u00e9rer un r\u00e9seau efficace de clients \u00e0 fournisseurs afin de cr\u00e9er une valeur durable \u00e0 long terme.<br \/>- PRODUCTIVIT\u00c9 : \u00eatre une organisation hautement efficace, l\u00e9g\u00e8re et mobile<br \/>- DURABILIT\u00c9 : \u00eatre une organisation durable qui cr\u00e9e des valeurs \u00e0 long terme<br \/>- ENVIRONNEMENT : \u00eatre une organisation responsable qui aide \u00e0 cr\u00e9er et \u00e0 promouvoir un habitat durable.<\/p>\t\t\t\t\t\t\t\t<\/div>\n\t\t\t\t<\/div>\n\t\t\t\t<\/div>\n\t\t\t\t\t<\/div>\n\t\t\t\t<\/div>\n\t\t\t\t<\/div>","protected":false},"excerpt":{"rendered":"<p>Skyvell &#8211; das Unternehmen Innovativ \u2013 Langfristig \u2013 Flexibel Unternehmen Die Skyvell AG ist in 100% Familienbesitz. Die Unternehmung wird bereits in der 3. Generation gef\u00fchrt.Das Familienunternehmen ist auf innovative Produkte und langfristige Beziehungen fokussiert und bestrebt, die vorhandene Unabh\u00e4ngigkeit und Flexibilit\u00e4t f\u00fcr nachhaltige und umweltfreundliche Produkte mit hohem Kundennutzen einzusetzen. Mission Die Skyvell-Mission ist, [&hellip;]<\/p>\n","protected":false},"author":1,"featured_media":0,"parent":0,"menu_order":0,"comment_status":"closed","ping_status":"closed","template":"elementor_header_footer","meta":{"footnotes":""},"class_list":["post-189","page","type-page","status-publish","hentry"],"_links":{"self":[{"href":"https:\/\/skyvell.com\/fr\/wp-json\/wp\/v2\/pages\/189","targetHints":{"allow":["GET"]}}],"collection":[{"href":"https:\/\/skyvell.com\/fr\/wp-json\/wp\/v2\/pages"}],"about":[{"href":"https:\/\/skyvell.com\/fr\/wp-json\/wp\/v2\/types\/page"}],"author":[{"embeddable":true,"href":"https:\/\/skyvell.com\/fr\/wp-json\/wp\/v2\/users\/1"}],"replies":[{"embeddable":true,"href":"https:\/\/skyvell.com\/fr\/wp-json\/wp\/v2\/comments?post=189"}],"version-history":[{"count":11,"href":"https:\/\/skyvell.com\/fr\/wp-json\/wp\/v2\/pages\/189\/revisions"}],"predecessor-version":[{"id":1301,"href":"https:\/\/skyvell.com\/fr\/wp-json\/wp\/v2\/pages\/189\/revisions\/1301"}],"wp:attachment":[{"href":"https:\/\/skyvell.com\/fr\/wp-json\/wp\/v2\/media?parent=189"}],"curies":[{"name":"wp","href":"https:\/\/api.w.org\/{rel}","templated":true}]}}