{"id":732,"date":"2025-01-02T13:13:26","date_gmt":"2025-01-02T13:13:26","guid":{"rendered":"https:\/\/skyvell.com\/?page_id=732"},"modified":"2025-03-03T08:40:14","modified_gmt":"2025-03-03T08:40:14","slug":"product","status":"publish","type":"page","link":"https:\/\/skyvell.com\/en\/produkt\/","title":{"rendered":"Product"},"content":{"rendered":"<div data-elementor-type=\"wp-page\" data-elementor-id=\"732\" class=\"elementor elementor-732\" data-elementor-post-type=\"page\">\n\t\t\t\t<div class=\"elementor-element elementor-element-29d2c8e4 e-flex e-con-boxed e-con e-parent\" data-id=\"29d2c8e4\" data-element_type=\"container\" data-e-type=\"container\" data-settings=\"{&quot;jet_parallax_layout_list&quot;:[]}\">\n\t\t\t\t\t<div class=\"e-con-inner\">\n\t\t<div class=\"elementor-element elementor-element-763afd7b e-con-full e-flex e-con e-child\" data-id=\"763afd7b\" data-element_type=\"container\" data-e-type=\"container\" data-settings=\"{&quot;jet_parallax_layout_list&quot;:[]}\">\n\t\t\t\t<div class=\"elementor-element elementor-element-e22c50d elementor-widget elementor-widget-image\" data-id=\"e22c50d\" data-element_type=\"widget\" data-e-type=\"widget\" data-widget_type=\"image.default\">\n\t\t\t\t<div class=\"elementor-widget-container\">\n\t\t\t\t\t\t\t\t\t\t\t\t\t\t\t<img fetchpriority=\"high\" decoding=\"async\" width=\"800\" height=\"360\" src=\"https:\/\/skyvell.com\/wp-content\/uploads\/2025\/01\/lewenzahn_2-1024x461.jpg\" class=\"attachment-large size-large wp-image-1040\" alt=\"\" srcset=\"https:\/\/skyvell.com\/wp-content\/uploads\/2025\/01\/lewenzahn_2-1024x461.jpg 1024w, https:\/\/skyvell.com\/wp-content\/uploads\/2025\/01\/lewenzahn_2-300x135.jpg 300w, https:\/\/skyvell.com\/wp-content\/uploads\/2025\/01\/lewenzahn_2-768x346.jpg 768w, https:\/\/skyvell.com\/wp-content\/uploads\/2025\/01\/lewenzahn_2-18x8.jpg 18w, https:\/\/skyvell.com\/wp-content\/uploads\/2025\/01\/lewenzahn_2.jpg 1200w\" sizes=\"(max-width: 800px) 100vw, 800px\" \/>\t\t\t\t\t\t\t\t\t\t\t\t\t\t\t<\/div>\n\t\t\t\t<\/div>\n\t\t\t\t<\/div>\n\t\t\t\t\t<\/div>\n\t\t\t\t<\/div>\n\t\t<div class=\"elementor-element elementor-element-2821738b e-flex e-con-boxed e-con e-parent\" data-id=\"2821738b\" data-element_type=\"container\" data-e-type=\"container\" data-settings=\"{&quot;jet_parallax_layout_list&quot;:[]}\">\n\t\t\t\t\t<div class=\"e-con-inner\">\n\t\t<div class=\"elementor-element elementor-element-68b6baf6 e-con-full e-flex e-con e-child\" data-id=\"68b6baf6\" data-element_type=\"container\" data-e-type=\"container\" data-settings=\"{&quot;jet_parallax_layout_list&quot;:[]}\">\n\t\t<div class=\"elementor-element elementor-element-5b5cc09 e-con-full e-flex e-con e-child\" data-id=\"5b5cc09\" data-element_type=\"container\" data-e-type=\"container\" data-settings=\"{&quot;jet_parallax_layout_list&quot;:[]}\">\n\t\t\t\t<div class=\"elementor-element elementor-element-45fe2395 elementor-widget elementor-widget-heading\" data-id=\"45fe2395\" data-element_type=\"widget\" data-e-type=\"widget\" data-widget_type=\"heading.default\">\n\t\t\t\t<div class=\"elementor-widget-container\">\n\t\t\t\t\t<h1 class=\"elementor-heading-title elementor-size-default\">Skyvell<\/h1>\t\t\t\t<\/div>\n\t\t\t\t<\/div>\n\t\t\t\t<div class=\"elementor-element elementor-element-5bf248a1 elementor-widget elementor-widget-heading\" data-id=\"5bf248a1\" data-element_type=\"widget\" data-e-type=\"widget\" data-widget_type=\"heading.default\">\n\t\t\t\t<div class=\"elementor-widget-container\">\n\t\t\t\t\t<h2 class=\"elementor-heading-title elementor-size-default\">Odour neutraliser based on natural essential oils<\/h2>\t\t\t\t<\/div>\n\t\t\t\t<\/div>\n\t\t\t\t<div class=\"elementor-element elementor-element-36808c5f elementor-widget elementor-widget-text-editor\" data-id=\"36808c5f\" data-element_type=\"widget\" data-e-type=\"widget\" data-widget_type=\"text-editor.default\">\n\t\t\t\t<div class=\"elementor-widget-container\">\n\t\t\t\t\t\t\t\t\t<p>Skyvell is a highly effective odour remover based on essential plant oils (lime, pine, cedar, aniseed, cloves) and pure Alpine water from Austria.<\/p><h4>A solution for every problem odour:<\/h4><p>- <a href=\"https:\/\/skyvell.com\/en\/spray\/\">Spray<\/a>: Instant solution for surfaces and air<br \/>- <a href=\"https:\/\/skyvell.com\/en\/gel\/\">Gel<\/a>For continuous odour control<br \/>- <a href=\"https:\/\/skyvell.com\/en\/multi-use\/\">Multi Use<\/a>Washing additive for stubborn odours in textiles<\/p><h4>Remove odours instead of masking them<\/h4><p>Skyvell eliminates bad odours at a molecular level without simply masking them. The bad odour is gone and won't come back.<\/p><h4>As fresh as a walk in the woods<\/h4><p>Many people associate Skyvell with a relaxing walk in the forest. Few things are as good for switching off and recharging your batteries as a walk in the forest. It clears the mind, calms the pulse, refreshes and revitalises. Skyvell takes your personal little forest to wherever you need it.<\/p><h4>Skyvell, developed by specialists<\/h4><p>Skyvell was developed by a world leader in odour elimination.<\/p><h4>The field of application is very diverse<\/h4><p>Where are Skyvell products used successfully?<br \/>- Hotels<br \/>- Restaurants<br \/>- Fitness clubs<br \/>- Wellness centres<br \/>- Retirement homes<br \/>- Hospitals<br \/>- Rental cars<br \/>- Daily life as in the household<br \/>- Car <br \/>- Public facilities such as<br \/>Schools, kindergartens<\/p><h4>Decades of experience taken from the industry<\/h4><p>Skyvell has been used successfully in industry for over 30 years. It reliably and safely eliminates the most stubborn of odours, even in sewage treatment plants or cleaning systems.<\/p>\t\t\t\t\t\t\t\t<\/div>\n\t\t\t\t<\/div>\n\t\t\t\t<\/div>\n\t\t\t\t<\/div>\n\t\t\t\t\t<\/div>\n\t\t\t\t<\/div>\n\t\t<div class=\"elementor-element elementor-element-5496297e e-flex e-con-boxed e-con e-parent\" data-id=\"5496297e\" data-element_type=\"container\" data-e-type=\"container\" data-settings=\"{&quot;jet_parallax_layout_list&quot;:[]}\">\n\t\t\t\t\t<div class=\"e-con-inner\">\n\t\t<div class=\"elementor-element elementor-element-cb533af e-con-full e-flex e-con e-child\" data-id=\"cb533af\" data-element_type=\"container\" data-e-type=\"container\" data-settings=\"{&quot;jet_parallax_layout_list&quot;:[]}\">\n\t\t<div class=\"elementor-element elementor-element-46102d01 e-con-full e-flex e-con e-child\" data-id=\"46102d01\" data-element_type=\"container\" data-e-type=\"container\" data-settings=\"{&quot;jet_parallax_layout_list&quot;:[]}\">\n\t\t\t\t<div class=\"elementor-element elementor-element-14166725 elementor-position-top elementor-widget elementor-widget-image-box\" data-id=\"14166725\" data-element_type=\"widget\" data-e-type=\"widget\" data-widget_type=\"image-box.default\">\n\t\t\t\t<div class=\"elementor-widget-container\">\n\t\t\t\t\t<div class=\"elementor-image-box-wrapper\"><figure class=\"elementor-image-box-img\"><a href=\"https:\/\/skyvell.com\/en\/spray\/\" tabindex=\"-1\"><img decoding=\"async\" width=\"700\" height=\"630\" src=\"https:\/\/skyvell.com\/wp-content\/uploads\/2024\/12\/SKYVELL_GEL_refill_DF_tausch_0000_SKYVELL_SPRAY_DF.jpg\" class=\"attachment-full size-full wp-image-287\" alt=\"\" srcset=\"https:\/\/skyvell.com\/wp-content\/uploads\/2024\/12\/SKYVELL_GEL_refill_DF_tausch_0000_SKYVELL_SPRAY_DF.jpg 700w, https:\/\/skyvell.com\/wp-content\/uploads\/2024\/12\/SKYVELL_GEL_refill_DF_tausch_0000_SKYVELL_SPRAY_DF-300x270.jpg 300w\" sizes=\"(max-width: 700px) 100vw, 700px\" \/><\/a><\/figure><div class=\"elementor-image-box-content\"><h3 class=\"elementor-image-box-title\"><a href=\"https:\/\/skyvell.com\/en\/spray\/\">Skyvell Spray<\/a><\/h3><p class=\"elementor-image-box-description\">For immediate and targeted odour elimination<\/p><\/div><\/div>\t\t\t\t<\/div>\n\t\t\t\t<\/div>\n\t\t\t\t<\/div>\n\t\t<div class=\"elementor-element elementor-element-aeef770 e-con-full e-flex e-con e-child\" data-id=\"aeef770\" data-element_type=\"container\" data-e-type=\"container\" data-settings=\"{&quot;jet_parallax_layout_list&quot;:[]}\">\n\t\t\t\t<div class=\"elementor-element elementor-element-23ea22b elementor-position-top elementor-widget elementor-widget-image-box\" data-id=\"23ea22b\" data-element_type=\"widget\" data-e-type=\"widget\" data-widget_type=\"image-box.default\">\n\t\t\t\t<div class=\"elementor-widget-container\">\n\t\t\t\t\t<div class=\"elementor-image-box-wrapper\"><figure class=\"elementor-image-box-img\"><a href=\"https:\/\/skyvell.com\/en\/gel\/\" tabindex=\"-1\"><img decoding=\"async\" width=\"700\" height=\"630\" src=\"https:\/\/skyvell.com\/wp-content\/uploads\/2024\/12\/SKYVELL_GEL_refill_DF_tausch_0002_Ebene-1.jpg\" class=\"attachment-full size-full wp-image-289\" alt=\"\" srcset=\"https:\/\/skyvell.com\/wp-content\/uploads\/2024\/12\/SKYVELL_GEL_refill_DF_tausch_0002_Ebene-1.jpg 700w, https:\/\/skyvell.com\/wp-content\/uploads\/2024\/12\/SKYVELL_GEL_refill_DF_tausch_0002_Ebene-1-300x270.jpg 300w\" sizes=\"(max-width: 700px) 100vw, 700px\" \/><\/a><\/figure><div class=\"elementor-image-box-content\"><h3 class=\"elementor-image-box-title\"><a href=\"https:\/\/skyvell.com\/en\/gel\/\">Skyvell Gel<\/a><\/h3><p class=\"elementor-image-box-description\">Works around the clock 24\/7 - 30 days of uninterrupted freshness<\/p><\/div><\/div>\t\t\t\t<\/div>\n\t\t\t\t<\/div>\n\t\t\t\t<\/div>\n\t\t<div class=\"elementor-element elementor-element-6ad405d e-con-full e-flex e-con e-child\" data-id=\"6ad405d\" data-element_type=\"container\" data-e-type=\"container\" data-settings=\"{&quot;jet_parallax_layout_list&quot;:[]}\">\n\t\t\t\t<div class=\"elementor-element elementor-element-94559ce elementor-position-top elementor-widget elementor-widget-image-box\" data-id=\"94559ce\" data-element_type=\"widget\" data-e-type=\"widget\" data-widget_type=\"image-box.default\">\n\t\t\t\t<div class=\"elementor-widget-container\">\n\t\t\t\t\t<div class=\"elementor-image-box-wrapper\"><figure class=\"elementor-image-box-img\"><a href=\"https:\/\/skyvell.com\/en\/multi-use\/\" tabindex=\"-1\"><img loading=\"lazy\" decoding=\"async\" width=\"700\" height=\"630\" src=\"https:\/\/skyvell.com\/wp-content\/uploads\/2024\/12\/SKYVELL_GEL_refill_DF_tausch_0001_SKYVELL_MU_DF.jpg\" class=\"attachment-full size-full wp-image-288\" alt=\"\" srcset=\"https:\/\/skyvell.com\/wp-content\/uploads\/2024\/12\/SKYVELL_GEL_refill_DF_tausch_0001_SKYVELL_MU_DF.jpg 700w, https:\/\/skyvell.com\/wp-content\/uploads\/2024\/12\/SKYVELL_GEL_refill_DF_tausch_0001_SKYVELL_MU_DF-300x270.jpg 300w\" sizes=\"(max-width: 700px) 100vw, 700px\" \/><\/a><\/figure><div class=\"elementor-image-box-content\"><h3 class=\"elementor-image-box-title\"><a href=\"https:\/\/skyvell.com\/en\/multi-use\/\">Skyvell Multi Use<\/a><\/h3><p class=\"elementor-image-box-description\">For stubborn odours<\/p><\/div><\/div>\t\t\t\t<\/div>\n\t\t\t\t<\/div>\n\t\t\t\t<\/div>\n\t\t\t\t<\/div>\n\t\t\t\t\t<\/div>\n\t\t\t\t<\/div>\n\t\t\t\t<\/div>","protected":false},"excerpt":{"rendered":"<p>Skyvell Geruchsneutralisator auf Basis nat\u00fcrlicher \u00e4therischer \u00d6le Skyvell ist ein hochwirksamer Geruchsentferner, basierend auf \u00e4therischen Pflanzen\u00f6len (Limette, Pinie, Zeder, Anis, Nelken) und reinem Alpenwasser aus \u00d6sterreich. F\u00fcr jeden Problemgeruch eine L\u00f6sung: &#8211; Spray: Sofort-L\u00f6sung f\u00fcr Oberfl\u00e4chen und Luft&#8211; Gel: F\u00fcr kontinuierliche Geruchskontrolle&#8211; Multi Use: Waschzusatz f\u00fcr die hartn\u00e4ckigen Ger\u00fcche in Textilien Ger\u00fcche entfernen anstatt \u00fcberdecken [&hellip;]<\/p>\n","protected":false},"author":1,"featured_media":0,"parent":0,"menu_order":0,"comment_status":"closed","ping_status":"closed","template":"elementor_header_footer","meta":{"footnotes":""},"class_list":["post-732","page","type-page","status-publish","hentry"],"_links":{"self":[{"href":"https:\/\/skyvell.com\/en\/wp-json\/wp\/v2\/pages\/732","targetHints":{"allow":["GET"]}}],"collection":[{"href":"https:\/\/skyvell.com\/en\/wp-json\/wp\/v2\/pages"}],"about":[{"href":"https:\/\/skyvell.com\/en\/wp-json\/wp\/v2\/types\/page"}],"author":[{"embeddable":true,"href":"https:\/\/skyvell.com\/en\/wp-json\/wp\/v2\/users\/1"}],"replies":[{"embeddable":true,"href":"https:\/\/skyvell.com\/en\/wp-json\/wp\/v2\/comments?post=732"}],"version-history":[{"count":46,"href":"https:\/\/skyvell.com\/en\/wp-json\/wp\/v2\/pages\/732\/revisions"}],"predecessor-version":[{"id":1225,"href":"https:\/\/skyvell.com\/en\/wp-json\/wp\/v2\/pages\/732\/revisions\/1225"}],"wp:attachment":[{"href":"https:\/\/skyvell.com\/en\/wp-json\/wp\/v2\/media?parent=732"}],"curies":[{"name":"wp","href":"https:\/\/api.w.org\/{rel}","templated":true}]}}