{"id":382,"date":"2024-12-09T18:56:34","date_gmt":"2024-12-09T18:56:34","guid":{"rendered":"https:\/\/skyvell.com\/?page_id=382"},"modified":"2025-06-16T11:17:04","modified_gmt":"2025-06-16T11:17:04","slug":"geriatric-care","status":"publish","type":"page","link":"https:\/\/skyvell.com\/en\/altenpflege\/","title":{"rendered":"Elderly care"},"content":{"rendered":"<div data-elementor-type=\"wp-page\" data-elementor-id=\"382\" class=\"elementor elementor-382\" data-elementor-post-type=\"page\">\n\t\t\t\t<div class=\"elementor-element elementor-element-4415dd1f e-flex e-con-boxed e-con e-parent\" data-id=\"4415dd1f\" data-element_type=\"container\" data-e-type=\"container\" data-settings=\"{&quot;jet_parallax_layout_list&quot;:[]}\">\n\t\t\t\t\t<div class=\"e-con-inner\">\n\t\t<div class=\"elementor-element elementor-element-31f35f e-con-full e-flex e-con e-child\" data-id=\"31f35f\" data-element_type=\"container\" data-e-type=\"container\" data-settings=\"{&quot;jet_parallax_layout_list&quot;:[]}\">\n\t\t\t\t<div class=\"elementor-element elementor-element-57907f1c elementor-widget elementor-widget-image\" data-id=\"57907f1c\" data-element_type=\"widget\" data-e-type=\"widget\" data-widget_type=\"image.default\">\n\t\t\t\t<div class=\"elementor-widget-container\">\n\t\t\t\t\t\t\t\t\t\t\t\t\t\t\t<img fetchpriority=\"high\" decoding=\"async\" width=\"800\" height=\"360\" src=\"https:\/\/skyvell.com\/wp-content\/uploads\/2024\/12\/Altenpflege_neu-1024x461.jpg\" class=\"attachment-large size-large wp-image-385\" alt=\"\" srcset=\"https:\/\/skyvell.com\/wp-content\/uploads\/2024\/12\/Altenpflege_neu-1024x461.jpg 1024w, https:\/\/skyvell.com\/wp-content\/uploads\/2024\/12\/Altenpflege_neu-300x135.jpg 300w, https:\/\/skyvell.com\/wp-content\/uploads\/2024\/12\/Altenpflege_neu-768x346.jpg 768w, https:\/\/skyvell.com\/wp-content\/uploads\/2024\/12\/Altenpflege_neu.jpg 1200w\" sizes=\"(max-width: 800px) 100vw, 800px\" \/>\t\t\t\t\t\t\t\t\t\t\t\t\t\t\t<\/div>\n\t\t\t\t<\/div>\n\t\t\t\t<\/div>\n\t\t\t\t\t<\/div>\n\t\t\t\t<\/div>\n\t\t<div class=\"elementor-element elementor-element-0162833 e-flex e-con-boxed e-con e-parent\" data-id=\"0162833\" data-element_type=\"container\" data-e-type=\"container\" data-settings=\"{&quot;jet_parallax_layout_list&quot;:[]}\">\n\t\t\t\t\t<div class=\"e-con-inner\">\n\t\t<div class=\"elementor-element elementor-element-753e2e2 e-con-full e-flex e-con e-child\" data-id=\"753e2e2\" data-element_type=\"container\" data-e-type=\"container\" data-settings=\"{&quot;jet_parallax_layout_list&quot;:[]}\">\n\t\t\t\t<div class=\"elementor-element elementor-element-9e8c87d elementor-widget elementor-widget-heading\" data-id=\"9e8c87d\" data-element_type=\"widget\" data-e-type=\"widget\" data-widget_type=\"heading.default\">\n\t\t\t\t<div class=\"elementor-widget-container\">\n\t\t\t\t\t<h2 class=\"elementor-heading-title elementor-size-default\">Elderly care<\/h2>\t\t\t\t<\/div>\n\t\t\t\t<\/div>\n\t\t\t\t<div class=\"elementor-element elementor-element-132b05f elementor-widget elementor-widget-heading\" data-id=\"132b05f\" data-element_type=\"widget\" data-e-type=\"widget\" data-widget_type=\"heading.default\">\n\t\t\t\t<div class=\"elementor-widget-container\">\n\t\t\t\t\t<h2 class=\"elementor-heading-title elementor-size-default\">Dignity, pride and well-being, basic needs of everyone!<\/h2>\t\t\t\t<\/div>\n\t\t\t\t<\/div>\n\t\t\t\t<div class=\"elementor-element elementor-element-595b51a elementor-widget__width-initial elementor-widget elementor-widget-text-editor\" data-id=\"595b51a\" data-element_type=\"widget\" data-e-type=\"widget\" data-widget_type=\"text-editor.default\">\n\t\t\t\t<div class=\"elementor-widget-container\">\n\t\t\t\t\t\t\t\t\t<p>Odours influence our well-being more than we realise. Bad odours tempt us to keep our distance, even from people. We want to stay where we feel comfortable. In the healthcare sector, bad odours regularly occur, caused by wounds and other bodily fluids. For carers or cleaning staff in nursing homes, hospitals or rehabilitation clinics, this is often a challenge that is not easy to overcome. Skyvell removes bad odours efficiently, quickly and safely. The patient's quality of life is improved and their dignity is preserved.<\/p>\t\t\t\t\t\t\t\t<\/div>\n\t\t\t\t<\/div>\n\t\t\t\t<\/div>\n\t\t\t\t\t<\/div>\n\t\t\t\t<\/div>\n\t\t<div class=\"elementor-element elementor-element-58d8f182 e-flex e-con-boxed e-con e-parent\" data-id=\"58d8f182\" data-element_type=\"container\" data-e-type=\"container\" data-settings=\"{&quot;jet_parallax_layout_list&quot;:[]}\">\n\t\t\t\t\t<div class=\"e-con-inner\">\n\t\t<div class=\"elementor-element elementor-element-217e8ea7 e-con-full e-flex e-con e-child\" data-id=\"217e8ea7\" data-element_type=\"container\" data-e-type=\"container\" data-settings=\"{&quot;jet_parallax_layout_list&quot;:[]}\">\n\t\t<div class=\"elementor-element elementor-element-2bdd5582 e-con-full e-flex e-con e-child\" data-id=\"2bdd5582\" data-element_type=\"container\" data-e-type=\"container\" data-settings=\"{&quot;background_background&quot;:&quot;classic&quot;,&quot;jet_parallax_layout_list&quot;:[]}\">\n\t\t\t\t<div class=\"elementor-element elementor-element-2b1b51e elementor-widget elementor-widget-heading\" data-id=\"2b1b51e\" data-element_type=\"widget\" data-e-type=\"widget\" data-widget_type=\"heading.default\">\n\t\t\t\t<div class=\"elementor-widget-container\">\n\t\t\t\t\t<h2 class=\"elementor-heading-title elementor-size-default\">Problem:\n<\/h2>\t\t\t\t<\/div>\n\t\t\t\t<\/div>\n\t\t\t\t<div class=\"elementor-element elementor-element-44abd0ff elementor-widget elementor-widget-text-editor\" data-id=\"44abd0ff\" data-element_type=\"widget\" data-e-type=\"widget\" data-widget_type=\"text-editor.default\">\n\t\t\t\t<div class=\"elementor-widget-container\">\n\t\t\t\t\t\t\t\t\t<p>Constant and recurring odour from human excrement and open wounds.<\/p>\t\t\t\t\t\t\t\t<\/div>\n\t\t\t\t<\/div>\n\t\t\t\t<\/div>\n\t\t<div class=\"elementor-element elementor-element-5ee59b4f e-con-full e-flex e-con e-child\" data-id=\"5ee59b4f\" data-element_type=\"container\" data-e-type=\"container\" data-settings=\"{&quot;background_background&quot;:&quot;classic&quot;,&quot;jet_parallax_layout_list&quot;:[]}\">\n\t\t\t\t<div class=\"elementor-element elementor-element-4a3b1a25 elementor-widget elementor-widget-heading\" data-id=\"4a3b1a25\" data-element_type=\"widget\" data-e-type=\"widget\" data-widget_type=\"heading.default\">\n\t\t\t\t<div class=\"elementor-widget-container\">\n\t\t\t\t\t<h2 class=\"elementor-heading-title elementor-size-default\">We have the solution:<\/h2>\t\t\t\t<\/div>\n\t\t\t\t<\/div>\n\t\t\t\t<div class=\"elementor-element elementor-element-143977d1 elementor-widget__width-initial elementor-widget elementor-widget-text-editor\" data-id=\"143977d1\" data-element_type=\"widget\" data-e-type=\"widget\" data-widget_type=\"text-editor.default\">\n\t\t\t\t<div class=\"elementor-widget-container\">\n\t\t\t\t\t\t\t\t\t<p>Skyvell effectively eliminates odours on a molecular level and leaves behind a pleasant, fresh and subtle smell.<\/p>\t\t\t\t\t\t\t\t<\/div>\n\t\t\t\t<\/div>\n\t\t\t\t<\/div>\n\t\t\t\t<\/div>\n\t\t\t\t\t<\/div>\n\t\t\t\t<\/div>\n\t\t<div class=\"elementor-element elementor-element-77bce505 e-flex e-con-boxed e-con e-parent\" data-id=\"77bce505\" data-element_type=\"container\" data-e-type=\"container\" data-settings=\"{&quot;jet_parallax_layout_list&quot;:[]}\">\n\t\t\t\t\t<div class=\"e-con-inner\">\n\t\t<div class=\"elementor-element elementor-element-31ebfb6d e-con-full e-flex e-con e-child\" data-id=\"31ebfb6d\" data-element_type=\"container\" data-e-type=\"container\" data-settings=\"{&quot;jet_parallax_layout_list&quot;:[]}\">\n\t\t\t\t<div class=\"elementor-element elementor-element-594be31f elementor-widget elementor-widget-heading\" data-id=\"594be31f\" data-element_type=\"widget\" data-e-type=\"widget\" data-widget_type=\"heading.default\">\n\t\t\t\t<div class=\"elementor-widget-container\">\n\t\t\t\t\t<h2 class=\"elementor-heading-title elementor-size-default\">The solution for incontinence!<\/h2>\t\t\t\t<\/div>\n\t\t\t\t<\/div>\n\t\t\t\t<div class=\"elementor-element elementor-element-679ab3ef elementor-widget__width-initial elementor-widget elementor-widget-text-editor\" data-id=\"679ab3ef\" data-element_type=\"widget\" data-e-type=\"widget\" data-widget_type=\"text-editor.default\">\n\t\t\t\t<div class=\"elementor-widget-container\">\n\t\t\t\t\t\t\t\t\t<p>Use the Skyvell gel for persistent incontinence odours.<br \/>The acrid smell of urine quickly spreads through the room and can affect the well-being of the residents. Let's give people back their dignity so that family members, friends and young grandchildren can enjoy visiting their grandparents again without having to turn up their noses every time. Older and sick people also have a right to a better quality of life.<\/p>\t\t\t\t\t\t\t\t<\/div>\n\t\t\t\t<\/div>\n\t\t\t\t<\/div>\n\t\t\t\t\t<\/div>\n\t\t\t\t<\/div>\n\t\t<div class=\"elementor-element elementor-element-efb8de3 e-flex e-con-boxed e-con e-parent\" data-id=\"efb8de3\" data-element_type=\"container\" data-e-type=\"container\" data-settings=\"{&quot;jet_parallax_layout_list&quot;:[]}\">\n\t\t\t\t\t<div class=\"e-con-inner\">\n\t\t<div class=\"elementor-element elementor-element-bd18af9 e-con-full e-flex e-con e-child\" data-id=\"bd18af9\" data-element_type=\"container\" data-e-type=\"container\" data-settings=\"{&quot;jet_parallax_layout_list&quot;:[]}\">\n\t\t\t\t<div class=\"elementor-element elementor-element-6560de6 elementor-widget elementor-widget-heading\" data-id=\"6560de6\" data-element_type=\"widget\" data-e-type=\"widget\" data-widget_type=\"heading.default\">\n\t\t\t\t<div class=\"elementor-widget-container\">\n\t\t\t\t\t<h2 class=\"elementor-heading-title elementor-size-default\">Your profit:<\/h2>\t\t\t\t<\/div>\n\t\t\t\t<\/div>\n\t\t\t\t<div class=\"elementor-element elementor-element-f2be485 elementor-widget__width-initial elementor-widget elementor-widget-text-editor\" data-id=\"f2be485\" data-element_type=\"widget\" data-e-type=\"widget\" data-widget_type=\"text-editor.default\">\n\t\t\t\t<div class=\"elementor-widget-container\">\n\t\t\t\t\t\t\t\t\t<p>Any environment only becomes completely clean when the bad odour disappears. Skyvell makes a significant contribution to cleanliness by effectively eliminating bad odours of all kinds and ensuring that your patient feels comfortable.<\/p>\t\t\t\t\t\t\t\t<\/div>\n\t\t\t\t<\/div>\n\t\t\t\t<\/div>\n\t\t\t\t\t<\/div>\n\t\t\t\t<\/div>\n\t\t<div class=\"elementor-element elementor-element-432f3da e-flex e-con-boxed e-con e-parent\" data-id=\"432f3da\" data-element_type=\"container\" data-e-type=\"container\" data-settings=\"{&quot;jet_parallax_layout_list&quot;:[]}\">\n\t\t\t\t\t<div class=\"e-con-inner\">\n\t\t<div class=\"elementor-element elementor-element-9d00f65 e-con-full e-flex e-con e-child\" data-id=\"9d00f65\" data-element_type=\"container\" data-e-type=\"container\" data-settings=\"{&quot;jet_parallax_layout_list&quot;:[]}\">\n\t\t\t\t<div class=\"elementor-element elementor-element-b63d271 elementor-position-top elementor-widget elementor-widget-image-box\" data-id=\"b63d271\" data-element_type=\"widget\" data-e-type=\"widget\" data-widget_type=\"image-box.default\">\n\t\t\t\t<div class=\"elementor-widget-container\">\n\t\t\t\t\t<div class=\"elementor-image-box-wrapper\"><figure class=\"elementor-image-box-img\"><a href=\"https:\/\/skyvell.com\/wp-content\/uploads\/2025\/01\/Skyvell_Altenpflege_EN_v5.pdf\" target=\"_blank\" tabindex=\"-1\"><img decoding=\"async\" width=\"300\" height=\"423\" src=\"https:\/\/skyvell.com\/wp-content\/uploads\/2024\/12\/Downlaod_3.jpg\" class=\"attachment-full size-full wp-image-390\" alt=\"\" srcset=\"https:\/\/skyvell.com\/wp-content\/uploads\/2024\/12\/Downlaod_3.jpg 300w, https:\/\/skyvell.com\/wp-content\/uploads\/2024\/12\/Downlaod_3-213x300.jpg 213w\" sizes=\"(max-width: 300px) 100vw, 300px\" \/><\/a><\/figure><div class=\"elementor-image-box-content\"><h3 class=\"elementor-image-box-title\"><a href=\"https:\/\/skyvell.com\/wp-content\/uploads\/2025\/01\/Skyvell_Altenpflege_EN_v5.pdf\" target=\"_blank\">download<\/a><\/h3><p class=\"elementor-image-box-description\">Elderly care brochure<\/p><\/div><\/div>\t\t\t\t<\/div>\n\t\t\t\t<\/div>\n\t\t\t\t<\/div>\n\t\t<div class=\"elementor-element elementor-element-4f4eb12 e-con-full e-flex e-con e-child\" data-id=\"4f4eb12\" data-element_type=\"container\" data-e-type=\"container\" data-settings=\"{&quot;jet_parallax_layout_list&quot;:[]}\">\n\t\t\t\t<div class=\"elementor-element elementor-element-3c1c8ca elementor-position-top elementor-widget elementor-widget-image-box\" data-id=\"3c1c8ca\" data-element_type=\"widget\" data-e-type=\"widget\" data-widget_type=\"image-box.default\">\n\t\t\t\t<div class=\"elementor-widget-container\">\n\t\t\t\t\t<div class=\"elementor-image-box-wrapper\"><figure class=\"elementor-image-box-img\"><a href=\"https:\/\/skyvell.com\/wp-content\/uploads\/2025\/01\/HOUSEofSkyvell_EN_v1.pdf\" target=\"_blank\" tabindex=\"-1\"><img decoding=\"async\" width=\"300\" height=\"423\" src=\"https:\/\/skyvell.com\/wp-content\/uploads\/2024\/12\/Downlaod_2.jpg\" class=\"attachment-full size-full wp-image-389\" alt=\"\" srcset=\"https:\/\/skyvell.com\/wp-content\/uploads\/2024\/12\/Downlaod_2.jpg 300w, https:\/\/skyvell.com\/wp-content\/uploads\/2024\/12\/Downlaod_2-213x300.jpg 213w\" sizes=\"(max-width: 300px) 100vw, 300px\" \/><\/a><\/figure><div class=\"elementor-image-box-content\"><h3 class=\"elementor-image-box-title\"><a href=\"https:\/\/skyvell.com\/wp-content\/uploads\/2025\/01\/HOUSEofSkyvell_EN_v1.pdf\" target=\"_blank\">download<\/a><\/h3><p class=\"elementor-image-box-description\">Skyvell application in geriatric care<\/p><\/div><\/div>\t\t\t\t<\/div>\n\t\t\t\t<\/div>\n\t\t\t\t<\/div>\n\t\t\t\t\t<\/div>\n\t\t\t\t<\/div>\n\t\t\t\t<\/div>","protected":false},"excerpt":{"rendered":"<p>Altenpflege W\u00fcrde, Stolz und Wohlf\u00fchlen, Grundbed\u00fcrfnisse eines Jeden! Ger\u00fcche beeinflussen unser Wohlbefinden mehr als es uns bewusst ist. Schlechte Ger\u00fcche verleiten uns dazu, Abstand zu halten, auch von Menschen. Dort wo wir uns wohlf\u00fchlen, m\u00f6chten wir verweilen. Im Bereich der Gesundheitspflege treten regelm\u00e4\u00dfig schlechte Ger\u00fcche auf, hervorgerufen durch Wunden und anderen K\u00f6rperfl\u00fcssigkeiten. F\u00fcr die Pflegefachkr\u00e4fte [&hellip;]<\/p>\n","protected":false},"author":1,"featured_media":0,"parent":0,"menu_order":0,"comment_status":"closed","ping_status":"closed","template":"elementor_header_footer","meta":{"footnotes":""},"class_list":["post-382","page","type-page","status-publish","hentry"],"_links":{"self":[{"href":"https:\/\/skyvell.com\/en\/wp-json\/wp\/v2\/pages\/382","targetHints":{"allow":["GET"]}}],"collection":[{"href":"https:\/\/skyvell.com\/en\/wp-json\/wp\/v2\/pages"}],"about":[{"href":"https:\/\/skyvell.com\/en\/wp-json\/wp\/v2\/types\/page"}],"author":[{"embeddable":true,"href":"https:\/\/skyvell.com\/en\/wp-json\/wp\/v2\/users\/1"}],"replies":[{"embeddable":true,"href":"https:\/\/skyvell.com\/en\/wp-json\/wp\/v2\/comments?post=382"}],"version-history":[{"count":37,"href":"https:\/\/skyvell.com\/en\/wp-json\/wp\/v2\/pages\/382\/revisions"}],"predecessor-version":[{"id":1294,"href":"https:\/\/skyvell.com\/en\/wp-json\/wp\/v2\/pages\/382\/revisions\/1294"}],"wp:attachment":[{"href":"https:\/\/skyvell.com\/en\/wp-json\/wp\/v2\/media?parent=382"}],"curies":[{"name":"wp","href":"https:\/\/api.w.org\/{rel}","templated":true}]}}